{"id":15533,"date":"2025-11-01T18:52:21","date_gmt":"2025-11-01T15:52:21","guid":{"rendered":"https:\/\/excursionsworld.com\/?post_type=product&#038;p=15533\/"},"modified":"2026-04-24T00:21:07","modified_gmt":"2026-04-23T21:21:07","slug":"demre-myra-kekova-kemer","status":"publish","type":"product","link":"https:\/\/excursionsworld.com\/tours\/demre-myra-kekova-kemer\/","title":{"rendered":"Wycieczka do Demre, Myra i Kekova z Kemeru \u2013 Ko\u015bci\u00f3\u0142 \u015bw. Miko\u0142aja"},"content":{"rendered":"<h2 dir=\"ltr\" data-pm-slice=\"1 1 []\"><span style=\"color: #000000;\"><strong>\ud83c\udfdd\ufe0f Przegl\u0105d<\/strong><\/span><\/h2>\n<p dir=\"ltr\">Wyrusz w urzekaj\u0105c\u0105 jednodniow\u0105 podr\u00f3\u017c z Kemer, aby odkry\u0107 staro\u017cytne cuda Licji. Zapewniamy wygodne transfery z hoteli w Beldibi, G\u00f6yn\u00fck, Kemer, Kiri\u015f, \u00c7amyuva i Tekirova, zapewniaj\u0105c beztroski pocz\u0105tek dnia. Przep\u0142y\u0144 nad zatopionym miastem Kekova na jachcie ze szklanym dnem, odwied\u017a skalne grobowce w Myrze i odkryj histori\u0119 ko\u015bcio\u0142a \u015bw. Miko\u0142aja, kt\u00f3ry by\u0142 inspiracj\u0105 dla \u015awi\u0119tego Miko\u0142aja. Idealny dla entuzjast\u00f3w historii i rodzin poszukuj\u0105cych po\u0142\u0105czenia kultury i pi\u0119kna krajobrazu.<\/p>\n<h3><span style=\"color: #000000;\"><strong>W zestawie:<\/strong><\/span><\/h3>\n<p dir=\"ltr\"><strong><span style=\"color: #00ff00;\">\u2713<\/span><\/strong> Odbi\u00f3r i dow\u00f3z do hotelu<br \/>\n<strong><span style=\"color: #00ff00;\">\u2713 <\/span><\/strong>Wygodny klimatyzowany autobus<br \/>\n<strong><span style=\"color: #00ff00;\">\u2713 <\/span><\/strong>Wycieczka jachtem ze szklanym dnem<br \/>\n<strong><span style=\"color: #00ff00;\">\u2713 <\/span><\/strong>Op\u0142aty za wst\u0119p do Myry<br \/>\n<strong><span style=\"color: #00ff00;\">\u2713 <\/span><\/strong>Profesjonalny przewodnik<br \/>\n<strong><span style=\"color: #00ff00;\">\u2713 <\/span><\/strong>Pe\u0142ne ubezpieczenie<br \/>\n<strong><span style=\"color: #00ff00;\">\u2713 <\/span><\/strong>Pyszny lokalny lunch<\/p>\n<h3><span style=\"color: #000000;\"><strong>Nie zawiera:<\/strong><\/span><\/h3>\n<div dir=\"ltr\"><strong><span style=\"color: #ff0000;\">\u2717 <\/span><\/strong>\u00a0Wej\u015bcie do ko\u015bcio\u0142a \u015bw. Miko\u0142aja (opcjonalnie)<\/div>\n<div dir=\"ltr\"><strong><span style=\"color: #ff0000;\">\u2717<\/span><\/strong> Wydatki osobiste<br \/>\n<strong><span style=\"color: #ff0000;\">\u2717 <\/span><\/strong>Napoje<\/div>\n<h2 dir=\"ltr\"><span style=\"color: #000000;\"><strong>Najwa\u017cniejsze atrakcje wycieczki<\/strong><\/span><\/h2>\n<p dir=\"ltr\">Rejs nad zatopionym miastem Kekova jachtem ze szklanym dnem<br \/>\nOdkryj staro\u017cytne skalne grobowce i rzymski teatr w Myrze<br \/>\n\ud83d\udd39 Odwied\u017a ko\u015bci\u00f3\u0142 \u015bw. Miko\u0142aja w <a href=\"https:\/\/en.wikipedia.org\/wiki\/Demre\" target=\"_blank\" rel=\"noopener\">Demre<\/a>, zwi\u0105zany ze \u015awi\u0119tym Miko\u0142ajem<br \/>\nP\u0142ywanie w krystalicznie czystych wodach Morza \u015ar\u00f3dziemnego w pobli\u017cu Kekova<br \/>\nOsza\u0142amiaj\u0105ce widoki na zamek Simena z jachtu<br \/>\nWygodne transfery hotelowe zapewniaj\u0105ce komfortowy dzie\u0144<br \/>\n2,5-godzinny rejs jachtem z portu \u00c7aya\u011fz\u0131<\/p>\n<h2 dir=\"ltr\"><span style=\"color: #000000;\"><strong>Pe\u0142ny opis<\/strong><\/span><\/h2>\n<div dir=\"ltr\">Przygoda rozpoczyna si\u0119 od wygodnego transferu z hotelu w Kemer i malowniczej przeja\u017cd\u017cki wzd\u0142u\u017c wybrze\u017ca Morza \u015ar\u00f3dziemnego do staro\u017cytnego regionu Licyjskiego.<\/div>\n<div dir=\"ltr\">Pierwszym przystankiem jest Myra, gdzie mo\u017cna podziwia\u0107 uderzaj\u0105ce skalne grobowce wykute w klifach i dobrze zachowany teatr grecko-rzymski, ukazuj\u0105cy bogat\u0105 histori\u0119 Licji.<\/div>\n<div dir=\"ltr\">Nast\u0119pnie odwied\u017a ko\u015bci\u00f3\u0142 \u015bw. Miko\u0142aja w Demre, zbudowany w IV wieku nad miejscem poch\u00f3wku \u015bwi\u0119tego, kt\u00f3ry zainspirowa\u0142 legend\u0119 o \u015awi\u0119tym Miko\u0142aju. Po pysznym lunchu z lokalnymi potrawami udaj si\u0119 do portu \u00c7aya\u011fz\u0131, aby wej\u015b\u0107 na pok\u0142ad jachtu ze szklanym dnem na 2,5-godzinny rejs na wysp\u0119 Kekova.<\/div>\n<div dir=\"ltr\">Przez przezroczyst\u0105 pod\u0142og\u0119 jachtu mo\u017cna zobaczy\u0107 podwodne ruiny zatopionego miasta zniszczonego przez staro\u017cytne trz\u0119sienie ziemi. Podziwiaj zamek Simena po\u0142o\u017cony na wzg\u00f3rzu i p\u0142ywaj w turkusowych wodach Kekova. Dzie\u0144 zako\u0144czy si\u0119 relaksuj\u0105c\u0105 podr\u00f3\u017c\u0105 powrotn\u0105 do hotelu, pe\u0142n\u0105 niezapomnianych wspomnie\u0144.<\/div>\n<h3 dir=\"ltr\"><span style=\"color: #000000;\"><strong>\ud83d\uddfa\ufe0f Plan podr\u00f3\u017cy<\/strong><\/span><\/h3>\n<p dir=\"ltr\">Odbi\u00f3r z hotelu w Kemer<br \/>\nWizyta w skalnych grobowcach i rzymskim teatrze w Myrze<br \/>\nzwiedzanie ko\u015bcio\u0142a \u015bw. Miko\u0142aja w Demre (wst\u0119p nie jest wliczony w cen\u0119)<br \/>\nLunch z lokalnymi potrawami<br \/>\nRejs jachtem ze szklanym dnem z portu \u00c7aya\u011fz\u0131<br \/>\n\ud83d\udd39 Ogl\u0105danie zatopionego miasta Kekova i p\u0142ywanie<br \/>\nPowr\u00f3t do portu \u00c7aya\u011fz\u0131<br \/>\nTransfer z powrotem do hotelu<\/p>\n<h3 dir=\"ltr\"><span style=\"color: #000000;\"><strong>\u2139\ufe0f Przydatne informacje<\/strong><\/span><\/h3>\n<p dir=\"ltr\">Czas trwania wycieczki: oko\u0142o 8-9 godzin<br \/>\nPlan podr\u00f3\u017cy mo\u017ce ulec zmianie ze wzgl\u0119du na warunki pogodowe lub morskie.<br \/>\nUmiarkowana aktywno\u015b\u0107 fizyczna (spacery i p\u0142ywanie)<br \/>\nDzieci poni\u017cej 6. roku \u017cycia podr\u00f3\u017cuj\u0105ce bezp\u0142atnie nie maj\u0105 oddzielnego miejsca w autobusie. Je\u015bli autobus jest pe\u0142ny, siedz\u0105 na kolanach osoby doros\u0142ej lub mo\u017cna zarezerwowa\u0107 osobne miejsce.<\/p>\n<h2 dir=\"ltr\"><span style=\"color: #000000;\"><strong>Co zabra\u0107 ze sob\u0105<\/strong><\/span><\/h2>\n<p dir=\"ltr\">Wygodne buty do chodzenia<br \/>\nOkulary przeciws\u0142oneczne i filtr przeciws\u0142oneczny<br \/>\nStr\u00f3j k\u0105pielowy i r\u0119cznik<br \/>\nGot\u00f3wka na wydatki osobiste<br \/>\nWodoodporny aparat fotograficzny lub telefon<\/p>\n<h3 dir=\"ltr\"><span style=\"color: #000000;\"><strong>Nieodpowiednie dla<\/strong><\/span><\/h3>\n<p dir=\"ltr\">Osoby o ograniczonej sprawno\u015bci ruchowej<br \/>\n\ud83d\udd39 Podr\u00f3\u017cni z powa\u017cnymi schorzeniami<\/p>\n<h2 dir=\"ltr\"><span style=\"color: #000000;\"><strong>Cena i rezerwacja<\/strong><\/span><\/h2>\n<p dir=\"ltr\"><strong>Zarezerwuj teraz, zap\u0142a\u0107 w dniu wycieczki<\/strong><br \/>\nSkontaktuj si\u0119 z nami przez WhatsApp, Telegram, Viber lub wype\u0142nij poni\u017cszy formularz rezerwacji. \ud83d\udc47\ud83c\udffc<\/p>\n<p>Szukasz alternatyw? Przegl\u0105daj <a href=\"https:\/\/excursionsworld.com\/pl\/kemer-wycieczki\/\">Wi\u0119cej wycieczek do Kemer w Demre<\/a>.<\/p>","protected":false},"excerpt":{"rendered":"<p>Zarezerwuj najlepsze <b>wycieczka historyczna<\/b>! Niezapomniany <b>wycieczka jednodniowa<\/b> z <b>Kemer<\/b> do grobowc\u00f3w Myry, <b>Ko\u015bci\u00f3\u0142 \u015bw.<\/b>, i \u0142\u00f3d\u017a <b>podr\u00f3\u017c<\/b> nad <b>Zatopione Miasto<\/b> Kekova.<\/p>","protected":false},"featured_media":12563,"comment_status":"open","ping_status":"closed","template":"","meta":[],"product_brand":[],"product_cat":[124],"product_tag":[105],"class_list":{"0":"post-15533","1":"product","2":"type-product","3":"status-publish","4":"has-post-thumbnail","6":"tour_phys-kemer-tours","7":"product_cat-kemer-tours","8":"product_tag-kemer","9":"pa_destination-antalya-tours","10":"pa_destination-belek-tours","11":"pa_destination-side-tours","13":"first","14":"instock","15":"sale","16":"featured","17":"shipping-taxable","18":"purchasable","19":"product-type-tour_phys"},"aioseo_notices":[],"_links":{"self":[{"href":"https:\/\/excursionsworld.com\/pl\/wp-json\/wp\/v2\/product\/15533","targetHints":{"allow":["GET"]}}],"collection":[{"href":"https:\/\/excursionsworld.com\/pl\/wp-json\/wp\/v2\/product"}],"about":[{"href":"https:\/\/excursionsworld.com\/pl\/wp-json\/wp\/v2\/types\/product"}],"replies":[{"embeddable":true,"href":"https:\/\/excursionsworld.com\/pl\/wp-json\/wp\/v2\/comments?post=15533"}],"wp:featuredmedia":[{"embeddable":true,"href":"https:\/\/excursionsworld.com\/pl\/wp-json\/wp\/v2\/media\/12563"}],"wp:attachment":[{"href":"https:\/\/excursionsworld.com\/pl\/wp-json\/wp\/v2\/media?parent=15533"}],"wp:term":[{"taxonomy":"product_brand","embeddable":true,"href":"https:\/\/excursionsworld.com\/pl\/wp-json\/wp\/v2\/product_brand?post=15533"},{"taxonomy":"product_cat","embeddable":true,"href":"https:\/\/excursionsworld.com\/pl\/wp-json\/wp\/v2\/product_cat?post=15533"},{"taxonomy":"product_tag","embeddable":true,"href":"https:\/\/excursionsworld.com\/pl\/wp-json\/wp\/v2\/product_tag?post=15533"}],"curies":[{"name":"wp","href":"https:\/\/api.w.org\/{rel}","templated":true}]}}