{"id":15534,"date":"2025-11-01T18:53:23","date_gmt":"2025-11-01T15:53:23","guid":{"rendered":"https:\/\/excursionsworld.com\/?post_type=product&#038;p=15534\/"},"modified":"2026-04-24T00:21:08","modified_gmt":"2026-04-23T21:21:08","slug":"pamukkale-hierapolis-kemer","status":"publish","type":"product","link":"https:\/\/excursionsworld.com\/tours\/pamukkale-hierapolis-kemer\/","title":{"rendered":"Wycieczka do Pamukkale i Hierapolis z Kemeru \u2013 Ca\u0142odniowa Przygoda"},"content":{"rendered":"<h2 dir=\"ltr\" data-pm-slice=\"1 1 []\">\ud83c\udfdd\ufe0f Przegl\u0105d<\/h2>\n<p>Odkryj zapieraj\u0105ce dech w piersiach tarasy <a href=\"https:\/\/en.wikipedia.org\/wiki\/Pamukkale\" target=\"_blank\" rel=\"noopener\">Pamukkale<\/a> i staro\u017cytne miasto Hierapolis podczas jednodniowej wycieczki z Kemer i okolic. Zapewniamy wygodne transfery z hoteli w rejonach Kemer, w tym Tekirova, \u00c7amyuva, Kiri\u015f, G\u00f6yn\u00fck i Beldibi, gwarantuj\u0105c podr\u00f3\u017c bez zmartwie\u0144. Pop\u0142ywaj w gor\u0105cych \u017ar\u00f3d\u0142ach, zwied\u017a zabytkowe ruiny i zjedz pyszny lunch podczas tej niezapomnianej wycieczki.<\/p>\n<h3 dir=\"ltr\">W zestawie:<\/h3>\n<p dir=\"ltr\"><span style=\"color: #00ff00;\"><strong>\u2713<\/strong> <\/span>Odbi\u00f3r i dow\u00f3z do hotelu<br \/>\n<span style=\"color: #00ff00;\"><strong>\u2713<\/strong> <\/span>Klimatyzowany autobus<br \/>\n<span style=\"color: #00ff00;\"><strong>\u2713<\/strong> <\/span>Op\u0142aty za wst\u0119p do Pamukkale i Hierapolis<br \/>\n<span style=\"color: #00ff00;\"><strong>\u2713<\/strong> <\/span>Pe\u0142ne ubezpieczenie<br \/>\n<span style=\"color: #00ff00;\"><strong>\u2713<\/strong> <\/span>Przewodnik historyczny m\u00f3wi\u0105cy po angielsku<br \/>\n<span style=\"color: #00ff00;\"><strong>\u2713<\/strong> <\/span>Lunch (w formie bufetu)<\/p>\n<h3 dir=\"ltr\">Nie zawiera:<\/h3>\n<p dir=\"ltr\"><span style=\"color: #ff0000;\"><strong>\u2717<\/strong><\/span> Wej\u015bcie do basenu Kleopatry<br \/>\n<span style=\"color: #ff0000;\"><strong>\u2717 <\/strong><\/span>Wydatki osobiste<br \/>\n<span style=\"color: #ff0000;\"><strong>\u2717 <\/strong><\/span>Napoje<\/p>\n<h2 dir=\"ltr\">\ud83c\udf1f Najwa\u017cniejsze punkty wycieczki po Pamukkale i Hierapolis<\/h2>\n<p dir=\"ltr\">\ud83d\udd39 Podziwiaj \u015bnie\u017cnobia\u0142e trawertyny w Pamukkale<br \/>\nZwiedzanie rzymskiego teatru i ruin Hierapolis<br \/>\nRelaks w naturalnych basenach termalnych<br \/>\nOpcjonalna k\u0105piel w basenie Kleopatry (dodatkowa op\u0142ata)<br \/>\n\ud83d\udd39 Ciesz si\u0119 tradycyjnym tureckim lunchem<br \/>\n\ud83d\udd39 Wizyta na li\u015bcie \u015bwiatowego dziedzictwa UNESCO<\/p>\n<h2 dir=\"ltr\">\ud83d\udcd6 Pe\u0142ny Opis: Twoje Do\u015bwiadczenie z Wycieczki do Pamukkale i Hierapolis<\/h2>\n<div dir=\"ltr\">Dzie\u0144 rozpocznie si\u0119 od wygodnego transferu z hotelu w Antalyi lub pobliskich okolicach. Podr\u00f3\u017cuj\u0105c przez malownicze krajobrazy, udasz si\u0119 do Pamukkale, \u201cBawe\u0142nianego Zamku\u201d, s\u0142yn\u0105cego z ol\u015bniewaj\u0105cych bia\u0142ych taras\u00f3w.<\/div>\n<div dir=\"ltr\">Po przyje\u017adzie zjedz lunch w formie bufetu, a nast\u0119pnie odkryj bogate w minera\u0142y trawertyny Pamukkale. Nast\u0119pnie udaj si\u0119 na wycieczk\u0119 z przewodnikiem po staro\u017cytnym mie\u015bcie Hierapolis, odwiedzaj\u0105c rzymski teatr, \u015bwi\u0105tyni\u0119 Apolla i inne zabytki.<\/div>\n<div dir=\"ltr\">Po wycieczce mo\u017cna zrelaksowa\u0107 si\u0119 w basenach termalnych lub pop\u0142ywa\u0107 w Basenie Kleopatry (za dodatkow\u0105 op\u0142at\u0105). Dzie\u0144 ko\u0144czy si\u0119 podr\u00f3\u017c\u0105 powrotn\u0105 do hotelu, pe\u0142n\u0105 \u017cywych wspomnie\u0144.<\/div>\n<h3 dir=\"ltr\">\ud83d\uddfa\ufe0f Plan podr\u00f3\u017cy<\/h3>\n<p dir=\"ltr\">Odbi\u00f3r z hotelu<br \/>\nPodr\u00f3\u017c do Pamukkale<br \/>\nLunch w formie bufetu<br \/>\nWycieczka po trawertynach Pamukkale<br \/>\nWizyta w ruinach Hierapolis<br \/>\nCzas wolny na basen Kleopatry (opcjonalnie)<br \/>\nPodr\u00f3\u017c powrotna do Antalyi<br \/>\nTransfer z powrotem do hotelu<\/p>\n<h3 dir=\"ltr\">\u2139\ufe0f Przydatne informacje<\/h3>\n<p dir=\"ltr\">Czas trwania: oko\u0142o 12 godzin<br \/>\nPlan podr\u00f3\u017cy mo\u017ce ulec zmianie ze wzgl\u0119du na warunki pogodowe.<br \/>\nUmiarkowana aktywno\u015b\u0107 fizyczna (spacery, opcjonalnie p\u0142ywanie)<br \/>\nDzieci poni\u017cej 5. roku \u017cycia podr\u00f3\u017cuj\u0105ce bezp\u0142atnie nie maj\u0105 oddzielnego miejsca w autobusie. Je\u015bli autobus jest pe\u0142ny, siedz\u0105 na kolanach osoby doros\u0142ej lub mo\u017cna zarezerwowa\u0107 osobne miejsce.<\/p>\n<h2 dir=\"ltr\">Co zabra\u0107 ze sob\u0105<\/h2>\n<p dir=\"ltr\">\ud83d\udd39 Paszport lub dow\u00f3d osobisty<br \/>\nWygodne buty<br \/>\nOkulary przeciws\u0142oneczne i nakrycia g\u0142owy<br \/>\nStr\u00f3j k\u0105pielowy i r\u0119cznik<br \/>\nFiltr przeciws\u0142oneczny<br \/>\nGot\u00f3wka na wydatki osobiste<\/p>\n<h3 dir=\"ltr\">Nieodpowiednie dla<\/h3>\n<p dir=\"ltr\">Osoby o ograniczonej sprawno\u015bci ruchowej<br \/>\nOsoby z powa\u017cnymi schorzeniami medycznymi<\/p>\n<h2><strong>Cena i rezerwacja<\/strong><\/h2>\n<p dir=\"ltr\"><strong>Zarezerwuj teraz, zap\u0142a\u0107 w dniu wycieczki<\/strong><br \/>\nSkontaktuj si\u0119 z nami przez WhatsApp, Telegram, Viber lub wype\u0142nij poni\u017cszy formularz rezerwacji. \ud83d\udc47\ud83c\udffc<\/p>\n<p>Szukasz alternatyw? Przegl\u0105daj <a href=\"https:\/\/excursionsworld.com\/pl\/kemer-wycieczki\/\">wi\u0119cej wycieczek z Kemer do Pamukkale<\/a>.<\/p>","protected":false},"excerpt":{"rendered":"<p>Zarezerwuj najlepsz\u0105 wycieczk\u0119 Pamukkale &amp; Hierapolis <b>Wycieczka<\/b> z Kemer! Ten niesamowity ca\u0142odniowy <b>podr\u00f3\u017c<\/b> obejmuje zamek Cotton Castle i basen Kleopatra. Transfery wliczone w cen\u0119.<\/p>","protected":false},"featured_media":12575,"comment_status":"open","ping_status":"closed","template":"","meta":[],"product_brand":[],"product_cat":[124],"product_tag":[105],"class_list":{"0":"post-15534","1":"product","2":"type-product","3":"status-publish","4":"has-post-thumbnail","6":"tour_phys-kemer-tours","7":"product_cat-kemer-tours","8":"product_tag-kemer","9":"pa_destination-kemer-tours","11":"first","12":"instock","13":"sale","14":"shipping-taxable","15":"purchasable","16":"product-type-tour_phys"},"aioseo_notices":[],"_links":{"self":[{"href":"https:\/\/excursionsworld.com\/pl\/wp-json\/wp\/v2\/product\/15534","targetHints":{"allow":["GET"]}}],"collection":[{"href":"https:\/\/excursionsworld.com\/pl\/wp-json\/wp\/v2\/product"}],"about":[{"href":"https:\/\/excursionsworld.com\/pl\/wp-json\/wp\/v2\/types\/product"}],"replies":[{"embeddable":true,"href":"https:\/\/excursionsworld.com\/pl\/wp-json\/wp\/v2\/comments?post=15534"}],"wp:featuredmedia":[{"embeddable":true,"href":"https:\/\/excursionsworld.com\/pl\/wp-json\/wp\/v2\/media\/12575"}],"wp:attachment":[{"href":"https:\/\/excursionsworld.com\/pl\/wp-json\/wp\/v2\/media?parent=15534"}],"wp:term":[{"taxonomy":"product_brand","embeddable":true,"href":"https:\/\/excursionsworld.com\/pl\/wp-json\/wp\/v2\/product_brand?post=15534"},{"taxonomy":"product_cat","embeddable":true,"href":"https:\/\/excursionsworld.com\/pl\/wp-json\/wp\/v2\/product_cat?post=15534"},{"taxonomy":"product_tag","embeddable":true,"href":"https:\/\/excursionsworld.com\/pl\/wp-json\/wp\/v2\/product_tag?post=15534"}],"curies":[{"name":"wp","href":"https:\/\/api.w.org\/{rel}","templated":true}]}}