{"id":15535,"date":"2025-11-01T18:54:28","date_gmt":"2025-11-01T15:54:28","guid":{"rendered":"https:\/\/excursionsworld.com\/?post_type=product&#038;p=15535\/"},"modified":"2026-04-24T01:27:07","modified_gmt":"2026-04-23T22:27:07","slug":"antalya-stare-miasto-wodospady-kemer","status":"publish","type":"product","link":"https:\/\/excursionsworld.com\/tours\/antalya-city-tour-kemer\/","title":{"rendered":"Wycieczka do Antalyi z Kemer \u2013 Stare Miasto, wodospady, rejs"},"content":{"rendered":"<h2 dir=\"ltr\" data-pm-slice=\"1 1 []\"><span style=\"color: #000000;\"><strong>\u2600\ufe0f Przegl\u0105d<\/strong><\/span><\/h2>\n<p dir=\"ltr\">Odkryj pi\u0119kno i urok Antalyi w jeden dzie\u0144! Ta pe\u0142na wra\u017ce\u0144 wycieczka obejmuje rejs statkiem, wizyt\u0119 przy wspania\u0142ych wodospadach D\u00fcden, turecki lunch i spacer po historycznym Starym Mie\u015bcie. Transport z hoteli jest wliczony w cen\u0119 <a href=\"https:\/\/en.wikipedia.org\/wiki\/Kemer,_Antalya\" target=\"_blank\" rel=\"noopener\">Kemer<\/a> i jego okolice.<\/p>\n<h3 dir=\"ltr\"><span style=\"color: #000000;\"><strong>W zestawie:<\/strong><\/span><\/h3>\n<p dir=\"ltr\"><span style=\"color: #00ff00;\"><strong>\u2713<\/strong><\/span> Odbi\u00f3r i dow\u00f3z do hotelu<br \/>\n<span style=\"color: #00ff00;\"><strong>\u2713 <\/strong><\/span>Op\u0142aty za wst\u0119p do wodospad\u00f3w D\u00fcden (g\u00f3rnego i dolnego)<br \/>\n<span style=\"color: #00ff00;\"><strong>\u2713 <\/strong><\/span>Wygodny klimatyzowany autobus<br \/>\n<span style=\"color: #00ff00;\"><strong>\u2713 <\/strong><\/span>Profesjonalny angloj\u0119zyczny przewodnik<br \/>\n<span style=\"color: #00ff00;\"><strong>\u2713 <\/strong><\/span>Lunch w lokalnej restauracji<br \/>\n<span style=\"color: #00ff00;\"><strong>\u2713 <\/strong><\/span>Pe\u0142ne ubezpieczenie<\/p>\n<h3 dir=\"ltr\"><span style=\"color: #000000;\"><strong>Nie zawiera:<\/strong><\/span><\/h3>\n<div dir=\"ltr\"><span style=\"color: #ff0000;\"><strong>\u2717 <\/strong><\/span>Wycieczka \u0142odzi\u0105 (je\u015bli wybrano jako opcj\u0119)<\/div>\n<div dir=\"ltr\"><span style=\"color: #ff0000;\"><strong>\u2717<\/strong><\/span> Napoje<br \/>\n<span style=\"color: #ff0000;\"><strong>\u2717 <\/strong><\/span>Wydatki osobiste (zdj\u0119cia, filmy)<\/div>\n<h2 dir=\"ltr\"><span style=\"color: #000000;\"><strong>Najwa\u017cniejsze atrakcje wycieczki<\/strong><\/span><\/h2>\n<p dir=\"ltr\">Podziwiaj wodospad Lower D\u00fcden, kt\u00f3ry spada kaskad\u0105 40 metr\u00f3w do morza.<br \/>\nSpacer po Starym Mie\u015bcie (Kalei\u00e7i): Brama Hadriana, minaret Yivli, wie\u017ca zegarowa<br \/>\nRelaks podczas godzinnego rejsu \u0142odzi\u0105 ze starego portu w Antalyi<br \/>\n\ud83d\udd39 Ciesz si\u0119 zieleni\u0105 i ch\u0142odem wodospadu Upper D\u00fcden<br \/>\n\ud83d\udd39 Wizyta w lokalnym warsztacie bi\u017cuterii srebrnej<\/p>\n<h2 dir=\"ltr\"><span style=\"color: #000000;\"><strong>Pe\u0142ny opis<\/strong><\/span><\/h2>\n<p dir=\"ltr\">Rano odbierzemy Ci\u0119 z hotelu i rozpoczniemy dzie\u0144 od spaceru po Starym Mie\u015bcie w Kalei\u00e7i, gdzie zobaczysz Bram\u0119 Hadriana, urocze uliczki, meczety i sklepy. Nast\u0119pnie wybierz si\u0119 na godzinn\u0105 wycieczk\u0119 \u0142odzi\u0105 wzd\u0142u\u017c wspania\u0142ego wybrze\u017ca Morza \u015ar\u00f3dziemnego. Nast\u0119pnie zjedz lunch w tureckiej restauracji, a nast\u0119pnie odwied\u017a wodospady Upper i Lower D\u00fcden, po\u0142o\u017cone w\u015br\u00f3d bujnej zieleni. Wycieczka ko\u0144czy si\u0119 przystankiem w warsztacie jubilerskim, gdzie mo\u017cna obejrze\u0107 i kupi\u0107 r\u0119cznie robione srebrne przedmioty. Powr\u00f3t do hotelu z \u017cywymi wspomnieniami.<\/p>\n<h3 dir=\"ltr\"><span style=\"color: #000000;\"><strong>Plan podr\u00f3\u017cy<\/strong><\/span><\/h3>\n<p dir=\"ltr\">Odbi\u00f3r z hotelu<br \/>\nSpacer po Starym Mie\u015bcie (Kalei\u00e7i)<br \/>\nWycieczka \u0142odzi\u0105 ze starego portu (1 godzina)<br \/>\nLunch w lokalnej restauracji<br \/>\nWizyta nad wodospadem Lower D\u00fcden<br \/>\nWizyta nad wodospadem Upper D\u00fcden<br \/>\n\ud83d\udd39 Zatrzymaj si\u0119 w warsztacie jubilerskim<br \/>\nPowr\u00f3t do hotelu<\/p>\n<h3 dir=\"ltr\"><span style=\"color: #000000;\"><strong>\u2139\ufe0f Przydatne informacje<\/strong><\/span><\/h3>\n<p dir=\"ltr\">Wycieczka \u0142odzi\u0105 mo\u017ce zosta\u0107 odwo\u0142ana lub zmodyfikowana ze wzgl\u0119du na warunki pogodowe.<br \/>\nDzieci podr\u00f3\u017cuj\u0105ce bezp\u0142atnie nie maj\u0105 oddzielnego miejsca w autobusie. Je\u015bli autobus jest pe\u0142ny, siedz\u0105 na kolanach osoby doros\u0142ej lub mo\u017cna zarezerwowa\u0107 osobne miejsce.<br \/>\n\ud83d\udd39 Plan podr\u00f3\u017cy mo\u017ce ulec zmianie w zale\u017cno\u015bci od okoliczno\u015bci, aby zwi\u0119kszy\u0107 wra\u017cenia z wycieczki.<br \/>\nJest to wycieczka krajoznawcza i nie obejmuje p\u0142ywania.<br \/>\nDzieci poni\u017cej 5. roku \u017cycia podr\u00f3\u017cuj\u0105ce bezp\u0142atnie nie maj\u0105 oddzielnego miejsca w autobusie. Je\u015bli autobus jest pe\u0142ny, siedz\u0105 na kolanach osoby doros\u0142ej lub mo\u017cna zarezerwowa\u0107 osobne miejsce.<\/p>\n<h2 dir=\"ltr\"><span style=\"color: #000000;\"><strong>Co zabra\u0107 ze sob\u0105<\/strong><\/span><\/h2>\n<p dir=\"ltr\">Wygodne buty do chodzenia<br \/>\nOkulary przeciws\u0142oneczne i nakrycia g\u0142owy<br \/>\nFiltr przeciws\u0142oneczny<br \/>\nAparat fotograficzny lub smartfon<br \/>\nGot\u00f3wka na napoje i wydatki osobiste<\/p>\n<h3 dir=\"ltr\"><span style=\"color: #000000;\"><strong>Nieodpowiednie dla<\/strong><\/span><\/h3>\n<p dir=\"ltr\">U\u017cytkownicy w\u00f3zk\u00f3w inwalidzkich<br \/>\nOsoby o ograniczonej sprawno\u015bci ruchowej<\/p>\n<h2 dir=\"ltr\"><span style=\"color: #000000;\"><strong>Cena i rezerwacja<\/strong><\/span><\/h2>\n<p dir=\"ltr\"><strong>Zarezerwuj teraz, zap\u0142a\u0107 w dniu wycieczki<\/strong><br \/>\nSkontaktuj si\u0119 z nami przez WhatsApp, Telegram, Viber lub wype\u0142nij poni\u017cszy formularz rezerwacji. \ud83d\udc47\ud83c\udffd<\/p>\n<p>Szukasz alternatyw? Przegl\u0105daj <a href=\"https:\/\/excursionsworld.com\/pl\/kemer-wycieczki\/\">wi\u0119cej wycieczek po Kemer<\/a>.<\/p>","protected":false},"excerpt":{"rendered":"<p>Odkryj Antaly\u0119 podczas wycieczki z przewodnikiem po mie\u015bcie Kemer ze spacerem po Starym Mie\u015bcie, wycieczk\u0105 \u0142odzi\u0105 i wodospadami D\u00fcden. Obejmuje lunch, transfer i przewodnika.<\/p>","protected":false},"featured_media":15466,"comment_status":"open","ping_status":"closed","template":"","meta":[],"product_brand":[],"product_cat":[124],"product_tag":[105],"class_list":{"0":"post-15535","1":"product","2":"type-product","3":"status-publish","4":"has-post-thumbnail","6":"tour_phys-kemer-tours","7":"product_cat-kemer-tours","8":"product_tag-kemer","9":"pa_destination-kemer-tours","11":"first","12":"instock","13":"sale","14":"featured","15":"shipping-taxable","16":"purchasable","17":"product-type-tour_phys"},"aioseo_notices":[],"_links":{"self":[{"href":"https:\/\/excursionsworld.com\/pl\/wp-json\/wp\/v2\/product\/15535","targetHints":{"allow":["GET"]}}],"collection":[{"href":"https:\/\/excursionsworld.com\/pl\/wp-json\/wp\/v2\/product"}],"about":[{"href":"https:\/\/excursionsworld.com\/pl\/wp-json\/wp\/v2\/types\/product"}],"replies":[{"embeddable":true,"href":"https:\/\/excursionsworld.com\/pl\/wp-json\/wp\/v2\/comments?post=15535"}],"wp:featuredmedia":[{"embeddable":true,"href":"https:\/\/excursionsworld.com\/pl\/wp-json\/wp\/v2\/media\/15466"}],"wp:attachment":[{"href":"https:\/\/excursionsworld.com\/pl\/wp-json\/wp\/v2\/media?parent=15535"}],"wp:term":[{"taxonomy":"product_brand","embeddable":true,"href":"https:\/\/excursionsworld.com\/pl\/wp-json\/wp\/v2\/product_brand?post=15535"},{"taxonomy":"product_cat","embeddable":true,"href":"https:\/\/excursionsworld.com\/pl\/wp-json\/wp\/v2\/product_cat?post=15535"},{"taxonomy":"product_tag","embeddable":true,"href":"https:\/\/excursionsworld.com\/pl\/wp-json\/wp\/v2\/product_tag?post=15535"}],"curies":[{"name":"wp","href":"https:\/\/api.w.org\/{rel}","templated":true}]}}