{"id":15549,"date":"2025-11-02T12:26:10","date_gmt":"2025-11-02T09:26:10","guid":{"rendered":"https:\/\/excursionsworld.com\/?post_type=product&#038;p=15549\/"},"modified":"2026-04-24T00:21:08","modified_gmt":"2026-04-23T21:21:08","slug":"rejs-piracki-red-dragon-antalya","status":"publish","type":"product","link":"https:\/\/excursionsworld.com\/tours\/pirate-boat-red-dragon-antalya\/","title":{"rendered":"Piracki rejs statkiem z Antalyi \u2013 Red Dragon"},"content":{"rendered":"<h2 dir=\"ltr\" data-pm-slice=\"1 1 []\">\ud83c\udff4\u200d\u2620\ufe0f <strong>Przegl\u0105d<\/strong><\/h2>\n<p dir=\"ltr\">Wyp\u0142y\u0144 statkiem pirackim \u2013 Czerwonym Smokiem \u2013 wzd\u0142u\u017c osza\u0142amiaj\u0105cego wybrze\u017ca Kemer \u2013 idealne po\u0142\u0105czenie p\u0142ywania, opalania i podziwiania przyrody. Odbierzemy Ci\u0119 z Twojego hotelu w <a href=\"https:\/\/en.wikipedia.org\/wiki\/Antalya\" target=\"_blank\" rel=\"noopener\">Antalya<\/a> lub okolicznych teren\u00f3w i zawiezie Ci\u0119 do punktu wyp\u0142yni\u0119cia w porcie Kemer.<\/p>\n<h3 dir=\"ltr\"><span style=\"color: #000000;\"><strong>W zestawie:<\/strong><\/span><\/h3>\n<p dir=\"ltr\"><span style=\"color: #00ff00;\"><strong>\u2713<\/strong><\/span> Odbi\u00f3r i dow\u00f3z do hotelu<br \/>\n<span style=\"color: #00ff00;\"><strong>\u2713 <\/strong><\/span>Ubezpieczenie<br \/>\n<span style=\"color: #00ff00;\"><strong>\u2713 <\/strong><\/span>Przewodnik<br \/>\n<span style=\"color: #00ff00;\"><strong>\u2713 <\/strong><\/span>Impreza piankowa<br \/>\n<span style=\"color: #00ff00;\"><strong>\u2713 <\/strong><\/span>Lunch<\/p>\n<h3 dir=\"ltr\"><span style=\"color: #000000;\"><strong>Nie zawiera:<\/strong><\/span><\/h3>\n<p dir=\"ltr\"><span style=\"color: #ff0000;\"><strong>\u2717<\/strong><\/span> Wydatki osobiste<br \/>\n<span style=\"color: #ff0000;\"><strong>\u2717 <\/strong><\/span>Zdj\u0119cia i filmy<br \/>\n<span style=\"color: #ff0000;\"><strong>\u2717 <\/strong><\/span>Napoje<\/p>\n<h2 dir=\"ltr\"><span style=\"color: #000000;\"><strong>Najwa\u017cniejsze atrakcje wycieczki<\/strong><\/span><\/h2>\n<p dir=\"ltr\">Rejs nowoczesnym i wygodnym katamaranem<br \/>\nP\u0142ywanie w krystalicznie czystych zatokach Kemer<br \/>\nMuzyka na \u017cywo i program rozrywkowy na pok\u0142adzie<br \/>\nOpalanie i relaks na przestronnych pok\u0142adach<br \/>\nZapieraj\u0105ce dech w piersiach widoki i \u015bwietne mo\u017cliwo\u015bci fotografowania<br \/>\nWysoka jako\u015b\u0107 w przyst\u0119pnej cenie<\/p>\n<h2 dir=\"ltr\"><span style=\"color: #000000;\"><strong>Pe\u0142ny opis<\/strong><\/span><\/h2>\n<div dir=\"ltr\">Sp\u0119d\u017a dzie\u0144 relaksu i zabawy podczas naszej wycieczki katamaranem z Kemer. Ta podr\u00f3\u017c \u0142\u0105czy w sobie komfort nowoczesnego statku z pi\u0119knem wybrze\u017ca Morza \u015ar\u00f3dziemnego.<br \/>\nWycieczka rozpoczyna si\u0119 w Kemer Marina, gdzie wejdziesz na pok\u0142ad katamaranu wyposa\u017conego w przytulne miejsca do le\u017cenia i opalania.<\/div>\n<div dir=\"ltr\">Rejs obejmuje przystanki na p\u0142ywanie w malowniczych zatokach: <strong>Zatoka Phaselis<\/strong>: P\u0142ywanie w pobli\u017cu staro\u017cytnych ruin i las\u00f3w sosnowych. <strong>Paradise Bay<\/strong>: Odosobnione miejsce z b\u0142\u0119kitnymi wodami. <strong>Moonlight Bay<\/strong>: Idealny do zdj\u0119\u0107 i relaksu. <strong>Jaskinia pirat\u00f3w<\/strong>: Przep\u0142y\u0144 obok legendarnej jaskini morskiej, \u015bwietnego miejsca do robienia zdj\u0119\u0107. Na pok\u0142adzie mo\u017cna pos\u0142ucha\u0107 muzyki, wzi\u0105\u0107 udzia\u0142 w animacjach i hucznej imprezie z pian\u0105.<br \/>\nW cen\u0119 wliczony jest lunch oraz napoje.<br \/>\nJest to jedna z najpopularniejszych wycieczek w Kemer, odpowiednia dla par, rodzin i os\u00f3b podr\u00f3\u017cuj\u0105cych samotnie.<\/div>\n<h3 dir=\"ltr\"><span style=\"color: #000000;\"><strong>\ud83d\uddfa\ufe0f Plan podr\u00f3\u017cy<\/strong><\/span><\/h3>\n<p dir=\"ltr\">Odbi\u00f3r z hotelu<br \/>\nWyp\u0142yni\u0119cie z przystani w Kemer<br \/>\nPrzystanek p\u0142ywacki w zatoce Phaselis: ruiny i przyroda<br \/>\nPrzystanek p\u0142ywacki w Paradise Bay: zaciszna zatoka<br \/>\nPrzystanek p\u0142ywacki w Moonlight Bay: zdj\u0119cia i relaks<br \/>\nPrzep\u0142yni\u0119cie obok Jaskini Pirat\u00f3w: legendy i klify<br \/>\nImpreza piankowa i muzyka na pok\u0142adzie<br \/>\nPowr\u00f3t do Kemer Marina<br \/>\nTransfer z powrotem do hotelu<\/p>\n<h3 dir=\"ltr\">\u2139\ufe0f <strong>Przydatne informacje<\/strong><\/h3>\n<p dir=\"ltr\">Czas trwania wycieczki: oko\u0142o 7-8 godzin<br \/>\nKatamaran posiada zacienione obszary i miejsca do opalania.<br \/>\nDzieci poni\u017cej 6. roku \u017cycia podr\u00f3\u017cuj\u0105ce bezp\u0142atnie nie maj\u0105 oddzielnego miejsca w autobusie. Je\u015bli autobus jest pe\u0142ny, siedz\u0105 na kolanach osoby doros\u0142ej lub mo\u017cna zarezerwowa\u0107 osobne miejsce.<\/p>\n<h2 dir=\"ltr\"><span style=\"color: #000000;\"><strong>Co zabra\u0107 ze sob\u0105<\/strong><\/span><\/h2>\n<p dir=\"ltr\">Str\u00f3j k\u0105pielowy i r\u0119cznik<br \/>\nOchrona przeciws\u0142oneczna i okulary przeciws\u0142oneczne<br \/>\nKapelusz lub czapka<br \/>\nWodoodporne etui na telefon lub aparat fotograficzny<br \/>\nTroch\u0119 got\u00f3wki na wydatki osobiste<\/p>\n<h3 dir=\"ltr\"><span style=\"color: #000000;\"><strong>Nieodpowiednie dla<\/strong><\/span><\/h3>\n<p dir=\"ltr\">Osoby podatne na ci\u0119\u017ck\u0105 chorob\u0119 morsk\u0105<br \/>\nPodr\u00f3\u017cni o ograniczonej sprawno\u015bci ruchowej<\/p>\n<h2><span style=\"color: #000000;\"><strong>Cena i rezerwacja<\/strong><\/span><\/h2>\n<p dir=\"ltr\"><strong>Zarezerwuj teraz, zap\u0142a\u0107 w dniu wycieczki<\/strong><br \/>\nSkontaktuj si\u0119 z nami przez WhatsApp, Telegram, Viber lub wype\u0142nij poni\u017cszy formularz rezerwacji. \ud83d\udc47\ud83c\udffc<\/p>\n<p>Szukasz alternatyw? Przegl\u0105daj <a href=\"https:\/\/excursionsworld.com\/pl\/antalya-wycieczki\/\">wi\u0119cej wycieczek po Antalyi<\/a>.<\/p>","protected":false},"excerpt":{"rendered":"<p>Zarezerwuj to <b>codzienna wycieczka<\/b> z <b>Antalya<\/b>! Piracka \u0142\u00f3d\u017a Czerwony Smok <b>podr\u00f3\u017c<\/b> oferuje zabaw\u0119 w pianie, muzyk\u0119 i p\u0142ywanie. Najlepsze morze all-inclusive <b>wycieczka<\/b> z lunchem!<\/p>","protected":false},"featured_media":16711,"comment_status":"open","ping_status":"closed","template":"","meta":[],"product_brand":[],"product_cat":[125],"product_tag":[107],"class_list":{"0":"post-15549","1":"product","2":"type-product","3":"status-publish","4":"has-post-thumbnail","6":"tour_phys-antalya-tours","7":"tour_phys-pirate-boat-tours","8":"product_cat-antalya-tours","9":"product_tag-antalya","10":"pa_destination-antalya-tours","11":"pa_kategori-pirate-boat-tours","13":"first","14":"instock","15":"sale","16":"featured","17":"shipping-taxable","18":"purchasable","19":"product-type-tour_phys"},"aioseo_notices":[],"_links":{"self":[{"href":"https:\/\/excursionsworld.com\/pl\/wp-json\/wp\/v2\/product\/15549","targetHints":{"allow":["GET"]}}],"collection":[{"href":"https:\/\/excursionsworld.com\/pl\/wp-json\/wp\/v2\/product"}],"about":[{"href":"https:\/\/excursionsworld.com\/pl\/wp-json\/wp\/v2\/types\/product"}],"replies":[{"embeddable":true,"href":"https:\/\/excursionsworld.com\/pl\/wp-json\/wp\/v2\/comments?post=15549"}],"wp:featuredmedia":[{"embeddable":true,"href":"https:\/\/excursionsworld.com\/pl\/wp-json\/wp\/v2\/media\/16711"}],"wp:attachment":[{"href":"https:\/\/excursionsworld.com\/pl\/wp-json\/wp\/v2\/media?parent=15549"}],"wp:term":[{"taxonomy":"product_brand","embeddable":true,"href":"https:\/\/excursionsworld.com\/pl\/wp-json\/wp\/v2\/product_brand?post=15549"},{"taxonomy":"product_cat","embeddable":true,"href":"https:\/\/excursionsworld.com\/pl\/wp-json\/wp\/v2\/product_cat?post=15549"},{"taxonomy":"product_tag","embeddable":true,"href":"https:\/\/excursionsworld.com\/pl\/wp-json\/wp\/v2\/product_tag?post=15549"}],"curies":[{"name":"wp","href":"https:\/\/api.w.org\/{rel}","templated":true}]}}