{"id":15550,"date":"2025-11-02T12:27:38","date_gmt":"2025-11-02T09:27:38","guid":{"rendered":"https:\/\/excursionsworld.com\/?post_type=product&#038;p=15550\/"},"modified":"2026-04-24T01:27:07","modified_gmt":"2026-04-23T22:27:07","slug":"rejs-piracki-gonster-antalya","status":"publish","type":"product","link":"https:\/\/excursionsworld.com\/tours\/pirate-boat-gonster-antalya\/","title":{"rendered":"Piracki rejs statkiem z Antalyi \u2013 Gonster | All Inclusive"},"content":{"rendered":"<h2 dir=\"ltr\"><span style=\"color: #000000;\"><strong>\ud83c\udff4\u200d\u2620\ufe0f Przegl\u0105d<\/strong><\/span><\/h2>\n<p dir=\"ltr\">Wyrusz na ekscytuj\u0105c\u0105 przygod\u0119 na pok\u0142adzie pirackiego statku Gonster - dzie\u0144 wype\u0142niony zabaw\u0105, muzyk\u0105 i p\u0142ywaniem wzd\u0142u\u017c turkusowego wybrze\u017ca Kemer. Ta wycieczka o tematyce pirackiej \u0142\u0105czy w sobie \u017cyw\u0105 rozrywk\u0119 z osza\u0142amiaj\u0105cymi \u015br\u00f3dziemnomorskimi widokami. Napoje bezalkoholowe s\u0105 wliczone w cen\u0119!<\/p>\n<h3 dir=\"ltr\"><span style=\"color: #000000;\"><strong>W zestawie:<\/strong><\/span><\/h3>\n<p dir=\"ltr\"><span style=\"color: #00ff00;\"><strong>\u2713<\/strong><\/span> Odbi\u00f3r i dow\u00f3z do hotelu<br \/>\n<span style=\"color: #00ff00;\"><strong>\u2713 <\/strong><\/span>Ubezpieczenie<br \/>\n<span style=\"color: #00ff00;\"><strong>\u2713 <\/strong><\/span>Przewodnik<br \/>\n<span style=\"color: #00ff00;\"><strong>\u2713 <\/strong><\/span>Impreza piankowa i rozrywka na pok\u0142adzie<br \/>\n<span style=\"color: #00ff00;\"><strong>\u2713 <\/strong><\/span>Lunch<br \/>\n<span style=\"color: #00ff00;\"><strong>\u2713 <\/strong><\/span>Napoje bezalkoholowe<\/p>\n<h3 dir=\"ltr\"><strong>Nie zawiera:<\/strong><\/h3>\n<p dir=\"ltr\"><span style=\"color: #ff0000;\"><strong>\u2717<\/strong><\/span> Wydatki osobiste<br \/>\n<span style=\"color: #ff0000;\"><strong>\u2717 <\/strong><\/span>Napoje alkoholowe<\/p>\n<h2 dir=\"ltr\"><strong>Najwa\u017cniejsze atrakcje wycieczki<\/strong><\/h2>\n<p dir=\"ltr\">Statek piracki z \u017cyw\u0105 i \u015bwi\u0105teczn\u0105 atmosfer\u0105<br \/>\nP\u0142ywanie w krystalicznie czystych zatokach Kemer<br \/>\nMuzyka na \u017cywo i program rozrywkowy na pok\u0142adzie<br \/>\nLunch i napoje bezalkoholowe wliczone w cen\u0119<br \/>\n\ud83d\udd39 Opalanie na przestronnych pok\u0142adach<br \/>\nPrzystanki fotograficzne w Jaskini Pirat\u00f3w i na malowniczym wybrze\u017cu<br \/>\nIdealny dla rodzin i entuzjast\u00f3w przyg\u00f3d<\/p>\n<h2 dir=\"ltr\"><strong>Pe\u0142ny opis<\/strong><\/h2>\n<div dir=\"ltr\">Wyrusz w morsk\u0105 podr\u00f3\u017c na pok\u0142adzie pirackiego statku Gonster wzd\u0142u\u017c turkusowego wybrze\u017ca Kemer. Ta wyj\u0105tkowa wycieczka \u0142\u0105czy t\u0119tni\u0105c\u0105 \u017cyciem rozrywk\u0119 z naturalnym pi\u0119knem Morza \u015ar\u00f3dziemnego, tworz\u0105c idealny wypad dla rodzin, par i grup przyjaci\u00f3\u0142. Wej\u015bcie na pok\u0142ad odbywa si\u0119 w porcie Kemer, gdzie statek o tematyce pirackiej i t\u0119tni\u0105ca \u017cyciem za\u0142oga tworz\u0105 scen\u0119 dla \u015bwi\u0105tecznej atmosfery z muzyk\u0105, ta\u0144cem i pokazem tematycznym. Podczas wycieczki odwiedzisz trzy malownicze zatoki do p\u0142ywania i relaksu: <strong>Zatoka Phaselis<\/strong>\ud83c\udfca\u200d\u2642\ufe0f P\u0142ywanie w pobli\u017cu staro\u017cytnych ruin licyjskich, w otoczeniu historii i przyrody. <strong>Paradise Bay<\/strong>Przytulny przystanek z krystalicznie czystymi wodami i bujn\u0105 zielon\u0105 sceneri\u0105. <strong>Moonlight Bay<\/strong>Idealny do robienia zdj\u0119\u0107, opalania si\u0119 i spokojnego p\u0142ywania.<strong>Jaskinia pirat\u00f3w <\/strong>\ud83c\udff4\u200d\u2620\ufe0f Przep\u0142y\u0144 obok legendarnej Jaskini Pirat\u00f3w, z dramatycznymi klifami i wspania\u0142ymi mo\u017cliwo\u015bciami robienia zdj\u0119\u0107. Na pok\u0142adzie czeka na Ciebie pyszny lunch z napojami bezalkoholowymi, a po powrocie huczna impreza w pianie. Niezale\u017cnie od tego, czy chcesz si\u0119 opala\u0107, czy ta\u0144czy\u0107 z za\u0142og\u0105, ta wycieczka obiecuje nieko\u0144cz\u0105c\u0105 si\u0119 zabaw\u0119 i niezapomniane wspomnienia!<\/div>\n<h3 dir=\"ltr\"><strong>\ud83d\uddfa\ufe0f Plan podr\u00f3\u017cy<\/strong><\/h3>\n<p dir=\"ltr\">\ud83d\udd39 Odbi\u00f3r z hoteli w <a href=\"https:\/\/en.wikipedia.org\/wiki\/Antalya\" target=\"_blank\" rel=\"noopener\">Antalya<\/a> obszar<br \/>\nWylot z portu w Kemer<br \/>\nPrzystanek p\u0142ywacki w zatoce Phaselis<br \/>\nPrzystanek p\u0142ywacki w zatoce Moonlight Bay<br \/>\nPrzystanek p\u0142ywacki w Paradise Bay<br \/>\nPrzep\u0142yni\u0119cie obok Jaskini Pirat\u00f3w<br \/>\nImpreza piankowa i rozrywka na pok\u0142adzie<br \/>\nPowr\u00f3t do portu Kemer<br \/>\nTransfer z powrotem do hotelu<\/p>\n<h3 dir=\"ltr\"><strong>\u2139\ufe0f Przydatne informacje<\/strong><\/h3>\n<p dir=\"ltr\">Czas trwania wycieczki: oko\u0142o 5-6 godzin<br \/>\nObszary zacienione i miejsca do opalania dost\u0119pne na pok\u0142adzie<br \/>\nOdpowiedni dla go\u015bci w ka\u017cdym wieku<br \/>\nZa\u0142oga m\u00f3wi po angielsku<br \/>\nDzieci poni\u017cej 5. roku \u017cycia podr\u00f3\u017cuj\u0105ce bezp\u0142atnie nie maj\u0105 oddzielnego miejsca w autobusie. Je\u015bli autobus jest pe\u0142ny, siedz\u0105 na kolanach osoby doros\u0142ej lub mo\u017cna zarezerwowa\u0107 osobne miejsce.<\/p>\n<h2 dir=\"ltr\"><strong>Co zabra\u0107 ze sob\u0105<\/strong><\/h2>\n<p dir=\"ltr\">Str\u00f3j k\u0105pielowy i r\u0119cznik<br \/>\nOchrona przeciws\u0142oneczna i okulary przeciws\u0142oneczne<br \/>\nKapelusz lub czapka<br \/>\nWodoodporne etui lub aparat fotograficzny<br \/>\nGot\u00f3wka na pami\u0105tki i dodatkowe wydatki<\/p>\n<h3 dir=\"ltr\"><strong>Nieodpowiednie dla<\/strong><\/h3>\n<p dir=\"ltr\">Go\u015bcie podatni na ci\u0119\u017ck\u0105 chorob\u0119 morsk\u0105<br \/>\nOsoby o ograniczonej sprawno\u015bci ruchowej<\/p>\n<h2 dir=\"ltr\">\ud83d\udcb8 <strong>Cena i rezerwacja<\/strong><\/h2>\n<p dir=\"ltr\"><strong>Zarezerwuj teraz, zap\u0142a\u0107 w dniu wycieczki<\/strong><br \/>\nSkontaktuj si\u0119 z nami przez WhatsApp, Telegram, Viber lub wype\u0142nij poni\u017cszy formularz rezerwacji. \ud83d\udc47\ud83c\udffc<\/p>\n<p>Szukasz alternatyw? Przegl\u0105daj <a href=\"https:\/\/excursionsworld.com\/pl\/antalya-wycieczki\/\">wi\u0119cej wycieczek po Antalyi<\/a>.<\/p>","protected":false},"excerpt":{"rendered":"<p>Zarezerwuj to <b>codzienna wycieczka<\/b> z <b>Antalya<\/b>! Piracka \u0142\u00f3d\u017a Gonster\u00f3w <b>podr\u00f3\u017c<\/b> oferuje zabaw\u0119 w pianie, p\u0142ywanie i napoje bezalkoholowe. Najlepsze morze all inclusive <b>wycieczka<\/b>!<\/p>","protected":false},"featured_media":12200,"comment_status":"open","ping_status":"closed","template":"","meta":[],"product_brand":[],"product_cat":[125,130],"product_tag":[107],"class_list":{"0":"post-15550","1":"product","2":"type-product","3":"status-publish","4":"has-post-thumbnail","6":"tour_phys-antalya-tours","7":"tour_phys-pirate-boat-tours","8":"product_cat-antalya-tours","9":"product_cat-pirate-boat-tours","10":"product_tag-antalya","11":"pa_destination-antalya-tours","12":"pa_kategori-pirate-boat-tours","14":"first","15":"instock","16":"sale","17":"featured","18":"shipping-taxable","19":"purchasable","20":"product-type-tour_phys"},"aioseo_notices":[],"_links":{"self":[{"href":"https:\/\/excursionsworld.com\/pl\/wp-json\/wp\/v2\/product\/15550","targetHints":{"allow":["GET"]}}],"collection":[{"href":"https:\/\/excursionsworld.com\/pl\/wp-json\/wp\/v2\/product"}],"about":[{"href":"https:\/\/excursionsworld.com\/pl\/wp-json\/wp\/v2\/types\/product"}],"replies":[{"embeddable":true,"href":"https:\/\/excursionsworld.com\/pl\/wp-json\/wp\/v2\/comments?post=15550"}],"wp:featuredmedia":[{"embeddable":true,"href":"https:\/\/excursionsworld.com\/pl\/wp-json\/wp\/v2\/media\/12200"}],"wp:attachment":[{"href":"https:\/\/excursionsworld.com\/pl\/wp-json\/wp\/v2\/media?parent=15550"}],"wp:term":[{"taxonomy":"product_brand","embeddable":true,"href":"https:\/\/excursionsworld.com\/pl\/wp-json\/wp\/v2\/product_brand?post=15550"},{"taxonomy":"product_cat","embeddable":true,"href":"https:\/\/excursionsworld.com\/pl\/wp-json\/wp\/v2\/product_cat?post=15550"},{"taxonomy":"product_tag","embeddable":true,"href":"https:\/\/excursionsworld.com\/pl\/wp-json\/wp\/v2\/product_tag?post=15550"}],"curies":[{"name":"wp","href":"https:\/\/api.w.org\/{rel}","templated":true}]}}