{"id":15552,"date":"2025-11-02T12:31:24","date_gmt":"2025-11-02T09:31:24","guid":{"rendered":"https:\/\/excursionsworld.com\/?post_type=product&#038;p=15552\/"},"modified":"2026-04-24T01:27:08","modified_gmt":"2026-04-23T22:27:08","slug":"antalya-stare-miasto-wodospady","status":"publish","type":"product","link":"https:\/\/excursionsworld.com\/tours\/antalya-old-town-waterfalls\/","title":{"rendered":"Wycieczka po Antalyi \u2013 stare miasto, wodospady i rejs statkiem"},"content":{"rendered":"<h2>\u2600\ufe0f Przegl\u0105d<\/h2>\n<p>Odkryj pi\u0119kno i urok <strong><a href=\"https:\/\/en.wikipedia.org\/wiki\/Antalya\" target=\"_blank\" rel=\"noopener\">Antalya<\/a><\/strong> w ci\u0105gu jednego dnia! Ta pe\u0142na akcji wycieczka obejmuje rejs \u0142odzi\u0105, wizyty w osza\u0142amiaj\u0105cych <strong>Wodospady D\u00fcden<\/strong>, turecki lunch i spacer po historycznym mie\u015bcie. <strong>Stare Miasto (Kalei\u00e7i)<\/strong>. Transfery s\u0105 wliczone w cen\u0119 z hoteli w <strong>Antalya i okolice<\/strong>, dzi\u0119ki czemu Tw\u00f3j dzie\u0144 b\u0119dzie wolny od zmartwie\u0144.<\/p>\n<h3>W zestawie:<\/h3>\n<p><strong><span style=\"color: #00ff00;\">\u2713<\/span> <\/strong>Odbi\u00f3r i dow\u00f3z do hotelu<br \/>\n<strong><span style=\"color: #00ff00;\">\u2713<\/span> <\/strong>Op\u0142aty za wst\u0119p do wodospad\u00f3w D\u00fcden (g\u00f3rnego i dolnego)<br \/>\n<strong><span style=\"color: #00ff00;\">\u2713<\/span> <\/strong>Wygodny klimatyzowany autobus<br \/>\n<strong><span style=\"color: #00ff00;\">\u2713<\/span> <\/strong>Profesjonalny angloj\u0119zyczny przewodnik<br \/>\n<strong><span style=\"color: #00ff00;\">\u2713<\/span> <\/strong>Lunch w lokalnej restauracji<br \/>\n<strong><span style=\"color: #00ff00;\">\u2713<\/span> <\/strong>Pe\u0142ne ubezpieczenie<\/p>\n<h3>Nie zawiera:<\/h3>\n<p><span style=\"color: #ff0000;\"><strong>\u2717<\/strong> <\/span>Wycieczka \u0142odzi\u0105 (je\u015bli wybrano jako opcj\u0119)<br \/>\n<span style=\"color: #ff0000;\"><strong>\u2717<\/strong> <\/span>Napoje<br \/>\n<span style=\"color: #ff0000;\"><strong>\u2717<\/strong> <\/span>Wydatki osobiste (zdj\u0119cia, filmy)<\/p>\n<h2>\ud83c\udf1f Najwa\u017cniejsze atrakcje tej wycieczki po mie\u015bcie Antalya<\/h2>\n<p>Podziwiaj wodospad Lower D\u00fcden, kt\u00f3ry spada kaskad\u0105 40 metr\u00f3w do morza.<br \/>\nSpacer po Starym Mie\u015bcie (Kalei\u00e7i): Brama Hadriana, minaret Yivli, wie\u017ca zegarowa<br \/>\nRelaks podczas godzinnego rejsu \u0142odzi\u0105 ze starego portu w Antalyi<br \/>\n\ud83d\udd39 Ciesz si\u0119 zieleni\u0105 i ch\u0142odem wodospadu Upper D\u00fcden<br \/>\n\ud83d\udd39 Wizyta w lokalnym warsztacie bi\u017cuterii srebrnej<\/p>\n<h2>\ud83d\udcdd Pe\u0142ny Opis: Twoja Wycieczka po Antalyi<\/h2>\n<div>Wycieczka rozpoczyna si\u0119 od porannego odbioru z hotelu w <strong>Antalya lub pobliskie obszary<\/strong>. Rozpocznij od spaceru po historycznym <strong>Stare Miasto (Kalei\u00e7i)<\/strong>, zobaczy\u0107 Bram\u0119 Hadriana, urokliwe uliczki, meczety i lokalne sklepy.<\/div>\n<div>Nast\u0119pnie mo\u017cesz cieszy\u0107 si\u0119 godzinnym <strong>wycieczka \u0142odzi\u0105<\/strong> wzd\u0142u\u017c osza\u0142amiaj\u0105cego wybrze\u017ca Morza \u015ar\u00f3dziemnego (opcjonalnie). Po przeja\u017cd\u017cce \u0142odzi\u0105 skosztuj tradycyjnego tureckiego lunchu w lokalnej restauracji. Kontynuuj zwiedzanie <strong>Wodospady Dolnego i G\u00f3rnego D\u00fcden<\/strong>, otoczony bujn\u0105 zieleni\u0105. Zako\u0144cz dzie\u0144 w <strong>warsztaty bi\u017cuterii srebrnej<\/strong>, gdzie mo\u017cna zobaczy\u0107 i kupi\u0107 r\u0119cznie robione przedmioty. Powr\u00f3t do hotelu z niezapomnianymi wspomnieniami.<\/div>\n<h3>Plan podr\u00f3\u017cy<\/h3>\n<p>Odbi\u00f3r z hotelu<br \/>\nSpacer po Starym Mie\u015bcie (Kalei\u00e7i)<br \/>\nWycieczka \u0142odzi\u0105 ze starego portu (1 godzina, opcjonalnie)<br \/>\nLunch w lokalnej restauracji<br \/>\nWizyta nad wodospadem Lower D\u00fcden<br \/>\nWizyta nad wodospadem Upper D\u00fcden<br \/>\n\ud83d\udd39 Zatrzymaj si\u0119 w warsztacie jubilerskim<br \/>\nPowr\u00f3t do hotelu<\/p>\n<h3>\u2139\ufe0f Przydatne informacje<\/h3>\n<p>Wycieczka \u0142odzi\u0105 mo\u017ce zosta\u0107 odwo\u0142ana lub zmodyfikowana ze wzgl\u0119du na warunki pogodowe.<br \/>\n\ud83d\udd39 Plan podr\u00f3\u017cy mo\u017ce ulec zmianie w celu zwi\u0119kszenia wra\u017ce\u0144 z wycieczki.<br \/>\nJest to wycieczka krajoznawcza; p\u0142ywanie nie jest wliczone w cen\u0119.<br \/>\nDzieci poni\u017cej 5. roku \u017cycia podr\u00f3\u017cuj\u0105ce bezp\u0142atnie nie maj\u0105 oddzielnego miejsca w autobusie. Je\u015bli autobus jest pe\u0142ny, siedz\u0105 na kolanach osoby doros\u0142ej lub mo\u017cna zarezerwowa\u0107 osobne miejsce.<\/p>\n<h2>Co zabra\u0107 ze sob\u0105<\/h2>\n<p>Wygodne buty do chodzenia<br \/>\nOkulary przeciws\u0142oneczne i nakrycia g\u0142owy<br \/>\nFiltr przeciws\u0142oneczny<br \/>\nAparat fotograficzny lub smartfon<br \/>\nGot\u00f3wka na napoje i wydatki osobiste<\/p>\n<h3>Nieodpowiednie dla<\/h3>\n<p>U\u017cytkownicy w\u00f3zk\u00f3w inwalidzkich<br \/>\nOsoby o ograniczonej sprawno\u015bci ruchowej<\/p>\n<h2>Cena i rezerwacja<\/h2>\n<p><strong>Zarezerwuj teraz, zap\u0142a\u0107 w dniu wycieczki<\/strong><br \/>\nSkontaktuj si\u0119 z nami za po\u015brednictwem <strong>WhatsApp<\/strong>, <strong>Telegram<\/strong>, <strong>Viber<\/strong>, lub wype\u0142ni\u0107 poni\u017cszy formularz rezerwacji. \ud83d\udc47\ud83c\udffc<\/p>\n<p>Szukasz alternatyw? Przegl\u0105daj <a href=\"https:\/\/excursionsworld.com\/pl\/antalya-wycieczki\/\">wi\u0119cej wycieczek po Antalyi<\/a>.<\/p>","protected":false},"excerpt":{"rendered":"<p>Zarezerwuj <b>Antalya City Tour<\/b>! See D\u00fcden Waterfalls &amp; historic Kalei\u00e7i. Includes <b>wycieczka \u0142odzi\u0105<\/b>, Turkish <b>lunch<\/b>, and full-day <b>wycieczka<\/b>. <b>Transfer wliczony w cen\u0119<\/b>.<\/p>","protected":false},"featured_media":15466,"comment_status":"open","ping_status":"closed","template":"","meta":[],"product_brand":[],"product_cat":[125],"product_tag":[107],"class_list":{"0":"post-15552","1":"product","2":"type-product","3":"status-publish","4":"has-post-thumbnail","6":"tour_phys-antalya-tours","7":"product_cat-antalya-tours","8":"product_tag-antalya","9":"pa_destination-antalya-tours","11":"first","12":"instock","13":"sale","14":"shipping-taxable","15":"purchasable","16":"product-type-tour_phys"},"aioseo_notices":[],"_links":{"self":[{"href":"https:\/\/excursionsworld.com\/pl\/wp-json\/wp\/v2\/product\/15552","targetHints":{"allow":["GET"]}}],"collection":[{"href":"https:\/\/excursionsworld.com\/pl\/wp-json\/wp\/v2\/product"}],"about":[{"href":"https:\/\/excursionsworld.com\/pl\/wp-json\/wp\/v2\/types\/product"}],"replies":[{"embeddable":true,"href":"https:\/\/excursionsworld.com\/pl\/wp-json\/wp\/v2\/comments?post=15552"}],"wp:featuredmedia":[{"embeddable":true,"href":"https:\/\/excursionsworld.com\/pl\/wp-json\/wp\/v2\/media\/15466"}],"wp:attachment":[{"href":"https:\/\/excursionsworld.com\/pl\/wp-json\/wp\/v2\/media?parent=15552"}],"wp:term":[{"taxonomy":"product_brand","embeddable":true,"href":"https:\/\/excursionsworld.com\/pl\/wp-json\/wp\/v2\/product_brand?post=15552"},{"taxonomy":"product_cat","embeddable":true,"href":"https:\/\/excursionsworld.com\/pl\/wp-json\/wp\/v2\/product_cat?post=15552"},{"taxonomy":"product_tag","embeddable":true,"href":"https:\/\/excursionsworld.com\/pl\/wp-json\/wp\/v2\/product_tag?post=15552"}],"curies":[{"name":"wp","href":"https:\/\/api.w.org\/{rel}","templated":true}]}}