{"id":15553,"date":"2025-11-02T12:32:29","date_gmt":"2025-11-02T09:32:29","guid":{"rendered":"https:\/\/excursionsworld.com\/?post_type=product&#038;p=15553\/"},"modified":"2026-04-24T01:27:08","modified_gmt":"2026-04-23T22:27:08","slug":"demre-myra-kekova-antalya","status":"publish","type":"product","link":"https:\/\/excursionsworld.com\/tours\/demre-myra-kekova-antalya\/","title":{"rendered":"Demre, Myra &amp; Kekova Wycieczka z Antalyi \u2013 Ko\u015bci\u00f3\u0142 \u015bw. Miko\u0142aja"},"content":{"rendered":"<h2>\ud83c\udfdd\ufe0f Przegl\u0105d<\/h2>\n<p>Odkryj staro\u017cytne cuda Licji podczas jednodniowej wycieczki z Antalyi! \u017begluj nad zatopionym miastem Kekova na jachcie ze szklanym dnem, odwied\u017a staro\u017cytne grobowce skalne w Myrze i zwied\u017a ko\u015bci\u00f3\u0142 \u015bw. Miko\u0142aja w <a href=\"https:\/\/en.wikipedia.org\/wiki\/Demre\" target=\"_blank\" rel=\"noopener\">Demre<\/a> \u2014 inspiracja za Miko\u0142ajem. Idealna mieszanka historii, przyrody i morskiej przygody.<\/p>\n<h3>\u00a0W zestawie:<\/h3>\n<p><span style=\"color: #00ff00;\"><strong>\u2713<\/strong> <\/span>Odbi\u00f3r i dow\u00f3z do hotelu<br \/>\n<span style=\"color: #00ff00;\"><strong>\u2713<\/strong> <\/span>Wygodny klimatyzowany autobus<br \/>\n<span style=\"color: #00ff00;\"><strong>\u2713<\/strong> <\/span>Wycieczka jachtem ze szklanym dnem<br \/>\n<span style=\"color: #00ff00;\"><strong>\u2713<\/strong> <\/span>Op\u0142aty za wst\u0119p do Myry<br \/>\n<span style=\"color: #00ff00;\"><strong>\u2713<\/strong> <\/span>Profesjonalny przewodnik<br \/>\n<span style=\"color: #00ff00;\"><strong>\u2713<\/strong> <\/span>Pe\u0142ne ubezpieczenie<br \/>\n<span style=\"color: #00ff00;\"><strong>\u2713<\/strong> <\/span>Pyszny lokalny lunch<\/p>\n<h3>\u00a0Nie zawiera:<\/h3>\n<p><span style=\"color: #ff0000;\"><strong>\u2717<\/strong> <\/span>Wej\u015bcie do ko\u015bcio\u0142a \u015bw. Miko\u0142aja (opcjonalnie)<br \/>\n<span style=\"color: #ff0000;\"><strong>\u2717<\/strong> <\/span>Napoje<\/p>\n<h2>\ud83c\udf1f Najwa\u017cniejsze punkty wycieczki Demre, Myra i Kekova<\/h2>\n<p>Rejs nad zatopionym miastem Kekova jachtem ze szklanym dnem<br \/>\nOdkryj staro\u017cytne skalne grobowce i rzymski teatr w Myrze<br \/>\nMiko\u0142aja w Demre, zwi\u0105zanego ze \u015awi\u0119tym Miko\u0142ajem.<br \/>\nP\u0142ywanie w turkusowych wodach Morza \u015ar\u00f3dziemnego w pobli\u017cu Kekova<br \/>\nOsza\u0142amiaj\u0105ce widoki na zamek Simena<br \/>\nKomfortowe transfery z hoteli w Antalyi<\/p>\n<h2>\ud83d\udcd6 Pe\u0142ny opis: Twoja wycieczka po Demre, Myrze i Kekovej<\/h2>\n<div>Twoja przygoda rozpocznie si\u0119 od porannego odbioru z hotelu w Antalyi. Po malowniczej przeja\u017cd\u017cce wzd\u0142u\u017c wybrze\u017ca, odkryj <strong>Myra<\/strong>, s\u0142ynie z licyjskich grobowc\u00f3w skalnych i rzymskiego teatru. Nast\u0119pnie odwied\u017a <strong>Ko\u015bci\u00f3\u0142 \u015bw.<\/strong> w Demre, jednym z najwa\u017cniejszych chrze\u015bcija\u0144skich miejsc w Turcji.<\/div>\n<div>Ciesz si\u0119 <strong>lokalny lunch<\/strong>, a nast\u0119pnie wsi\u0105\u015b\u0107 na pok\u0142ad <strong>jacht ze szklanym dnem<\/strong> z portu \u00c7aya\u011fz\u0131 na 2,5-godzinny rejs na wysp\u0119 Kekova. Zobacz <strong>zatopione miasto<\/strong>, p\u0142ywa\u0107 w krystalicznie czystym morzu i podziwia\u0107 <strong>Zamek Simena<\/strong>. Po tym niezapomnianym dniu zrelaksuj si\u0119 w drodze powrotnej do Antalyi.<\/div>\n<h3>\ud83d\uddfa\ufe0f Plan podr\u00f3\u017cy<\/h3>\n<p>Odbi\u00f3r z hotelu w regionie Antalya<br \/>\nWizyta w skalnych grobowcach i rzymskim teatrze w Myrze<br \/>\nPrzystanek przy ko\u015bciele \u015bw. Miko\u0142aja (wej\u015bcie opcjonalne)<br \/>\nLunch w lokalnej restauracji<br \/>\nRejs jachtem ze szklanym dnem do Kekova<br \/>\nPrzystanek p\u0142ywacki i zwiedzanie<br \/>\nTransfer powrotny do hotelu<\/p>\n<h3>\u2139\ufe0f Przydatne informacje<\/h3>\n<p>Czas trwania: oko\u0142o 8-9 godzin<br \/>\nPlan podr\u00f3\u017cy mo\u017ce ulec zmianie ze wzgl\u0119du na warunki pogodowe lub morskie.<br \/>\nDzieci poni\u017cej 6. roku \u017cycia podr\u00f3\u017cuj\u0105 bezp\u0142atnie, ale dziel\u0105 miejsca, je\u015bli autobus jest pe\u0142ny.<\/p>\n<h2>Co zabra\u0107 ze sob\u0105<\/h2>\n<p>Wygodne buty<br \/>\nOkulary przeciws\u0142oneczne i filtr przeciws\u0142oneczny<br \/>\nStr\u00f3j k\u0105pielowy i r\u0119cznik<br \/>\nGot\u00f3wka na wydatki osobiste<\/p>\n<h3>Nieodpowiednie dla<\/h3>\n<p>Osoby o ograniczonej sprawno\u015bci ruchowej<br \/>\n\ud83d\udd39 Podr\u00f3\u017cni z powa\u017cnymi schorzeniami<\/p>\n<h2>\ud83d\udcb8\u00a0<strong>Cena i rezerwacja<\/strong><\/h2>\n<p><strong>Zarezerwuj teraz, zap\u0142a\u0107 w dniu wycieczki<\/strong><br \/>\nSkontaktuj si\u0119 z nami przez WhatsApp, Telegram, Viber lub wype\u0142nij poni\u017cszy formularz rezerwacji \ud83d\udc47\ud83c\udffc<\/p>\n<p>Szukasz alternatyw? Przegl\u0105daj <a href=\"https:\/\/excursionsworld.com\/pl\/antalya-wycieczki\/\">Wi\u0119cej wycieczek z Antalyi do Demre<\/a>.<\/p>","protected":false},"excerpt":{"rendered":"<p>Zarezerwuj ostateczn\u0105 histori\u0119 <b>wycieczka<\/b> z <b>Antalya<\/b>! Niezapomniany <b>wycieczka jednodniowa<\/b> do skalnych grobowc\u00f3w w Myrze, ko\u015bcio\u0142a \u015bw. Miko\u0142aja i zatopionego miasta Kekova <b>wycieczka \u0142odzi\u0105<\/b>.<\/p>","protected":false},"featured_media":12563,"comment_status":"open","ping_status":"closed","template":"","meta":[],"product_brand":[],"product_cat":[125],"product_tag":[107],"class_list":{"0":"post-15553","1":"product","2":"type-product","3":"status-publish","4":"has-post-thumbnail","6":"tour_phys-antalya-tours","7":"product_cat-antalya-tours","8":"product_tag-antalya","9":"pa_destination-antalya-tours","11":"first","12":"instock","13":"sale","14":"shipping-taxable","15":"purchasable","16":"product-type-tour_phys"},"aioseo_notices":[],"_links":{"self":[{"href":"https:\/\/excursionsworld.com\/pl\/wp-json\/wp\/v2\/product\/15553","targetHints":{"allow":["GET"]}}],"collection":[{"href":"https:\/\/excursionsworld.com\/pl\/wp-json\/wp\/v2\/product"}],"about":[{"href":"https:\/\/excursionsworld.com\/pl\/wp-json\/wp\/v2\/types\/product"}],"replies":[{"embeddable":true,"href":"https:\/\/excursionsworld.com\/pl\/wp-json\/wp\/v2\/comments?post=15553"}],"wp:featuredmedia":[{"embeddable":true,"href":"https:\/\/excursionsworld.com\/pl\/wp-json\/wp\/v2\/media\/12563"}],"wp:attachment":[{"href":"https:\/\/excursionsworld.com\/pl\/wp-json\/wp\/v2\/media?parent=15553"}],"wp:term":[{"taxonomy":"product_brand","embeddable":true,"href":"https:\/\/excursionsworld.com\/pl\/wp-json\/wp\/v2\/product_brand?post=15553"},{"taxonomy":"product_cat","embeddable":true,"href":"https:\/\/excursionsworld.com\/pl\/wp-json\/wp\/v2\/product_cat?post=15553"},{"taxonomy":"product_tag","embeddable":true,"href":"https:\/\/excursionsworld.com\/pl\/wp-json\/wp\/v2\/product_tag?post=15553"}],"curies":[{"name":"wp","href":"https:\/\/api.w.org\/{rel}","templated":true}]}}