{"id":15556,"date":"2025-11-02T14:05:03","date_gmt":"2025-11-02T11:05:03","guid":{"rendered":"https:\/\/excursionsworld.com\/?post_type=product&#038;p=15556\/"},"modified":"2026-04-24T01:27:09","modified_gmt":"2026-04-23T22:27:09","slug":"piracki-rejs-belek-red-dragon","status":"publish","type":"product","link":"https:\/\/excursionsworld.com\/tours\/pirate-boat-trip-from-belek\/","title":{"rendered":"Piracki rejs statkiem z Belek \u2013 Red Dragon"},"content":{"rendered":"<h2><strong>\ud83c\udff4\u200d\u2620\ufe0f Przegl\u0105d<\/strong><\/h2>\n<p>Do\u0142\u0105cz do niezapomnianego <strong>Wycieczka \u0142odzi\u0105 pirack\u0105<\/strong> z <a href=\"https:\/\/en.wikipedia.org\/wiki\/Belek\" target=\"_blank\" rel=\"noopener\">Belek<\/a> do Kemer na pok\u0142adzie legendarnego <strong>Czerwony Smok<\/strong>! Z odbiorem i dowozem do hotelu wliczonym w cen\u0119, ciesz si\u0119 pe\u0142nym dniem p\u0142ywania, opalania, muzyki i rozrywki. Ten pe\u0142en przyg\u00f3d rejs jest idealny dla rodzin, par i grup szukaj\u0105cych zabawy na Morzu \u015ar\u00f3dziemnym.<\/p>\n<h3 dir=\"ltr\"><strong>W zestawie:<\/strong><\/h3>\n<p dir=\"ltr\"><span style=\"color: #00ff00;\"><strong>\u2713<\/strong><\/span> Odbi\u00f3r i dow\u00f3z do hotelu<br \/>\n<span style=\"color: #00ff00;\"><strong>\u2713 <\/strong><\/span>Ubezpieczenie<br \/>\n<span style=\"color: #00ff00;\"><strong>\u2713 <\/strong><\/span>Przewodnik<br \/>\n<span style=\"color: #00ff00;\"><strong>\u2713 <\/strong><\/span>Impreza piankowa<br \/>\n<span style=\"color: #00ff00;\"><strong>\u2713 <\/strong><\/span>Lunch<\/p>\n<h3 dir=\"ltr\"><strong>Nie zawiera:<\/strong><\/h3>\n<p dir=\"ltr\"><span style=\"color: #ff0000;\"><strong>\u2717<\/strong><\/span> Wydatki osobiste<br \/>\n<span style=\"color: #ff0000;\"><strong>\u2717 <\/strong><\/span>Napoje<\/p>\n<h2><strong>Najwa\u017cniejsze atrakcje wycieczki<\/strong><\/h2>\n<p>\u017begluj na s\u0142ynnym statku <strong>Piracka \u0142\u00f3d\u017a Czerwony Smok<\/strong><br \/>\nP\u0142ywanie w krystalicznie czystych zatokach wok\u00f3\u0142 Kemer<br \/>\n\ud83d\udd39 Muzyka na \u017cywo, ta\u0144ce i piana na pok\u0142adzie<br \/>\nOdwied\u017a wspania\u0142e zatoki, takie jak Phaselis, Paradise i Moonlight.<br \/>\nWycieczka rodzinna z rozrywk\u0105 dla wszystkich grup wiekowych<br \/>\nRelaks i wygrzewanie si\u0119 na s\u0142o\u0144cu na przestronnych pok\u0142adach<\/p>\n<h2><strong>Pe\u0142ny opis<\/strong><\/h2>\n<div>Twoja przygoda rozpoczyna si\u0119 od wygodnego transferu z hotelu w <strong>Belek, Kadriye lub Bo\u011fazkent<\/strong> do <strong>Przysta\u0144 Kemer<\/strong>, gdzie wspania\u0142y <strong>Statek piracki Czerwony Smok<\/strong> czeka. Wejd\u017a na pok\u0142ad tego nowoczesnego i tematycznego statku z pirackim wystrojem, otwartymi pok\u0142adami i \u015bwi\u0105teczn\u0105 atmosfer\u0105. Rejs obejmuje kilka przystank\u00f3w na p\u0142ywanie i eksploracj\u0119:<br \/>\n<strong>Zatoka Phaselis<\/strong> - p\u0142ywa\u0107 w pobli\u017cu staro\u017cytnych ruin i poro\u015bni\u0119tych sosnami wybrze\u017cy. <strong>Paradise Bay<\/strong> - cieszy\u0107 si\u0119 spokojnymi turkusowymi wodami i \u015bwie\u017cym morskim powietrzem.<br \/>\n<strong>Moonlight Bay<\/strong> - zrelaksuj si\u0119 i zr\u00f3b niezapomniane zdj\u0119cia. <strong>Jaskinia pirat\u00f3w<\/strong> - uchwyci\u0107 osza\u0142amiaj\u0105ce uj\u0119cia tej legendarnej jaskini na klifie.<\/div>\n<div>Podczas ca\u0142ej podr\u00f3\u017cy mo\u017cna skorzysta\u0107 z bogatego programu pok\u0142adowego z <strong>muzyka, pokazy taneczne i impreza w pianie<\/strong>. Pyszny <strong>lunch<\/strong> serwowane s\u0105 na \u0142odzi, a napoje s\u0105 dost\u0119pne w sprzeda\u017cy. To <strong>Wycieczka \u0142odzi\u0105 pirack\u0105 Red Dragon<\/strong> z Belek to jedna z najpopularniejszych wycieczek dla tych, kt\u00f3rzy kochaj\u0105 s\u0142o\u0144ce, morze i rozrywk\u0119!<\/div>\n<h3><strong>\ud83d\uddfa\ufe0f Plan podr\u00f3\u017cy<\/strong><\/h3>\n<p>Odbi\u00f3r z hoteli w Belek, Kadriye i Bo\u011fazkent<br \/>\nTransfer do przystani w Kemer<br \/>\nOdlot na pirackiej \u0142odzi Czerwony Smok<br \/>\nPrzystanek p\u0142ywacki w zatoce Phaselis<br \/>\nPrzystanek p\u0142ywacki w Paradise Bay<br \/>\nPrzystanek p\u0142ywacki w zatoce Moonlight Bay<br \/>\nPrzep\u0142yni\u0119cie obok Jaskini Pirat\u00f3w<br \/>\nImpreza piankowa, muzyka i animacje na pok\u0142adzie<br \/>\nPowr\u00f3t do Kemer Marina<br \/>\nTransfer z powrotem do hotelu<\/p>\n<h3><strong>\u2139\ufe0f Przydatne informacje<\/strong><\/h3>\n<p>Czas trwania: oko\u0142o 7-8 godzin<br \/>\nKomfortowe zacienione i nas\u0142onecznione obszary na pok\u0142adzie<br \/>\nDzieci poni\u017cej 6. roku \u017cycia podr\u00f3\u017cuj\u0105ce bezp\u0142atnie nie maj\u0105 oddzielnego miejsca w autobusie. Je\u015bli autobus jest pe\u0142ny, siedz\u0105 na kolanach osoby doros\u0142ej lub mo\u017cna zarezerwowa\u0107 osobne miejsce.<\/p>\n<h2><strong>Co zabra\u0107 ze sob\u0105<\/strong><\/h2>\n<p>Str\u00f3j k\u0105pielowy i r\u0119cznik<br \/>\nOchrona przeciws\u0142oneczna i okulary przeciws\u0142oneczne<br \/>\nKapelusz lub czapka<br \/>\nWodoodporne etui na telefon lub aparat fotograficzny<br \/>\nGot\u00f3wka na wydatki osobiste<\/p>\n<h3><strong>Nieodpowiednie dla<\/strong><\/h3>\n<p>Osoby podatne na chorob\u0119 morsk\u0105<br \/>\nPodr\u00f3\u017cni o ograniczonej sprawno\u015bci ruchowej<\/p>\n<h2 dir=\"ltr\">\ud83d\udcb8\u00a0<strong>Cena i rezerwacja<\/strong><\/h2>\n<p dir=\"ltr\"><strong>Zarezerwuj teraz, zap\u0142a\u0107 w dniu wycieczki<\/strong><br \/>\nSkontaktuj si\u0119 z nami przez WhatsApp, Telegram, Viber lub wype\u0142nij poni\u017cszy formularz rezerwacji. \ud83d\udc47\ud83c\udffc<\/p>\n<p>Szukasz alternatyw? Przegl\u0105daj <a href=\"https:\/\/excursionsworld.com\/pl\/belek-wycieczki\/\">wi\u0119cej wycieczek po Belek<\/a>.<\/p>","protected":false},"excerpt":{"rendered":"<article class=\"text-token-text-primary w-full focus:outline-none [--shadow-height:45px] has-data-writing-block:pointer-events-none has-data-writing-block:-mt-(--shadow-height) has-data-writing-block:pt-(--shadow-height) [&amp;:has([data-writing-block])&gt;*]:pointer-events-auto [content-visibility:auto] supports-[content-visibility:auto]:[contain-intrinsic-size:auto_100lvh] scroll-mt-[calc(var(--header-height)+min(200px,max(70px,20svh)))]\" dir=\"auto\" tabindex=\"-1\" data-turn-id=\"request-68fc9928-d314-8331-9d99-fe0fab624f17-3\" data-testid=\"conversation-turn-90\" data-scroll-anchor=\"true\" data-turn=\"assistant\">\n<div class=\"text-base my-auto mx-auto pb-10 [--thread-content-margin:--spacing(4)] thread-sm:[--thread-content-margin:--spacing(6)] thread-lg:[--thread-content-margin:--spacing(16)] px-(--thread-content-margin)\">\n<div class=\"[--thread-content-max-width:40rem] thread-lg:[--thread-content-max-width:48rem] mx-auto max-w-(--thread-content-max-width) flex-1 group\/turn-messages focus-visible:outline-hidden relative flex w-full min-w-0 flex-col agent-turn\" tabindex=\"-1\">\n<div class=\"flex max-w-full flex-col grow\">\n<div class=\"min-h-8 text-message relative flex w-full flex-col items-end gap-2 text-start break-words whitespace-normal [.text-message+&amp;]:mt-1\" dir=\"auto\" data-message-author-role=\"assistant\" data-message-id=\"cd734cc4-a249-4c39-b9a3-655e0ffdd131\" data-message-model-slug=\"gpt-5\">\n<div class=\"flex w-full flex-col gap-1 empty:hidden first:pt-[1px]\">\n<div class=\"markdown prose dark:prose-invert w-full break-words light markdown-new-styling\">\n<p data-start=\"2983\" data-end=\"3240\" data-is-last-node=\"\" data-is-only-node=\"\">Join the exciting <strong data-start=\"3040\" data-end=\"3091\">Red Dragon Pirate Boat Trip from Belek to Kemer<\/strong>! Swim in crystal-clear bays, enjoy music, foam party, and fun onboard. One of the best <strong data-start=\"3179\" data-end=\"3214\">Belek boat tours and excursions<\/strong> for families and friends.<\/p>\n<\/div>\n<\/div>\n<\/div>\n<\/div>\n<div class=\"z-0 flex min-h-[46px] justify-start\"><\/div>\n<div class=\"mt-3 w-full empty:hidden\">\n<div class=\"text-center\"><\/div>\n<\/div>\n<\/div>\n<\/div>\n<\/article>\n<div class=\"pointer-events-none h-px w-px\" aria-hidden=\"true\" data-edge=\"true\"><\/div>\n","protected":false},"featured_media":16711,"comment_status":"open","ping_status":"closed","template":"","meta":[],"product_brand":[],"product_cat":[126,130],"product_tag":[120],"class_list":{"0":"post-15556","1":"product","2":"type-product","3":"status-publish","4":"has-post-thumbnail","6":"tour_phys-belek-tours","7":"tour_phys-pirate-boat-tours","8":"product_cat-belek-tours","9":"product_cat-pirate-boat-tours","10":"product_tag-belek","11":"pa_destination-belek-tours","12":"pa_kategori-pirate-boat-tours","14":"first","15":"instock","16":"sale","17":"shipping-taxable","18":"purchasable","19":"product-type-tour_phys"},"aioseo_notices":[],"_links":{"self":[{"href":"https:\/\/excursionsworld.com\/pl\/wp-json\/wp\/v2\/product\/15556","targetHints":{"allow":["GET"]}}],"collection":[{"href":"https:\/\/excursionsworld.com\/pl\/wp-json\/wp\/v2\/product"}],"about":[{"href":"https:\/\/excursionsworld.com\/pl\/wp-json\/wp\/v2\/types\/product"}],"replies":[{"embeddable":true,"href":"https:\/\/excursionsworld.com\/pl\/wp-json\/wp\/v2\/comments?post=15556"}],"wp:featuredmedia":[{"embeddable":true,"href":"https:\/\/excursionsworld.com\/pl\/wp-json\/wp\/v2\/media\/16711"}],"wp:attachment":[{"href":"https:\/\/excursionsworld.com\/pl\/wp-json\/wp\/v2\/media?parent=15556"}],"wp:term":[{"taxonomy":"product_brand","embeddable":true,"href":"https:\/\/excursionsworld.com\/pl\/wp-json\/wp\/v2\/product_brand?post=15556"},{"taxonomy":"product_cat","embeddable":true,"href":"https:\/\/excursionsworld.com\/pl\/wp-json\/wp\/v2\/product_cat?post=15556"},{"taxonomy":"product_tag","embeddable":true,"href":"https:\/\/excursionsworld.com\/pl\/wp-json\/wp\/v2\/product_tag?post=15556"}],"curies":[{"name":"wp","href":"https:\/\/api.w.org\/{rel}","templated":true}]}}