{"id":15557,"date":"2025-11-02T14:06:59","date_gmt":"2025-11-02T11:06:59","guid":{"rendered":"https:\/\/excursionsworld.com\/?post_type=product&#038;p=15557\/"},"modified":"2026-04-24T01:27:10","modified_gmt":"2026-04-23T22:27:10","slug":"piracki-rejs-statkiem-kemer","status":"publish","type":"product","link":"https:\/\/excursionsworld.com\/tours\/pirate-boat-tour-gonster-from-belek\/","title":{"rendered":"Piracki rejs statkiem z Beleku \u2013 Gonster | All Inclusive"},"content":{"rendered":"<h2><span style=\"color: #000000;\"><strong>\ud83c\udff4\u200d\u2620\ufe0f Przegl\u0105d<\/strong><\/span><\/h2>\n<p>Do\u0142\u0105cz do <strong>Rejs statkiem pirackim z <a href=\"https:\/\/en.wikipedia.org\/wiki\/Belek\" target=\"_blank\" rel=\"noopener\">Belek<\/a><\/strong> na pok\u0142adzie s\u0142ynnego <strong>Statek Gonster<\/strong> - Ca\u0142y dzie\u0144 zabawy, muzyki i p\u0142ywania wzd\u0142u\u017c turkusowego wybrze\u017ca Kemer! Ten rejs o tematyce pirackiej oferuje \u017cyw\u0105 rozrywk\u0119, pi\u0119kne \u015br\u00f3dziemnomorskie widoki i orze\u017awiaj\u0105ce napoje bezalkoholowe dla ka\u017cdego.<\/p>\n<h3><span style=\"color: #000000;\"><strong>W zestawie:<\/strong><\/span><\/h3>\n<p><span style=\"color: #00ff00;\"><strong>\u2713<\/strong><\/span> Odbi\u00f3r i dow\u00f3z do hotelu<br \/>\n<span style=\"color: #00ff00;\"><strong>\u2713 <\/strong><\/span>Ubezpieczenie<br \/>\n<span style=\"color: #00ff00;\"><strong>\u2713 <\/strong><\/span>Profesjonalny przewodnik<br \/>\n<span style=\"color: #00ff00;\"><strong>\u2713 <\/strong><\/span>Impreza piankowa i rozrywka na pok\u0142adzie<br \/>\n<span style=\"color: #00ff00;\"><strong>\u2713 <\/strong><\/span>Lunch<br \/>\n<span style=\"color: #00ff00;\"><strong>\u2713 <\/strong><\/span>Napoje bezalkoholowe<\/p>\n<h3><span style=\"color: #000000;\"><strong>Nie zawiera:<\/strong><\/span><\/h3>\n<p><span style=\"color: #ff0000;\"><strong>\u2717<\/strong> <\/span>Wydatki osobiste<br \/>\n<span style=\"color: #ff0000;\"><strong>\u2717<\/strong> <\/span>Napoje alkoholowe<\/p>\n<h2><span style=\"color: #000000;\"><strong>Najwa\u017cniejsze atrakcje wycieczki<\/strong><\/span><\/h2>\n<p>rejs s\u0142ynnym pirackim statkiem Gonster z muzyk\u0105 i pokazami<br \/>\nP\u0142ywanie w najpi\u0119kniejszych zatokach Kemer: Phaselis, Paradise i Moonlight<br \/>\nZobacz legendarn\u0105 Jaskini\u0119 Pirat\u00f3w i ciesz si\u0119 przerwami na zdj\u0119cia<br \/>\nPyszny lunch na pok\u0142adzie z napojami bezalkoholowymi<br \/>\n\ud83d\udd39 Ta\u0144cz na imprezie w pianie i zrelaksuj si\u0119 na przestronnych pok\u0142adach s\u0142onecznych<br \/>\nIdealny dla rodzin, par i grup<\/p>\n<h2><span style=\"color: #000000;\"><strong>Pe\u0142ny opis<\/strong><\/span><\/h2>\n<div>Wyruszy\u0107 z <strong>Belek<\/strong> na niezapomniany dzie\u0144 na <strong>\u0141\u00f3d\u017a piracka Gonster<\/strong>, jedna z najbardziej rozrywkowych wycieczek morskich w Kemer. Po odebraniu z hotelu, ciesz si\u0119 wygodnym transferem do <strong>Port Kemer<\/strong>, gdzie czeka wielki piracki statek z przyjazn\u0105 za\u0142og\u0105 i \u015bwi\u0105teczn\u0105 atmosfer\u0105. \u0141\u00f3d\u017a p\u0142ynie wzd\u0142u\u017c osza\u0142amiaj\u0105cego wybrze\u017ca Kemer, zatrzymuj\u0105c si\u0119 w trzech najpi\u0119kniejszych zatokach do p\u0142ywania i relaksu:<br \/>\n<strong>Zatoka Phaselis<\/strong> - P\u0142ywanie w pobli\u017cu staro\u017cytnych ruin i naturalnego pi\u0119kna. <strong>Paradise Bay<\/strong> - cieszy\u0107 si\u0119 krystalicznie czystymi turkusowymi wodami.<br \/>\n<strong>Moonlight Bay<\/strong> - idealne do opalania i robienia zdj\u0119\u0107. B\u0119dziesz tak\u017ce przechodzi\u0107 obok <strong>Jaskinia pirat\u00f3w<\/strong>, znanego z dramatycznych klif\u00f3w i legendarnych historii. Podczas rejsu mo\u017cna skosztowa\u0107 <strong>lunch z napojami bezalkoholowymi<\/strong>, muzyka na \u017cywo i <strong>impreza w pianie<\/strong> w drodze powrotnej. Niezale\u017cnie od tego, czy wolisz relaksowa\u0107 si\u0119 na s\u0142o\u0144cu, czy ta\u0144czy\u0107 na pok\u0142adzie, ta wycieczka gwarantuje zabaw\u0119 dla ka\u017cdego.<\/div>\n<h3><span style=\"color: #000000;\"><strong>\ud83d\uddfa\ufe0f Plan podr\u00f3\u017cy<\/strong><\/span><\/h3>\n<p>Odbi\u00f3r z hoteli w Belek, Kadriye, Bo\u011fazkent i pobliskich miejscowo\u015bciach<br \/>\nTransfer do portu w Kemer<br \/>\nWylot z portu w Kemer<br \/>\nPrzystanek p\u0142ywacki w zatoce Phaselis<br \/>\nPrzystanek p\u0142ywacki w zatoce Moonlight Bay<br \/>\nPrzystanek p\u0142ywacki w Paradise Bay<br \/>\nPrzep\u0142yni\u0119cie obok Jaskini Pirat\u00f3w<br \/>\nImpreza piankowa i rozrywka na pok\u0142adzie<br \/>\nPowr\u00f3t do portu Kemer<br \/>\nTransfer z powrotem do hoteli<\/p>\n<h3><span style=\"color: #000000;\"><strong>\u2139\ufe0f Przydatne informacje<\/strong><\/span><\/h3>\n<p>Czas trwania: oko\u0142o 7-8 godzin (w tym transfer)<br \/>\nAngloj\u0119zyczna za\u0142oga i przewodnicy<br \/>\nWygodne, zacienione i nas\u0142onecznione obszary na pok\u0142adzie<br \/>\nOdpowiedni dla rodzin i wszystkich grup wiekowych<br \/>\nDzieci poni\u017cej 5. roku \u017cycia podr\u00f3\u017cuj\u0105 bezp\u0142atnie, ale dziel\u0105 miejsce w autobusie z rodzicami.<\/p>\n<h2><span style=\"color: #000000;\"><strong>Co zabra\u0107 ze sob\u0105<\/strong><\/span><\/h2>\n<p>Str\u00f3j k\u0105pielowy i r\u0119cznik<br \/>\nOchrona przeciws\u0142oneczna, okulary przeciws\u0142oneczne i kapelusz<br \/>\nWodoodporne etui na telefon lub aparat fotograficzny<br \/>\nGot\u00f3wka na pami\u0105tki i dodatkowe wydatki<\/p>\n<h3><span style=\"color: #000000;\"><strong>Nieodpowiednie dla<\/strong><\/span><\/h3>\n<p>Go\u015bcie podatni na ci\u0119\u017ck\u0105 chorob\u0119 morsk\u0105<br \/>\nOsoby o ograniczonej sprawno\u015bci ruchowej<\/p>\n<h2 dir=\"ltr\">\ud83d\udcb8\u00a0<strong>Cena i rezerwacja<\/strong><\/h2>\n<p dir=\"ltr\"><strong>Zarezerwuj teraz, zap\u0142a\u0107 w dniu wycieczki<\/strong><br \/>\nSkontaktuj si\u0119 z nami przez WhatsApp, Telegram, Viber lub wype\u0142nij poni\u017cszy formularz rezerwacji. \ud83d\udc47\ud83c\udffc<\/p>\n<p>Szukasz alternatyw? Przegl\u0105daj <a href=\"https:\/\/excursionsworld.com\/pl\/belek-wycieczki\/\">wi\u0119cej wycieczek po Belek<\/a>.<\/p>","protected":false},"excerpt":{"rendered":"<p>Zarezerwuj <b>Wycieczka \u0142odzi\u0105 pirack\u0105 po Belek<\/b> do Kemer! Zabawa <b>Wycieczka statkiem Gonster<\/b> z <b>impreza w pianie<\/b>, <b>lunch<\/b>, i p\u0142ywanie <b>podr\u00f3\u017c<\/b> w 3 pi\u0119knych zatokach. <b>Transfer wliczony w cen\u0119<\/b>!<\/p>","protected":false},"featured_media":12200,"comment_status":"open","ping_status":"closed","template":"","meta":[],"product_brand":[],"product_cat":[126,130],"product_tag":[120],"class_list":{"0":"post-15557","1":"product","2":"type-product","3":"status-publish","4":"has-post-thumbnail","6":"tour_phys-belek-tours","7":"tour_phys-pirate-boat-tours","8":"product_cat-belek-tours","9":"product_cat-pirate-boat-tours","10":"product_tag-belek","11":"pa_destination-belek-tours","12":"pa_kategori-pirate-boat-tours","14":"first","15":"instock","16":"sale","17":"shipping-taxable","18":"purchasable","19":"product-type-tour_phys"},"aioseo_notices":[],"_links":{"self":[{"href":"https:\/\/excursionsworld.com\/pl\/wp-json\/wp\/v2\/product\/15557","targetHints":{"allow":["GET"]}}],"collection":[{"href":"https:\/\/excursionsworld.com\/pl\/wp-json\/wp\/v2\/product"}],"about":[{"href":"https:\/\/excursionsworld.com\/pl\/wp-json\/wp\/v2\/types\/product"}],"replies":[{"embeddable":true,"href":"https:\/\/excursionsworld.com\/pl\/wp-json\/wp\/v2\/comments?post=15557"}],"wp:featuredmedia":[{"embeddable":true,"href":"https:\/\/excursionsworld.com\/pl\/wp-json\/wp\/v2\/media\/12200"}],"wp:attachment":[{"href":"https:\/\/excursionsworld.com\/pl\/wp-json\/wp\/v2\/media?parent=15557"}],"wp:term":[{"taxonomy":"product_brand","embeddable":true,"href":"https:\/\/excursionsworld.com\/pl\/wp-json\/wp\/v2\/product_brand?post=15557"},{"taxonomy":"product_cat","embeddable":true,"href":"https:\/\/excursionsworld.com\/pl\/wp-json\/wp\/v2\/product_cat?post=15557"},{"taxonomy":"product_tag","embeddable":true,"href":"https:\/\/excursionsworld.com\/pl\/wp-json\/wp\/v2\/product_tag?post=15557"}],"curies":[{"name":"wp","href":"https:\/\/api.w.org\/{rel}","templated":true}]}}