{"id":15558,"date":"2025-11-02T14:08:17","date_gmt":"2025-11-02T11:08:17","guid":{"rendered":"https:\/\/excursionsworld.com\/?post_type=product&#038;p=15558\/"},"modified":"2026-04-24T01:27:10","modified_gmt":"2026-04-23T22:27:10","slug":"porto-genovese-blekitna-laguna-belek","status":"publish","type":"product","link":"https:\/\/excursionsworld.com\/tours\/porto-genoese-boat-tour-from-belek\/","title":{"rendered":"Rejs Porto Genovese &amp; B\u0142\u0119kitna Laguna z Beleku"},"content":{"rendered":"<h2><span style=\"color: #000000;\"><strong>Przegl\u0105d<\/strong><\/span><\/h2>\n<p>Wyrusz w niezapomnian\u0105 podr\u00f3\u017c jachtem z <strong><a href=\"https:\/\/en.wikipedia.org\/wiki\/Belek\" target=\"_blank\" rel=\"noopener\">Belek<\/a> i okolice (Bo\u011fazkent, Kadriye, Lara, Kundu, Antalya, Konyaalt\u0131)<\/strong> do osza\u0142amiaj\u0105cych zatok <strong>Adrasan<\/strong> - Porto Genoese, Akseki Bay, Pirate Bay i \u015bwiecenie <strong>Fosforyzuj\u0105ca jaskinia<\/strong>.<br \/>\nCiesz si\u0119 turkusowymi wodami, orze\u017awiaj\u0105c\u0105 k\u0105piel\u0105 w glinie i pysznym lunchem na pok\u0142adzie stylowego jachtu butikowego - idealna ucieczka dla mi\u0142o\u015bnik\u00f3w morza i przyrody.<\/p>\n<h3 dir=\"ltr\"><span style=\"color: #000000;\"><strong>W zestawie:<\/strong><\/span><\/h3>\n<p dir=\"ltr\"><span style=\"color: #00ff00;\"><strong>\u2713<\/strong><\/span> Odbi\u00f3r i dow\u00f3z do hotelu<br \/>\n<span style=\"color: #00ff00;\"><strong>\u2713 <\/strong><\/span>Wygodny klimatyzowany autobus<br \/>\n<span style=\"color: #00ff00;\"><strong>\u2713 <\/strong><\/span>Ubezpieczenie<br \/>\n<span style=\"color: #00ff00;\"><strong>\u2713 <\/strong><\/span>Przewodnik<br \/>\n<span style=\"color: #00ff00;\"><strong>\u2713 <\/strong><\/span>Lunch i owoce sezonowe<br \/>\n<span style=\"color: #00ff00;\"><strong>\u2713 <\/strong><\/span>Herbata na pok\u0142adzie<\/p>\n<h3 dir=\"ltr\"><strong>Nie zawiera:<\/strong><\/h3>\n<p dir=\"ltr\"><span style=\"color: #ff0000;\"><strong>\u2717<\/strong><\/span> Napoje<br \/>\n<span style=\"color: #ff0000;\"><strong>\u2717 <\/strong><\/span>Wydatki osobiste<br \/>\n<span style=\"color: #ff0000;\"><strong>\u2717 <\/strong><\/span>Zdj\u0119cia i filmy<\/p>\n<h2>\ud83c\udfdd\ufe0f Najwa\u017cniejsze atrakcje rejsu \u0142odzi\u0105 po Porto z Genui<\/h2>\n<p>\ud83d\udd39 P\u0142ywaj w turkusowych wodach <strong>Zatoka Porto Genue\u0144ska<\/strong><br \/>\n\ud83d\udd39 Ciesz si\u0119 przystankami w <strong>Zatoka Akseki<\/strong> oraz <strong>Zatoka pirat\u00f3w<\/strong><br \/>\n\ud83d\udd39 Rejs na pok\u0142adzie <strong>stylowy jacht butikowy<\/strong><br \/>\nDo\u015bwiadczenie <strong>naturalna k\u0105piel w glince<\/strong> w morzu<br \/>\nOdwied\u017a stron\u0119 <strong>magiczna fosforyzuj\u0105ca jaskinia<\/strong> (przy sprzyjaj\u0105cej pogodzie)<br \/>\nDelektuj si\u0119 <strong>pyszny lunch i herbata<\/strong> serwowane na pok\u0142adzie<\/p>\n<h2>\ud83d\udcdc Pe\u0142ny opis: Twoja wycieczka \u0142odzi\u0105 po Porto<\/h2>\n<div>Twoja przygoda rozpoczyna si\u0119 od wygodnego transferu z hotelu w <strong>Belek, Bo\u011fazkent, Kadriye, Lara, Kundu lub pobliskie obszary<\/strong> do portu Adrasan. Po wej\u015bciu na pok\u0142ad jachtu przygotuj si\u0119 na niezapomniany rejs wzd\u0142u\u017c pi\u0119knego wybrze\u017ca Morza \u015ar\u00f3dziemnego.<\/div>\n<div><strong>Zatoka Akseki <\/strong>Pierwszym przystankiem jest zatoka Akseki, gdzie b\u0119dziesz mie\u0107 oko\u0142o 30 minut na p\u0142ywanie lub nurkowanie z rurk\u0105 w krystalicznie czystych wodach. Nale\u017cy pami\u0119ta\u0107 o obecno\u015bci je\u017cowc\u00f3w - zaleca si\u0119 noszenie but\u00f3w do wody.<\/div>\n<div><strong>Zatoka Porto Genue\u0144ska <\/strong>Nast\u0119pnie dotrzesz do s\u0142ynnej na ca\u0142ym \u015bwiecie zatoki Porto Genoese. Tutaj mo\u017cesz cieszy\u0107 si\u0119 60-minutowym p\u0142ywaniem, relaksuj\u0105c\u0105 k\u0105piel\u0105 w glinie i pysznym lunchem serwowanym na pok\u0142adzie w otoczeniu zapieraj\u0105cej dech w piersiach scenerii.<\/div>\n<div><strong>Zatoka pirat\u00f3w <\/strong>Po kr\u00f3tkim 25-minutowym rejsie dotrzesz do Zatoki Pirat\u00f3w na kolejne 40 minut p\u0142ywania, relaksu lub opalania si\u0119 na pok\u0142adzie.<\/div>\n<div><strong>Fosforyzuj\u0105ca jaskinia <\/strong>Je\u015bli pogoda na to pozwoli, odwiedzisz fascynuj\u0105c\u0105 Jaskini\u0119 Fosforyzuj\u0105c\u0105, znan\u0105 ze \u015bwiec\u0105cych w\u00f3d, kt\u00f3re tworz\u0105 magiczny efekt \u015bwietlny. Pod koniec podr\u00f3\u017cy jacht wraca do portu Adrasan, gdzie czeka na ciebie autobus, kt\u00f3ry wygodnie przewiezie ci\u0119 z powrotem do hotelu w Belek.<\/div>\n<h3>\u2139\ufe0f Przydatne informacje<\/h3>\n<p>Plan podr\u00f3\u017cy mo\u017ce ulec zmianie w zale\u017cno\u015bci od warunk\u00f3w pogodowych i morskich.<br \/>\nNiekt\u00f3re przystanki mog\u0105 zosta\u0107 pomini\u0119te ze wzgl\u0119d\u00f3w bezpiecze\u0144stwa.<br \/>\nNie jest to dedykowana wycieczka do nurkowania z rurk\u0105, ale mo\u017cna zabra\u0107 w\u0142asny sprz\u0119t.<br \/>\nZdecydowanie zaleca si\u0119 stosowanie obuwia antypo\u015blizgowego.<br \/>\nDzieci poni\u017cej 5. roku \u017cycia podr\u00f3\u017cuj\u0105ce bezp\u0142atnie nie maj\u0105 oddzielnego miejsca w autobusie - siedz\u0105 na kolanach osoby doros\u0142ej, je\u015bli autobus jest pe\u0142ny (w razie potrzeby mo\u017cna zarezerwowa\u0107 oddzielne miejsce).<\/p>\n<h2 dir=\"ltr\"><span style=\"color: #000000;\"><strong>Co zabra\u0107 ze sob\u0105<\/strong><\/span><\/h2>\n<p dir=\"ltr\">Str\u00f3j k\u0105pielowy i r\u0119cznik<br \/>\nOkulary przeciws\u0142oneczne i filtr przeciws\u0142oneczny<br \/>\nKapelusz i butelka z wod\u0105<br \/>\nSprz\u0119t do snorkelingu (opcjonalnie)<\/p>\n<h3 dir=\"ltr\"><span style=\"color: #000000;\"><strong>Nieodpowiednie dla<\/strong><\/span><\/h3>\n<p dir=\"ltr\">Osoby o ograniczonej sprawno\u015bci ruchowej<br \/>\nOsoby podatne na chorob\u0119 morsk\u0105<\/p>\n<h2 dir=\"ltr\"><span style=\"color: #000000;\"><strong>Cena i rezerwacja<\/strong><\/span><\/h2>\n<p dir=\"ltr\"><strong>Zarezerwuj teraz, zap\u0142a\u0107 w dniu wycieczki<\/strong><br \/>\nSkontaktuj si\u0119 z nami przez WhatsApp, Telegram, Viber lub wype\u0142nij poni\u017cszy formularz rezerwacji. \ud83d\udc47\ud83c\udffc<\/p>\n<p>Szukasz alternatyw? Przegl\u0105daj <a href=\"https:\/\/excursionsworld.com\/pl\/belek-wycieczki\/\">wi\u0119cej wycieczek po Belek<\/a>.<\/p>","protected":false},"excerpt":{"rendered":"<p>Zarezerwuj <b>Belek Adrasan Yacht Tour<\/b>! Wycieczka jachtem do <b>Porto Genoese<\/b> &amp; Zatoka Pirat\u00f3w. P\u0142ywaj, ciesz si\u0119 naturalnym <b>k\u0105piel gliniana<\/b>, i odwiedzi\u0107 jaskini\u0119 fosforyzuj\u0105c\u0105. Lunch wliczony w cen\u0119.<\/p>","protected":false},"featured_media":12442,"comment_status":"open","ping_status":"closed","template":"","meta":[],"product_brand":[],"product_cat":[126],"product_tag":[120],"class_list":{"0":"post-15558","1":"product","2":"type-product","3":"status-publish","4":"has-post-thumbnail","6":"tour_phys-belek-tours","7":"tour_phys-boat-tours","8":"product_cat-belek-tours","9":"product_tag-belek","10":"pa_destination-belek-tours","11":"pa_kategori-boat-tours","13":"first","14":"instock","15":"sale","16":"shipping-taxable","17":"purchasable","18":"product-type-tour_phys"},"aioseo_notices":[],"_links":{"self":[{"href":"https:\/\/excursionsworld.com\/pl\/wp-json\/wp\/v2\/product\/15558","targetHints":{"allow":["GET"]}}],"collection":[{"href":"https:\/\/excursionsworld.com\/pl\/wp-json\/wp\/v2\/product"}],"about":[{"href":"https:\/\/excursionsworld.com\/pl\/wp-json\/wp\/v2\/types\/product"}],"replies":[{"embeddable":true,"href":"https:\/\/excursionsworld.com\/pl\/wp-json\/wp\/v2\/comments?post=15558"}],"wp:featuredmedia":[{"embeddable":true,"href":"https:\/\/excursionsworld.com\/pl\/wp-json\/wp\/v2\/media\/12442"}],"wp:attachment":[{"href":"https:\/\/excursionsworld.com\/pl\/wp-json\/wp\/v2\/media?parent=15558"}],"wp:term":[{"taxonomy":"product_brand","embeddable":true,"href":"https:\/\/excursionsworld.com\/pl\/wp-json\/wp\/v2\/product_brand?post=15558"},{"taxonomy":"product_cat","embeddable":true,"href":"https:\/\/excursionsworld.com\/pl\/wp-json\/wp\/v2\/product_cat?post=15558"},{"taxonomy":"product_tag","embeddable":true,"href":"https:\/\/excursionsworld.com\/pl\/wp-json\/wp\/v2\/product_tag?post=15558"}],"curies":[{"name":"wp","href":"https:\/\/api.w.org\/{rel}","templated":true}]}}