{"id":15559,"date":"2025-11-02T14:09:27","date_gmt":"2025-11-02T11:09:27","guid":{"rendered":"https:\/\/excursionsworld.com\/?post_type=product&#038;p=15559\/"},"modified":"2026-04-24T01:27:11","modified_gmt":"2026-04-23T22:27:11","slug":"suluada-wyspa-statek-belek","status":"publish","type":"product","link":"https:\/\/excursionsworld.com\/tours\/suluada-island-boat-trip-from-belek\/","title":{"rendered":"Rejs statkiem na wysp\u0119 Suluada z Belek \u2013 tureckie Malediwy"},"content":{"rendered":"<h2><span style=\"color: #000000;\"><strong>\ud83c\udfdd\ufe0f Przegl\u0105d<\/strong><\/span><\/h2>\n<p>Wyrusz w niezapomnian\u0105 podr\u00f3\u017c <strong>Wycieczka na wysp\u0119 Suluada z <a href=\"https:\/\/en.wikipedia.org\/wiki\/Belek\" target=\"_blank\" rel=\"noopener\">Belek<\/a><\/strong>, znany jako <em>\u201cTureckie Malediwy\u201d<\/em> ze wzgl\u0119du na bia\u0142e piaszczyste pla\u017ce i krystalicznie czyste turkusowe wody. Ciesz si\u0119 trzema przystankami do p\u0142ywania, pysznym lunchem z grilla i zapieraj\u0105cymi dech w piersiach widokami na Morze \u015ar\u00f3dziemne - idealny wypad dla rodzin, par i mi\u0142o\u015bnik\u00f3w przyrody!<\/p>\n<h3>\u00a0<span style=\"color: #000000;\"><strong>W zestawie:<\/strong><\/span><\/h3>\n<p><span style=\"color: #00ff00;\"><strong>\u2713<\/strong> <\/span>Odbi\u00f3r i dow\u00f3z do hotelu<br \/>\n<span style=\"color: #00ff00;\"><strong>\u2713<\/strong> <\/span>Ubezpieczenie<br \/>\n<span style=\"color: #00ff00;\"><strong>\u2713<\/strong> <\/span>Profesjonalny przewodnik<br \/>\n<span style=\"color: #00ff00;\"><strong>\u2713<\/strong> <\/span>Lunch i \u015bwie\u017ce owoce sezonowe<br \/>\n<span style=\"color: #00ff00;\"><strong>\u2713<\/strong> <\/span>Herbata na pok\u0142adzie<\/p>\n<h3><span style=\"color: #000000;\"><strong>\u00a0Nie zawiera:<\/strong><\/span><\/h3>\n<p><span style=\"color: #ff0000;\"><strong>\u2717<\/strong> <\/span>Napoje<br \/>\n<span style=\"color: #ff0000;\"><strong>\u2717<\/strong> <\/span>Wydatki osobiste<br \/>\n<span style=\"color: #ff0000;\"><strong>\u2717<\/strong> <\/span>Zdj\u0119cia i filmy<\/p>\n<h2><span style=\"color: #000000;\"><strong>Najwa\u017cniejsze atrakcje wycieczki<\/strong><\/span><\/h2>\n<p>\ud83d\udd39 Odkryj ukryte zatoki i dziewicze pla\u017ce <strong>Wyspa Suluada<\/strong><br \/>\n\ud83d\udd39 P\u0142ywa\u0107 w <strong>Zatoka Malediw\u00f3w<\/strong> - Mi\u0119kkie bia\u0142e piaski i turkusowe wody<br \/>\n\ud83d\udd39 R\u00f3b pami\u0105tkowe zdj\u0119cia na <strong>Jaskinia mi\u0142o\u015bci<\/strong><br \/>\n\ud83d\udd39 Ciesz si\u0119 <strong>Lunch BBQ<\/strong> z kurczakiem, ryb\u0105 i tureckim meze<br \/>\nRelaks i opalanie podczas trzech przerw na p\u0142ywanie<br \/>\n\ud83d\udd39 Podziwiaj <strong>G\u00f3ry Taurus<\/strong> i malownicze widoki na wybrze\u017ce<br \/>\nWybierz pomi\u0119dzy <strong>ma\u0142a grupa<\/strong> lub <strong>du\u017ca grupa<\/strong> opcje wycieczek<\/p>\n<h2><span style=\"color: #000000;\"><strong>Pe\u0142ny opis<\/strong><\/span><\/h2>\n<div>Twoja przygoda zaczyna si\u0119 od wygodnego <strong>odbi\u00f3r z hotelu w Belek i okolicach<\/strong> (Bo\u011fazkent, Kadriye, Lara, Kundu, Antalya). B\u0119dziesz podr\u00f3\u017cowa\u0107 klimatyzowanym autobusem do <strong>Port Adrasan<\/strong>, gdzie czeka Twoja \u0142\u00f3d\u017a.<\/div>\n<div>Po wej\u015bciu na pok\u0142ad katamaranu rozpoczyna si\u0119 podr\u00f3\u017c wzd\u0142u\u017c osza\u0142amiaj\u0105cego po\u0142udniowego wybrze\u017ca Turcji - z zapieraj\u0105cymi dech w piersiach widokami na klify, lasy sosnowe i turkusowe zatoki.<\/div>\n<div><strong>Zatoka Malediw\u00f3w<\/strong><br \/>\nPierwszym przystankiem jest Zatoka Malediw\u00f3w - s\u0142yn\u0105ca z bia\u0142ego, piaszczystego dna morskiego i krystalicznie czystej wody, idealnej do p\u0142ywania i snorkelingu.<\/div>\n<div><strong>Ukryte pla\u017ce Suluada<\/strong><br \/>\nNast\u0119pnie jacht zakotwiczy w pobli\u017cu ukrytych zatoczek Suluada - idealnych do relaksu, p\u0142ywania lub opalania si\u0119 na pok\u0142adzie.<\/div>\n<div><strong>Jaskinia mi\u0142o\u015bci<\/strong><br \/>\nOstatnim przystankiem jest czaruj\u0105ca Jaskinia Mi\u0142o\u015bci, w kt\u00f3rej mo\u017cna p\u0142ywa\u0107 w spokojnych wodach i robi\u0107 wspania\u0142e zdj\u0119cia w tym cudzie natury.<\/div>\n<div>\u015awie\u017co przygotowany <strong>Lunch BBQ<\/strong> Na pok\u0142adzie serwowane s\u0105 dania z ryb, kurczaka, makaronu i meze. Po obiedzie mo\u017cna zrelaksowa\u0107 si\u0119 przy fili\u017cance herbaty podczas rejsu powrotnego do portu Adrasan.<br \/>\nPod koniec dnia b\u0119dziesz cieszy\u0107 si\u0119 wygodnym transferem z powrotem do hotelu w Belek.<\/div>\n<h3><span style=\"color: #000000;\"><strong>\ud83d\uddfa\ufe0f Plan podr\u00f3\u017cy<\/strong><\/span><\/h3>\n<p>Odbi\u00f3r z hoteli w Belek i okolicach<br \/>\nTransfer do portu Adrasan<br \/>\nWyp\u0142yni\u0119cie jachtem lub katamaranem<br \/>\n\ud83d\udd39 Przystanek p\u0142ywacki w <strong>Zatoka Malediw\u00f3w<\/strong><br \/>\nP\u0142ywanie w <strong>Ukryte pla\u017ce Suluady<\/strong><br \/>\nZatrzymaj si\u0119 na <strong>Jaskinia mi\u0142o\u015bci<\/strong> do zdj\u0119\u0107 i p\u0142ywania<br \/>\nLunch z grilla i herbata na pok\u0142adzie<br \/>\nPowr\u00f3t do portu Adrasan<br \/>\nTransfer z powrotem do hotelu<\/p>\n<h3><span style=\"color: #000000;\"><strong>\u2139\ufe0f Przydatne informacje<\/strong><\/span><\/h3>\n<p>Czas trwania: oko\u0142o 8 godzin (ca\u0142y dzie\u0144)<br \/>\nPlan podr\u00f3\u017cy mo\u017ce ulec zmianie ze wzgl\u0119du na warunki pogodowe lub morskie.<br \/>\nWymagane umiarkowane p\u0142ywanie\/chodzenie<br \/>\nNie jest to dedykowana wycieczka do nurkowania z rurk\u0105, ale mo\u017cna zabra\u0107 w\u0142asny sprz\u0119t.<br \/>\nDzieci poni\u017cej 6. roku \u017cycia podr\u00f3\u017cuj\u0105ce bezp\u0142atnie nie maj\u0105 oddzielnego miejsca w autobusie (mo\u017cna je zarezerwowa\u0107 na \u017cyczenie).<\/p>\n<h2><span style=\"color: #000000;\"><strong>Co zabra\u0107 ze sob\u0105<\/strong><\/span><\/h2>\n<p>Str\u00f3j k\u0105pielowy i r\u0119cznik<br \/>\nKapelusz, okulary przeciws\u0142oneczne i filtr przeciws\u0142oneczny<br \/>\nWodoodporny aparat fotograficzny lub smartfon<br \/>\nAntypo\u015blizgowe buty lub sanda\u0142y<br \/>\nTroch\u0119 got\u00f3wki na wydatki osobiste<\/p>\n<h3><span style=\"color: #000000;\"><strong>Nieodpowiednie dla<\/strong><\/span><\/h3>\n<p>Osoby o ograniczonej sprawno\u015bci ruchowej<br \/>\nGo\u015bcie cierpi\u0105cy na chorob\u0119 lokomocyjn\u0105 lub choroby serca<\/p>\n<h2><span style=\"color: #000000;\"><strong>Cena i rezerwacja<\/strong><\/span><\/h2>\n<p>\ud83d\udd39 <strong>Zarezerwuj teraz - zap\u0142a\u0107 w dniu wycieczki<\/strong><br \/>\nSkontaktuj si\u0119 z nami za po\u015brednictwem <strong>WhatsApp<\/strong>, Telegram, Viber lub wype\u0142nij poni\u017cszy formularz rezerwacji. \ud83d\udc47\ud83c\udffc<\/p>\n<p>Szukasz alternatyw? Przegl\u0105daj <a href=\"https:\/\/excursionsworld.com\/pl\/belek-wycieczki\/\">wi\u0119cej wycieczek po Belek<\/a>.<\/p>","protected":false},"excerpt":{"rendered":"<p>Zarezerwuj <b>Wycieczka \u0142odzi\u0105 Suluada <\/b>z <b>Belek<\/b>! Odkryj <b>\u201cTureckie Malediwy\u201d<\/b> z ca\u0142odniowym rejsem, p\u0142ywaniem w krystalicznie czystych wodach. Lunch i transfer wliczone w cen\u0119.<\/p>","protected":false},"featured_media":12423,"comment_status":"open","ping_status":"closed","template":"","meta":[],"product_brand":[],"product_cat":[126],"product_tag":[120],"class_list":{"0":"post-15559","1":"product","2":"type-product","3":"status-publish","4":"has-post-thumbnail","6":"tour_phys-belek-tours","7":"tour_phys-boat-tours","8":"product_cat-belek-tours","9":"product_tag-belek","10":"pa_destination-belek-tours","11":"pa_kategori-boat-tours","13":"first","14":"instock","15":"sale","16":"shipping-taxable","17":"purchasable","18":"product-type-tour_phys"},"aioseo_notices":[],"_links":{"self":[{"href":"https:\/\/excursionsworld.com\/pl\/wp-json\/wp\/v2\/product\/15559","targetHints":{"allow":["GET"]}}],"collection":[{"href":"https:\/\/excursionsworld.com\/pl\/wp-json\/wp\/v2\/product"}],"about":[{"href":"https:\/\/excursionsworld.com\/pl\/wp-json\/wp\/v2\/types\/product"}],"replies":[{"embeddable":true,"href":"https:\/\/excursionsworld.com\/pl\/wp-json\/wp\/v2\/comments?post=15559"}],"wp:featuredmedia":[{"embeddable":true,"href":"https:\/\/excursionsworld.com\/pl\/wp-json\/wp\/v2\/media\/12423"}],"wp:attachment":[{"href":"https:\/\/excursionsworld.com\/pl\/wp-json\/wp\/v2\/media?parent=15559"}],"wp:term":[{"taxonomy":"product_brand","embeddable":true,"href":"https:\/\/excursionsworld.com\/pl\/wp-json\/wp\/v2\/product_brand?post=15559"},{"taxonomy":"product_cat","embeddable":true,"href":"https:\/\/excursionsworld.com\/pl\/wp-json\/wp\/v2\/product_cat?post=15559"},{"taxonomy":"product_tag","embeddable":true,"href":"https:\/\/excursionsworld.com\/pl\/wp-json\/wp\/v2\/product_tag?post=15559"}],"curies":[{"name":"wp","href":"https:\/\/api.w.org\/{rel}","templated":true}]}}