{"id":15560,"date":"2025-11-02T14:10:52","date_gmt":"2025-11-02T11:10:52","guid":{"rendered":"https:\/\/excursionsworld.com\/?post_type=product&#038;p=15560\/"},"modified":"2026-04-24T01:27:11","modified_gmt":"2026-04-23T22:27:11","slug":"antalya-stare-miasto-belek","status":"publish","type":"product","link":"https:\/\/excursionsworld.com\/tours\/antalya-city-tour-from-belek\/","title":{"rendered":"Wycieczka do Antalyi z Beleku \u2013 Stare Miasto, Wodospady i Rejs"},"content":{"rendered":"<h2>\u2600\ufe0f Przegl\u0105d<\/h2>\n<p>Odkryj pi\u0119kno i urok <strong>Antalya<\/strong> na jednodniow\u0105 wycieczk\u0119 z <strong><a href=\"https:\/\/en.wikipedia.org\/wiki\/Belek\" target=\"_blank\" rel=\"noopener\">Belek<\/a><\/strong> i okolic. Ta pe\u0142na akcji wycieczka obejmuje rejs \u0142odzi\u0105, wizyty w osza\u0142amiaj\u0105cym <strong>Wodospady D\u00fcden<\/strong>, turecki lunch i spacer po historycznym mie\u015bcie. <strong>Stare Miasto (Kalei\u00e7i)<\/strong>. Transfery s\u0105 wliczone w cen\u0119 z hoteli w rejonach Belek, Kadriye, Kundu, Lara i Bo\u011fazkent.<\/p>\n<h3>W zestawie:<\/h3>\n<p><span style=\"color: #00ff00;\"><strong>\u2713<\/strong> <\/span>Odbi\u00f3r i dow\u00f3z do hotelu<br \/>\n<span style=\"color: #00ff00;\"><strong>\u2713<\/strong> <\/span>Op\u0142aty za wst\u0119p do wodospad\u00f3w D\u00fcden (g\u00f3rnego i dolnego)<br \/>\n<span style=\"color: #00ff00;\"><strong>\u2713<\/strong> <\/span>Wygodny klimatyzowany autobus<br \/>\n<span style=\"color: #00ff00;\"><strong>\u2713<\/strong> <\/span>Profesjonalny angloj\u0119zyczny przewodnik<br \/>\n<span style=\"color: #00ff00;\"><strong>\u2713<\/strong> <\/span>Lunch w lokalnej restauracji<br \/>\n<span style=\"color: #00ff00;\"><strong>\u2713<\/strong> <\/span>Pe\u0142ne ubezpieczenie<\/p>\n<h3>Nie zawiera:<\/h3>\n<p><span style=\"color: #ff0000;\"><strong>\u2717<\/strong> <\/span>Wycieczka \u0142odzi\u0105 (opcjonalnie)<br \/>\n<span style=\"color: #ff0000;\"><strong>\u2717<\/strong> <\/span>Napoje<\/p>\n<h2>\ud83c\udf1f Najwa\u017cniejsze atrakcje wycieczki po Antalyi z Belek<\/h2>\n<p>Podziwiaj wodospad Lower D\u00fcden, kt\u00f3ry spada kaskad\u0105 40 metr\u00f3w do morza.<br \/>\nSpacer po Starym Mie\u015bcie (Kalei\u00e7i): Brama Hadriana, minaret Yivli, wie\u017ca zegarowa<br \/>\nRelaks podczas godzinnego rejsu \u0142odzi\u0105 ze starego portu w Antalyi<br \/>\n\ud83d\udd39 Ciesz si\u0119 zieleni\u0105 i ch\u0142odem wodospadu Upper D\u00fcden<br \/>\n\ud83d\udd39 Wizyta w lokalnym warsztacie bi\u017cuterii srebrnej<\/p>\n<h2>\ud83d\udcdd Pe\u0142ny opis: Twoja wycieczka po Antalyi z Belek<\/h2>\n<div>Rozpocznij dzie\u0144 od odbioru z hotelu w <strong>Belek lub pobliskie obszary<\/strong>. Rozpocznij od przej\u015bcia przez <strong>Kalei\u00e7i<\/strong>, Stare Miasto w Antalyi, zwiedzanie Bramy Hadriana, ulic, meczet\u00f3w i lokalnych sklep\u00f3w. Ciesz si\u0119 godzinnym <strong>wycieczka \u0142odzi\u0105<\/strong> wzd\u0142u\u017c wybrze\u017ca Morza \u015ar\u00f3dziemnego (opcjonalnie), a nast\u0119pnie skosztuj tradycyjnego tureckiego lunchu w lokalnej restauracji. Kontynuuj zwiedzanie <strong>Wodospady Dolnego i G\u00f3rnego D\u00fcden<\/strong>, i zako\u0144czy\u0107 na <strong>warsztaty bi\u017cuterii srebrnej<\/strong>. Powr\u00f3t do hotelu z niezapomnianymi wspomnieniami.<\/div>\n<h3>Plan podr\u00f3\u017cy<\/h3>\n<p>Odbi\u00f3r z hotelu<br \/>\nSpacer po Starym Mie\u015bcie (Kalei\u00e7i)<br \/>\nWycieczka \u0142odzi\u0105 ze starego portu (1 godzina, opcjonalnie)<br \/>\nLunch w lokalnej restauracji<br \/>\nWizyta nad wodospadem Lower D\u00fcden<br \/>\nWizyta nad wodospadem Upper D\u00fcden<br \/>\n\ud83d\udd39 Zatrzymaj si\u0119 w warsztacie jubilerskim<br \/>\nPowr\u00f3t do hotelu<\/p>\n<h3>\u2139\ufe0f Przydatne informacje<\/h3>\n<p>Wycieczka \u0142odzi\u0105 mo\u017ce zosta\u0107 odwo\u0142ana lub zmodyfikowana ze wzgl\u0119du na warunki pogodowe.<br \/>\n\ud83d\udd39 Plan podr\u00f3\u017cy mo\u017ce ulec zmianie w celu zwi\u0119kszenia wra\u017ce\u0144 z wycieczki.<br \/>\nJest to wycieczka krajoznawcza; p\u0142ywanie nie jest wliczone w cen\u0119.<br \/>\nDzieci poni\u017cej 5. roku \u017cycia podr\u00f3\u017cuj\u0105ce bezp\u0142atnie nie maj\u0105 oddzielnego miejsca w autobusie. Je\u015bli autobus jest pe\u0142ny, siedz\u0105 na kolanach osoby doros\u0142ej lub mo\u017cna zarezerwowa\u0107 osobne miejsce.<\/p>\n<h2>Co zabra\u0107 ze sob\u0105<\/h2>\n<p>Wygodne buty do chodzenia<br \/>\nOkulary przeciws\u0142oneczne i nakrycia g\u0142owy<br \/>\nFiltr przeciws\u0142oneczny<br \/>\nAparat fotograficzny lub smartfon<br \/>\nGot\u00f3wka na napoje i wydatki osobiste<\/p>\n<h3>Nieodpowiednie dla<\/h3>\n<p>U\u017cytkownicy w\u00f3zk\u00f3w inwalidzkich<br \/>\nOsoby o ograniczonej sprawno\u015bci ruchowej<\/p>\n<h2>Cena i rezerwacja<\/h2>\n<p><strong>Zarezerwuj teraz, zap\u0142a\u0107 w dniu wycieczki<\/strong><br \/>\nSkontaktuj si\u0119 z nami za po\u015brednictwem <strong>WhatsApp<\/strong>, <strong>Telegram<\/strong>, <strong>Viber<\/strong>, lub wype\u0142ni\u0107 poni\u017cszy formularz rezerwacji. \ud83d\udc47\ud83c\udffc<\/p>\n<p>Szukasz alternatyw? Przegl\u0105daj <a href=\"https:\/\/excursionsworld.com\/pl\/belek-wycieczki\/\">wi\u0119cej wycieczek po Belek<\/a>.<\/p>","protected":false},"excerpt":{"rendered":"<p>Zarezerwuj <b>Antalya City Tour from Belek<\/b>! See D\u00fcden Waterfalls &amp; historic Kalei\u00e7i. Full-day <b>wycieczka<\/b> z <b>wycieczka \u0142odzi\u0105<\/b>, lunch, and comfortable <b>wycieczka jednodniowa<\/b>.<\/p>","protected":false},"featured_media":15466,"comment_status":"open","ping_status":"closed","template":"","meta":[],"product_brand":[],"product_cat":[126],"product_tag":[120],"class_list":{"0":"post-15560","1":"product","2":"type-product","3":"status-publish","4":"has-post-thumbnail","6":"tour_phys-belek-tours","7":"product_cat-belek-tours","8":"product_tag-belek","9":"pa_destination-belek-tours","11":"first","12":"instock","13":"sale","14":"shipping-taxable","15":"purchasable","16":"product-type-tour_phys"},"aioseo_notices":[],"_links":{"self":[{"href":"https:\/\/excursionsworld.com\/pl\/wp-json\/wp\/v2\/product\/15560","targetHints":{"allow":["GET"]}}],"collection":[{"href":"https:\/\/excursionsworld.com\/pl\/wp-json\/wp\/v2\/product"}],"about":[{"href":"https:\/\/excursionsworld.com\/pl\/wp-json\/wp\/v2\/types\/product"}],"replies":[{"embeddable":true,"href":"https:\/\/excursionsworld.com\/pl\/wp-json\/wp\/v2\/comments?post=15560"}],"wp:featuredmedia":[{"embeddable":true,"href":"https:\/\/excursionsworld.com\/pl\/wp-json\/wp\/v2\/media\/15466"}],"wp:attachment":[{"href":"https:\/\/excursionsworld.com\/pl\/wp-json\/wp\/v2\/media?parent=15560"}],"wp:term":[{"taxonomy":"product_brand","embeddable":true,"href":"https:\/\/excursionsworld.com\/pl\/wp-json\/wp\/v2\/product_brand?post=15560"},{"taxonomy":"product_cat","embeddable":true,"href":"https:\/\/excursionsworld.com\/pl\/wp-json\/wp\/v2\/product_cat?post=15560"},{"taxonomy":"product_tag","embeddable":true,"href":"https:\/\/excursionsworld.com\/pl\/wp-json\/wp\/v2\/product_tag?post=15560"}],"curies":[{"name":"wp","href":"https:\/\/api.w.org\/{rel}","templated":true}]}}