{"id":15562,"date":"2025-11-02T14:16:22","date_gmt":"2025-11-02T11:16:22","guid":{"rendered":"https:\/\/excursionsworld.com\/?post_type=product&#038;p=15562\/"},"modified":"2026-04-24T01:27:14","modified_gmt":"2026-04-23T22:27:14","slug":"wycieczka-antalya-olympos-belek","status":"publish","type":"product","link":"https:\/\/excursionsworld.com\/tours\/antalya-city-tour-olympos-cable-car-belek\/","title":{"rendered":"Wycieczka po Antalyi z Beleku \u2013 Kemer &amp; Kolejka linowa Olympos"},"content":{"rendered":"<h2><span style=\"color: #000000;\"><strong>\ud83c\udfd9\ufe0f Przegl\u0105d<\/strong><\/span><\/h2>\n<p>Poznaj to, co najlepsze w Antalyi podczas ca\u0142odniowej wycieczki z przewodnikiem po mie\u015bcie, rozpoczynaj\u0105cej si\u0119 w Belek. Zwied\u017a Stare Miasto w Antalyi, przejd\u017a przez staro\u017cytne bramy i podziwiaj zapieraj\u0105ce dech w piersiach widoki na Morze \u015ar\u00f3dziemne. Odwied\u017a Dolny i G\u00f3rny Wodospad D\u00fcden, a tak\u017ce wybierz opcjonalne atrakcje: rejs \u0142odzi\u0105 z Mariny Kaleici lub <a href=\"https:\/\/en.wikipedia.org\/wiki\/Olympos,_Antalya\" target=\"_blank\" rel=\"noopener\">Olympos<\/a> Kolejka linowa w Kemer.<\/p>\n<h3><strong>W zestawie:<\/strong><\/h3>\n<p><span style=\"color: #00ff00;\"><strong>\u2713<\/strong> <\/span>Odbi\u00f3r i dow\u00f3z do hotelu<br \/>\n<span style=\"color: #00ff00;\"><strong>\u2713 <\/strong><\/span>Wodospady D\u00fcden<br \/>\n<span style=\"color: #00ff00;\"><strong>\u2713<\/strong> <\/span>Kolejka linowa Olympos<br \/>\n<span style=\"color: #00ff00;\"><strong>\u2713<\/strong> <\/span>Profesjonalny licencjonowany przewodnik<br \/>\n<span style=\"color: #00ff00;\"><strong>\u2713<\/strong> <\/span>Pe\u0142ne ubezpieczenie<br \/>\n<span style=\"color: #00ff00;\"><strong>\u2713<\/strong> <\/span>Lunch<\/p>\n<h3><strong>Nie zawiera:<\/strong><\/h3>\n<p><span style=\"color: #ff0000;\"><strong>\u2717<\/strong> <\/span>Wycieczka \u0142odzi\u0105 (opcjonalnie)<br \/>\n<span style=\"color: #ff0000;\"><strong>\u2717<\/strong> <\/span>Wydatki osobiste<br \/>\n<span style=\"color: #ff0000;\"><strong>\u2717<\/strong> <\/span>Napoje<\/p>\n<h2>\ud83c\udf1f Najwa\u017cniejsze atrakcje wycieczki z Belek do Antalyi<\/h2>\n<p>Stare Miasto w Antalyi - Brama Hadriana, karbowany minaret, wie\u017ca zegarowa<br \/>\nWodospady Lower D\u00fcden - 40-metrowa kaskada wpadaj\u0105ca do Morza \u015ar\u00f3dziemnego<br \/>\nWodospady Upper D\u00fcden - malownicze miejsca do robienia zdj\u0119\u0107 i bujne otoczenie<br \/>\nPrzeja\u017cd\u017cka kolejk\u0105 linow\u0105 Olympos w Kemer - panoramiczne widoki z wysoko\u015bci 2 365 metr\u00f3w<br \/>\nDinopark w Kemer - naturalnej wielko\u015bci modele dinozaur\u00f3w w lasach sosnowych<br \/>\nOpcjonalna 1-godzinna wycieczka \u0142odzi\u0105 wycieczkow\u0105 z przystani Kaleici<\/p>\n<h2>\ud83d\udcd6 Pe\u0142ny Opis: Twoja Wycieczka z Belek do Antalyi<\/h2>\n<div>Dzie\u0144 rozpocznie si\u0119 od wygodnego transferu z hotelu w Belek i okolicach. G\u0142\u00f3wnym celem wycieczki jest miasto Antalya, zwiedzanie historycznego Starego Miasta Kaleici, wodospad\u00f3w D\u00fcden i wybrze\u017ca Morza \u015ar\u00f3dziemnego.<\/div>\n<div>W przypadku wybrania opcji <strong>Wycieczka po mie\u015bcie + kolejka linowa Olympos<\/strong>, Nast\u0119pnie udasz si\u0119 na g\u00f3r\u0119 Tahtal\u0131 w Kemer, aby odby\u0107 spektakularn\u0105 przeja\u017cd\u017ck\u0119 tramwajem powietrznym z panoramicznym widokiem. W pobli\u017cu znajduje si\u0119 Dinopark, przyjazny rodzinom przystanek z naturalnej wielko\u015bci modelami dinozaur\u00f3w.<\/div>\n<div>W przypadku wybrania opcji <strong>Wycieczka po mie\u015bcie + rejs statkiem<\/strong>, Nast\u0119pnie udaj si\u0119 na 1-godzinny rejs widokowy z przystani Kaleici, aby podziwia\u0107 wybrze\u017ce Antalyi od strony morza. Po obiedzie kontynuuj zwiedzanie wodospad\u00f3w Lower i Upper D\u00fcden, aby cieszy\u0107 si\u0119 przyrod\u0105 i doskona\u0142ymi okazjami do robienia zdj\u0119\u0107.<\/div>\n<h3><span style=\"color: #000000;\"><strong>\ud83d\uddfa\ufe0f Plan podr\u00f3\u017cy<\/strong><\/span><\/h3>\n<p>Odbi\u00f3r z hoteli w Belek i okolicach<br \/>\nPrzejazd do centrum Antalyi klimatyzowanym autobusem<br \/>\nZwiedzanie Starego Miasta w Antalyi - Brama Hadriana, \u017b\u0142obkowany Minaret, Wie\u017ca Zegarowa<br \/>\nZwiedzanie wodospad\u00f3w w Dolnym D\u00fcden - 30 minut<br \/>\nZwiedzanie wodospad\u00f3w Upper D\u00fcden - 45 minut<br \/>\nKolejka linowa Olympos w Kemer - 45 minut<br \/>\nWizyta w Dinoparku w Kemer - 1 godzina<br \/>\nOpcjonalna 1-godzinna wycieczka \u0142odzi\u0105 z przystani Kaleici<br \/>\nTransfer powrotny do hoteli w Belek<\/p>\n<h3><span style=\"color: #000000;\"><strong>\u2139\ufe0f Przydatne informacje<\/strong><\/span><\/h3>\n<p>Czas trwania: oko\u0142o 8-9 godzin<br \/>\nDost\u0119pne codziennie z regionu Belek<br \/>\nPrzewodnicy m\u00f3wi\u0105cy po angielsku, niemiecku i rosyjsku<br \/>\nBezp\u0142atne anulowanie rezerwacji do 24 godzin przed rozpocz\u0119ciem wycieczki<br \/>\nUmiarkowany spacer wymagany na Starym Mie\u015bcie w Kaleici<br \/>\nDost\u0119pne s\u0105 dwie opcje pakiet\u00f3w (kolejka linowa Olympos lub wycieczka \u0142odzi\u0105)<\/p>\n<h2><span style=\"color: #000000;\"><strong>Co zabra\u0107 ze sob\u0105<\/strong><\/span><\/h2>\n<p>Wygodne buty do chodzenia<br \/>\nKapelusz, okulary przeciws\u0142oneczne i filtr przeciws\u0142oneczny<br \/>\nAparat fotograficzny lub smartfon<br \/>\nNiewielka got\u00f3wka na pami\u0105tki lub dodatki<\/p>\n<h3><span style=\"color: #000000;\"><strong>Nieodpowiednie dla<\/strong><\/span><\/h3>\n<p>Go\u015bcie o ograniczonej sprawno\u015bci ruchowej<br \/>\nGo\u015bcie z l\u0119kiem wysoko\u015bci (w przypadku opcji kolejki linowej)<\/p>\n<h2><span style=\"color: #000000;\"><strong>Cena i rezerwacja<\/strong><\/span><\/h2>\n<p><strong>Zarezerwuj teraz, zap\u0142a\u0107 w dniu wycieczki<\/strong><br \/>\nSkontaktuj si\u0119 z nami przez WhatsApp, Telegram, Viber lub wype\u0142nij poni\u017cszy formularz rezerwacji. \ud83d\udc47\ud83c\udffc<\/p>\n<p>Szukasz alternatyw? Przegl\u0105daj <a href=\"https:\/\/excursionsworld.com\/pl\/belek-wycieczki\/\">wi\u0119cej wycieczek po Belek w Olipmos<\/a>.<\/p>","protected":false},"excerpt":{"rendered":"<p>Zarezerwuj <b>Antalya City Tour &amp; Kemer from Belek<\/b>! Eksploruj <b>Kaleici<\/b>, <b>Wodospady D\u00fcden<\/b>, and ride the <b>Kolejka linowa Olympos<\/b>. Includes lunch &amp; guide.<\/p>","protected":false},"featured_media":15467,"comment_status":"open","ping_status":"closed","template":"","meta":[],"product_brand":[],"product_cat":[126],"product_tag":[120],"class_list":{"0":"post-15562","1":"product","2":"type-product","3":"status-publish","4":"has-post-thumbnail","6":"tour_phys-belek-tours","7":"product_cat-belek-tours","8":"product_tag-belek","9":"pa_destination-belek-tours","11":"first","12":"instock","13":"sale","14":"shipping-taxable","15":"purchasable","16":"product-type-tour_phys"},"aioseo_notices":[],"_links":{"self":[{"href":"https:\/\/excursionsworld.com\/pl\/wp-json\/wp\/v2\/product\/15562","targetHints":{"allow":["GET"]}}],"collection":[{"href":"https:\/\/excursionsworld.com\/pl\/wp-json\/wp\/v2\/product"}],"about":[{"href":"https:\/\/excursionsworld.com\/pl\/wp-json\/wp\/v2\/types\/product"}],"replies":[{"embeddable":true,"href":"https:\/\/excursionsworld.com\/pl\/wp-json\/wp\/v2\/comments?post=15562"}],"wp:featuredmedia":[{"embeddable":true,"href":"https:\/\/excursionsworld.com\/pl\/wp-json\/wp\/v2\/media\/15467"}],"wp:attachment":[{"href":"https:\/\/excursionsworld.com\/pl\/wp-json\/wp\/v2\/media?parent=15562"}],"wp:term":[{"taxonomy":"product_brand","embeddable":true,"href":"https:\/\/excursionsworld.com\/pl\/wp-json\/wp\/v2\/product_brand?post=15562"},{"taxonomy":"product_cat","embeddable":true,"href":"https:\/\/excursionsworld.com\/pl\/wp-json\/wp\/v2\/product_cat?post=15562"},{"taxonomy":"product_tag","embeddable":true,"href":"https:\/\/excursionsworld.com\/pl\/wp-json\/wp\/v2\/product_tag?post=15562"}],"curies":[{"name":"wp","href":"https:\/\/api.w.org\/{rel}","templated":true}]}}