{"id":15563,"date":"2025-11-02T14:17:18","date_gmt":"2025-11-02T11:17:18","guid":{"rendered":"https:\/\/excursionsworld.com\/?post_type=product&#038;p=15563\/"},"modified":"2026-04-24T01:27:14","modified_gmt":"2026-04-23T22:27:14","slug":"rejs-green-canyon-belek","status":"publish","type":"product","link":"https:\/\/excursionsworld.com\/tours\/green-canyon-boat-tour-belek\/","title":{"rendered":"Rejs po Green Canyon z Belek | Zielony Kanion \u2013 All Inclusive"},"content":{"rendered":"<h2><span style=\"color: #000000;\"><strong>Przegl\u0105d<\/strong><\/span><\/h2>\n<p>Wyrusz w spokojn\u0105 podr\u00f3\u017c do <strong>Zielony Kanion od <a href=\"https:\/\/en.wikipedia.org\/wiki\/Belek\" target=\"_blank\" rel=\"noopener\">Belek<\/a>, Kadriye i Bo\u011fazkent<\/strong>! Ciesz si\u0119 malowniczym rejsem \u0142odzi\u0105 po turkusowych wodach otoczonych g\u00f3rami Taurus, p\u0142ywaj w jeziorze i zrelaksuj si\u0119 na \u0142onie natury. Idealny dla rodzin i mi\u0142o\u015bnik\u00f3w przyrody.<\/p>\n<h3><span style=\"color: #000000;\"><strong>W zestawie:<\/strong><\/span><\/h3>\n<p><strong><span style=\"color: #00ff00;\">\u2713<\/span> <\/strong>Odbi\u00f3r i dow\u00f3z do hotelu<br \/>\n<strong><span style=\"color: #00ff00;\">\u2713<\/span> <\/strong>Rejs \u0142odzi\u0105 po Zielonym Kanionie<br \/>\n<strong><span style=\"color: #00ff00;\">\u2713<\/span> <\/strong>Przewodnik<br \/>\n<strong><span style=\"color: #00ff00;\">\u2713<\/span> <\/strong>Lunch w restauracji nad jeziorem<br \/>\n<strong><span style=\"color: #00ff00;\">\u2713<\/span> <\/strong>Pe\u0142ne ubezpieczenie<br \/>\n<strong><span style=\"color: #00ff00;\">\u2713<\/span> <\/strong>Napoje bezalkoholowe<\/p>\n<h3><span style=\"color: #000000;\"><strong>Nie zawiera:<\/strong><\/span><\/h3>\n<p><strong><span style=\"color: #ff0000;\">\u2717<\/span> <\/strong>Wydatki osobiste<br \/>\n<strong><span style=\"color: #ff0000;\">\u2717<\/span> <\/strong>Zdj\u0119cia i filmy (opcjonalnie)<\/p>\n<h2><span style=\"color: #000000;\"><strong>Najwa\u017cniejsze atrakcje wycieczki<\/strong><\/span><\/h2>\n<p>Rejs \u0142odzi\u0105 przez Zielony Kanion<br \/>\nOsza\u0142amiaj\u0105ce widoki na g\u00f3ry Taurus<br \/>\nP\u0142ywanie w krystalicznie czystej wodzie<br \/>\nLunch nad spokojnym jeziorem<br \/>\nRelaksuj\u0105ca ucieczka na \u0142ono natury<\/p>\n<h2>\ud83d\udcd6 Pe\u0142ny opis: Twoja wycieczka \u0142odzi\u0105 po Green Canyon<\/h2>\n<p>Rozpocznij dzie\u0144 od wygodnego odbioru z hotelu w Belek, Kadriye lub Bo\u011fazkent. Podr\u00f3\u017cuj przez malownicze g\u00f3ry Taurus, aby dotrze\u0107 do Zielonego Kanionu, jednego z najbardziej osza\u0142amiaj\u0105cych cud\u00f3w natury w Turcji. Wejd\u017a na pok\u0142ad wygodnej \u0142odzi i pop\u0142y\u0144 przez szmaragdowe wody Ma\u0142ego i Du\u017cego Kanionu, otoczone bujnymi klifami. Ciesz si\u0119 przerwami na p\u0142ywanie i pysznym lunchem w restauracji nad jeziorem. Ten spokojny dzie\u0144 na \u0142onie natury to idealna odskocznia od zgie\u0142ku kurortowego \u017cycia.<\/p>\n<h3><span style=\"color: #000000;\"><strong>\ud83d\uddfa\ufe0f Plan podr\u00f3\u017cy<\/strong><\/span><\/h3>\n<p>Odbi\u00f3r z hoteli w Belek, Kadriye i Bo\u011fazkent<br \/>\nMalownicza przeja\u017cd\u017cka przez g\u00f3ry Taurus<br \/>\nRejs \u0142odzi\u0105 po Zielonym Kanionie<br \/>\n\ud83d\udd39 Przystanki p\u0142ywackie<br \/>\nLunch w restauracji nad jeziorem<br \/>\nRejs powrotny i transfer do hotelu<\/p>\n<h3><span style=\"color: #000000;\"><strong>\u2139\ufe0f Przydatne informacje<\/strong><\/span><\/h3>\n<p>Czas trwania: ~7-8 godzin (wycieczka ca\u0142odniowa)<br \/>\nOdpowiedni dla wszystkich grup wiekowych<br \/>\nDost\u0119pne codziennie z regionu Belek<br \/>\nKamizelki ratunkowe i zacienione miejsca dost\u0119pne na \u0142odzi<br \/>\nDzieci poni\u017cej 5. roku \u017cycia podr\u00f3\u017cuj\u0105ce bezp\u0142atnie nie maj\u0105 oddzielnego miejsca w autobusie. Je\u015bli autobus jest pe\u0142ny, siedz\u0105 na kolanach osoby doros\u0142ej lub mo\u017cna zarezerwowa\u0107 osobne miejsce.<\/p>\n<h2><span style=\"color: #000000;\"><strong>Co zabra\u0107 ze sob\u0105<\/strong><\/span><\/h2>\n<p>Str\u00f3j k\u0105pielowy i r\u0119cznik<br \/>\nOkulary przeciws\u0142oneczne i czapka<br \/>\nFiltr przeciws\u0142oneczny<br \/>\nAparat fotograficzny lub smartfon<br \/>\nGot\u00f3wka na napoje lub dodatki<\/p>\n<h3><span style=\"color: #000000;\"><strong>Nieodpowiednie dla<\/strong><\/span><\/h3>\n<p>Osoby o ograniczonej sprawno\u015bci ruchowej<br \/>\nU\u017cytkownicy w\u00f3zk\u00f3w inwalidzkich<br \/>\nOsoby podatne na chorob\u0119 morsk\u0105<\/p>\n<h2 dir=\"ltr\"><span style=\"color: #000000;\"><strong>Cena i rezerwacja<\/strong><\/span><\/h2>\n<p dir=\"ltr\"><strong>Zarezerwuj teraz, zap\u0142a\u0107 w dniu wycieczki<\/strong><br \/>\nSkontaktuj si\u0119 z nami przez WhatsApp, Telegram, Viber lub wype\u0142nij poni\u017cszy formularz rezerwacji. \ud83d\udc47\ud83c\udffc<\/p>\n<p>Szukasz alternatyw? Przegl\u0105daj <a href=\"https:\/\/excursionsworld.com\/pl\/belek-wycieczki\/\">wi\u0119cej wycieczek po Belek<\/a>.<\/p>","protected":false},"excerpt":{"rendered":"<p data-start=\"381\" data-end=\"590\">Zarezerwuj <b>Wycieczka do zielonego kanionu Belek<\/b>! Ciesz si\u0119 ca\u0142odniowym <b>wycieczka \u0142odzi\u0105<\/b>\u00a0w g\u00f3rach Taurus, p\u0142ywanie i lunch nad jeziorem. Doskona\u0142y <b>ucieczka na \u0142ono natury<\/b>.<\/p>","protected":false},"featured_media":12848,"comment_status":"open","ping_status":"closed","template":"","meta":[],"product_brand":[],"product_cat":[126],"product_tag":[120],"class_list":{"0":"post-15563","1":"product","2":"type-product","3":"status-publish","4":"has-post-thumbnail","6":"tour_phys-belek-tours","7":"product_cat-belek-tours","8":"product_tag-belek","9":"pa_destination-belek-tours","10":"pa_kategori-boat-tours","12":"first","13":"instock","14":"sale","15":"shipping-taxable","16":"purchasable","17":"product-type-tour_phys"},"aioseo_notices":[],"_links":{"self":[{"href":"https:\/\/excursionsworld.com\/pl\/wp-json\/wp\/v2\/product\/15563","targetHints":{"allow":["GET"]}}],"collection":[{"href":"https:\/\/excursionsworld.com\/pl\/wp-json\/wp\/v2\/product"}],"about":[{"href":"https:\/\/excursionsworld.com\/pl\/wp-json\/wp\/v2\/types\/product"}],"replies":[{"embeddable":true,"href":"https:\/\/excursionsworld.com\/pl\/wp-json\/wp\/v2\/comments?post=15563"}],"wp:featuredmedia":[{"embeddable":true,"href":"https:\/\/excursionsworld.com\/pl\/wp-json\/wp\/v2\/media\/12848"}],"wp:attachment":[{"href":"https:\/\/excursionsworld.com\/pl\/wp-json\/wp\/v2\/media?parent=15563"}],"wp:term":[{"taxonomy":"product_brand","embeddable":true,"href":"https:\/\/excursionsworld.com\/pl\/wp-json\/wp\/v2\/product_brand?post=15563"},{"taxonomy":"product_cat","embeddable":true,"href":"https:\/\/excursionsworld.com\/pl\/wp-json\/wp\/v2\/product_cat?post=15563"},{"taxonomy":"product_tag","embeddable":true,"href":"https:\/\/excursionsworld.com\/pl\/wp-json\/wp\/v2\/product_tag?post=15563"}],"curies":[{"name":"wp","href":"https:\/\/api.w.org\/{rel}","templated":true}]}}