{"id":15564,"date":"2025-11-02T14:18:58","date_gmt":"2025-11-02T11:18:58","guid":{"rendered":"https:\/\/excursionsworld.com\/?post_type=product&#038;p=15564\/"},"modified":"2026-04-24T01:27:14","modified_gmt":"2026-04-23T22:27:14","slug":"statek-piracki-side-big-kral","status":"publish","type":"product","link":"https:\/\/excursionsworld.com\/tours\/pirate-boat-side-big-kral\/","title":{"rendered":"Piracki rejs statkiem z Side \u2013 Legend Big Kral | All Inclusive"},"content":{"rendered":"<h2><span style=\"color: #000000;\"><strong>\ud83c\udff4\u200d\u2620\ufe0f Przegl\u0105d<\/strong><\/span><\/h2>\n<p>Do\u0142\u0105cz do <strong>Rejs legendarnym pirackim statkiem Big Kral z <a href=\"https:\/\/en.wikipedia.org\/wiki\/Side,_Turkey\" target=\"_blank\" rel=\"noopener\">Side<\/a><\/strong>, Niezapomniana morska przygoda na Riwierze Tureckiej! Rejs wzd\u0142u\u017c osza\u0142amiaj\u0105cego wybrze\u017ca Alanyi na jednym z <strong>najwi\u0119ksze statki pirackie na Morzu \u015ar\u00f3dziemnym<\/strong>, z muzyk\u0105, imprezami w pianie, przerwami na p\u0142ywanie i zabaw\u0105 dla wszystkich grup wiekowych.<\/p>\n<h3><span style=\"color: #000000;\"><strong>W zestawie:<\/strong><\/span><\/h3>\n<p><span style=\"color: #00ff00;\"><strong>\u2713<\/strong> <\/span>Odbi\u00f3r i dow\u00f3z do hotelu z regionu Side<br \/>\n<span style=\"color: #00ff00;\"><strong>\u2713<\/strong> <\/span>Profesjonalny przewodnik<br \/>\n<span style=\"color: #00ff00;\"><strong>\u2713<\/strong> <\/span>Lunch (grillowany kurczak, ry\u017c i sa\u0142atki)<br \/>\n<span style=\"color: #00ff00;\"><strong>\u2713<\/strong> <\/span>Napoje bezalkoholowe (woda, cola, fanta itp.)<br \/>\n<span style=\"color: #00ff00;\"><strong>\u2713<\/strong> <\/span>Impreza piankowa i animacje na pok\u0142adzie<br \/>\n<span style=\"color: #00ff00;\"><strong>\u2713<\/strong> <\/span>Kamizelki ratunkowe<br \/>\n<span style=\"color: #00ff00;\"><strong>\u2713<\/strong> <\/span>Pe\u0142ne ubezpieczenie<\/p>\n<h3><span style=\"color: #000000;\"><strong>Nie zawiera:<\/strong><\/span><\/h3>\n<p><strong><span style=\"color: #ff0000;\">\u2717<\/span> <\/strong>Napoje alkoholowe<br \/>\n<strong><span style=\"color: #ff0000;\">\u2717<\/span> <\/strong>Zdj\u0119cia i filmy<br \/>\n<strong><span style=\"color: #ff0000;\">\u2717<\/span> <\/strong>Wydatki osobiste<\/p>\n<h2><span style=\"color: #000000;\"><strong>Najwa\u017cniejsze atrakcje wycieczki<\/strong><\/span><\/h2>\n<p>\u017begluj na legendarnym statku <strong>Statek piracki Big Kral<\/strong> - najwi\u0119kszy w basenie Morza \u015ar\u00f3dziemnego<br \/>\nZobacz <strong>Zamek Alanya<\/strong>, <strong>Czerwona wie\u017ca<\/strong>, i <strong>Stara Stocznia<\/strong><br \/>\nEksploruj <strong>Piraci, kochankowie, fosfor i diabelskie jaskinie<\/strong><br \/>\n\ud83d\udd39 P\u0142ywaj w turkusowych wodach w <strong>Pla\u017ca Ula\u015f<\/strong><br \/>\nCiesz si\u0119 <strong>Zabawa w pianie, muzyka i rozrywka na \u017cywo<\/strong><br \/>\nIdealny dla rodzin, par i grup szukaj\u0105cych zabawy na morzu.<\/p>\n<h2><strong><span style=\"color: #000000;\">Pe\u0142ny opis<\/span><\/strong><\/h2>\n<p>Rozpocznij swoj\u0105 przygod\u0119 od wygodnego transferu z hotelu w <strong>Boczne lub pobliskie obszary<\/strong> do <strong>Port w Alanyi<\/strong>, gdzie majestatyczny <strong>Legendarny statek piracki Big Kral<\/strong> czeka. Gdy statek odp\u0142ywa ok. <strong>10:00<\/strong>, Pop\u0142yniesz wzd\u0142u\u017c wybrze\u017ca Alanyi, mijaj\u0105c takie punkty orientacyjne jak <strong>Czerwona wie\u017ca<\/strong>, <strong>Stara Stocznia<\/strong>, oraz <strong>Mury zamku w Alanyi<\/strong>. Statek piracki zatrzymuje si\u0119 nast\u0119pnie w kilku s\u0142ynnych jaskiniach morskich. <strong>Piraci, kochankowie, fosfor i diabelskie jaskinie<\/strong> - daj\u0105c mo\u017cliwo\u015b\u0107 p\u0142ywania i robienia zdj\u0119\u0107 w krystalicznie czystych wodach. A <strong>pyszny lunch na pok\u0142adzie<\/strong> Go\u015bcie mog\u0105 delektowa\u0107 si\u0119 rozrywk\u0105 na \u017cywo i animacjami oraz napojami bezalkoholowymi. P\u00f3\u017aniej mo\u017cna zrelaksowa\u0107 si\u0119 na pok\u0142adzie lub do\u0142\u0105czy\u0107 do <strong>impreza w pianie<\/strong> na pe\u0142ne zabawy popo\u0142udnie. Po kilku przerwach na p\u0142ywanie statek wraca do portu w Alanyi oko\u0142o godz. <strong>15:00<\/strong>, Nast\u0119pnie wygodny transfer z powrotem do hotelu w Side.<\/p>\n<h3><strong><span style=\"color: #000000;\">\ud83d\uddfa\ufe0f Plan podr\u00f3\u017cy<\/span><\/strong><\/h3>\n<p>Odbi\u00f3r z hoteli w Side i okolicach<br \/>\nTransfer do portu w Alanyi<br \/>\nWej\u015bcie na pok\u0142ad i odlot o 10:00 rano<br \/>\nRejs obok Czerwonej Wie\u017cy i starej stoczni<br \/>\nPrzystanek p\u0142ywacki w pobli\u017cu zamku w Alanyi<br \/>\nZwiedzanie jaski\u0144 pirat\u00f3w, kochank\u00f3w, fosforowych i diabelskich<br \/>\nLunch na pok\u0142adzie<br \/>\nP\u0142ywanie na pla\u017cy Ula\u015f<br \/>\nImpreza piankowa i rozrywka<br \/>\nPowr\u00f3t do portu w Alanyi (~15:00)<br \/>\nDow\u00f3z do hoteli w Side<\/p>\n<h3><span style=\"color: #000000;\"><strong>\u2139\ufe0f Przydatne informacje<\/strong><\/span><\/h3>\n<p>Czas trwania: oko\u0142o 5-6 godzin<br \/>\nangloj\u0119zyczna za\u0142oga i zesp\u00f3\u0142 animator\u00f3w na pok\u0142adzie<br \/>\nPrzyjazny dla rodzin i odpowiedni dla wszystkich grup wiekowych<br \/>\nPrzestronny 3-pok\u0142adowy statek piracki z nowoczesnymi udogodnieniami<br \/>\nDzieci poni\u017cej 5. roku \u017cycia podr\u00f3\u017cuj\u0105 bezp\u0142atnie (wsp\u00f3lne miejsce, je\u015bli autobus jest pe\u0142ny).<\/p>\n<h2><span style=\"color: #000000;\"><strong>Co zabra\u0107 ze sob\u0105<\/strong><\/span><\/h2>\n<p>Str\u00f3j k\u0105pielowy i r\u0119cznik<br \/>\nOchrona przeciws\u0142oneczna, okulary przeciws\u0142oneczne i kapelusz<br \/>\nAparat fotograficzny lub telefon<br \/>\nNiewielka got\u00f3wka na opcjonalne dodatki<\/p>\n<h3><span style=\"color: #000000;\"><strong>Nieodpowiednie dla<\/strong><\/span><\/h3>\n<p>Go\u015bcie z powa\u017cn\u0105 chorob\u0105 lokomocyjn\u0105<br \/>\nKobiety w ci\u0105\u017cy<\/p>\n<h2><span style=\"color: #000000;\"><strong>Cena i rezerwacja<\/strong><\/span><\/h2>\n<p><strong>Zarezerwuj teraz, zap\u0142a\u0107 w dniu wycieczki<\/strong><br \/>\nSkontaktuj si\u0119 z nami za po\u015brednictwem <strong>WhatsApp<\/strong>, <strong>Telegram<\/strong>, <strong>Viber<\/strong>, lub wype\u0142ni\u0107 poni\u017cszy formularz rezerwacji. \ud83d\udc47\ud83c\udffc<\/p>\n<p>Szukasz alternatyw? Przegl\u0105daj <a href=\"https:\/\/excursionsworld.com\/pl\/piracki-statek-antalya-kemer-belek\/\">wi\u0119cej rejs\u00f3w \u0142odzi\u0105 pirack\u0105 w Side<\/a>.<\/p>","protected":false},"excerpt":{"rendered":"<p>Zarezerwuj <b>Side Legend Big Kral Boat Tour<\/b>! Rejs all inclusive z lunchem, <b>napoje bez ogranicze\u0144<\/b>, impreza w pianie i p\u0142ywanie na pla\u017cy Kleopatry. <b>Transfer wliczony w cen\u0119<\/b>!<\/p>","protected":false},"featured_media":15443,"comment_status":"open","ping_status":"closed","template":"","meta":[],"product_brand":[],"product_cat":[130,127],"product_tag":[122],"class_list":{"0":"post-15564","1":"product","2":"type-product","3":"status-publish","4":"has-post-thumbnail","6":"tour_phys-pirate-boat-tours","7":"tour_phys-side-tours","8":"product_cat-pirate-boat-tours","9":"product_cat-side-tours","10":"product_tag-side","11":"pa_destination-side-tours","12":"pa_kategori-pirate-boat-tours","14":"first","15":"instock","16":"sale","17":"shipping-taxable","18":"purchasable","19":"product-type-tour_phys"},"aioseo_notices":[],"_links":{"self":[{"href":"https:\/\/excursionsworld.com\/pl\/wp-json\/wp\/v2\/product\/15564","targetHints":{"allow":["GET"]}}],"collection":[{"href":"https:\/\/excursionsworld.com\/pl\/wp-json\/wp\/v2\/product"}],"about":[{"href":"https:\/\/excursionsworld.com\/pl\/wp-json\/wp\/v2\/types\/product"}],"replies":[{"embeddable":true,"href":"https:\/\/excursionsworld.com\/pl\/wp-json\/wp\/v2\/comments?post=15564"}],"wp:featuredmedia":[{"embeddable":true,"href":"https:\/\/excursionsworld.com\/pl\/wp-json\/wp\/v2\/media\/15443"}],"wp:attachment":[{"href":"https:\/\/excursionsworld.com\/pl\/wp-json\/wp\/v2\/media?parent=15564"}],"wp:term":[{"taxonomy":"product_brand","embeddable":true,"href":"https:\/\/excursionsworld.com\/pl\/wp-json\/wp\/v2\/product_brand?post=15564"},{"taxonomy":"product_cat","embeddable":true,"href":"https:\/\/excursionsworld.com\/pl\/wp-json\/wp\/v2\/product_cat?post=15564"},{"taxonomy":"product_tag","embeddable":true,"href":"https:\/\/excursionsworld.com\/pl\/wp-json\/wp\/v2\/product_tag?post=15564"}],"curies":[{"name":"wp","href":"https:\/\/api.w.org\/{rel}","templated":true}]}}