{"id":15565,"date":"2025-11-02T14:20:57","date_gmt":"2025-11-02T11:20:57","guid":{"rendered":"https:\/\/excursionsworld.com\/?post_type=product&#038;p=15565\/"},"modified":"2025-12-08T21:29:37","modified_gmt":"2025-12-08T18:29:37","slug":"pamukkale-hierapolis-side","status":"publish","type":"product","link":"https:\/\/excursionsworld.com\/tours\/pamukkale-hierapolis-side\/","title":{"rendered":"Wycieczka do Pamukkale &amp; Hierapolis z Side \u2013 Ca\u0142odniowa wycieczka"},"content":{"rendered":"<h3 data-start=\"2808\" data-end=\"2827\"><strong>\ud83c\udfdd\ufe0f Przegl\u0105d<\/strong><\/h3>\n<p data-start=\"2828\" data-end=\"3176\">Odkryj zapieraj\u0105ce dech w piersiach tarasy Pamukkale i staro\u017cytne miasto Hierapolis podczas jednodniowej wycieczki z <strong data-start=\"2934\" data-end=\"2942\">Side<\/strong> i okolic. Ciesz si\u0119 wygodnymi transferami z hoteli w Side, Manavgat, Evrenseki, Titreyeng\u00f6l i Kumk\u00f6y. P\u0142ywaj w \u017ar\u00f3d\u0142ach termalnych, zwiedzaj historyczne ruiny i delektuj si\u0119 pysznym tureckim lunchem podczas tej niezapomnianej wycieczki.<\/p>\n<h3 data-start=\"3178\" data-end=\"3194\"><strong>W zestawie:<\/strong><\/h3>\n<p data-start=\"3195\" data-end=\"3369\"><span style=\"color: #00ff00;\"><strong>\u2713<\/strong> <\/span>Odbi\u00f3r i dow\u00f3z do hotelu<br data-start=\"3222\" data-end=\"3225\" \/><span style=\"color: #00ff00;\"><strong>\u2713<\/strong> <\/span>Klimatyzowany autobus<br data-start=\"3246\" data-end=\"3249\" \/><span style=\"color: #00ff00;\"><strong>\u2713<\/strong> <\/span>Op\u0142aty za wst\u0119p do Pamukkale i Hierapolis<br data-start=\"3292\" data-end=\"3295\" \/><span style=\"color: #00ff00;\"><strong>\u2713<\/strong> <\/span>Pe\u0142ne ubezpieczenie<br data-start=\"3311\" data-end=\"3314\" \/><span style=\"color: #00ff00;\"><strong>\u2713<\/strong> <\/span>Przewodnik historyczny m\u00f3wi\u0105cy po angielsku<br data-start=\"3348\" data-end=\"3351\" \/><span style=\"color: #00ff00;\"><strong>\u2713<\/strong> <\/span>Lunch (w formie bufetu)<\/p>\n<h3 data-start=\"3371\" data-end=\"3391\"><span style=\"color: #000000;\"><strong>Nie zawiera:<\/strong><\/span><\/h3>\n<p data-start=\"3392\" data-end=\"3457\"><span style=\"color: #ff0000;\"><strong>\u2717<\/strong> <\/span>Wej\u015bcie do basenu Kleopatry<br data-start=\"3422\" data-end=\"3425\" \/><span style=\"color: #ff0000;\"><strong>\u2717<\/strong> <\/span>Wydatki osobiste<br data-start=\"3444\" data-end=\"3447\" \/><span style=\"color: #ff0000;\"><strong>\u2717<\/strong> <\/span>Napoje<\/p>\n<h3 data-start=\"3459\" data-end=\"3484\"><span style=\"color: #000000;\"><strong>Najwa\u017cniejsze atrakcje wycieczki<\/strong><\/span><\/h3>\n<p data-start=\"3485\" data-end=\"3757\">\ud83d\udd39 Podziwiaj \u015bnie\u017cnobia\u0142e trawertyny w Pamukkale<br data-start=\"3534\" data-end=\"3537\" \/>Zwiedzanie rzymskiego teatru i ruin Hierapolis<br data-start=\"3589\" data-end=\"3592\" \/>Relaks w naturalnych basenach termalnych<br data-start=\"3625\" data-end=\"3628\" \/>Opcjonalna k\u0105piel w basenie Kleopatry (dodatkowa op\u0142ata)<br data-start=\"3676\" data-end=\"3679\" \/>\ud83d\udd39 Ciesz si\u0119 tradycyjnym tureckim lunchem<br data-start=\"3715\" data-end=\"3718\" \/>\ud83d\udd39 Wizyta na li\u015bcie \u015bwiatowego dziedzictwa UNESCO<\/p>\n<h3 data-start=\"3759\" data-end=\"3785\"><span style=\"color: #000000;\"><strong>Pe\u0142ny opis<\/strong><\/span><\/h3>\n<p data-start=\"3786\" data-end=\"4337\">Dzie\u0144 rozpoczyna si\u0119 od wygodnego transferu z hotelu w <strong data-start=\"3849\" data-end=\"3873\">Boczne lub pobliskie obszary<\/strong>. Podr\u00f3\u017cuj\u0105c przez malownicze krajobrazy, udasz si\u0119 do Pamukkale, \u201cBawe\u0142nianego Zamku\u201d, s\u0142yn\u0105cego z ol\u015bniewaj\u0105cych bia\u0142ych taras\u00f3w. Po przybyciu na miejsce zjesz lunch w formie bufetu, a nast\u0119pnie odkryjesz bogate w minera\u0142y trawertyny Pamukkale. Nast\u0119pnie udaj si\u0119 na wycieczk\u0119 z przewodnikiem po Hierapolis, odwiedzaj\u0105c rzymski teatr, \u015bwi\u0105tyni\u0119 Apolla i inne zabytki. Po wycieczce zrelaksuj si\u0119 w basenach termalnych lub pop\u0142ywaj w basenie Kleopatry (opcjonalnie). Na koniec dnia wr\u00f3\u0107 do hotelu w Side.<\/p>\n<h3 data-start=\"4339\" data-end=\"4364\"><span style=\"color: #000000;\"><strong>\ud83d\uddfa\ufe0f Plan podr\u00f3\u017cy<\/strong><\/span><\/h3>\n<p data-start=\"4365\" data-end=\"4602\">Odbi\u00f3r z hotelu<br data-start=\"4385\" data-end=\"4388\" \/>Podr\u00f3\u017c do Pamukkale<br data-start=\"4411\" data-end=\"4414\" \/>Lunch w formie bufetu<br data-start=\"4429\" data-end=\"4432\" \/>Wycieczka po trawertynach Pamukkale<br data-start=\"4466\" data-end=\"4469\" \/>Wizyta w ruinach Hierapolis<br data-start=\"4497\" data-end=\"4500\" \/>Czas wolny na basen Kleopatry (opcjonalnie)<br data-start=\"4544\" data-end=\"4547\" \/>Podr\u00f3\u017c powrotna do Side<br data-start=\"4572\" data-end=\"4575\" \/>Transfer z powrotem do hotelu<\/p>\n<h3 data-start=\"4604\" data-end=\"4632\"><span style=\"color: #000000;\"><strong>\u2139\ufe0f Przydatne informacje<\/strong><\/span><\/h3>\n<p data-start=\"4633\" data-end=\"4864\">Czas trwania: oko\u0142o 12 godzin<br data-start=\"4668\" data-end=\"4671\" \/>Plan podr\u00f3\u017cy mo\u017ce ulec zmianie ze wzgl\u0119du na warunki pogodowe.<br data-start=\"4720\" data-end=\"4723\" \/>Umiarkowana aktywno\u015b\u0107 fizyczna (spacery, opcjonalnie p\u0142ywanie)<br data-start=\"4781\" data-end=\"4784\" \/>Dzieci poni\u017cej 5 roku \u017cycia podr\u00f3\u017cuj\u0105ce bezp\u0142atnie nie maj\u0105 oddzielnego miejsca w autobusie.<\/p>\n<h3 data-start=\"2287\" data-end=\"2310\"><span style=\"color: #000000;\"><strong>Co zabra\u0107 ze sob\u0105<\/strong><\/span><\/h3>\n<p data-start=\"2311\" data-end=\"2453\">\ud83d\udd39 Paszport lub dow\u00f3d osobisty<br data-start=\"2328\" data-end=\"2331\" \/>Wygodne buty<br data-start=\"2351\" data-end=\"2354\" \/>Okulary przeciws\u0142oneczne i nakrycia g\u0142owy<br data-start=\"2380\" data-end=\"2383\" \/>Str\u00f3j k\u0105pielowy i r\u0119cznik<br data-start=\"2404\" data-end=\"2407\" \/>Filtr przeciws\u0142oneczny<br data-start=\"2419\" data-end=\"2422\" \/>Got\u00f3wka na wydatki osobiste<\/p>\n<h3 data-start=\"2455\" data-end=\"2481\"><span style=\"color: #000000;\"><strong>Nieodpowiednie dla<\/strong><\/span><\/h3>\n<p data-start=\"2482\" data-end=\"2564\">Osoby o ograniczonej sprawno\u015bci ruchowej<br data-start=\"2513\" data-end=\"2516\" \/>Osoby z powa\u017cnymi schorzeniami medycznymi<\/p>\n<h3 data-start=\"2629\" data-end=\"2656\"><strong>Cena i rezerwacja<\/strong><\/h3>\n<p data-start=\"2657\" data-end=\"2781\"><strong>Zarezerwuj teraz, zap\u0142a\u0107 w dniu wycieczki<\/strong><br data-start=\"2696\" data-end=\"2699\" \/>Skontaktuj si\u0119 z nami przez WhatsApp, Telegram, Viber lub wype\u0142nij poni\u017cszy formularz rezerwacji. \ud83d\udc47\ud83c\udffc<\/p>","protected":false},"excerpt":{"rendered":"<p>Zarezerwuj <b>Wycieczka boczna do Pamukkale<\/b>! Odwied\u017a ruiny Hierapolis i termalne trawertyny. Niezapomniane <b>wycieczka jednodniowa<\/b> z lunchem i wygodami <b>wycieczka<\/b>.<\/p>","protected":false},"featured_media":12575,"comment_status":"open","ping_status":"closed","template":"","meta":[],"product_brand":[],"product_cat":[127],"product_tag":[122],"class_list":{"0":"post-15565","1":"product","2":"type-product","3":"status-publish","4":"has-post-thumbnail","6":"tour_phys-side-tours","7":"product_cat-side-tours","8":"product_tag-side","9":"pa_destination-side-tours","11":"first","12":"instock","13":"sale","14":"shipping-taxable","15":"purchasable","16":"product-type-tour_phys"},"aioseo_notices":[],"_links":{"self":[{"href":"https:\/\/excursionsworld.com\/pl\/wp-json\/wp\/v2\/product\/15565","targetHints":{"allow":["GET"]}}],"collection":[{"href":"https:\/\/excursionsworld.com\/pl\/wp-json\/wp\/v2\/product"}],"about":[{"href":"https:\/\/excursionsworld.com\/pl\/wp-json\/wp\/v2\/types\/product"}],"replies":[{"embeddable":true,"href":"https:\/\/excursionsworld.com\/pl\/wp-json\/wp\/v2\/comments?post=15565"}],"wp:featuredmedia":[{"embeddable":true,"href":"https:\/\/excursionsworld.com\/pl\/wp-json\/wp\/v2\/media\/12575"}],"wp:attachment":[{"href":"https:\/\/excursionsworld.com\/pl\/wp-json\/wp\/v2\/media?parent=15565"}],"wp:term":[{"taxonomy":"product_brand","embeddable":true,"href":"https:\/\/excursionsworld.com\/pl\/wp-json\/wp\/v2\/product_brand?post=15565"},{"taxonomy":"product_cat","embeddable":true,"href":"https:\/\/excursionsworld.com\/pl\/wp-json\/wp\/v2\/product_cat?post=15565"},{"taxonomy":"product_tag","embeddable":true,"href":"https:\/\/excursionsworld.com\/pl\/wp-json\/wp\/v2\/product_tag?post=15565"}],"curies":[{"name":"wp","href":"https:\/\/api.w.org\/{rel}","templated":true}]}}