{"id":15566,"date":"2025-11-02T14:22:03","date_gmt":"2025-11-02T11:22:03","guid":{"rendered":"https:\/\/excursionsworld.com\/?post_type=product&#038;p=15566\/"},"modified":"2026-04-24T01:27:15","modified_gmt":"2026-04-23T22:27:15","slug":"rejs-green-canyon-side","status":"publish","type":"product","link":"https:\/\/excursionsworld.com\/tours\/green-canyon-boat-tour-side\/","title":{"rendered":"Rejs po Green Canyon z Side | Zielony Kanion \u2013 All Inclusive"},"content":{"rendered":"<h2><span style=\"color: #000000;\"><strong>Przegl\u0105d<\/strong><\/span><\/h2>\n<p>Wyrusz w spokojn\u0105 podr\u00f3\u017c do <strong>Zielony Kanion<\/strong> z <strong><a href=\"https:\/\/en.wikipedia.org\/wiki\/Side,_Turkey\" target=\"_blank\" rel=\"noopener\">Side<\/a> oraz okolice (Manavgat, Kumk\u00f6y, Evrenseki, \u00c7olakl\u0131, Titreyeng\u00f6l)<\/strong>! Ciesz si\u0119 malowniczym rejsem \u0142odzi\u0105 po turkusowych wodach otoczonych g\u00f3rami Taurus, p\u0142ywaj w jeziorze i zrelaksuj si\u0119 na \u0142onie natury. Idealny dla rodzin i mi\u0142o\u015bnik\u00f3w przyrody.<\/p>\n<h3><span style=\"color: #000000;\"><strong>W zestawie:<\/strong><\/span><\/h3>\n<p><strong><span style=\"color: #00ff00;\">\u2713<\/span> <\/strong>Odbi\u00f3r i dow\u00f3z do hotelu<br \/>\n<strong><span style=\"color: #00ff00;\">\u2713<\/span> <\/strong>Rejs \u0142odzi\u0105 po Zielonym Kanionie<br \/>\n<strong><span style=\"color: #00ff00;\">\u2713<\/span> <\/strong>Profesjonalny przewodnik<br \/>\n<strong><span style=\"color: #00ff00;\">\u2713<\/span> <\/strong>Lunch w restauracji nad jeziorem<br \/>\n<strong><span style=\"color: #00ff00;\">\u2713<\/span> <\/strong>Pe\u0142ne ubezpieczenie<br \/>\n<strong><span style=\"color: #00ff00;\">\u2713<\/span> <\/strong>Napoje bezalkoholowe<\/p>\n<h3><span style=\"color: #000000;\"><strong>Nie zawiera:<\/strong><\/span><\/h3>\n<p><span style=\"color: #ff0000;\"><strong>\u2717<\/strong> <\/span>Wydatki osobiste<br \/>\n<span style=\"color: #ff0000;\"><strong>\u2717<\/strong> <\/span>Zdj\u0119cia i filmy (opcjonalnie)<\/p>\n<h2><span style=\"color: #000000;\"><strong>Najwa\u017cniejsze atrakcje wycieczki<\/strong><\/span><\/h2>\n<p>Rejs \u0142odzi\u0105 przez osza\u0142amiaj\u0105cy Zielony Kanion<br \/>\nSpektakularne widoki na g\u00f3ry Taurus<br \/>\nP\u0142ywanie w krystalicznie czystych wodach kanionu<br \/>\nPyszny lunch nad spokojnym jeziorem<br \/>\nRelaksuj\u0105ce i przyjazne rodzinie do\u015bwiadczenie natury<\/p>\n<h2><span style=\"color: #000000;\"><strong>Pe\u0142ny opis<\/strong><\/span><\/h2>\n<p>Rozpocznij relaksuj\u0105cy dzie\u0144 od odbioru z hotelu <strong>Boczne lub pobliskie kurorty<\/strong>, Nast\u0119pnie podr\u00f3\u017c przez malownicze g\u00f3ry Taurus, aby dotrze\u0107 do s\u0142ynnego <strong>Zielony Kanion<\/strong> - jedno z najbardziej zapieraj\u0105cych dech w piersiach naturalnych miejsc w Turcji. Wejd\u017a na pok\u0142ad wygodnej \u0142odzi i pop\u0142y\u0144 wzd\u0142u\u017c spokojnych, szmaragdowych w\u00f3d <strong>Ma\u0142e i du\u017ce kaniony<\/strong>, otoczone dramatycznymi klifami i bujnymi lasami sosnowymi. Ciesz si\u0119 kilkoma przerwami na p\u0142ywanie w orze\u017awiaj\u0105cym jeziorze i delektuj si\u0119 tradycyjnym tureckim lunchem w restauracji nad jeziorem. Ta spokojna ucieczka od t\u0119tni\u0105cych \u017cyciem kurort\u00f3w to idealny spos\u00f3b na relaks i po\u0142\u0105czenie si\u0119 z natur\u0105 przed powrotem do hotelu w Side.<\/p>\n<h3><span style=\"color: #000000;\"><strong>\ud83d\uddfa\ufe0f Plan podr\u00f3\u017cy<\/strong><\/span><\/h3>\n<p>Odbi\u00f3r z hoteli w Side, Manavgat, Kumk\u00f6y, Evrenseki, \u00c7olakl\u0131, Titreyeng\u00f6l<br \/>\nMalownicza przeja\u017cd\u017cka przez g\u00f3ry Taurus<br \/>\nRejs \u0142odzi\u0105 przez Zielony Kanion<br \/>\nPrzystanki p\u0142ywackie po drodze<br \/>\nLunch w restauracji nad jeziorem<br \/>\nRejs powrotny i transfer z powrotem do hoteli<\/p>\n<h3><span style=\"color: #000000;\"><strong>\u2139\ufe0f Przydatne informacje<\/strong><\/span><\/h3>\n<p>Czas trwania: oko\u0142o 7-8 godzin (wycieczka ca\u0142odniowa)<br \/>\nOdpowiedni dla wszystkich grup wiekowych<br \/>\nDost\u0119pne codziennie z regionu Side<br \/>\nKamizelki ratunkowe i zacienione miejsca siedz\u0105ce dost\u0119pne na \u0142odzi<br \/>\nDzieci poni\u017cej 5. roku \u017cycia podr\u00f3\u017cuj\u0105 bezp\u0142atnie (wsp\u00f3lne miejsce, je\u015bli autobus jest pe\u0142ny).<\/p>\n<h2><span style=\"color: #000000;\"><strong>Co zabra\u0107 ze sob\u0105<\/strong><\/span><\/h2>\n<p>Str\u00f3j k\u0105pielowy i r\u0119cznik<br \/>\nOkulary przeciws\u0142oneczne i czapka<br \/>\nFiltr przeciws\u0142oneczny<br \/>\nAparat fotograficzny lub smartfon<br \/>\nGot\u00f3wka na napoje lub opcjonalne dodatki<\/p>\n<h3><span style=\"color: #000000;\"><strong>Nieodpowiednie dla<\/strong><\/span><\/h3>\n<p>Osoby o ograniczonej sprawno\u015bci ruchowej<br \/>\nU\u017cytkownicy w\u00f3zk\u00f3w inwalidzkich<br \/>\nOsoby podatne na chorob\u0119 morsk\u0105<\/p>\n<h2 dir=\"ltr\">\ud83d\udcb8\u00a0<strong>Cena i rezerwacja<\/strong><\/h2>\n<p dir=\"ltr\"><strong>Zarezerwuj teraz, zap\u0142a\u0107 w dniu wycieczki<\/strong><br \/>\nSkontaktuj si\u0119 z nami przez WhatsApp, Telegram, Viber lub wype\u0142nij poni\u017cszy formularz rezerwacji. \ud83d\udc47\ud83c\udffc<\/p>\n<p>Szukasz alternatyw? Przegl\u0105daj <a href=\"https:\/\/excursionsworld.com\/pl\/side-wycieczki\/\">Wi\u0119cej wycieczek fakultatywnych<\/a>.<\/p>","protected":false},"excerpt":{"rendered":"<p>Wycieczka \u0142odzi\u0105 do Zielonego Kanionu z Side z p\u0142ywaniem, w\u0119dkowaniem, lunchem i transferem do hotelu. Idealna wycieczka dla mi\u0142o\u015bnik\u00f3w przyrody w g\u00f3rach Taurus.<\/p>","protected":false},"featured_media":12848,"comment_status":"open","ping_status":"closed","template":"","meta":[],"product_brand":[],"product_cat":[127],"product_tag":[122],"class_list":{"0":"post-15566","1":"product","2":"type-product","3":"status-publish","4":"has-post-thumbnail","6":"tour_phys-side-tours","7":"product_cat-side-tours","8":"product_tag-side","9":"pa_destination-side-tours","10":"pa_kategori-boat-tours","12":"first","13":"instock","14":"sale","15":"featured","16":"shipping-taxable","17":"purchasable","18":"product-type-tour_phys"},"aioseo_notices":[],"_links":{"self":[{"href":"https:\/\/excursionsworld.com\/pl\/wp-json\/wp\/v2\/product\/15566","targetHints":{"allow":["GET"]}}],"collection":[{"href":"https:\/\/excursionsworld.com\/pl\/wp-json\/wp\/v2\/product"}],"about":[{"href":"https:\/\/excursionsworld.com\/pl\/wp-json\/wp\/v2\/types\/product"}],"replies":[{"embeddable":true,"href":"https:\/\/excursionsworld.com\/pl\/wp-json\/wp\/v2\/comments?post=15566"}],"wp:featuredmedia":[{"embeddable":true,"href":"https:\/\/excursionsworld.com\/pl\/wp-json\/wp\/v2\/media\/12848"}],"wp:attachment":[{"href":"https:\/\/excursionsworld.com\/pl\/wp-json\/wp\/v2\/media?parent=15566"}],"wp:term":[{"taxonomy":"product_brand","embeddable":true,"href":"https:\/\/excursionsworld.com\/pl\/wp-json\/wp\/v2\/product_brand?post=15566"},{"taxonomy":"product_cat","embeddable":true,"href":"https:\/\/excursionsworld.com\/pl\/wp-json\/wp\/v2\/product_cat?post=15566"},{"taxonomy":"product_tag","embeddable":true,"href":"https:\/\/excursionsworld.com\/pl\/wp-json\/wp\/v2\/product_tag?post=15566"}],"curies":[{"name":"wp","href":"https:\/\/api.w.org\/{rel}","templated":true}]}}