{"id":15567,"date":"2025-11-02T14:25:41","date_gmt":"2025-11-02T11:25:41","guid":{"rendered":"https:\/\/excursionsworld.com\/?post_type=product&#038;p=15567\/"},"modified":"2026-04-24T01:27:15","modified_gmt":"2026-04-23T22:27:15","slug":"rejs-piracki-legend-big-kral-alanya","status":"publish","type":"product","link":"https:\/\/excursionsworld.com\/tours\/pirate-boat-legend-big-kral-alanya\/","title":{"rendered":"Wycieczka \u0142odzi\u0105 pirack\u0105 w Alanyi - Big Kral Legend | All Inclusive"},"content":{"rendered":"<h2>\ud83c\udff4\u200d\u2620\ufe0f Przegl\u0105d<\/h2>\n<p>Do\u0142\u0105cz do <strong>Wycieczka \u0142odzi\u0105 pirack\u0105 Legend Big Kral<\/strong> \u2014 <a href=\"https:\/\/en.wikipedia.org\/wiki\/Alanya\" target=\"_blank\" rel=\"noopener\">Alanya<\/a>\u2019najs\u0142ynniejsza morska przygoda! Rejs wzd\u0142u\u017c zapieraj\u0105cej dech w piersiach linii brzegowej na gigantycznym statku pirackim z muzyk\u0105, imprez\u0105 piankow\u0105 i przerwami na k\u0105piel. Ciesz si\u0119 s\u0142o\u0144cem, zabaw\u0105 i spektakularnymi widokami na zamek w Alanyi i Morze \u015ar\u00f3dziemne.<\/p>\n<h3>W zestawie:<\/h3>\n<p><span style=\"color: #00ff00;\"><strong>\u2713<\/strong><\/span> Odbi\u00f3r i dow\u00f3z do hotelu<br \/>\n<span style=\"color: #00ff00;\"><strong>\u2713 <\/strong><\/span>Profesjonalny przewodnik<br \/>\n<span style=\"color: #00ff00;\"><strong>\u2713 <\/strong><\/span>Lunch (grillowany kurczak, ry\u017c i sa\u0142atki)<br \/>\n<span style=\"color: #00ff00;\"><strong>\u2713 <\/strong><\/span>Napoje bezalkoholowe (woda, cola, fanta itp.)<br \/>\n<span style=\"color: #00ff00;\"><strong>\u2713 <\/strong><\/span>Zabawa w pianie i animacje<br \/>\n<span style=\"color: #00ff00;\"><strong>\u2713 <\/strong><\/span>Kamizelki ratunkowe<br \/>\n<span style=\"color: #00ff00;\"><strong>\u2713 <\/strong><\/span>Ubezpieczenie<\/p>\n<h3>Nie zawiera:<\/h3>\n<p><strong><span style=\"color: #ff0000;\">\u2717<\/span><\/strong> Napoje alkoholowe<br \/>\n<strong><span style=\"color: #ff0000;\">\u2717 <\/span><\/strong>Zdj\u0119cia i filmy<br \/>\n<strong><span style=\"color: #ff0000;\">\u2717 <\/span><\/strong>Wydatki osobiste<\/p>\n<h2>\ud83c\udf1f Kluczowe atrakcje rejsu pirackim statkiem po Alanyi<\/h2>\n<p>Rejs po legendarnej trasie <strong>Statek piracki Big Kral<\/strong> - jeden z najwi\u0119kszych w basenie Morza \u015ar\u00f3dziemnego<br \/>\nZobacz Czerwon\u0105 Wie\u017c\u0119, star\u0105 stoczni\u0119 i mury zamku w Alanyi<br \/>\nZwiedzanie jaski\u0144 pirat\u00f3w, kochank\u00f3w, fosforu i diab\u0142\u00f3w<br \/>\nP\u0142ywanie w krystalicznie czystej wodzie na pla\u017cy Ula\u015f<br \/>\nRozrywka na pok\u0142adzie, muzyka i zabawa w pianie<br \/>\nIdealny dla rodzin, par i grup<\/p>\n<h2>\ud83d\udcd6 Pe\u0142ny opis: Twoja wycieczka \u0142odzi\u0105 pirack\u0105 w Alanii<\/h2>\n<div>Wyp\u0142y\u0144 w rejs <strong>Legenda Big Kral<\/strong>, najbardziej imponuj\u0105cy statek piracki w Alanyi, zbudowany z my\u015bl\u0105 o komforcie i rozrywce. Wycieczka rozpoczyna si\u0119 od <strong>Port w Alanyi o 10:00 rano<\/strong>, przep\u0142ywaj\u0105c obok <strong>Czerwona wie\u017ca<\/strong>, <strong>Stara Stocznia<\/strong>, oraz <strong>Zamek Alanya<\/strong>.<\/div>\n<div>Odkryjesz legendarne <strong>Piraci, kochankowie, fosfor i diabelskie jaskinie<\/strong>, z przystankami na p\u0142ywanie w turkusowych zatokach, takich jak <strong>Pla\u017ca Ula\u015f<\/strong>. Na pok\u0142adzie czekaj\u0105 \u017cywe animacje, zabawa w pianie i smaczny lunch z napojami bezalkoholowymi.<\/div>\n<div>Zrelaksuj si\u0119 na przestronnych pok\u0142adach, rozkoszuj si\u0119 s\u0142o\u0144cem lub ta\u0144cz z zespo\u0142em animator\u00f3w, gdy Big Kral p\u0142ynie przez Morze \u015ar\u00f3dziemne. \u0141\u00f3d\u017a wraca do portu w Alanyi oko\u0142o godz. <strong>15:00<\/strong>, Nast\u0119pnie wygodny transfer z powrotem do hotelu.<\/div>\n<h3>\ud83d\uddfa\ufe0f Plan podr\u00f3\u017cy<\/h3>\n<p>Odbi\u00f3r z hoteli\/apartament\u00f3w w Alanyi<br \/>\nTransfer do portu w Alanyi<br \/>\nWyjazd o 10:00 rano<br \/>\nPrzep\u0142yni\u0119cie obok Czerwonej Wie\u017cy i starej stoczni<br \/>\nPrzerwa na p\u0142ywanie w pobli\u017cu stoczni<br \/>\nZwiedzanie jaski\u0144 pirat\u00f3w, kochank\u00f3w, fosforu i diab\u0142\u00f3w<br \/>\nLunch na pok\u0142adzie<br \/>\nPrzerwa na p\u0142ywanie na pla\u017cy Ula\u015f<br \/>\nDodatkowe przystanki p\u0142ywackie<br \/>\nPowr\u00f3t do portu w Alanyi (~15:00)<br \/>\nOdbi\u00f3r w hotelach<\/p>\n<h3>\u2139\ufe0f Przydatne informacje<\/h3>\n<p>Czas trwania: oko\u0142o 5-6 godzin<br \/>\nAngloj\u0119zyczna za\u0142oga i przewodnicy<br \/>\nPrzyjazny dla rodzin i odpowiedni dla wszystkich grup wiekowych<br \/>\nDzieci poni\u017cej 5. roku \u017cycia podr\u00f3\u017cuj\u0105 bezp\u0142atnie (dziel\u0105 miejsce z rodzicami).<br \/>\nPrzestronna 3-pok\u0142adowa \u0142\u00f3d\u017a piracka z nowoczesnymi udogodnieniami<\/p>\n<h2>Co zabra\u0107 ze sob\u0105<\/h2>\n<p>Str\u00f3j k\u0105pielowy i r\u0119cznik<br \/>\nOchrona przeciws\u0142oneczna, okulary przeciws\u0142oneczne i kapelusz<br \/>\nAparat fotograficzny lub telefon<br \/>\nNiewielka got\u00f3wka na dodatki<\/p>\n<h3>Nieodpowiednie dla<\/h3>\n<p>Go\u015bcie z powa\u017cn\u0105 chorob\u0105 lokomocyjn\u0105<br \/>\nKobiety w ci\u0105\u017cy<\/p>\n<h2>Cena i rezerwacja<\/h2>\n<p><strong>Zarezerwuj teraz, zap\u0142a\u0107 w dniu wycieczki<\/strong><br \/>\nSkontaktuj si\u0119 z nami za po\u015brednictwem <strong>WhatsApp<\/strong>, <strong>Telegram<\/strong>, <strong>Viber<\/strong>, lub wype\u0142ni\u0107 poni\u017cszy formularz rezerwacji. \ud83d\udc47\ud83c\udffc<\/p>\n<p>Szukasz alternatyw? Przegl\u0105daj <a href=\"https:\/\/excursionsworld.com\/pl\/alanya-wycieczki\/\">wi\u0119cej wycieczek po Alanii<\/a>.<\/p>","protected":false},"excerpt":{"rendered":"<p>Zarezerwuj <b>Legenda Wielkiego Krala<\/b> Pirat <b>Wycieczka \u0142odzi\u0105<\/b>! Najlepszy <b>Wycieczka All Inclusive<\/b> i zabawa <b>wycieczka<\/b>. Zabawa w pianie, p\u0142ywanie i rozrywka. <b>Transfer wliczony w cen\u0119<\/b>!<\/p>","protected":false},"featured_media":15443,"comment_status":"open","ping_status":"closed","template":"","meta":[],"product_brand":[],"product_cat":[128,130],"product_tag":[111],"class_list":{"0":"post-15567","1":"product","2":"type-product","3":"status-publish","4":"has-post-thumbnail","6":"tour_phys-alanya-tours","7":"tour_phys-pirate-boat-tours","8":"product_cat-alanya-tours","9":"product_cat-pirate-boat-tours","10":"product_tag-alanya","11":"pa_destination-alanya-tours","12":"pa_kategori-pirate-boat-tours","14":"first","15":"instock","16":"sale","17":"shipping-taxable","18":"purchasable","19":"product-type-tour_phys"},"aioseo_notices":[],"_links":{"self":[{"href":"https:\/\/excursionsworld.com\/pl\/wp-json\/wp\/v2\/product\/15567","targetHints":{"allow":["GET"]}}],"collection":[{"href":"https:\/\/excursionsworld.com\/pl\/wp-json\/wp\/v2\/product"}],"about":[{"href":"https:\/\/excursionsworld.com\/pl\/wp-json\/wp\/v2\/types\/product"}],"replies":[{"embeddable":true,"href":"https:\/\/excursionsworld.com\/pl\/wp-json\/wp\/v2\/comments?post=15567"}],"wp:featuredmedia":[{"embeddable":true,"href":"https:\/\/excursionsworld.com\/pl\/wp-json\/wp\/v2\/media\/15443"}],"wp:attachment":[{"href":"https:\/\/excursionsworld.com\/pl\/wp-json\/wp\/v2\/media?parent=15567"}],"wp:term":[{"taxonomy":"product_brand","embeddable":true,"href":"https:\/\/excursionsworld.com\/pl\/wp-json\/wp\/v2\/product_brand?post=15567"},{"taxonomy":"product_cat","embeddable":true,"href":"https:\/\/excursionsworld.com\/pl\/wp-json\/wp\/v2\/product_cat?post=15567"},{"taxonomy":"product_tag","embeddable":true,"href":"https:\/\/excursionsworld.com\/pl\/wp-json\/wp\/v2\/product_tag?post=15567"}],"curies":[{"name":"wp","href":"https:\/\/api.w.org\/{rel}","templated":true}]}}