{"id":15568,"date":"2025-11-02T14:27:08","date_gmt":"2025-11-02T11:27:08","guid":{"rendered":"https:\/\/excursionsworld.com\/?post_type=product&#038;p=15568\/"},"modified":"2026-04-24T01:27:16","modified_gmt":"2026-04-23T22:27:16","slug":"piracki-rejs-statkiem-alanya","status":"publish","type":"product","link":"https:\/\/excursionsworld.com\/tours\/alanya-pirate-boat-tour\/","title":{"rendered":"Rejs Statkiem Pirackim Alanya \u2013 Admiral Black | Wszystko w cenie"},"content":{"rendered":"<h2><span style=\"color: #000000;\"><strong>\ud83c\udff4\u200d\u2620\ufe0f Przegl\u0105d<\/strong><\/span><\/h2>\n<p>Wyp\u0142y\u0144 w rejs <strong><a href=\"https:\/\/en.wikipedia.org\/wiki\/Alanya\" target=\"_blank\" rel=\"noopener\">Alanya<\/a> Rejs Statkiem Pirackim<\/strong> - Najpopularniejszy spos\u00f3b na odkrywanie osza\u0142amiaj\u0105cego wybrze\u017ca Alanyi! Rejs du\u017cym drewnianym statkiem pirackim z muzyk\u0105, zabaw\u0105 i niesamowitymi widokami na Morze \u015ar\u00f3dziemne. Ciesz si\u0119 przerwami na p\u0142ywanie, rozrywk\u0105 i pysznym lunchem na pok\u0142adzie podczas tej niezapomnianej morskiej przygody.<\/p>\n<h3><span style=\"color: #000000;\"><strong>W zestawie:<\/strong><\/span><\/h3>\n<p><span style=\"color: #339966;\"><strong>\u2713<\/strong> <\/span>Odbi\u00f3r i dow\u00f3z do hotelu<br \/>\n<span style=\"color: #339966;\"><strong>\u2713<\/strong> <\/span>Profesjonalny przewodnik<br \/>\n<span style=\"color: #339966;\"><strong>\u2713<\/strong> <\/span>Lunch (grillowany kurczak, ry\u017c i sa\u0142atki)<br \/>\n<span style=\"color: #339966;\"><strong>\u2713<\/strong> <\/span>Napoje bezalkoholowe (woda, cola, fanta itp.)<br \/>\n<span style=\"color: #339966;\"><strong>\u2713<\/strong> <\/span>Zabawa w pianie i animacje<br \/>\n<span style=\"color: #339966;\"><strong>\u2713<\/strong> <\/span>Kamizelki ratunkowe<br \/>\n<span style=\"color: #339966;\"><strong>\u2713<\/strong> <\/span>Ubezpieczenie<\/p>\n<h3><span style=\"color: #000000;\"><strong>Nie zawiera:<\/strong><\/span><\/h3>\n<p><strong><span style=\"color: #ff0000;\">\u2717<\/span> <\/strong>Napoje alkoholowe<br \/>\n<strong><span style=\"color: #ff0000;\">\u2717<\/span> <\/strong>Zdj\u0119cia i filmy<br \/>\n<strong><span style=\"color: #ff0000;\">\u2717<\/span> <\/strong>Wydatki osobiste<\/p>\n<h2><span style=\"color: #000000;\"><strong>Najwa\u017cniejsze atrakcje wycieczki<\/strong><\/span><\/h2>\n<p>\u017begluj wzd\u0142u\u017c pirackiego wybrze\u017ca Alanyi i zobacz Czerwon\u0105 Wie\u017c\u0119, star\u0105 stoczni\u0119 i zamek w Alanyi.<br \/>\nOdkryj s\u0142ynne jaskinie pirat\u00f3w, kochank\u00f3w, fosforowe i diabelskie.<br \/>\nWiele miejsc do p\u0142ywania, w tym pla\u017ca Ula\u015f<br \/>\nDo\u0142\u0105cz do zabawy w pianie i rozrywki na pok\u0142adzie<br \/>\n\ud83d\udd39 Spotkaj delfiny lub \u017c\u00f3\u0142wie morskie, je\u015bli masz szcz\u0119\u015bcie.<\/p>\n<h2><span style=\"color: #000000;\"><strong>Pe\u0142ny opis<\/strong><\/span><\/h2>\n<p>Twoja przygoda rozpocznie si\u0119 od odbioru z hotelu i transferu do portu w Alanyi. Wejd\u017a na pok\u0142ad wygodnej trzypok\u0142adowej \u0142odzi pirackiej, takiej jak Viking lub Captain<strong> Barbarossa<\/strong>, z prysznicami, przebieralniami i systemem nag\u0142o\u015bnienia.<br \/>\nO godzinie 10:00 \u0142\u00f3d\u017a przep\u0142ywa obok <strong>Czerwona wie\u017ca<\/strong>, <strong>Stara Stocznia<\/strong>, oraz <strong>Mury zamku w Alanyi<\/strong>, kontynuuj\u0105c do s\u0142ynnego <strong>Piraci, kochankowie, fosfor i diabelskie jaskinie<\/strong>.<br \/>\nPrzez ca\u0142y dzie\u0144 <strong>trzy do czterech przerw na p\u0142ywanie<\/strong>, w tym w <strong>Pla\u017ca Ula\u015f<\/strong>, znane ze spokojnych, piaszczystych w\u00f3d. Smaczne <strong>lunch i napoje bezalkoholowe<\/strong> serwowane s\u0105 na pok\u0142adzie podczas relaksu lub ta\u0144ca przy \u017cywej muzyce.<br \/>\n\u0141\u00f3d\u017a wraca do portu w Alanyi oko\u0142o godz. <strong>15:00<\/strong>, Nast\u0119pnie zostaniesz przetransportowany z powrotem do hotelu.<\/p>\n<h3><span style=\"color: #000000;\"><strong>\ud83d\uddfa\ufe0f Plan podr\u00f3\u017cy<\/strong><\/span><\/h3>\n<p>Odbi\u00f3r z hoteli\/apartament\u00f3w w Alanyi<br \/>\nTransfer do portu w Alanyi<br \/>\nWyjazd o 10:00 rano<br \/>\nZwiedzanie Czerwonej Wie\u017cy i starej stoczni<br \/>\nPrzerwa na p\u0142ywanie w pobli\u017cu stoczni<br \/>\nZwiedzanie jaski\u0144 pirat\u00f3w, kochank\u00f3w, fosforu i diab\u0142\u00f3w<br \/>\nLunch na pok\u0142adzie<br \/>\nPrzerwa na p\u0142ywanie na pla\u017cy Ula\u015f<br \/>\nDodatkowe przystanki p\u0142ywackie<br \/>\nPowr\u00f3t do portu w Alanyi (~15:00)<br \/>\nOdbi\u00f3r w hotelach<\/p>\n<h3><span style=\"color: #000000;\"><strong>\u2139\ufe0f Przydatne informacje<\/strong><\/span><\/h3>\n<p>Czas trwania: oko\u0142o 5-6 godzin<br \/>\nAngloj\u0119zyczna za\u0142oga i przewodnicy<br \/>\nOdpowiedni dla rodzin, par i grup<br \/>\nDzieci poni\u017cej 5. roku \u017cycia podr\u00f3\u017cuj\u0105 bezp\u0142atnie (dziel\u0105 miejsce z rodzicami).<br \/>\nWygodne 3-pok\u0142adowe drewniane \u0142odzie pirackie<\/p>\n<h2><span style=\"color: #000000;\"><strong>Co zabra\u0107 ze sob\u0105<\/strong><\/span><\/h2>\n<p>Str\u00f3j k\u0105pielowy i r\u0119cznik<br \/>\nOchrona przeciws\u0142oneczna, okulary przeciws\u0142oneczne i kapelusz<br \/>\nAparat fotograficzny lub telefon<br \/>\nNiewielka got\u00f3wka na dodatki<\/p>\n<h3><span style=\"color: #000000;\"><strong>Nieodpowiednie dla<\/strong><\/span><\/h3>\n<p>Go\u015bcie z powa\u017cn\u0105 chorob\u0105 lokomocyjn\u0105<br \/>\nKobiety w ci\u0105\u017cy<\/p>\n<h2 dir=\"ltr\">\ud83d\udcb8\u00a0<strong>Cena i rezerwacja<\/strong><\/h2>\n<p dir=\"ltr\"><strong>Zarezerwuj teraz, zap\u0142a\u0107 w dniu wycieczki<\/strong><br \/>\nSkontaktuj si\u0119 z nami przez WhatsApp, Telegram, Viber lub wype\u0142nij poni\u017cszy formularz rezerwacji. \ud83d\udc47\ud83c\udffc<\/p>\n<p>Szukasz alternatyw? Przegl\u0105daj <a href=\"https:\/\/excursionsworld.com\/pl\/alanya-wycieczki\/\">wi\u0119cej wycieczek po Alanii<\/a>.<\/p>","protected":false},"excerpt":{"rendered":"<p>Do\u0142\u0105cz do <b>Wycieczka \u0142odzi\u0105 pirack\u0105 w Alanyi<\/b>! Najlepszy <b>podr\u00f3\u017c morska<\/b> zobaczy\u0107 <b>Czerwona wie\u017ca<\/b>, jaskinie i <b>Pla\u017ca Kleopatry<\/b>. Zawiera <b>lunch<\/b>, impreza z piank\u0105 i <b>transfer<\/b>. Zarezerwuj swoj\u0105 zabaw\u0119 <b>wycieczka<\/b>!<\/p>","protected":false},"featured_media":15272,"comment_status":"open","ping_status":"closed","template":"","meta":[],"product_brand":[],"product_cat":[128,130],"product_tag":[111],"class_list":{"0":"post-15568","1":"product","2":"type-product","3":"status-publish","4":"has-post-thumbnail","6":"tour_phys-alanya-tours","7":"tour_phys-pirate-boat-tours","8":"product_cat-alanya-tours","9":"product_cat-pirate-boat-tours","10":"product_tag-alanya","11":"pa_destination-alanya-tours","12":"pa_kategori-pirate-boat-tours","14":"first","15":"instock","16":"sale","17":"shipping-taxable","18":"purchasable","19":"product-type-tour_phys"},"aioseo_notices":[],"_links":{"self":[{"href":"https:\/\/excursionsworld.com\/pl\/wp-json\/wp\/v2\/product\/15568","targetHints":{"allow":["GET"]}}],"collection":[{"href":"https:\/\/excursionsworld.com\/pl\/wp-json\/wp\/v2\/product"}],"about":[{"href":"https:\/\/excursionsworld.com\/pl\/wp-json\/wp\/v2\/types\/product"}],"replies":[{"embeddable":true,"href":"https:\/\/excursionsworld.com\/pl\/wp-json\/wp\/v2\/comments?post=15568"}],"wp:featuredmedia":[{"embeddable":true,"href":"https:\/\/excursionsworld.com\/pl\/wp-json\/wp\/v2\/media\/15272"}],"wp:attachment":[{"href":"https:\/\/excursionsworld.com\/pl\/wp-json\/wp\/v2\/media?parent=15568"}],"wp:term":[{"taxonomy":"product_brand","embeddable":true,"href":"https:\/\/excursionsworld.com\/pl\/wp-json\/wp\/v2\/product_brand?post=15568"},{"taxonomy":"product_cat","embeddable":true,"href":"https:\/\/excursionsworld.com\/pl\/wp-json\/wp\/v2\/product_cat?post=15568"},{"taxonomy":"product_tag","embeddable":true,"href":"https:\/\/excursionsworld.com\/pl\/wp-json\/wp\/v2\/product_tag?post=15568"}],"curies":[{"name":"wp","href":"https:\/\/api.w.org\/{rel}","templated":true}]}}