{"id":15569,"date":"2025-11-02T14:28:23","date_gmt":"2025-11-02T11:28:23","guid":{"rendered":"https:\/\/excursionsworld.com\/?post_type=product&#038;p=15569\/"},"modified":"2026-04-24T01:27:16","modified_gmt":"2026-04-23T22:27:16","slug":"pamukkale-hierapolis-alanya","status":"publish","type":"product","link":"https:\/\/excursionsworld.com\/tours\/pamukkale-hierapolis-alanya\/","title":{"rendered":"Wycieczka Pamukkale i Hierapolis z Alanyi \u2013 Ca\u0142odniowa"},"content":{"rendered":"<h2><strong>\ud83c\udfdd\ufe0f Przegl\u0105d<\/strong><\/h2>\n<p>Odkryj zapieraj\u0105ce dech w piersiach tarasy <a href=\"https:\/\/en.wikipedia.org\/wiki\/Pamukkale\" target=\"_blank\" rel=\"noopener\">Pamukkale<\/a> i staro\u017cytne miasto Hierapolis podczas jednodniowej wycieczki z <strong>Alanya<\/strong> i okolic. Ciesz si\u0119 wygodnymi transferami z hoteli w Alanyi, Mahmutlar, Konakl\u0131, Kestel i Okurcalar. P\u0142ywaj w \u017ar\u00f3d\u0142ach termalnych, zwiedzaj historyczne ruiny i delektuj si\u0119 pysznym tureckim lunchem podczas tej niezapomnianej wycieczki.<\/p>\n<h3><strong>W zestawie:<\/strong><\/h3>\n<p><span style=\"color: #00ff00;\"><strong>\u2713<\/strong> <\/span>Odbi\u00f3r i dow\u00f3z do hotelu<br \/>\n<span style=\"color: #00ff00;\"><strong>\u2713<\/strong> <\/span>Klimatyzowany autobus<br \/>\n<span style=\"color: #00ff00;\"><strong>\u2713<\/strong> <\/span>Op\u0142aty za wst\u0119p do Pamukkale i Hierapolis<br \/>\n<span style=\"color: #00ff00;\"><strong>\u2713<\/strong> <\/span>Pe\u0142ne ubezpieczenie<br \/>\n<span style=\"color: #00ff00;\"><strong>\u2713<\/strong> <\/span>Przewodnik historyczny m\u00f3wi\u0105cy po angielsku<br \/>\n<span style=\"color: #00ff00;\"><strong>\u2713<\/strong> <\/span>Lunch (w formie bufetu)<\/p>\n<h3><strong>Nie zawiera:<\/strong><\/h3>\n<p><span style=\"color: #ff0000;\"><strong>\u2717<\/strong> <\/span>Wej\u015bcie do basenu Kleopatry<br \/>\n<span style=\"color: #ff0000;\"><strong>\u2717<\/strong> <\/span>Wydatki osobiste<br \/>\n<span style=\"color: #ff0000;\"><strong>\u2717<\/strong> <\/span>Napoje<\/p>\n<h2><strong>Najwa\u017cniejsze atrakcje wycieczki<\/strong><\/h2>\n<p>\ud83d\udd39 Podziwiaj \u015bnie\u017cnobia\u0142e trawertyny w Pamukkale<br \/>\nZwiedzanie rzymskiego teatru i ruin Hierapolis<br \/>\nRelaks w naturalnych basenach termalnych<br \/>\nOpcjonalna k\u0105piel w basenie Kleopatry (dodatkowa op\u0142ata)<br \/>\n\ud83d\udd39 Ciesz si\u0119 tradycyjnym tureckim lunchem<br \/>\n\ud83d\udd39 Wizyta na li\u015bcie \u015bwiatowego dziedzictwa UNESCO<\/p>\n<h2><strong>Pe\u0142ny opis<\/strong><\/h2>\n<p>Dzie\u0144 rozpoczyna si\u0119 od wygodnego transferu z hotelu w <strong>Alanya lub okolice<\/strong>. Podr\u00f3\u017cuj\u0105c przez malownicze krajobrazy, udasz si\u0119 do Pamukkale, \u201cBawe\u0142nianego Zamku\u201d, s\u0142yn\u0105cego z ol\u015bniewaj\u0105cych bia\u0142ych taras\u00f3w. Po przybyciu na miejsce zjesz lunch w formie bufetu, a nast\u0119pnie odkryjesz bogate w minera\u0142y trawertyny Pamukkale. Nast\u0119pnie udaj si\u0119 na wycieczk\u0119 z przewodnikiem po Hierapolis, odwiedzaj\u0105c rzymski teatr, \u015bwi\u0105tyni\u0119 Apolla i inne zabytki. Po zwiedzaniu zrelaksuj si\u0119 w basenach termalnych lub pop\u0142ywaj w basenie Kleopatry (opcjonalnie). Na koniec dnia wr\u00f3\u0107 do hotelu w Alanyi.<\/p>\n<h3><strong>\ud83d\uddfa\ufe0f Plan podr\u00f3\u017cy<\/strong><\/h3>\n<p>Odbi\u00f3r z hotelu<br \/>\nPodr\u00f3\u017c do Pamukkale<br \/>\nLunch w formie bufetu<br \/>\nWycieczka po trawertynach Pamukkale<br \/>\nWizyta w ruinach Hierapolis<br \/>\nCzas wolny na basen Kleopatry (opcjonalnie)<br \/>\nPodr\u00f3\u017c powrotna do Alanyi<br \/>\nTransfer z powrotem do hotelu<\/p>\n<h3><strong>\u2139\ufe0f Przydatne informacje<\/strong><\/h3>\n<p>Czas trwania: oko\u0142o 12 godzin<br \/>\nPlan podr\u00f3\u017cy mo\u017ce ulec zmianie ze wzgl\u0119du na warunki pogodowe.<br \/>\nUmiarkowana aktywno\u015b\u0107 fizyczna (spacery, opcjonalnie p\u0142ywanie)<br \/>\nDzieci poni\u017cej 5 roku \u017cycia podr\u00f3\u017cuj\u0105ce bezp\u0142atnie nie maj\u0105 oddzielnego miejsca w autobusie.<\/p>\n<h2><span style=\"color: #000000;\"><strong>Co zabra\u0107 ze sob\u0105<\/strong><\/span><\/h2>\n<p>\ud83d\udd39 Paszport lub dow\u00f3d osobisty<br \/>\nWygodne buty<br \/>\nOkulary przeciws\u0142oneczne i nakrycia g\u0142owy<br \/>\nStr\u00f3j k\u0105pielowy i r\u0119cznik<br \/>\nFiltr przeciws\u0142oneczny<br \/>\nGot\u00f3wka na wydatki osobiste<\/p>\n<h3><span style=\"color: #000000;\"><strong>Nieodpowiednie dla<\/strong><\/span><\/h3>\n<p>Osoby o ograniczonej sprawno\u015bci ruchowej<br \/>\nOsoby z powa\u017cnymi schorzeniami medycznymi<\/p>\n<h2><strong>Cena i rezerwacja<\/strong><\/h2>\n<p><strong>Zarezerwuj teraz, zap\u0142a\u0107 w dniu wycieczki<\/strong><br \/>\nSkontaktuj si\u0119 z nami przez WhatsApp, Telegram, Viber lub wype\u0142nij poni\u017cszy formularz rezerwacji. \ud83d\udc47\ud83c\udffc<\/p>\n<p>Szukasz alternatyw? Przegl\u0105daj <a href=\"https:\/\/excursionsworld.com\/pl\/alanya-wycieczki\/\">wi\u0119cej wycieczek z Alanyi do Pamukkale<\/a>.<\/p>","protected":false},"excerpt":{"rendered":"<p>Zarezerwuj <b>Alanya Pamukkale Tour<\/b>! Odwied\u017a ruiny Hierapolis i trawertyny termalne. Ca\u0142y dzie\u0144 <b>wycieczka<\/b> z lunchem i wygodami <b>wycieczka jednodniowa<\/b>.<\/p>","protected":false},"featured_media":12575,"comment_status":"open","ping_status":"closed","template":"","meta":[],"product_brand":[],"product_cat":[128],"product_tag":[111],"class_list":{"0":"post-15569","1":"product","2":"type-product","3":"status-publish","4":"has-post-thumbnail","6":"tour_phys-alanya-tours","7":"product_cat-alanya-tours","8":"product_tag-alanya","9":"pa_destination-alanya-tours","11":"first","12":"instock","13":"sale","14":"shipping-taxable","15":"purchasable","16":"product-type-tour_phys"},"aioseo_notices":[],"_links":{"self":[{"href":"https:\/\/excursionsworld.com\/pl\/wp-json\/wp\/v2\/product\/15569","targetHints":{"allow":["GET"]}}],"collection":[{"href":"https:\/\/excursionsworld.com\/pl\/wp-json\/wp\/v2\/product"}],"about":[{"href":"https:\/\/excursionsworld.com\/pl\/wp-json\/wp\/v2\/types\/product"}],"replies":[{"embeddable":true,"href":"https:\/\/excursionsworld.com\/pl\/wp-json\/wp\/v2\/comments?post=15569"}],"wp:featuredmedia":[{"embeddable":true,"href":"https:\/\/excursionsworld.com\/pl\/wp-json\/wp\/v2\/media\/12575"}],"wp:attachment":[{"href":"https:\/\/excursionsworld.com\/pl\/wp-json\/wp\/v2\/media?parent=15569"}],"wp:term":[{"taxonomy":"product_brand","embeddable":true,"href":"https:\/\/excursionsworld.com\/pl\/wp-json\/wp\/v2\/product_brand?post=15569"},{"taxonomy":"product_cat","embeddable":true,"href":"https:\/\/excursionsworld.com\/pl\/wp-json\/wp\/v2\/product_cat?post=15569"},{"taxonomy":"product_tag","embeddable":true,"href":"https:\/\/excursionsworld.com\/pl\/wp-json\/wp\/v2\/product_tag?post=15569"}],"curies":[{"name":"wp","href":"https:\/\/api.w.org\/{rel}","templated":true}]}}