{"id":15769,"date":"2025-11-12T10:38:49","date_gmt":"2025-11-12T07:38:49","guid":{"rendered":"https:\/\/excursionsworld.com\/?post_type=product&#038;p=15769\/"},"modified":"2026-04-24T01:27:17","modified_gmt":"2026-04-23T22:27:17","slug":"piracki-rejs-statkiem-kemer-red-dragon","status":"publish","type":"product","link":"https:\/\/excursionsworld.com\/tours\/kemer-pirate-boat-tour-red-dragon\/","title":{"rendered":"Piracki rejs statkiem w Kemer \u2013 Red Dragon z lunchem"},"content":{"rendered":"<h2 dir=\"ltr\" data-pm-slice=\"1 1 []\"><span style=\"color: #000000;\"><strong>\ud83c\udff4\u200d\u2620\ufe0f Przegl\u0105d<\/strong><\/span><\/h2>\n<p dir=\"ltr\">Wyrusz w rejs nowoczesnym katamaranem wzd\u0142u\u017c <a href=\"https:\/\/en.wikipedia.org\/wiki\/Kemer,_Antalya\" target=\"_blank\" rel=\"noopener\">Kemer<\/a>\u2019Osza\u0142amiaj\u0105ce wybrze\u017ce \u2014 idealne po\u0142\u0105czenie p\u0142ywania, opalania si\u0119 i podziwiania przyrody. Odbierzemy Ci\u0119 z Twojego hotelu w Kemer lub okolicznych miejscowo\u015bciach i zawieziemy do punktu wyp\u0142yni\u0119cia w porcie Kemer.<\/p>\n<h3><strong>W zestawie:<\/strong><\/h3>\n<p dir=\"ltr\"><strong><span style=\"color: #00ff00;\">\u2713<\/span><\/strong> Odbi\u00f3r i dow\u00f3z do hotelu<br \/>\n<strong><span style=\"color: #00ff00;\">\u2713 <\/span><\/strong>Ubezpieczenie<br \/>\n<strong><span style=\"color: #00ff00;\">\u2713 <\/span><\/strong>Przewodnik<br \/>\n<strong><span style=\"color: #00ff00;\">\u2713 <\/span><\/strong>Impreza piankowa<br \/>\n<strong><span style=\"color: #00ff00;\">\u2713 <\/span><\/strong>Lunch<\/p>\n<h3 dir=\"ltr\"><strong>Nie zawiera:<\/strong><\/h3>\n<p dir=\"ltr\"><span style=\"color: #ff0000;\"><strong>\u2717 <\/strong><\/span>Zdj\u0119cia i filmy<br \/>\n<span style=\"color: #ff0000;\"><strong>\u2717 <\/strong><\/span>Napoje<\/p>\n<h2 dir=\"ltr\"><span style=\"color: #000000;\"><strong>Najwa\u017cniejsze atrakcje wycieczki<\/strong><\/span><\/h2>\n<p dir=\"ltr\">Rejs nowoczesnym i wygodnym katamaranem<br \/>\nP\u0142ywanie w krystalicznie czystych zatokach Kemer<br \/>\nMuzyka na \u017cywo i program rozrywkowy na pok\u0142adzie<br \/>\nOpalanie i relaks na przestronnych pok\u0142adach<br \/>\nZapieraj\u0105ce dech w piersiach widoki i \u015bwietne mo\u017cliwo\u015bci fotografowania<br \/>\nWysoka jako\u015b\u0107 w przyst\u0119pnej cenie<\/p>\n<h2 dir=\"ltr\"><span style=\"color: #000000;\"><strong>Pe\u0142ny opis<\/strong><\/span><\/h2>\n<div dir=\"ltr\">Sp\u0119d\u017a dzie\u0144 relaksu i zabawy podczas naszej wycieczki katamaranem z Kemer. Ta podr\u00f3\u017c \u0142\u0105czy w sobie komfort nowoczesnego statku z pi\u0119knem wybrze\u017ca Morza \u015ar\u00f3dziemnego.<br \/>\nWycieczka rozpoczyna si\u0119 w Kemer Marina, gdzie wejdziesz na pok\u0142ad katamaranu wyposa\u017conego w przytulne miejsca do le\u017cenia i opalania.<\/div>\n<div dir=\"ltr\">Rejs obejmuje przystanki na p\u0142ywanie w malowniczych zatokach:<br \/>\n<strong>Zatoka Phaselis<\/strong>: P\u0142ywanie w pobli\u017cu staro\u017cytnych ruin i las\u00f3w sosnowych.<br \/>\n<strong>Paradise Bay<\/strong>: Odosobnione miejsce z b\u0142\u0119kitnymi wodami.<br \/>\n<strong>Moonlight Bay<\/strong>: Idealny do zdj\u0119\u0107 i relaksu.<br \/>\n<strong>Jaskinia pirat\u00f3w<\/strong>: Przep\u0142y\u0144 obok legendarnej jaskini morskiej, \u015bwietnego miejsca do robienia zdj\u0119\u0107.<\/div>\n<div dir=\"ltr\">Na pok\u0142adzie mo\u017cna pos\u0142ucha\u0107 muzyki, wzi\u0105\u0107 udzia\u0142 w animacjach i zabawie w pianie.<br \/>\nW cen\u0119 wliczony jest lunch oraz napoje.<br \/>\nJest to jedna z najpopularniejszych wycieczek w Kemer, odpowiednia dla par, rodzin i os\u00f3b podr\u00f3\u017cuj\u0105cych samotnie.<\/div>\n<h3 dir=\"ltr\"><span style=\"color: #000000;\"><strong>\ud83d\uddfa\ufe0f Plan podr\u00f3\u017cy<\/strong><\/span><\/h3>\n<p dir=\"ltr\">Odbi\u00f3r z hotelu<br \/>\nWyp\u0142yni\u0119cie z przystani w Kemer<br \/>\nPrzystanek p\u0142ywacki w zatoce Phaselis: ruiny i przyroda<br \/>\nPrzystanek p\u0142ywacki w Paradise Bay: zaciszna zatoka<br \/>\nPrzystanek p\u0142ywacki w Moonlight Bay: zdj\u0119cia i relaks<br \/>\nPrzep\u0142yni\u0119cie obok Jaskini Pirat\u00f3w: legendy i klify<br \/>\nImpreza piankowa i muzyka na pok\u0142adzie<br \/>\nPowr\u00f3t do Kemer Marina<br \/>\nTransfer z powrotem do hotelu<\/p>\n<h3 dir=\"ltr\">\u2139\ufe0f <strong>Przydatne informacje<\/strong><\/h3>\n<p dir=\"ltr\">Czas trwania wycieczki: oko\u0142o 5-6 godzin<br \/>\nKatamaran posiada zacienione obszary i miejsca do opalania.<\/p>\n<h2 dir=\"ltr\"><span style=\"color: #000000;\"><strong>Co zabra\u0107 ze sob\u0105<\/strong><\/span><\/h2>\n<p dir=\"ltr\">Str\u00f3j k\u0105pielowy i r\u0119cznik<br \/>\nOchrona przeciws\u0142oneczna i okulary przeciws\u0142oneczne<br \/>\nKapelusz lub czapka<br \/>\nWodoodporne etui na telefon lub aparat fotograficzny<br \/>\nTroch\u0119 got\u00f3wki na wydatki osobiste<\/p>\n<h3 dir=\"ltr\"><strong>Nieodpowiednie dla<\/strong><\/h3>\n<p dir=\"ltr\">Osoby podatne na ci\u0119\u017ck\u0105 chorob\u0119 morsk\u0105<br \/>\nPodr\u00f3\u017cni o ograniczonej sprawno\u015bci ruchowej<\/p>\n<h2 dir=\"ltr\"><span style=\"color: #000000;\"><strong>Cena i rezerwacja<\/strong><\/span><\/h2>\n<p dir=\"ltr\"><strong>Zarezerwuj teraz, zap\u0142a\u0107 w dniu wycieczki<\/strong><br \/>\nSkontaktuj si\u0119 z nami przez WhatsApp, Telegram, Viber lub wype\u0142nij poni\u017cszy formularz rezerwacji. \ud83d\udc47\ud83c\udffd<\/p>\n<p>Szukasz alternatyw? Przegl\u0105daj <a href=\"https:\/\/excursionsworld.com\/pl\/kemer-wycieczki\/\">wi\u0119cej wycieczek po Kemer<\/a>.<\/p>","protected":false},"excerpt":{"rendered":"<p>Do\u0142\u0105cz do wycieczki \u0142odzi\u0105 pirack\u0105 Kemer - Red Dragon! Ta ekscytuj\u0105ca wycieczka all inclusive obejmuje p\u0142ywanie, zabaw\u0119 w pianie i lunch, zapewniaj\u0105c niezapomniany dzie\u0144.<\/p>","protected":false},"featured_media":16711,"comment_status":"open","ping_status":"closed","template":"","meta":[],"product_brand":[],"product_cat":[124,130],"product_tag":[105],"class_list":{"0":"post-15769","1":"product","2":"type-product","3":"status-publish","4":"has-post-thumbnail","6":"tour_phys-kemer-tours","7":"tour_phys-pirate-boat-tours","8":"product_cat-kemer-tours","9":"product_cat-pirate-boat-tours","10":"product_tag-kemer","11":"pa_destination-kemer-tours","12":"pa_kategori-pirate-boat-tours","14":"first","15":"instock","16":"sale","17":"featured","18":"shipping-taxable","19":"purchasable","20":"product-type-tour_phys"},"aioseo_notices":[],"_links":{"self":[{"href":"https:\/\/excursionsworld.com\/pl\/wp-json\/wp\/v2\/product\/15769","targetHints":{"allow":["GET"]}}],"collection":[{"href":"https:\/\/excursionsworld.com\/pl\/wp-json\/wp\/v2\/product"}],"about":[{"href":"https:\/\/excursionsworld.com\/pl\/wp-json\/wp\/v2\/types\/product"}],"replies":[{"embeddable":true,"href":"https:\/\/excursionsworld.com\/pl\/wp-json\/wp\/v2\/comments?post=15769"}],"wp:featuredmedia":[{"embeddable":true,"href":"https:\/\/excursionsworld.com\/pl\/wp-json\/wp\/v2\/media\/16711"}],"wp:attachment":[{"href":"https:\/\/excursionsworld.com\/pl\/wp-json\/wp\/v2\/media?parent=15769"}],"wp:term":[{"taxonomy":"product_brand","embeddable":true,"href":"https:\/\/excursionsworld.com\/pl\/wp-json\/wp\/v2\/product_brand?post=15769"},{"taxonomy":"product_cat","embeddable":true,"href":"https:\/\/excursionsworld.com\/pl\/wp-json\/wp\/v2\/product_cat?post=15769"},{"taxonomy":"product_tag","embeddable":true,"href":"https:\/\/excursionsworld.com\/pl\/wp-json\/wp\/v2\/product_tag?post=15769"}],"curies":[{"name":"wp","href":"https:\/\/api.w.org\/{rel}","templated":true}]}}