{"id":15770,"date":"2025-11-12T10:42:42","date_gmt":"2025-11-12T07:42:42","guid":{"rendered":"https:\/\/excursionsworld.com\/?post_type=product&#038;p=15770\/"},"modified":"2026-04-23T22:02:36","modified_gmt":"2026-04-23T19:02:36","slug":"rejs-piracki-kemer-gonster","status":"publish","type":"product","link":"https:\/\/excursionsworld.com\/tours\/kemer-pirate-boat-tour-gonster\/","title":{"rendered":"Piracki rejs statkiem w Kemer \u2013 Gonster | All Inclusive"},"content":{"rendered":"<h2><strong>\ud83c\udff4\u200d\u2620\ufe0f Przegl\u0105d<\/strong><\/h2>\n<p dir=\"ltr\">Wyrusz na ekscytuj\u0105c\u0105 przygod\u0119 na pok\u0142adzie statku pirackiego Gonster \u2013 dzie\u0144 pe\u0142en zabawy, muzyki i p\u0142ywania wzd\u0142u\u017c <a href=\"https:\/\/en.wikipedia.org\/wiki\/Kemer,_Antalya\" target=\"_blank\" rel=\"noopener\">Kemer<\/a>\u2019Tzw. turkusowe wybrze\u017ce. Ta wycieczka w pirackim stylu \u0142\u0105czy \u017cyw\u0105 rozrywk\u0119 z zapieraj\u0105cymi dech w piersiach widokami na Morze \u015ar\u00f3dziemne. Napoje bezalkoholowe s\u0105 w cenie dla wszystkich!<\/p>\n<h3><strong>W zestawie:<\/strong><\/h3>\n<p dir=\"ltr\"><span style=\"color: #00ff00;\"><strong>\u2713<\/strong><\/span> Odbi\u00f3r i dow\u00f3z do hotelu<br \/>\n<span style=\"color: #00ff00;\"><strong>\u2713 <\/strong><\/span>Ubezpieczenie<br \/>\n<span style=\"color: #00ff00;\"><strong>\u2713 <\/strong><\/span>Profesjonalny przewodnik<br \/>\n<span style=\"color: #00ff00;\"><strong>\u2713 <\/strong><\/span>Impreza piankowa i rozrywka na pok\u0142adzie<br \/>\n<span style=\"color: #00ff00;\"><strong>\u2713 <\/strong><\/span>Lunch<br \/>\n<span style=\"color: #00ff00;\"><strong>\u2713 <\/strong><\/span>Napoje bezalkoholowe<\/p>\n<h3 dir=\"ltr\"><span style=\"color: #000000;\"><strong>Nie zawiera:<\/strong><\/span><\/h3>\n<p dir=\"ltr\"><strong><span style=\"color: #ff0000;\">\u2717 <\/span><\/strong>Zdj\u0119cia i filmy<br \/>\n<strong><span style=\"color: #ff0000;\">\u2717 <\/span><\/strong>Napoje alkoholowe<\/p>\n<h2 dir=\"ltr\"><span style=\"color: #000000;\">\ud83c\udf1f <strong>Najwa\u017cniejsze informacje o wycieczce<\/strong><\/span><\/h2>\n<p dir=\"ltr\">\u015awi\u0105teczny statek piracki z \u017cyw\u0105 atmosfer\u0105<br \/>\nP\u0142ywanie w krystalicznie czystych zatokach Kemer<br \/>\nMuzyka na \u017cywo i program rozrywkowy na pok\u0142adzie<br \/>\nLunch i napoje bezalkoholowe wliczone w cen\u0119<br \/>\n\ud83d\udd39 Opalanie na przestronnych pok\u0142adach<br \/>\nPrzystanki fotograficzne w Jaskini Pirat\u00f3w i na malowniczym wybrze\u017cu<br \/>\nIdealny dla rodzin i entuzjast\u00f3w przyg\u00f3d<\/p>\n<h2 dir=\"ltr\"><span style=\"color: #000000;\">\ud83d\udcd6 <strong>Pe\u0142ny opis<\/strong><\/span><\/h2>\n<div dir=\"ltr\">Wyrusz w morsk\u0105 podr\u00f3\u017c na pok\u0142adzie pirackiego statku Gonster wzd\u0142u\u017c turkusowego wybrze\u017ca Kemer. Ta wyj\u0105tkowa wycieczka \u0142\u0105czy t\u0119tni\u0105c\u0105 \u017cyciem rozrywk\u0119 z naturalnym pi\u0119knem Morza \u015ar\u00f3dziemnego, tworz\u0105c idealny wypad dla rodzin, par i grup przyjaci\u00f3\u0142.<\/div>\n<div dir=\"ltr\">Wej\u015bcie na pok\u0142ad odbywa si\u0119 w porcie Kemer, gdzie statek o tematyce pirackiej i t\u0119tni\u0105ca \u017cyciem za\u0142oga tworz\u0105 scen\u0119 dla \u015bwi\u0105tecznej atmosfery z muzyk\u0105, ta\u0144cami i pokazem tematycznym.<\/div>\n<div dir=\"ltr\">Podczas wycieczki odwiedzisz trzy malownicze zatoki, aby pop\u0142ywa\u0107 i zrelaksowa\u0107 si\u0119:<\/div>\n<div dir=\"ltr\"><strong>\ud83c\udfca\u200d\u2642\ufe0fPhaselis Bay<\/strong>\u00a0P\u0142ywaj w pobli\u017cu staro\u017cytnych ruin licyjskich, w otoczeniu historii i przyrody.<\/div>\n<div dir=\"ltr\"><strong>Rajska Zatoka<\/strong>\u00a0Przytulny przystanek z krystalicznie czystymi wodami i bujn\u0105 zielon\u0105 sceneri\u0105.<\/div>\n<div dir=\"ltr\"><strong>Moonlight Bay<\/strong>\u00a0Idealny do robienia zdj\u0119\u0107, opalania si\u0119 i spokojnego p\u0142ywania.<\/div>\n<div dir=\"ltr\"><strong>\ud83c\udff4\u200d\u2620\ufe0fPirate Jaskinia<\/strong>\u00a0Przep\u0142y\u0144 obok legendarnej Jaskini Pirat\u00f3w, z dramatycznymi klifami i \u015bwietnymi okazjami do robienia zdj\u0119\u0107.<\/div>\n<div dir=\"ltr\">Na pok\u0142adzie czeka na Ciebie pyszny lunch z napojami bezalkoholowymi, a po powrocie huczna impreza w pianie. Niezale\u017cnie od tego, czy chcesz si\u0119 opala\u0107, czy ta\u0144czy\u0107 z za\u0142og\u0105, ta wycieczka obiecuje nieko\u0144cz\u0105c\u0105 si\u0119 zabaw\u0119 i niezapomniane wspomnienia!<\/div>\n<h3 dir=\"ltr\"><span style=\"color: #000000;\">\ud83d\uddfa\ufe0f <strong>Plan podr\u00f3\u017cy<\/strong><\/span><\/h3>\n<p dir=\"ltr\">Odbi\u00f3r z hoteli w okolicy Kemer<br \/>\nWylot z portu w Kemer<br \/>\nPrzystanek p\u0142ywacki w zatoce Phaselis<br \/>\nPrzystanek p\u0142ywacki w zatoce Moonlight Bay<br \/>\nPrzystanek p\u0142ywacki w Paradise Bay<br \/>\nPrzep\u0142yni\u0119cie obok Jaskini Pirat\u00f3w<br \/>\nImpreza piankowa i rozrywka na pok\u0142adzie<br \/>\nPowr\u00f3t do portu Kemer<br \/>\nTransfer z powrotem do hotelu<\/p>\n<h3 dir=\"ltr\"><span style=\"color: #000000;\">\u2139\ufe0f <strong>Przydatne informacje<\/strong><\/span><\/h3>\n<p dir=\"ltr\">Czas trwania wycieczki: oko\u0142o 5-6 godzin<br \/>\nObszary zacienione i miejsca do opalania dost\u0119pne na pok\u0142adzie<br \/>\nOdpowiedni dla go\u015bci w ka\u017cdym wieku<br \/>\nZa\u0142oga m\u00f3wi po angielsku<\/p>\n<h2 dir=\"ltr\">\ud83c\udf92 <strong>Co zabra\u0107 ze sob\u0105<\/strong><\/h2>\n<p dir=\"ltr\">Str\u00f3j k\u0105pielowy i r\u0119cznik<br \/>\nOchrona przeciws\u0142oneczna i okulary przeciws\u0142oneczne<br \/>\nKapelusz lub czapka<br \/>\nWodoodporne etui lub aparat fotograficzny<br \/>\nGot\u00f3wka na pami\u0105tki i dodatkowe wydatki<\/p>\n<h3 dir=\"ltr\"><span style=\"color: #000000;\">\ud83d\udeab <strong>Nieodpowiednie dla<\/strong><\/span><\/h3>\n<p dir=\"ltr\">Go\u015bcie podatni na ci\u0119\u017ck\u0105 chorob\u0119 morsk\u0105<br \/>\nOsoby o ograniczonej sprawno\u015bci ruchowej<\/p>\n<h2 dir=\"ltr\">\ud83d\udcb8 <strong>Cena i rezerwacja<\/strong><\/h2>\n<p dir=\"ltr\"><strong>Zarezerwuj teraz, zap\u0142a\u0107 w dniu wycieczki<\/strong><br \/>\nSkontaktuj si\u0119 z nami przez WhatsApp, Telegram, Viber lub wype\u0142nij poni\u017cszy formularz rezerwacji. \ud83d\udc47\ud83c\udffd<\/p>\n<p>Szukasz alternatyw? Przegl\u0105daj <a href=\"https:\/\/excursionsworld.com\/pl\/kemer-wycieczki\/\">wi\u0119cej wycieczek po Kemer<\/a>.<\/p>","protected":false},"excerpt":{"rendered":"<p>Do\u0142\u0105cz do Kemer Pirate Boat Trip Gonster - wycieczki all inclusive z p\u0142ywaniem, zabaw\u0105 w pianie, lunchem i napojami na niezapomniany dzie\u0144!<\/p>","protected":false},"featured_media":12200,"comment_status":"open","ping_status":"closed","template":"","meta":[],"product_brand":[],"product_cat":[124,130],"product_tag":[105],"class_list":{"0":"post-15770","1":"product","2":"type-product","3":"status-publish","4":"has-post-thumbnail","6":"tour_phys-kemer-tours","7":"tour_phys-pirate-boat-tours","8":"product_cat-kemer-tours","9":"product_cat-pirate-boat-tours","10":"product_tag-kemer","11":"pa_destination-kemer-tours","12":"pa_kategori-pirate-boat-tours","14":"first","15":"instock","16":"sale","17":"featured","18":"shipping-taxable","19":"purchasable","20":"product-type-tour_phys"},"aioseo_notices":[],"_links":{"self":[{"href":"https:\/\/excursionsworld.com\/pl\/wp-json\/wp\/v2\/product\/15770","targetHints":{"allow":["GET"]}}],"collection":[{"href":"https:\/\/excursionsworld.com\/pl\/wp-json\/wp\/v2\/product"}],"about":[{"href":"https:\/\/excursionsworld.com\/pl\/wp-json\/wp\/v2\/types\/product"}],"replies":[{"embeddable":true,"href":"https:\/\/excursionsworld.com\/pl\/wp-json\/wp\/v2\/comments?post=15770"}],"wp:featuredmedia":[{"embeddable":true,"href":"https:\/\/excursionsworld.com\/pl\/wp-json\/wp\/v2\/media\/12200"}],"wp:attachment":[{"href":"https:\/\/excursionsworld.com\/pl\/wp-json\/wp\/v2\/media?parent=15770"}],"wp:term":[{"taxonomy":"product_brand","embeddable":true,"href":"https:\/\/excursionsworld.com\/pl\/wp-json\/wp\/v2\/product_brand?post=15770"},{"taxonomy":"product_cat","embeddable":true,"href":"https:\/\/excursionsworld.com\/pl\/wp-json\/wp\/v2\/product_cat?post=15770"},{"taxonomy":"product_tag","embeddable":true,"href":"https:\/\/excursionsworld.com\/pl\/wp-json\/wp\/v2\/product_tag?post=15770"}],"curies":[{"name":"wp","href":"https:\/\/api.w.org\/{rel}","templated":true}]}}