{"id":15774,"date":"2025-11-18T21:21:04","date_gmt":"2025-11-18T18:21:04","guid":{"rendered":"https:\/\/excursionsworld.com\/?post_type=product&#038;p=15774\/"},"modified":"2026-04-24T01:27:17","modified_gmt":"2026-04-23T22:27:17","slug":"statkiem-pirackim-antalya-wodospad","status":"publish","type":"product","link":"https:\/\/excursionsworld.com\/tours\/antalya-pirate-boat-trip-waterfall\/","title":{"rendered":"Rejs statkiem pirackim w Antalyi \u2013 Pla\u017ca Lara i wodospad D\u00fcden"},"content":{"rendered":"<h2>\ud83c\udff4\u200d\u2620\ufe0f Przegl\u0105d<\/h2>\n<p>Wyp\u0142y\u0144 z <a href=\"https:\/\/en.wikipedia.org\/wiki\/Antalya\" target=\"_blank\" rel=\"noopener\">Antalya<\/a> na weso\u0142ym rejsie pirackim statkiem z pla\u017cy Lara z odbiorem z hoteli w Kundu, Lara, G\u00fcll\u00fck i Konyaalt\u0131. Sp\u0119d\u017a ca\u0142y dzie\u0144 na morzu ze przystankami na p\u0142ywanie w Zatoce \u017b\u00f3\u0142wi, podziwiaj\u0105c widoki na s\u0142ynny wodospad Duden, muzyk\u0119, animacje i imprez\u0119 piankow\u0105 \u2013 to \u015bwietna zabawa dla rodzin, par i grup przyjaci\u00f3\u0142.<\/p>\n<h3>W zestawie:<\/h3>\n<div><span style=\"color: #00ff00;\"><strong>\u2713<\/strong> <\/span>Odbi\u00f3r i dow\u00f3z do hotelu<br \/>\n<span style=\"color: #00ff00;\"><strong>\u2713<\/strong> <\/span>Rejs pirack\u0105 \u0142odzi\u0105 z pla\u017cy Lara<br \/>\n<span style=\"color: #00ff00;\"><strong>\u2713<\/strong> <\/span>Smaczny lunch na pok\u0142adzie<br \/>\n<span style=\"color: #00ff00;\"><strong>\u2713<\/strong> <\/span>Rozrywka, animacje i zabawa w pianie<\/div>\n<div><span style=\"color: #00ff00;\"><strong>\u2713<\/strong> <\/span>Ubezpieczenie<br \/>\n<span style=\"color: #00ff00;\"><strong>\u2713<\/strong> <\/span>Przystanki p\u0142ywackie (Zatoka \u017b\u00f3\u0142wia i przybrze\u017cne zatoki - przy sprzyjaj\u0105cej pogodzie)<\/div>\n<h3>Nie zawiera:<\/h3>\n<p><span style=\"color: #ff0000;\"><strong>\u2717<\/strong> <\/span>Napoje<br \/>\n<span style=\"color: #ff0000;\"><strong>\u2717<\/strong> <\/span>Wydatki osobiste (pami\u0105tki, przek\u0105ski)<br \/>\n<span style=\"color: #ff0000;\"><strong>\u2717<\/strong> <\/span>Zdj\u0119cia i filmy<\/p>\n<h2>\ud83c\udf1f Najwa\u017cniejsze atrakcje rejsu pirackiego po Antalyi<\/h2>\n<p>Sceniczny rejs o tematyce pirackiej wzd\u0142u\u017c wybrze\u017ca Antalyi<br \/>\nPanoramiczne widoki na wodospad Lower Duden wpadaj\u0105cy kaskad\u0105 do morza<br \/>\nWidok na stare miasto Kalei\u00e7i i pla\u017c\u0119 Konyaalt\u0131 z wody<br \/>\nP\u0142ywanie w czystych wodach zatoki Turtle Bay<br \/>\n\u017bywa rozrywka na pok\u0142adzie, zaj\u0119cia dla dzieci i piana party<br \/>\nPrzestronna \u0142\u00f3d\u017a wielopok\u0142adowa z obszarami nas\u0142onecznionymi i zacienionymi<\/p>\n<h2>Pe\u0142ny opis: Twoja Przygoda na Pok\u0142adzie Pirackiego Statku w Antalyi<\/h2>\n<p>Dzie\u0144 rozpoczyna si\u0119 od wygodnego odbioru z hotelu w Antalyi (Kundu, Lara, G\u00fcll\u00fck lub Konyaalt\u0131) i transferu do portu w pobli\u017cu pla\u017cy Lara. Tutaj wejdziesz na pok\u0142ad du\u017cej \u0142odzi w stylu pirackim z kilkoma pok\u0142adami, le\u017cakami i zacienionymi miejscami do siedzenia.<\/p>\n<p>Gdy \u0142\u00f3d\u017a opu\u015bci port, pop\u0142yniesz wzd\u0142u\u017c pi\u0119knego wybrze\u017ca Antalyi. Trasa obejmuje fantastyczne widoki na wodospad Lower Duden, gdzie rzeka dramatycznie wpada prosto do Morza \u015ar\u00f3dziemnego, a tak\u017ce historyczne stare miasto Kalei\u00e7i i pla\u017c\u0119 Konyaalt\u0131 w oddali.<\/p>\n<p>W ci\u0105gu dnia \u0142\u00f3d\u017a zatrzymuje si\u0119 w os\u0142oni\u0119tych zatokach, w tym w Zatoce \u017b\u00f3\u0142wi, gdzie mo\u017cna wskoczy\u0107 do turkusowej wody, pop\u0142ywa\u0107 lub po prostu zrelaksowa\u0107 si\u0119 na pok\u0142adzie i cieszy\u0107 si\u0119 s\u0142o\u0144cem. Na pok\u0142adzie za\u0142oga organizuje muzyk\u0119, gry, zaj\u0119cia dla dzieci, malowanie twarzy i zabaw\u0119 w pianie, kt\u00f3r\u0105 uwielbiaj\u0105 zar\u00f3wno dzieci, jak i doro\u015bli.<\/p>\n<p>Na \u0142odzi serwowany jest smaczny lunch, a w pok\u0142adowym barze mo\u017cna kupi\u0107 zimne napoje. Po kilku godzinach p\u0142ywania, relaksu i podziwiania pokaz\u00f3w \u0142\u00f3d\u017a wraca do portu. Kierowca b\u0119dzie czeka\u0142, aby zabra\u0107 Ci\u0119 z powrotem do hotelu w Antalyi.<\/p>\n<h3>\ud83d\uddfa\ufe0f Plan podr\u00f3\u017cy<\/h3>\n<p>Odbi\u00f3r z hotelu w Antalyi (Kundu, Lara, G\u00fcll\u00fck, Konyaalt\u0131)<br \/>\nTransfer do portu w pobli\u017cu pla\u017cy Lara<br \/>\n\ud83d\udd39 Wej\u015bcie na pok\u0142ad pirackiej \u0142odzi i odlot<br \/>\nRejs przybrze\u017cny z widokiem na wodospad Duden, Kalei\u00e7i i Konyaalt\u0131<br \/>\nPrzystanek na p\u0142ywanie w Zatoce \u017b\u00f3\u0142wi (i\/lub innych zatokach - w zale\u017cno\u015bci od pogody)<br \/>\nLunch, muzyka, animacje i piana na pok\u0142adzie<br \/>\n\ud83d\udd39 Powr\u00f3t do portu<br \/>\nTransfer powrotny do hoteli w Antalyi<\/p>\n<h3>\u2139\ufe0f Przydatne informacje<\/h3>\n<p>Czas trwania: ok. 6-7 godzin (w tym transfery)<br \/>\nWycieczka przyjazna rodzinom z cichymi, zacienionymi obszarami i t\u0119tni\u0105cymi \u017cyciem strefami rozrywki.<br \/>\nZazwyczaj dost\u0119pne s\u0105 opcje posi\u0142k\u00f3w wegetaria\u0144skich - nale\u017cy o tym wspomnie\u0107 podczas rezerwacji.<br \/>\nZa\u0142oga m\u00f3wi g\u0142\u00f3wnie po angielsku; podstawowe wyja\u015bnienia mog\u0105 by\u0107 r\u00f3wnie\u017c udzielane w innych j\u0119zykach w zale\u017cno\u015bci od dnia.<br \/>\nDzieci w wieku do 5 lat podr\u00f3\u017cuj\u0105ce bezp\u0142atnie nie maj\u0105 w\u0142asnego miejsca w autobusie; w okresach wzmo\u017conego ruchu siedz\u0105 na kolanach osoby doros\u0142ej lub mo\u017cna zarezerwowa\u0107 osobne miejsce z wyprzedzeniem za dodatkow\u0105 op\u0142at\u0105.<\/p>\n<h2>Co zabra\u0107 ze sob\u0105<\/h2>\n<p>Str\u00f3j k\u0105pielowy i r\u0119cznik<br \/>\nOchrona przeciws\u0142oneczna i okulary przeciws\u0142oneczne<br \/>\nKapelusz lub czapka<br \/>\nTelefon lub aparat fotograficzny do zdj\u0119\u0107<br \/>\nTroch\u0119 got\u00f3wki na napoje, pami\u0105tki i dodatkowe wydatki<\/p>\n<h3>Nieodpowiednie dla<\/h3>\n<p>Go\u015bcie cierpi\u0105cy na siln\u0105 chorob\u0119 morsk\u0105<br \/>\n\ud83d\udd39 Podr\u00f3\u017cni szukaj\u0105cy ca\u0142kowicie cichej wycieczki bez muzyki i animacji.<\/p>\n<p>Szukasz alternatyw? Przegl\u0105daj <a href=\"https:\/\/excursionsworld.com\/pl\/antalya-wycieczki\/\">wi\u0119cej wycieczek po Antalyi<\/a>.<\/p>\n<h2>\ud83d\udcb8 Cena i rezerwacja \u2013 Zarezerwuj swoj\u0105 pirack\u0105 wycieczk\u0119 statkiem po Antalyi<\/h2>\n<p data-is-last-node=\"\" data-is-only-node=\"\"><strong>Zarezerwuj teraz - zap\u0142a\u0107 w dniu wycieczki<\/strong><br \/>\nSkontaktuj si\u0119 z nami przez WhatsApp, Telegram, Viber lub wype\u0142nij poni\u017cszy formularz rezerwacji. \ud83d\udc47\ud83c\udffc<\/p>","protected":false},"excerpt":{"rendered":"<article class=\"text-token-text-primary w-full focus:outline-none [--shadow-height:45px] has-data-writing-block:pointer-events-none has-data-writing-block:-mt-(--shadow-height) has-data-writing-block:pt-(--shadow-height) [&amp;:has([data-writing-block])&gt;*]:pointer-events-auto [content-visibility:auto] supports-[content-visibility:auto]:[contain-intrinsic-size:auto_100lvh] scroll-mt-[calc(var(--header-height)+min(200px,max(70px,20svh)))]\" dir=\"auto\" tabindex=\"-1\" data-turn-id=\"request-691c3b5f-a94c-832a-aa69-967f2c392ec1-18\" data-testid=\"conversation-turn-60\" data-scroll-anchor=\"true\" data-turn=\"assistant\">\n<div class=\"text-base my-auto mx-auto pb-10 [--thread-content-margin:--spacing(4)] thread-sm:[--thread-content-margin:--spacing(6)] thread-lg:[--thread-content-margin:--spacing(16)] px-(--thread-content-margin)\">\n<div class=\"[--thread-content-max-width:40rem] thread-lg:[--thread-content-max-width:48rem] mx-auto max-w-(--thread-content-max-width) flex-1 group\/turn-messages focus-visible:outline-hidden relative flex w-full min-w-0 flex-col agent-turn\" tabindex=\"-1\">\n<div class=\"flex max-w-full flex-col grow\">\n<div class=\"min-h-8 text-message relative flex w-full flex-col items-end gap-2 text-start break-words whitespace-normal [.text-message+&amp;]:mt-1\" dir=\"auto\" data-message-author-role=\"assistant\" data-message-id=\"81b69705-5943-403a-a860-0ba81e49467d\" data-message-model-slug=\"gpt-5-1-thinking\">\n<div class=\"flex w-full flex-col gap-1 empty:hidden first:pt-[1px]\">\n<div class=\"markdown prose dark:prose-invert w-full break-words light markdown-new-styling\">\n<p data-start=\"0\" data-end=\"196\" data-is-last-node=\"\" data-is-only-node=\"\">Pirate boat trip in Antalya from Lara Beach with hotel pickup, lunch, swimming in Turtle Bay, views of Duden Waterfall, music, animation and a fun foam party.<\/p>\n<\/div>\n<\/div>\n<\/div>\n<\/div>\n<div class=\"z-0 flex min-h-[46px] justify-start\"><\/div>\n<div class=\"mt-3 w-full empty:hidden\">\n<div class=\"text-center\"><\/div>\n<\/div>\n<\/div>\n<\/div>\n<\/article>\n<div class=\"pointer-events-none h-px w-px\" aria-hidden=\"true\" data-edge=\"true\"><\/div>\n","protected":false},"featured_media":15244,"comment_status":"open","ping_status":"closed","template":"","meta":[],"product_brand":[],"product_cat":[125,130],"product_tag":[107],"class_list":{"0":"post-15774","1":"product","2":"type-product","3":"status-publish","4":"has-post-thumbnail","6":"tour_phys-antalya-tours","7":"tour_phys-pirate-boat-tours","8":"product_cat-antalya-tours","9":"product_cat-pirate-boat-tours","10":"product_tag-antalya","11":"pa_destination-antalya-tours","12":"pa_kategori-pirate-boat-tours","14":"first","15":"instock","16":"sale","17":"featured","18":"shipping-taxable","19":"purchasable","20":"product-type-tour_phys"},"aioseo_notices":[],"_links":{"self":[{"href":"https:\/\/excursionsworld.com\/pl\/wp-json\/wp\/v2\/product\/15774","targetHints":{"allow":["GET"]}}],"collection":[{"href":"https:\/\/excursionsworld.com\/pl\/wp-json\/wp\/v2\/product"}],"about":[{"href":"https:\/\/excursionsworld.com\/pl\/wp-json\/wp\/v2\/types\/product"}],"replies":[{"embeddable":true,"href":"https:\/\/excursionsworld.com\/pl\/wp-json\/wp\/v2\/comments?post=15774"}],"wp:featuredmedia":[{"embeddable":true,"href":"https:\/\/excursionsworld.com\/pl\/wp-json\/wp\/v2\/media\/15244"}],"wp:attachment":[{"href":"https:\/\/excursionsworld.com\/pl\/wp-json\/wp\/v2\/media?parent=15774"}],"wp:term":[{"taxonomy":"product_brand","embeddable":true,"href":"https:\/\/excursionsworld.com\/pl\/wp-json\/wp\/v2\/product_brand?post=15774"},{"taxonomy":"product_cat","embeddable":true,"href":"https:\/\/excursionsworld.com\/pl\/wp-json\/wp\/v2\/product_cat?post=15774"},{"taxonomy":"product_tag","embeddable":true,"href":"https:\/\/excursionsworld.com\/pl\/wp-json\/wp\/v2\/product_tag?post=15774"}],"curies":[{"name":"wp","href":"https:\/\/api.w.org\/{rel}","templated":true}]}}