{"id":15843,"date":"2025-12-08T16:12:36","date_gmt":"2025-12-08T13:12:36","guid":{"rendered":"https:\/\/excursionsworld.com\/?post_type=product&#038;p=15843\/"},"modified":"2026-04-24T01:27:17","modified_gmt":"2026-04-23T22:27:17","slug":"rejs-po-green-canyon-alanya","status":"publish","type":"product","link":"https:\/\/excursionsworld.com\/tours\/green-canyon-boat-tour-alanya\/","title":{"rendered":"Rejs po Green Canyon z Alanyi \u2013 All Inclusive (Zielony Kanion)"},"content":{"rendered":"<h2><span style=\"color: #000000;\"><strong>Przegl\u0105d<\/strong><\/span><\/h2>\n<p>Prze\u017cyj spokojn\u0105 ca\u0142odniow\u0105 wycieczk\u0119 do <strong>Zielony Kanion<\/strong> z <strong><a href=\"https:\/\/en.wikipedia.org\/wiki\/Alanya\" target=\"_blank\" rel=\"noopener\">Alanya<\/a> i okolice (Oba, Tosmur, Kestel, Mahmutlar, Konakl\u0131, Avsallar, T\u00fcrkler, Okurcalar)<\/strong>! Rejs po turkusowych wodach otoczonych g\u00f3rami Taurus, przerwy na p\u0142ywanie i relaksuj\u0105cy lunch nad jeziorem. Idealny dla rodzin i entuzjast\u00f3w przyrody szukaj\u0105cych spokojnej ucieczki od miasta.<\/p>\n<h3><span style=\"color: #000000;\"><strong>W zestawie:<\/strong><\/span><\/h3>\n<p><span style=\"color: #00ff00;\"><strong>\u2713<\/strong> <\/span>Odbi\u00f3r i dow\u00f3z do hotelu<br \/>\n<span style=\"color: #00ff00;\"><strong>\u2713<\/strong> <\/span>Rejs \u0142odzi\u0105 po Zielonym Kanionie<br \/>\n<span style=\"color: #00ff00;\"><strong>\u2713<\/strong> <\/span>Profesjonalny przewodnik<br \/>\n<span style=\"color: #00ff00;\"><strong>\u2713<\/strong> <\/span>Lunch w restauracji nad jeziorem<br \/>\n<span style=\"color: #00ff00;\"><strong>\u2713<\/strong> <\/span>Pe\u0142ne ubezpieczenie<br \/>\n<span style=\"color: #00ff00;\"><strong>\u2713<\/strong> <\/span>Napoje bezalkoholowe<\/p>\n<h3><span style=\"color: #000000;\"><strong>Nie zawiera:<\/strong><\/span><\/h3>\n<p><span style=\"color: #ff0000;\"><strong>\u2717<\/strong> <\/span>Wydatki osobiste<br \/>\n<span style=\"color: #ff0000;\"><strong>\u2717<\/strong> <\/span>Zdj\u0119cia i filmy (opcjonalnie)<\/p>\n<h2><span style=\"color: #000000;\"><strong>Najwa\u017cniejsze atrakcje wycieczki<\/strong><\/span><\/h2>\n<p>Malowniczy rejs \u0142odzi\u0105 przez Zielony Kanion<br \/>\nWspania\u0142e widoki na g\u00f3ry Taurus<br \/>\nP\u0142ywanie w turkusowych wodach kanionu<br \/>\nTradycyjny turecki lunch nad jeziorem<br \/>\nRelaksuj\u0105ca ucieczka na \u0142ono natury od ruchliwej atmosfery Alanyi<\/p>\n<h2><span style=\"color: #000000;\"><strong>Pe\u0142ny opis<\/strong><\/span><\/h2>\n<p>Rozpocznij swoj\u0105 podr\u00f3\u017c od wygodnego odbioru z hotelu w <strong>Alanya lub pobliskie kurorty<\/strong>, i cieszy\u0107 si\u0119 malownicz\u0105 przeja\u017cd\u017ck\u0105 przez <strong>G\u00f3ry Taurus<\/strong>. Po przybyciu do <strong>Zielony Kanion<\/strong>, Wejd\u017a na pok\u0142ad przestronnej \u0142odzi i pop\u0142y\u0144 wzd\u0142u\u017c szmaragdowych w\u00f3d otoczonych klifami i bujnymi lasami sosnowymi. Zatrzymaj si\u0119 na orze\u017awiaj\u0105ce przerwy na p\u0142ywanie, rozkoszuj si\u0119 spokojem natury i zr\u00f3b niezapomniane zdj\u0119cia tego ukrytego klejnotu. Pyszny lunch zostanie podany w przytulnej restauracji nad jeziorem przed rejsem powrotnym. Ta spokojna wycieczka oferuje idealne po\u0142\u0105czenie relaksu, przyrody i pi\u0119kna krajobrazu - idealne zar\u00f3wno dla rodzin, par, jak i os\u00f3b podr\u00f3\u017cuj\u0105cych samotnie.<\/p>\n<h3><span style=\"color: #000000;\"><strong>\ud83d\uddfa\ufe0f Plan podr\u00f3\u017cy<\/strong><\/span><\/h3>\n<p>Odbi\u00f3r z hoteli w regionie Alanyi<br \/>\nMalownicza przeja\u017cd\u017cka przez g\u00f3ry Taurus<br \/>\nRejs \u0142odzi\u0105 po Zielonym Kanionie<br \/>\nPrzerwy na p\u0142ywanie<br \/>\nLunch w restauracji nad jeziorem<br \/>\nRejs powrotny<br \/>\nTransfer z powrotem do hoteli w Alanyi<\/p>\n<h3><span style=\"color: #000000;\"><strong>\u2139\ufe0f Przydatne informacje<\/strong><\/span><\/h3>\n<p>Czas trwania: oko\u0142o 7-8 godzin (wycieczka ca\u0142odniowa)<br \/>\nOdpowiedni dla wszystkich grup wiekowych<br \/>\nDost\u0119pne codziennie z regionu Alanya<br \/>\nKamizelki ratunkowe i zacienione miejsca dost\u0119pne na \u0142odzi<br \/>\nDzieci poni\u017cej 5. roku \u017cycia podr\u00f3\u017cuj\u0105 bezp\u0142atnie (wsp\u00f3lne miejsce, je\u015bli autobus jest pe\u0142ny).<\/p>\n<h2><span style=\"color: #000000;\"><strong>Co zabra\u0107 ze sob\u0105<\/strong><\/span><\/h2>\n<p>Str\u00f3j k\u0105pielowy i r\u0119cznik<br \/>\nOkulary przeciws\u0142oneczne i czapka<br \/>\nFiltr przeciws\u0142oneczny<br \/>\nAparat fotograficzny lub smartfon<br \/>\nGot\u00f3wka na napoje lub opcjonalne dodatki<\/p>\n<h3><span style=\"color: #000000;\"><strong>Nieodpowiednie dla<\/strong><\/span><\/h3>\n<p>Osoby o ograniczonej sprawno\u015bci ruchowej<br \/>\nU\u017cytkownicy w\u00f3zk\u00f3w inwalidzkich<br \/>\nOsoby podatne na chorob\u0119 morsk\u0105<\/p>\n<h2 dir=\"ltr\">\ud83d\udcb8\u00a0<strong>Cena i rezerwacja<\/strong><\/h2>\n<p dir=\"ltr\"><strong>Zarezerwuj teraz, zap\u0142a\u0107 w dniu wycieczki<\/strong><br \/>\nSkontaktuj si\u0119 z nami przez WhatsApp, Telegram, Viber lub wype\u0142nij poni\u017cszy formularz rezerwacji. \ud83d\udc47\ud83c\udffc<\/p>\n<p>Szukasz alternatyw? Przegl\u0105daj <a href=\"https:\/\/excursionsworld.com\/pl\/alanya-wycieczki\/\">wi\u0119cej wycieczek po Alanii<\/a>.<\/p>","protected":false},"excerpt":{"rendered":"<p>Zarezerwuj <b>Alanya Green Canyon Tour<\/b>! Ciesz si\u0119 ca\u0142odniowym <b>rejs statkiem<\/b> na zaporze Oymap\u0131nar, p\u0142ywanie i spokojny wypoczynek. <b>wycieczka przyrodnicza<\/b>. <b>Transfer wliczony w cen\u0119<\/b>!<\/p>","protected":false},"featured_media":12848,"comment_status":"open","ping_status":"closed","template":"","meta":[],"product_brand":[],"product_cat":[128],"product_tag":[111],"class_list":{"0":"post-15843","1":"product","2":"type-product","3":"status-publish","4":"has-post-thumbnail","6":"tour_phys-alanya-tours","7":"product_cat-alanya-tours","8":"product_tag-alanya","9":"pa_destination-alanya-tours","10":"pa_kategori-boat-tours","12":"first","13":"instock","14":"sale","15":"shipping-taxable","16":"purchasable","17":"product-type-tour_phys"},"aioseo_notices":[],"_links":{"self":[{"href":"https:\/\/excursionsworld.com\/pl\/wp-json\/wp\/v2\/product\/15843","targetHints":{"allow":["GET"]}}],"collection":[{"href":"https:\/\/excursionsworld.com\/pl\/wp-json\/wp\/v2\/product"}],"about":[{"href":"https:\/\/excursionsworld.com\/pl\/wp-json\/wp\/v2\/types\/product"}],"replies":[{"embeddable":true,"href":"https:\/\/excursionsworld.com\/pl\/wp-json\/wp\/v2\/comments?post=15843"}],"wp:featuredmedia":[{"embeddable":true,"href":"https:\/\/excursionsworld.com\/pl\/wp-json\/wp\/v2\/media\/12848"}],"wp:attachment":[{"href":"https:\/\/excursionsworld.com\/pl\/wp-json\/wp\/v2\/media?parent=15843"}],"wp:term":[{"taxonomy":"product_brand","embeddable":true,"href":"https:\/\/excursionsworld.com\/pl\/wp-json\/wp\/v2\/product_brand?post=15843"},{"taxonomy":"product_cat","embeddable":true,"href":"https:\/\/excursionsworld.com\/pl\/wp-json\/wp\/v2\/product_cat?post=15843"},{"taxonomy":"product_tag","embeddable":true,"href":"https:\/\/excursionsworld.com\/pl\/wp-json\/wp\/v2\/product_tag?post=15843"}],"curies":[{"name":"wp","href":"https:\/\/api.w.org\/{rel}","templated":true}]}}