{"id":15862,"date":"2026-01-03T15:26:19","date_gmt":"2026-01-03T12:26:19","guid":{"rendered":"https:\/\/excursionsworld.com\/?post_type=product&#038;p=15862\/"},"modified":"2026-04-24T01:27:18","modified_gmt":"2026-04-23T22:27:18","slug":"kotor-blekitna-grota-rejs-lodzia-matka-boza-na-skale","status":"publish","type":"product","link":"https:\/\/excursionsworld.com\/tours\/kotor-blue-cave-boat-our-lady-of-the-rocks\/","title":{"rendered":"B\u0142\u0119kitna Grota Kotor Rejs \u0141odzi\u0105: Tunele Podwodne &amp; Matka Bo\u017ca na Skale"},"content":{"rendered":"<h2>\ud83c\udfd9\ufe0f <strong>Przegl\u0105d<\/strong><\/h2>\n<p>Wybierz si\u0119 na wci\u0105gaj\u0105c\u0105 przygod\u0119 \u0142odzi\u0105 motorow\u0105, kt\u00f3ra \u0142\u0105czy adrenalin\u0119, histori\u0119 i naturalne pi\u0119kno. Ta starannie wyselekcjonowana wycieczka zabierze Ci\u0119 do najbardziej kultowych zabytk\u00f3w Czarnog\u00f3ry, oferuj\u0105c turkusowe wody, panoramiczne widoki i fascynuj\u0105ce historie wzd\u0142u\u017c wybrze\u017ca.<\/p>\n<h3><strong>W zestawie:<\/strong><\/h3>\n<p><span style=\"color: #00ff00;\"><strong>\u2713<\/strong> <\/span>Licencjonowany kapitan m\u00f3wi\u0105cy po angielsku<br \/>\n<span style=\"color: #00ff00;\"><strong>\u2713<\/strong> <\/span>Zupe\u0142nie nowa \u0142\u00f3d\u017a motorowa klasy premium<br \/>\n<span style=\"color: #00ff00;\"><strong>\u2713<\/strong> <\/span>Paliwo, podatki i wszystkie op\u0142aty serwisowe<br \/>\n<span style=\"color: #00ff00;\"><strong>\u2713<\/strong> <\/span>Kamizelki ratunkowe dla wszystkich grup wiekowych<br \/>\n<span style=\"color: #00ff00;\"><strong>\u2713<\/strong> <\/span>Sprz\u0119t do snorkelingu<br \/>\n<span style=\"color: #00ff00;\"><strong>\u2713<\/strong> <\/span>Pok\u0142adowe Wi-Fi i system muzyczny<br \/>\n<span style=\"color: #00ff00;\"><strong>\u2713<\/strong> <\/span>Pe\u0142ne ubezpieczenie<br \/>\n<span style=\"color: #00ff00;\"><strong>\u2713<\/strong> <\/span>P\u0142aszcze przeciwdeszczowe na wypadek lekkiego deszczu<\/p>\n<h3><strong>Nie zawiera:<\/strong><\/h3>\n<p><strong><span style=\"color: #ff0000;\">\u2717<\/span> <\/strong>Wst\u0119p do muzeum Our Lady of the Rocks (opcjonalnie 2 EUR)<br \/>\n<strong><span style=\"color: #ff0000;\">\u2717<\/span> <\/strong>Jedzenie i napoje<br \/>\n<strong><span style=\"color: #ff0000;\">\u2717<\/span> <\/strong>Wydatki osobiste<\/p>\n<h2>\ud83c\udf1f <strong>Najwa\u017cniejsze informacje o wycieczce<\/strong><\/h2>\n<p>Rejs motor\u00f3wk\u0105 po zatoce <a href=\"https:\/\/en.wikipedia.org\/wiki\/Kotor\" target=\"_blank\" rel=\"noopener\">Kotor<\/a><br \/>\nOur Lady of the Rocks - kultowa sztuczna wyspa<br \/>\nTunele podwodne z czas\u00f3w jugos\u0142owia\u0144skich<br \/>\nWyspa Mamula - twierdza z czas\u00f3w II wojny \u015bwiatowej i legendy<br \/>\nBlue Cave - przystanek na p\u0142ywanie i snorkeling<br \/>\nLuksusowe widoki na przysta\u0144 w Porto Novi<br \/>\nPanoramiczny przejazd przez wpisany na list\u0119 UNESCO Perast<\/p>\n<h2>\ud83d\udcd6 <strong>Pe\u0142ny opis<\/strong><\/h2>\n<div>Twoja podr\u00f3\u017c zaczyna si\u0119 od <strong>Park Slobode w Kotorze<\/strong>, gdzie spotkasz swojego kapitana przy niebieskim znaku Hawaii Boat Tours. Po odprawie dotycz\u0105cej bezpiecze\u0144stwa, mo\u017cesz cieszy\u0107 si\u0119 szybkim rejsem przez zatok\u0119 w kierunku <strong>Matka Bo\u017ca ze Ska\u0142<\/strong>, legendarna sztuczna wyspa przesi\u0105kni\u0119ta tradycj\u0105 morsk\u0105. B\u0119dziesz mie\u0107 czas wolny na zwiedzanie zabytkowego ko\u015bcio\u0142a, podziwianie okolicznych g\u00f3rskich widok\u00f3w i robienie zdj\u0119\u0107. Wst\u0119p do muzeum jest opcjonalny.<\/div>\n<div>Nast\u0119pnie wycieczka zag\u0142\u0119bia si\u0119 w histori\u0119 zimnej wojny, wchodz\u0105c do ukrytego <strong>tunele podwodne<\/strong>, wykute bezpo\u015brednio w klifach w czasach jugos\u0142owia\u0144skich. Tajemnicza atmosfera o\u017cywa, gdy kapitan dzieli si\u0119 nieopowiedzianymi historiami wojskowymi.<\/div>\n<div>Kieruj\u0105c si\u0119 w stron\u0119 otwartego morza, miniesz <strong>Wyspa Mamula<\/strong>, niegdy\u015b s\u0142ynnej twierdzy wi\u0119ziennej z czas\u00f3w II wojny \u015bwiatowej. Chocia\u017c nie ma mo\u017cliwo\u015bci dokowania, bliski panoramiczny widok zapewnia wspania\u0142e mo\u017cliwo\u015bci fotografowania i wgl\u0105du w histori\u0119.<\/div>\n<div>Najwa\u017cniejszym punktem wycieczki jest <strong>Blue Cave<\/strong>, gdzie \u015bwiat\u0142o s\u0142oneczne tworzy \u015bwiec\u0105cy turkusowy kolor wewn\u0105trz jaskini. Ciesz si\u0119 oko\u0142o 30 minutami p\u0142ywania i snorkelingu w krystalicznie czystych wodach. Poszukiwacze mocnych wra\u017ce\u0144 mog\u0105 r\u00f3wnie\u017c skorzysta\u0107 z opcjonalnych skok\u00f3w z pobliskiego klifu.<\/div>\n<div>W drodze powrotnej zrelaksuj si\u0119 podczas malowniczego rejsu obok <strong>Porto Novi Marina<\/strong>, prezentuj\u0105cy nowoczesny luksus Czarnog\u00f3ry, a nast\u0119pnie zapieraj\u0105cy dech w piersiach widok na <strong>Perast<\/strong>, barokowe miasto wpisane na list\u0119 UNESCO, znane z kamiennych pa\u0142ac\u00f3w i spokojnej atmosfery, a nast\u0119pnie powr\u00f3t do Kotoru.<\/div>\n<h3>\ud83d\uddfa\ufe0f <strong>Plan podr\u00f3\u017cy<\/strong><\/h3>\n<p>Spotkanie w Park Slobode, Kotor (30 minut przed odlotem)<br \/>\nRejs \u0142odzi\u0105 motorow\u0105 po Zatoce Kotorskiej<br \/>\nMatka Bo\u017ca ze Ska\u0142 - 20 minut<br \/>\nTunele podwodne - 10 minut<br \/>\nWyspa Mamula - panoramiczny przystanek fotograficzny<br \/>\nBlue Cave - p\u0142ywanie i nurkowanie z rurk\u0105 (30 minut)<br \/>\nMalowniczy powr\u00f3t przez Porto Novi i Perast<br \/>\nPowr\u00f3t do Kotoru<\/p>\n<h3>\u2139\ufe0f <strong>Przydatne informacje<\/strong><\/h3>\n<p>Czas trwania: oko\u0142o 3 godzin<br \/>\nOpcje wycieczek w ma\u0142ych grupach lub prywatnych<br \/>\nProfesjonalny skipper m\u00f3wi\u0105cy po angielsku<br \/>\nBezp\u0142atne anulowanie rezerwacji do 24 godzin przed odlotem<br \/>\nTrasa mo\u017ce ulec zmianie w zale\u017cno\u015bci od warunk\u00f3w na morzu.<br \/>\nOp\u00f3\u017anione przyjazdy nie podlegaj\u0105 zwrotowi.<\/p>\n<h2>\ud83c\udf92 <strong>Co zabra\u0107 ze sob\u0105<\/strong><\/h2>\n<p>Wa\u017cny paszport lub dow\u00f3d osobisty<br \/>\nStr\u00f3j k\u0105pielowy i r\u0119cznik<br \/>\nOchrona przeciws\u0142oneczna i woda<br \/>\nNa\u0142adowany smartfon lub aparat fotograficzny<\/p>\n<h3>\ud83d\udeab <strong>Nieodpowiednie dla<\/strong><\/h3>\n<p>Go\u015bcie w ci\u0105\u017cy<br \/>\nGo\u015bcie z ograniczeniami ruchowymi<br \/>\nGo\u015bcie przekraczaj\u0105cy limity wagowe \u0142odzi motorowych (115-159 kg w zale\u017cno\u015bci od \u0142odzi)<\/p>\n<h2>\ud83d\udcb8 <strong>Cena i rezerwacja<\/strong><\/h2>\n<p>Zarezerwuj teraz, zap\u0142a\u0107 p\u00f3\u017aniej<br \/>\nBezp\u0142atne anulowanie rezerwacji do 24 godzin przed rozpocz\u0119ciem wycieczki<br \/>\n\u0141atwa rezerwacja przez WhatsApp lub formularz rezerwacji online \ud83d\udc47\ud83c\udffd<\/p>\n<p>Szukasz alternatyw? Przegl\u0105daj <a href=\"https:\/\/excursionsworld.com\/pl\/kotor-wycieczki\/\">wi\u0119cej wycieczek do Kotoru<\/a>.<\/p>","protected":false},"excerpt":{"rendered":"<p>Poznaj Zatok\u0119 Kotorsk\u0105 podczas 3-godzinnej wycieczki \u0142odzi\u0105 motorow\u0105. Odwied\u017a Blue Cave, Our Lady of the Rocks, tunele podwodne, wysp\u0119 Mamula i malownicze widoki na Perast.<\/p>","protected":false},"featured_media":15999,"comment_status":"open","ping_status":"closed","template":"","meta":[],"product_brand":[],"product_cat":[133],"product_tag":[131],"class_list":{"0":"post-15862","1":"product","2":"type-product","3":"status-publish","4":"has-post-thumbnail","6":"tour_phys-kotor-tours","7":"product_cat-kotor-tours","8":"product_tag-kotor","9":"pa_montenegro-kotor-tours","11":"first","12":"instock","13":"sale","14":"shipping-taxable","15":"purchasable","16":"product-type-tour_phys"},"aioseo_notices":[],"_links":{"self":[{"href":"https:\/\/excursionsworld.com\/pl\/wp-json\/wp\/v2\/product\/15862","targetHints":{"allow":["GET"]}}],"collection":[{"href":"https:\/\/excursionsworld.com\/pl\/wp-json\/wp\/v2\/product"}],"about":[{"href":"https:\/\/excursionsworld.com\/pl\/wp-json\/wp\/v2\/types\/product"}],"replies":[{"embeddable":true,"href":"https:\/\/excursionsworld.com\/pl\/wp-json\/wp\/v2\/comments?post=15862"}],"wp:featuredmedia":[{"embeddable":true,"href":"https:\/\/excursionsworld.com\/pl\/wp-json\/wp\/v2\/media\/15999"}],"wp:attachment":[{"href":"https:\/\/excursionsworld.com\/pl\/wp-json\/wp\/v2\/media?parent=15862"}],"wp:term":[{"taxonomy":"product_brand","embeddable":true,"href":"https:\/\/excursionsworld.com\/pl\/wp-json\/wp\/v2\/product_brand?post=15862"},{"taxonomy":"product_cat","embeddable":true,"href":"https:\/\/excursionsworld.com\/pl\/wp-json\/wp\/v2\/product_cat?post=15862"},{"taxonomy":"product_tag","embeddable":true,"href":"https:\/\/excursionsworld.com\/pl\/wp-json\/wp\/v2\/product_tag?post=15862"}],"curies":[{"name":"wp","href":"https:\/\/api.w.org\/{rel}","templated":true}]}}