{"id":15970,"date":"2026-01-14T13:59:55","date_gmt":"2026-01-14T10:59:55","guid":{"rendered":"https:\/\/excursionsworld.com\/?post_type=product&#038;p=15970\/"},"modified":"2026-04-24T01:27:18","modified_gmt":"2026-04-23T22:27:18","slug":"herceg-novi-perast-kotor-szybka-lodz","status":"publish","type":"product","link":"https:\/\/excursionsworld.com\/tours\/perast-kotor-our-lady-of-the-rocks-speedboat-herceg-novi\/","title":{"rendered":"Rejs Szybk\u0105 \u0141odzi\u0105 Perast i Kotor z Herceg Novi \u2013 Matka Bo\u017ca na Skale"},"content":{"rendered":"<h2>\ud83c\udfd9\ufe0f <strong>Przegl\u0105d<\/strong><\/h2>\n<p>Wyrusz w ekskluzywn\u0105 podr\u00f3\u017c \u0142odzi\u0105 motorow\u0105 z Herceg Novi w g\u0142\u0105b Zatoki Kotorskiej. Zaprojektowana dla podr\u00f3\u017cnik\u00f3w, kt\u00f3rzy szukaj\u0105 zar\u00f3wno emocji, jak i historii, ta wycieczka \u0142\u0105czy szybkie rejsy z odkryciami kulturalnymi. Odwied\u017a magiczn\u0105 Wysp\u0119 Matki Boskiej na Skale, podziwiaj <a href=\"https:\/\/en.wikipedia.org\/wiki\/Perast\" target=\"_blank\" rel=\"noopener\">Perast<\/a> z morza i cieszy\u0107 si\u0119 wolnym czasem w \u015bredniowiecznym Starym Mie\u015bcie w Kotorze.<\/p>\n<h3><strong>W zestawie:<\/strong><\/h3>\n<p><span style=\"color: #00ff00;\"><strong>\u2713<\/strong><\/span> Angloj\u0119zyczny kapitan i przewodnik<br \/>\n<span style=\"color: #00ff00;\"><strong>\u2713 <\/strong><\/span>Profesjonalna motor\u00f3wka z panoramicznym widokiem<br \/>\n<span style=\"color: #00ff00;\"><strong>\u2713 <\/strong><\/span>Paliwo i wszystkie us\u0142ugi techniczne<br \/>\n<span style=\"color: #00ff00;\"><strong>\u2713 <\/strong><\/span>Ubezpieczenie pasa\u017cer\u00f3w<br \/>\n<span style=\"color: #00ff00;\"><strong>\u2713 <\/strong><\/span>Pok\u0142adowy system muzyczny<br \/>\n<span style=\"color: #00ff00;\"><strong>\u2713 <\/strong><\/span>Kamizelki ratunkowe i sprz\u0119t bezpiecze\u0144stwa<\/p>\n<h3><strong>Nie zawiera:<\/strong><\/h3>\n<div><span style=\"color: #ff0000;\"><strong>\u2717<\/strong> <\/span>Jedzenie i napoje<br \/>\n<span style=\"color: #ff0000;\"><strong>\u2717<\/strong> <\/span>Wydatki osobiste (zakupy lub lunch w Kotorze)<\/div>\n<div><span style=\"color: #ff0000;\"><strong>\u2717<\/strong> <\/span>Wst\u0119p do Muzeum Matki Bo\u017cej ze Ska\u0142 (opcjonalnie 2-3 EUR)<\/div>\n<h2>\ud83c\udf1f <strong>Najwa\u017cniejsze informacje o wycieczce<\/strong><\/h2>\n<p>Szybki rejs przez zachwycaj\u0105c\u0105 Zatok\u0119 Kotorsk\u0105<br \/>\nOur Lady of the Rocks - legendarna sztuczna wyspa<br \/>\nPerast - panoramiczne widoki na \u201cWenecj\u0119 Adriatyku\u201d<br \/>\nStare Miasto w Kotorze - 90 minut czasu wolnego w miejscu wpisanym na List\u0119 \u015awiatowego Dziedzictwa UNESCO<br \/>\nMalownicze widoki wybrze\u017ca na luksusowe mariny i kamienne wioski<\/p>\n<h2>\ud83d\udcd6 <strong>Pe\u0142ny opis<\/strong><\/h2>\n<div>Twoja podr\u00f3\u017c zaczyna si\u0119 od <strong>Port \u0160kver w Herceg Novi<\/strong>, gdzie spotkasz swojego kapitana i wejdziesz na pok\u0142ad nowoczesnej \u0142odzi motorowej. Podczas rejsu po zatoce poczujesz dreszczyk emocji, podziwiaj\u0105c dramatyczne widoki na g\u00f3ry i morze.<\/div>\n<div>Pierwszy przystanek to <strong>Matka Bo\u017ca ze Ska\u0142<\/strong>, Jest to wyj\u0105tkowa sztuczna wyspa zbudowana przez \u017ceglarzy na przestrzeni wiek\u00f3w. B\u0119dziesz mia\u0142 czas na zwiedzenie barokowego ko\u015bcio\u0142a, odwiedzenie muzeum i podziwianie srebrnych tabliczek wotywnych pozostawionych przez marynarzy szukaj\u0105cych ochrony.<\/div>\n<div>Nast\u0119pnie przep\u0142y\u0144 obok uroczego miasteczka <strong>Perast<\/strong>, uwa\u017cana jest za jedn\u0105 z najpi\u0119kniejszych osad w zatoce. Z wody mo\u017cna podziwia\u0107 eleganckie pa\u0142ace, dzwonnice i ponadczasow\u0105 adriatyck\u0105 atmosfer\u0119.<\/div>\n<div>Trasa jest kontynuowana do <strong>Kotor<\/strong>, gdzie b\u0119dziesz cieszy\u0107 si\u0119 oko\u0142o 90 minutami wolnego czasu. Spaceruj w\u0105skimi \u015bredniowiecznymi uliczkami, odwied\u017a katedr\u0119 \u015bw. Tryfona, zrelaksuj si\u0119 na t\u0119tni\u0105cych \u017cyciem placach lub wejd\u017a na mury miejskie, aby podziwia\u0107 niezapomniane panoramiczne widoki. Po zwiedzaniu mo\u017cesz cieszy\u0107 si\u0119 p\u0142ynn\u0105 i malownicz\u0105 jazd\u0105 z powrotem do Herceg Novi.<\/div>\n<h3>\ud83d\uddfa\ufe0f <strong>Plan podr\u00f3\u017cy<\/strong><\/h3>\n<p>11:00 - Spotkanie w porcie \u0160kver, Herceg Novi<br \/>\n11:05 - Wyjazd i malowniczy rejs \u0142odzi\u0105 motorow\u0105<br \/>\nMatka Bo\u017ca ze Ska\u0142 - 20 minut<br \/>\nPanoramiczny przejazd przez Perast<br \/>\nprzyjazd na Stare Miasto w Kotorze - ok. 90 minut czasu wolnego<br \/>\n\ud83d\udd39 Wylot z Kotoru<br \/>\nPowr\u00f3t do Herceg Novi<\/p>\n<h3>\u2139\ufe0f <strong>Przydatne informacje<\/strong><\/h3>\n<p>Czas trwania: oko\u0142o 4 godzin 30 minut<br \/>\nGodzina rozpocz\u0119cia: 11:00<br \/>\nDo\u015bwiadczenie w ma\u0142ej grupie<br \/>\nTrasa mo\u017ce zosta\u0107 dostosowana w zale\u017cno\u015bci od warunk\u00f3w na morzu.<br \/>\nBezp\u0142atne anulowanie rezerwacji do 24 godzin przed odlotem<\/p>\n<h2>\ud83c\udf92 <strong>Co zabra\u0107 ze sob\u0105<\/strong><\/h2>\n<p>Aparat fotograficzny lub smartfon<br \/>\nWygodne buty do chodzenia<br \/>\nOchrona przeciws\u0142oneczna, kapelusz i okulary przeciws\u0142oneczne<br \/>\nGot\u00f3wka na wst\u0119p do muzeum i pami\u0105tki<\/p>\n<h3>\ud83d\udeab <strong>Nieodpowiednie dla<\/strong><\/h3>\n<p>Go\u015bcie z powa\u017cnymi problemami z kr\u0119gos\u0142upem<br \/>\nBardzo ma\u0142e niemowl\u0119ta (skontaktuj si\u0119 z nami w sprawie opcji prywatnej wycieczki)<\/p>\n<h2>\ud83d\udcb8 <strong>Cena i rezerwacja<\/strong><\/h2>\n<p>Zarezerwuj teraz, zap\u0142a\u0107 w dniu wycieczki<br \/>\nAkceptowany bilet mobilny<br \/>\nSkontaktuj si\u0119 z nami przez WhatsApp lub zarezerwuj przez formularz poni\u017cej \ud83d\udc47\ud83c\udffc<\/p>\n<p>Szukasz alternatyw? Przegl\u0105daj <a href=\"https:\/\/excursionsworld.com\/pl\/herceg-novi-wycieczki\/\">wi\u0119cej wycieczek Herceg Novi w Perast<\/a>.<\/p>","protected":false},"excerpt":{"rendered":"<p>Poznaj Perast, Kotor i Our Lady of the Rocks podczas wycieczki \u0142odzi\u0105 motorow\u0105 z Herceg Novi. Ciesz si\u0119 miejscami UNESCO, malowniczymi zatokami i wolnym czasem w Kotorze.<\/p>","protected":false},"featured_media":15971,"comment_status":"open","ping_status":"closed","template":"","meta":[],"product_brand":[],"product_cat":[134],"product_tag":[135],"class_list":{"0":"post-15970","1":"product","2":"type-product","3":"status-publish","4":"has-post-thumbnail","6":"tour_phys-herceg-novi-tours","7":"product_cat-herceg-novi-tours","8":"product_tag-herceg-novi","9":"pa_montenegro-herceg-novi-tours","11":"first","12":"instock","13":"sale","14":"shipping-taxable","15":"purchasable","16":"product-type-tour_phys"},"aioseo_notices":[],"_links":{"self":[{"href":"https:\/\/excursionsworld.com\/pl\/wp-json\/wp\/v2\/product\/15970","targetHints":{"allow":["GET"]}}],"collection":[{"href":"https:\/\/excursionsworld.com\/pl\/wp-json\/wp\/v2\/product"}],"about":[{"href":"https:\/\/excursionsworld.com\/pl\/wp-json\/wp\/v2\/types\/product"}],"replies":[{"embeddable":true,"href":"https:\/\/excursionsworld.com\/pl\/wp-json\/wp\/v2\/comments?post=15970"}],"wp:featuredmedia":[{"embeddable":true,"href":"https:\/\/excursionsworld.com\/pl\/wp-json\/wp\/v2\/media\/15971"}],"wp:attachment":[{"href":"https:\/\/excursionsworld.com\/pl\/wp-json\/wp\/v2\/media?parent=15970"}],"wp:term":[{"taxonomy":"product_brand","embeddable":true,"href":"https:\/\/excursionsworld.com\/pl\/wp-json\/wp\/v2\/product_brand?post=15970"},{"taxonomy":"product_cat","embeddable":true,"href":"https:\/\/excursionsworld.com\/pl\/wp-json\/wp\/v2\/product_cat?post=15970"},{"taxonomy":"product_tag","embeddable":true,"href":"https:\/\/excursionsworld.com\/pl\/wp-json\/wp\/v2\/product_tag?post=15970"}],"curies":[{"name":"wp","href":"https:\/\/api.w.org\/{rel}","templated":true}]}}