{"id":16022,"date":"2026-01-19T20:56:20","date_gmt":"2026-01-19T17:56:20","guid":{"rendered":"https:\/\/excursionsworld.com\/?post_type=product&#038;p=16022\/"},"modified":"2026-04-24T01:27:19","modified_gmt":"2026-04-23T22:27:19","slug":"herceg-novi-prywatny-rejs-blekitna-jaskinia","status":"publish","type":"product","link":"https:\/\/excursionsworld.com\/tours\/herceg-novi-private-boat-tour-blue-cave\/","title":{"rendered":"Herceg Novi Prywatny Rejs \u0141odzi\u0105 do B\u0142\u0119kitnej Jaskini &amp; Perast (3 Godziny)"},"content":{"rendered":"<h2>\ud83c\udfd9\ufe0f <strong>Przegl\u0105d<\/strong><\/h2>\n<p>Wyrusz na ekskluzywn\u0105 3-godzinn\u0105 wycieczk\u0119 prywatn\u0105 \u0142odzi\u0105 z Herceg Novi, zaprojektowan\u0105 dla podr\u00f3\u017cnych poszukuj\u0105cych komfortu, elastyczno\u015bci i osza\u0142amiaj\u0105cej nadmorskiej scenerii. Rejs po Zatoce Kotorskiej we w\u0142asnym tempie, nurkowanie w turkusowych wodach i zwiedzanie miast wpisanych na list\u0119 UNESCO, podczas gdy prywatny kapitan zajmie si\u0119 wszystkim.<\/p>\n<h3><strong>W zestawie:<\/strong><\/h3>\n<p><strong><span style=\"color: #00ff00;\">\u2713<\/span> <\/strong>Licencjonowany prywatny skipper m\u00f3wi\u0105cy po angielsku<br \/>\n<strong><span style=\"color: #00ff00;\">\u2713<\/span> <\/strong>Nowoczesna prywatna \u0142\u00f3d\u017a motorowa<br \/>\n<strong><span style=\"color: #00ff00;\">\u2713<\/span> <\/strong>Paliwo i wszystkie us\u0142ugi techniczne<br \/>\n<strong><span style=\"color: #00ff00;\">\u2713<\/span> <\/strong>Ubezpieczenie pasa\u017cer\u00f3w<br \/>\n<strong><span style=\"color: #00ff00;\">\u2713<\/span> <\/strong>Kamizelki ratunkowe (wszystkie rozmiary)<br \/>\n<strong><span style=\"color: #00ff00;\">\u2713<\/span> <\/strong> Sprz\u0119t do snorkelingu<br \/>\n<strong><span style=\"color: #00ff00;\">\u2713<\/span> <\/strong>Bezp\u0142atna woda butelkowana<br \/>\n<strong><span style=\"color: #00ff00;\">\u2713<\/span> <\/strong>Os\u0142ona przeciws\u0142oneczna Bimini i wy\u015bcie\u0142ane siedzenia<br \/>\n<strong><span style=\"color: #00ff00;\">\u2713<\/span> <\/strong>Pok\u0142adowe WiFi i system d\u017awi\u0119kowy Bluetooth<br \/>\n<strong><span style=\"color: #00ff00;\">\u2713<\/span> <\/strong>Prysznic ze s\u0142odk\u0105 wod\u0105 i punkty \u0142adowania<\/p>\n<h3><strong>Nie zawiera:<\/strong><\/h3>\n<p><span style=\"color: #ff0000;\"><strong>\u2717<\/strong> <\/span>Wst\u0119p do muzeum Our Lady of the Rocks (opcjonalnie)<br \/>\n<span style=\"color: #ff0000;\"><strong>\u2717<\/strong> <\/span>\u017bywno\u015b\u0107 i napoje alkoholowe<br \/>\n<span style=\"color: #ff0000;\"><strong>\u2717<\/strong> <\/span>Wydatki osobiste<\/p>\n<h2>\ud83c\udf1f <strong>Najwa\u017cniejsze informacje o wycieczce<\/strong><\/h2>\n<p>B\u0142\u0119kitna Jaskinia (Plava \u0160pilja) - prywatne p\u0142ywanie i nurkowanie z rurk\u0105<br \/>\nOur Lady of the Rocks - historyczna sztuczna wyspa<br \/>\n\ud83d\udd39 <a href=\"https:\/\/en.wikipedia.org\/wiki\/Perast\" target=\"_blank\" rel=\"noopener\">Perast<\/a> Stare Miasto \u2013 czas wolny w barokowym mie\u015bcie wpisanym na list\u0119 UNESCO<br \/>\nTwierdza Mamula - panoramiczny widok przy wej\u015bciu do zatoki<br \/>\nPrywatna wycieczka z elastycznym tempem i komfortem premium<\/p>\n<h2>\ud83d\udcd6 <strong>Pe\u0142ny opis<\/strong><\/h2>\n<div>Twoja prywatna podr\u00f3\u017c rozpoczyna si\u0119 w <strong>Herceg Novi<\/strong>, gdzie wejdziesz na pok\u0142ad nowoczesnej, w pe\u0142ni wyposa\u017conej \u0142odzi motorowej. Brak t\u0142um\u00f3w i elastyczny harmonogram sprawiaj\u0105, \u017ce ta wycieczka pozwala pozna\u0107 wybrze\u017ce Czarnog\u00f3ry we w\u0142asnym rytmie.<\/div>\n<div>Rejs w kierunku <strong>Twierdza Mamula<\/strong>, podziwiaj\u0105c panoramiczne widoki na t\u0119 historyczn\u0105 wysp\u0119 po\u0142o\u017con\u0105 u wej\u015bcia do zatoki. Kontynuuj podr\u00f3\u017c do s\u0142ynnego <strong>Blue Cave<\/strong>, gdzie \u015bwiat\u0142o s\u0142oneczne tworzy \u015bwiec\u0105cy niebieski efekt w wodzie. Ciesz si\u0119 20-30 minutami p\u0142ywania i snorkelingu w krystalicznie czystych turkusowych wodach.<\/div>\n<div>Nast\u0119pnie odwied\u017a <strong>Matka Bo\u017ca ze Ska\u0142<\/strong>, legendarna sztuczna wyspa z XV-wiecznym ko\u015bcio\u0142em o bogatej historii morskiej. B\u0119dziesz mie\u0107 czas na zwiedzanie wyspy i opcjonalne odwiedzenie muzeum.<\/div>\n<div>Trasa ko\u0144czy si\u0119 w <strong>Perast<\/strong>, cz\u0119sto nazywana \u201cWenecj\u0105 Adriatyku\u201d. Ciesz si\u0119 wolnym czasem na spacer urokliwymi kamiennymi uliczkami, podziwianie barokowej architektury, relaks na nabrze\u017cu lub delektowanie si\u0119 kaw\u0105 z przepi\u0119knym widokiem na zatok\u0119 przed powrotem do Herceg Novi.<\/div>\n<h3>\ud83d\uddfa\ufe0f <strong>Plan podr\u00f3\u017cy<\/strong><\/h3>\n<p>\ud83d\udd39 Wylot z Herceg Novi<br \/>\nTwierdza Mamula - panoramiczne zwiedzanie<br \/>\nBlue Cave - p\u0142ywanie i nurkowanie z rurk\u0105 (20-30 minut)<br \/>\nMatka Boska ze Ska\u0142 - 20-minutowa wizyta<br \/>\nStare Miasto w Perast - ok. 40 minut czasu wolnego<br \/>\nPowr\u00f3t do Herceg Novi<\/p>\n<h3>\u2139\ufe0f <strong>Przydatne informacje<\/strong><\/h3>\n<p>Czas trwania: oko\u0142o 3 godzin<br \/>\nTylko wycieczka prywatna<br \/>\nElastyczne tempo i spersonalizowane do\u015bwiadczenie<br \/>\nOpcjonalne transfery w obie strony z Kotoru lub Budvy<br \/>\nBezp\u0142atne anulowanie rezerwacji do 24 godzin przed odlotem<\/p>\n<h2>\ud83c\udf92 <strong>Co zabra\u0107 ze sob\u0105<\/strong><\/h2>\n<p>Str\u00f3j k\u0105pielowy i r\u0119cznik<br \/>\nOchrona przeciws\u0142oneczna i okulary przeciws\u0142oneczne<br \/>\nAparat fotograficzny lub smartfon<br \/>\nGot\u00f3wka na opcjonalny wst\u0119p do muzeum lub wydatki osobiste<\/p>\n<h3>\ud83d\udeab <strong>Nieodpowiednie dla<\/strong><\/h3>\n<p>Go\u015bcie w ci\u0105\u017cy<br \/>\nGo\u015bcie z powa\u017cnymi ograniczeniami ruchowymi<\/p>\n<h2>\ud83d\udcb8 <strong>Cena i rezerwacja<\/strong><\/h2>\n<p>Prywatna wycieczka - cena za \u0142\u00f3d\u017a<br \/>\nZarezerwuj teraz, zap\u0142a\u0107 p\u00f3\u017aniej<br \/>\nBezp\u0142atne anulowanie rezerwacji do 24 godzin przed rozpocz\u0119ciem wycieczki<br \/>\n\u0141atwa rezerwacja przez WhatsApp lub formularz rezerwacji online \ud83d\udc47\ud83c\udffd<\/p>\n<p>Szukasz alternatyw? Przegl\u0105daj <a href=\"https:\/\/excursionsworld.com\/pl\/herceg-novi-wycieczki\/\">wi\u0119cej wycieczek Herceg Novi w Perast<\/a>.<\/p>","protected":false},"excerpt":{"rendered":"<p>Ciesz si\u0119 prywatn\u0105 3-godzinn\u0105 wycieczk\u0105 \u0142odzi\u0105 z Herceg Novi do B\u0142\u0119kitnej Jaskini i Perast. P\u0142ywaj, nurkuj z rurk\u0105, odkrywaj miejsca wpisane na list\u0119 UNESCO i \u017cegluj w ca\u0142kowitym komforcie.<\/p>","protected":false},"featured_media":16014,"comment_status":"open","ping_status":"closed","template":"","meta":[],"product_brand":[],"product_cat":[134],"product_tag":[135],"class_list":{"0":"post-16022","1":"product","2":"type-product","3":"status-publish","4":"has-post-thumbnail","6":"tour_phys-herceg-novi-tours","7":"product_cat-herceg-novi-tours","8":"product_tag-herceg-novi","9":"pa_montenegro-herceg-novi-tours","11":"first","12":"instock","13":"sale","14":"shipping-taxable","15":"purchasable","16":"product-type-tour_phys"},"aioseo_notices":[],"_links":{"self":[{"href":"https:\/\/excursionsworld.com\/pl\/wp-json\/wp\/v2\/product\/16022","targetHints":{"allow":["GET"]}}],"collection":[{"href":"https:\/\/excursionsworld.com\/pl\/wp-json\/wp\/v2\/product"}],"about":[{"href":"https:\/\/excursionsworld.com\/pl\/wp-json\/wp\/v2\/types\/product"}],"replies":[{"embeddable":true,"href":"https:\/\/excursionsworld.com\/pl\/wp-json\/wp\/v2\/comments?post=16022"}],"wp:featuredmedia":[{"embeddable":true,"href":"https:\/\/excursionsworld.com\/pl\/wp-json\/wp\/v2\/media\/16014"}],"wp:attachment":[{"href":"https:\/\/excursionsworld.com\/pl\/wp-json\/wp\/v2\/media?parent=16022"}],"wp:term":[{"taxonomy":"product_brand","embeddable":true,"href":"https:\/\/excursionsworld.com\/pl\/wp-json\/wp\/v2\/product_brand?post=16022"},{"taxonomy":"product_cat","embeddable":true,"href":"https:\/\/excursionsworld.com\/pl\/wp-json\/wp\/v2\/product_cat?post=16022"},{"taxonomy":"product_tag","embeddable":true,"href":"https:\/\/excursionsworld.com\/pl\/wp-json\/wp\/v2\/product_tag?post=16022"}],"curies":[{"name":"wp","href":"https:\/\/api.w.org\/{rel}","templated":true}]}}