{"id":16104,"date":"2026-02-02T13:02:42","date_gmt":"2026-02-02T10:02:42","guid":{"rendered":"https:\/\/excursionsworld.com\/?post_type=product&#038;p=16104\/"},"modified":"2026-04-24T01:27:20","modified_gmt":"2026-04-23T22:27:20","slug":"prywatny-czarter-jachtu-side","status":"publish","type":"product","link":"https:\/\/excursionsworld.com\/tours\/private-yacht-rental-side\/","title":{"rendered":"Wynajem prywatnego jachtu w Side - S\u0131la Luxury Sea Experience"},"content":{"rendered":"<h2>\ud83c\udfd9\ufe0f <strong>Przegl\u0105d<\/strong><\/h2>\n<p>Wyp\u0142y\u0144 w rejs ekskluzywnym prywatnym jachtem wzd\u0142u\u017c Riwiery Tureckiej. Zaprojektowany dla par, rodzin i ma\u0142ych grup, ten czarter oferuje swobod\u0119, komfort i niezapomniane widoki na wybrze\u017ce. Od staro\u017cytnych zabytk\u00f3w po ukryte zatoki, ciesz si\u0119 morzem we w\u0142asnym tempie z us\u0142ug\u0105 \"od drzwi do drzwi\".<\/p>\n<h3 data-path-to-node=\"19\"><b data-path-to-node=\"19\" data-index-in-node=\"0\">W zestawie:<\/b><\/h3>\n<div data-path-to-node=\"20\"><span style=\"color: #00ff00;\"><strong>\u2713<\/strong><\/span> Czarter prywatnego jachtu (do 12 go\u015bci)<\/div>\n<div data-path-to-node=\"21\"><span style=\"color: #00ff00;\"><strong>\u2713 <\/strong><\/span>Transfer hotelowy w obie strony<\/div>\n<div data-path-to-node=\"22\"><span style=\"color: #00ff00;\"><strong>\u2713 <\/strong><\/span>Profesjonalny kapitan i za\u0142oga<\/div>\n<div data-path-to-node=\"23\"><span style=\"color: #00ff00;\"><strong>\u2713 <\/strong><\/span>Lunch BBQ: Grillowana ryba\/kurczak\/klopsiki, sa\u0142atka, makaron, owoce<\/div>\n<div data-path-to-node=\"24\"><span style=\"color: #00ff00;\"><strong>\u2713 <\/strong><\/span>Nielimitowane napoje bezalkoholowe: Woda, Cola, Fanta, Herbata, Kawa<\/div>\n<div data-path-to-node=\"25\"><span style=\"color: #00ff00;\"><strong>\u2713 <\/strong><\/span>Amatorski sprz\u0119t w\u0119dkarski i sprz\u0119t do nurkowania<\/div>\n<div data-path-to-node=\"26\"><span style=\"color: #00ff00;\"><strong>\u2713 <\/strong><\/span>Bezp\u0142atne Wi-Fi na pok\u0142adzie<\/div>\n<h3 data-path-to-node=\"27\"><b data-path-to-node=\"27\" data-index-in-node=\"0\">Wy\u0142\u0105czone:<\/b><\/h3>\n<div data-path-to-node=\"28\"><span style=\"color: #ff0000;\"><strong>\u2717<\/strong> <\/span>napoje alkoholowe (dost\u0119pne lub w\u0142asne za op\u0142at\u0105 w wysoko\u015bci 20 \u20ac)<\/div>\n<div data-path-to-node=\"29\"><span style=\"color: #ff0000;\"><strong>\u2717<\/strong> <\/span>Lody<\/div>\n<h2 data-path-to-node=\"30\">\ud83c\udf1f Najwa\u017cniejsze punkty wycieczki tego <a href=\"https:\/\/en.wikipedia.org\/wiki\/Side,_Turkey\" target=\"_blank\" rel=\"noopener\">Side<\/a> Czarter Jachtu<\/h2>\n<div data-path-to-node=\"31\">Prywatny luksusowy jacht odnowiony w 2023 r.<\/div>\n<div data-path-to-node=\"32\">Staro\u017cytne miasto Side i \u015bwi\u0105tynia Apolla z widokiem na morze<\/div>\n<div data-path-to-node=\"33\">Zatoka \u017b\u00f3\u0142wi - obserwowanie \u017c\u00f3\u0142wi Caretta caretta<\/div>\n<div data-path-to-node=\"34\">Wieloj\u0119zyczna za\u0142oga: Obs\u0142uga w j\u0119zyku angielskim, rosyjskim i niemieckim<\/div>\n<div data-path-to-node=\"35\">Krystalicznie czyste zatoki do p\u0142ywania i relaksu<\/div>\n<div data-path-to-node=\"36\">Idealny na uroczysto\u015bci: Propozycje, urodziny i rocznice<\/div>\n<h2 data-path-to-node=\"37\">\ud83d\udcd6 Pe\u0142ny Opis: Twoje Prywatne Do\u015bwiadczenie Wynajmu Jachtu<\/h2>\n<div data-path-to-node=\"38\">Twoje do\u015bwiadczenie VIP zaczyna si\u0119 w Side Harbor. Wejd\u017a na pok\u0142ad swojego ekskluzywnego jachtu, <b data-path-to-node=\"38\" data-index-in-node=\"77\">SILA-1<\/b>, i wyp\u0142yn\u0105\u0107 z historycznego molo.<\/div>\n<div data-path-to-node=\"39\">Przep\u0142y\u0144 obok staro\u017cytnego miasta Side i kultowej \u015bwi\u0105tyni Apolla, podziwiaj\u0105c zapieraj\u0105ce dech w piersiach widoki na morze.<\/div>\n<div data-path-to-node=\"40\">Kontynuuj w kierunku Zatoki \u017b\u00f3\u0142wi, aby zobaczy\u0107 \u017c\u00f3\u0142wie i cieszy\u0107 si\u0119 przerwami na p\u0142ywanie w pi\u0119knych zatokach.<\/div>\n<div data-path-to-node=\"41\">Na pok\u0142adzie serwowany b\u0119dzie \u015bwie\u017cy lunch BBQ przygotowany przez nasz\u0105 rodzinn\u0105 za\u0142og\u0119. Po dniu relaksu i \u015bwi\u0119towania zapraszamy na spokojny rejs powrotny do portu.<\/div>\n<h3 data-path-to-node=\"42\">\ud83d\uddfa\ufe0f Plan podr\u00f3\u017cy<\/h3>\n<div data-path-to-node=\"43\">Wyp\u0142yni\u0119cie z Side Harbor<\/div>\n<div data-path-to-node=\"44\">Staro\u017cytne miasto Side i \u015bwi\u0105tynia Apolla (widok na morze)<\/div>\n<div data-path-to-node=\"45\">Zatoka \u017b\u00f3\u0142wi - przystanek na zwiedzanie<\/div>\n<div data-path-to-node=\"46\">Przerwy na p\u0142ywanie w turkusowych zatokach<\/div>\n<div data-path-to-node=\"47\">Lunch w formie grilla na pok\u0142adzie<\/div>\n<div data-path-to-node=\"48\">Opcjonalny rejs po rzece Manavgat<\/div>\n<div data-path-to-node=\"49\">Powr\u00f3t do Side Harbor<\/div>\n<h3 data-path-to-node=\"50\">\u2139\ufe0f Przydatne informacje<\/h3>\n<div data-path-to-node=\"52\">Pojemno\u015b\u0107: Do 12 go\u015bci<\/div>\n<div data-path-to-node=\"53\">Czas trwania: elastyczny (dost\u0119pne opcje p\u00f3\u0142dniowe lub ca\u0142odniowe)<br \/>\nCeny w lipcu i sierpniu mog\u0105 si\u0119 r\u00f3\u017cni\u0107<br \/>\nTrasa mo\u017ce zosta\u0107 dostosowana w zale\u017cno\u015bci od warunk\u00f3w na morzu.<br \/>\nDop\u0142ata mo\u017ce obowi\u0105zywa\u0107 w przypadku hoteli oddalonych od centrum Side.<\/div>\n<h2 data-path-to-node=\"56\">Co zabra\u0107 ze sob\u0105<\/h2>\n<div data-path-to-node=\"57\">Str\u00f3j k\u0105pielowy i r\u0119cznik<\/div>\n<div data-path-to-node=\"58\">Ochrona przeciws\u0142oneczna i okulary przeciws\u0142oneczne<\/div>\n<div data-path-to-node=\"59\">\ud83d\udd39 Kapelusz<\/div>\n<h3 data-path-to-node=\"60\">Nieodpowiednie dla<\/h3>\n<p data-path-to-node=\"61\">Go\u015bcie z powa\u017cnymi ograniczeniami ruchowymi<\/p>\n<div class=\"elementor-element elementor-element-884d539 e-con-full e-flex e-con e-child\" data-id=\"884d539\" data-element_type=\"container\">\n<div id=\"description\" class=\"elementor-element elementor-element-337037cc elementor-widget elementor-widget-thim-ekits-tours-content\" data-id=\"337037cc\" data-element_type=\"widget\" data-widget_type=\"thim-ekits-tours-content.default\">\n<div class=\"elementor-widget-container\">\n<div class=\"thim-ekit-single-tour__content\">\n<h2 dir=\"ltr\">\ud83d\udcb8\u00a0<strong>Cena i rezerwacja<\/strong><\/h2>\n<p dir=\"ltr\">Zarezerwuj teraz, zap\u0142a\u0107 w dniu wydarzenia<br \/>\nNiestandardowe dekoracje dost\u0119pne na specjalne okazje<br \/>\nSkontaktuj si\u0119 z nami przez WhatsApp, Telegram, Viber lub wype\u0142nij poni\u017cszy formularz rezerwacji. \ud83d\udc47\ud83c\udffc<\/p>\n<\/div>\n<\/div>\n<\/div>\n<\/div>\n<div class=\"elementor-element elementor-element-57a2f74 elementor-widget-divider--view-line elementor-widget elementor-widget-divider\" data-id=\"57a2f74\" data-element_type=\"widget\" data-widget_type=\"divider.default\">\n<div class=\"elementor-widget-container\">\n<div class=\"elementor-divider\"><\/div>\n<\/div>\n<\/div>\n<p>Szukasz alternatyw? Przegl\u0105daj <a href=\"https:\/\/excursionsworld.com\/pl\/prywatny-czarter-jachtu-antalya-kemer\/\">wi\u0119cej wycieczek czarterowych jachtem w Side<\/a>.<\/p>","protected":false},"excerpt":{"rendered":"<p>Ciesz si\u0119 prywatnym czarterem jachtu w Side z obiadem BBQ, przerwami na p\u0142ywanie, Zatok\u0105 \u017b\u00f3\u0142wi i wspania\u0142ymi widokami na \u015awi\u0105tyni\u0119 Apolla i staro\u017cytne miasto.<\/p>","protected":false},"featured_media":16105,"comment_status":"open","ping_status":"closed","template":"","meta":[],"product_brand":[],"product_cat":[129],"product_tag":[122],"class_list":{"0":"post-16104","1":"product","2":"type-product","3":"status-publish","4":"has-post-thumbnail","6":"tour_phys-yacht-rental","7":"product_cat-yacht-rental","8":"product_tag-side","9":"pa_kategori-private-yacht-rental-kemer-antalya","11":"first","12":"instock","13":"sale","14":"shipping-taxable","15":"purchasable","16":"product-type-tour_phys"},"aioseo_notices":[],"_links":{"self":[{"href":"https:\/\/excursionsworld.com\/pl\/wp-json\/wp\/v2\/product\/16104","targetHints":{"allow":["GET"]}}],"collection":[{"href":"https:\/\/excursionsworld.com\/pl\/wp-json\/wp\/v2\/product"}],"about":[{"href":"https:\/\/excursionsworld.com\/pl\/wp-json\/wp\/v2\/types\/product"}],"replies":[{"embeddable":true,"href":"https:\/\/excursionsworld.com\/pl\/wp-json\/wp\/v2\/comments?post=16104"}],"wp:featuredmedia":[{"embeddable":true,"href":"https:\/\/excursionsworld.com\/pl\/wp-json\/wp\/v2\/media\/16105"}],"wp:attachment":[{"href":"https:\/\/excursionsworld.com\/pl\/wp-json\/wp\/v2\/media?parent=16104"}],"wp:term":[{"taxonomy":"product_brand","embeddable":true,"href":"https:\/\/excursionsworld.com\/pl\/wp-json\/wp\/v2\/product_brand?post=16104"},{"taxonomy":"product_cat","embeddable":true,"href":"https:\/\/excursionsworld.com\/pl\/wp-json\/wp\/v2\/product_cat?post=16104"},{"taxonomy":"product_tag","embeddable":true,"href":"https:\/\/excursionsworld.com\/pl\/wp-json\/wp\/v2\/product_tag?post=16104"}],"curies":[{"name":"wp","href":"https:\/\/api.w.org\/{rel}","templated":true}]}}