{"id":16115,"date":"2026-02-04T13:01:22","date_gmt":"2026-02-04T10:01:22","guid":{"rendered":"https:\/\/excursionsworld.com\/?post_type=product&#038;p=16115\/"},"modified":"2026-04-24T01:27:21","modified_gmt":"2026-04-23T22:27:21","slug":"prywatny-wynajem-jachtow-side-la-perla","status":"publish","type":"product","link":"https:\/\/excursionsworld.com\/tours\/private-yacht-rental-side-la-perla\/","title":{"rendered":"Prywatny Wynajem Jacht\u00f3w Side: La Perla \u2013 Luksus Azimut 42"},"content":{"rendered":"<h2><strong>\ud83c\udfd9\ufe0f Przegl\u0105d<\/strong><\/h2>\n<p>Wyp\u0142y\u0144 w rejs <strong>La Perla<\/strong>, ekskluzywny <strong>Jacht motorowy Azimut 42<\/strong> oferuj\u0105c wyrafinowane do\u015bwiadczenie prywatnego jachtu wzd\u0142u\u017c Riwiery Tureckiej. Idealny dla par, rodzin i ma\u0142ych grup, ten czarter \u0142\u0105czy w sobie swobod\u0119, komfort i zapieraj\u0105ce dech w piersiach widoki na wybrze\u017ce z najwy\u017cszej jako\u015bci us\u0142ugami i transferami od drzwi do drzwi.<\/p>\n<h3><strong>W zestawie:<\/strong><\/h3>\n<p><strong><span style=\"color: #00ff00;\">\u2713<\/span> <\/strong>Czarter prywatnego jachtu (do 12 go\u015bci)<br \/>\n<strong><span style=\"color: #00ff00;\">\u2713<\/span> <\/strong>Transfer hotelowy w obie strony<br \/>\n<strong><span style=\"color: #00ff00;\">\u2713<\/span> <\/strong>Profesjonalny \u017ce\u0144ski kapitan i za\u0142oga<br \/>\n<strong><span style=\"color: #00ff00;\">\u2713<\/span> <\/strong>Lunch lub kolacja z grilla: Grillowana ryba \/ kurczak \/ klopsiki<br \/>\n<strong><span style=\"color: #00ff00;\">\u2713<\/span> <\/strong>Makaron, ry\u017c i owoce sezonowe<br \/>\n<strong><span style=\"color: #00ff00;\">\u2713<\/span> <\/strong>4 rodzaje przystawek i 2 rodzaje sa\u0142atek<br \/>\n<strong><span style=\"color: #00ff00;\">\u2713<\/span> <\/strong>Nielimitowane napoje bezalkoholowe<br \/>\n<strong><span style=\"color: #00ff00;\">\u2713<\/span> <\/strong>Bezp\u0142atne Wi-Fi na pok\u0142adzie<br \/>\n<strong><span style=\"color: #00ff00;\">\u2713<\/span> <\/strong>Deska SUP, sprz\u0119t do snorkelingu i w\u0119dkarstwa amatorskiego<\/p>\n<h3><strong>Wy\u0142\u0105czone:<\/strong><\/h3>\n<p><strong><span style=\"color: #ff0000;\">\u2717<\/span> <\/strong>Napoje alkoholowe (dost\u0119pne na pok\u0142adzie lub w\u0142asne bez dodatkowych op\u0142at)<br \/>\n<strong><span style=\"color: #ff0000;\">\u2717<\/span> <\/strong>Lody<br \/>\n<strong><span style=\"color: #ff0000;\">\u2717<\/span> <\/strong>Niestandardowe dekoracje i tort urodzinowy<\/p>\n<h2><strong>Najwa\u017cniejsze atrakcje wycieczki<\/strong><\/h2>\n<p>Prywatny luksus <strong>Jacht Azimut 42 (2025 zbudowany)<\/strong><br \/>\n\ud83d\udd39 <a href=\"https:\/\/en.wikipedia.org\/wiki\/Side,_Turkey\" target=\"_blank\" rel=\"noopener\">Side<\/a> Staro\u017cytny port i \u015bwi\u0105tynia Apollina widok od strony morza<br \/>\nEkskluzywna us\u0142uga \u015bwiadczona przez profesjonalist\u0119 <strong>Za\u0142oga prowadzona przez kobiety<\/strong><br \/>\n\u017b\u00f3\u0142wie Ska\u0142y, Zatoka Kleopatry i trasa nad rzek\u0105 Manavgat<br \/>\nPrzestronny pok\u0142ad s\u0142oneczny, drabinka do p\u0142ywania i materac morski<br \/>\nIdealny na eleganckie uroczysto\u015bci i prywatne wycieczki premium<\/p>\n<h2><strong>Pe\u0142ny opis<\/strong><\/h2>\n<div>Do\u015bwiadczenie VIP rozpoczyna si\u0119 od prywatnego odbioru z hotelu i przybycia do <strong>Side Ancient Harbor<\/strong>, gdzie wchodzisz na pok\u0142ad <strong>La Perla<\/strong>, Zostaniesz powitany przez nasz\u0105 do\u015bwiadczon\u0105 pani\u0105 kapitan. Rejs obok staro\u017cytnego miasta Side i kultowego <strong>\u015awi\u0105tynia Apolla<\/strong>, podziwiaj\u0105c niezapomniane widoki na morze.<\/div>\n<div>Podr\u00f3\u017c trwa w kierunku <strong>Cleopatra Bay<\/strong>, <strong>Turtle Rocks<\/strong>, i malowniczy <strong>Cie\u015bnina Manavgat<\/strong>, z przerwami na p\u0142ywanie w krystalicznie czystych wodach. Na pok\u0142adzie serwowany jest \u015bwie\u017co przygotowany posi\u0142ek z grilla, kt\u00f3remu towarzyszy troskliwa obs\u0142uga i relaksuj\u0105ca, luksusowa atmosfera. Niezale\u017cnie od tego, czy wybierzesz ca\u0142odniow\u0105 wycieczk\u0119, czy romantyczny rejs o zachodzie s\u0142o\u0144ca, ka\u017cdy szczeg\u00f3\u0142 zostanie dopracowany z my\u015bl\u0105 o Twoim komforcie.<\/div>\n<h3><strong>\ud83d\uddfa\ufe0f Plan podr\u00f3\u017cy<\/strong><\/h3>\n<p>Prywatny odbi\u00f3r z hotelu<br \/>\nWyp\u0142yni\u0119cie z Side Harbor<br \/>\nStaro\u017cytne miasto Side i \u015bwi\u0105tynia Apolla (widok na morze)<br \/>\nPrzystanek widokowy Turtle Rocks<br \/>\nZatoka Kleopatry i cie\u015bnina Manavgat<br \/>\nPrzerwy na p\u0142ywanie na otwartym morzu i w zatokach<br \/>\nPosi\u0142ek BBQ serwowany na pok\u0142adzie<br \/>\nPowr\u00f3t do Side Harbor<br \/>\nPrywatny transfer z powrotem do hotelu<\/p>\n<h3><strong>\u2139\ufe0f Przydatne informacje<\/strong><\/h3>\n<p>Pojemno\u015b\u0107: Do 12 go\u015bci<br \/>\nCzas trwania: Elastyczny (dost\u0119pne opcje 4-godzinne lub 10-godzinne)<br \/>\nTrasa mo\u017ce zosta\u0107 dostosowana do warunk\u00f3w na morzu.<br \/>\nDostosowanie menu dost\u0119pne na \u017cyczenie<br \/>\nOpcja op\u00f3\u017anionego transferu dost\u0119pna dla d\u0142u\u017cszego czasu w mie\u015bcie<\/p>\n<h2><strong>Co zabra\u0107 ze sob\u0105<\/strong><\/h2>\n<p>Str\u00f3j k\u0105pielowy i r\u0119cznik<br \/>\nOchrona przeciws\u0142oneczna i okulary przeciws\u0142oneczne<br \/>\n\ud83d\udd39 Kapelusz<br \/>\nOsobiste napoje alkoholowe (opcjonalnie)<\/p>\n<h3><strong>Nieodpowiednie dla<\/strong><\/h3>\n<p>Go\u015bcie z powa\u017cnymi ograniczeniami ruchowymi<\/p>\n<h2><strong>Cena i rezerwacja<\/strong><\/h2>\n<p>Zarezerwuj teraz, zap\u0142a\u0107 w dniu wydarzenia<br \/>\nNiestandardowe dekoracje dost\u0119pne na specjalne okazje<br \/>\nSkontaktuj si\u0119 z nami za po\u015brednictwem <strong>WhatsApp, Telegram, Viber<\/strong>, lub wype\u0142ni\u0107 poni\u017cszy formularz rezerwacji \ud83d\udc47\ud83c\udffc<\/p>\n<p>Szukasz alternatyw? Przegl\u0105daj <a href=\"https:\/\/excursionsworld.com\/pl\/prywatny-czarter-jachtu-antalya-kemer\/\">wi\u0119cej wycieczek czarterowych jachtem w Side<\/a>.<\/p>","protected":false},"excerpt":{"rendered":"<p>Prywatny czarter jachtu Azimut 42 w Side z opcj\u0105 na zach\u00f3d s\u0142o\u0144ca lub ca\u0142y dzie\u0144. Ciesz si\u0119 transferem do hotelu, posi\u0142kiem z grilla, postojami na p\u0142ywanie i us\u0142ugami premium. Zarezerwuj teraz!<\/p>","protected":false},"featured_media":16116,"comment_status":"open","ping_status":"closed","template":"","meta":[],"product_brand":[],"product_cat":[129],"product_tag":[122],"class_list":{"0":"post-16115","1":"product","2":"type-product","3":"status-publish","4":"has-post-thumbnail","6":"tour_phys-yacht-rental","7":"product_cat-yacht-rental","8":"product_tag-side","9":"pa_kategori-private-yacht-rental-kemer-antalya","11":"first","12":"instock","13":"sale","14":"shipping-taxable","15":"purchasable","16":"product-type-tour_phys"},"aioseo_notices":[],"_links":{"self":[{"href":"https:\/\/excursionsworld.com\/pl\/wp-json\/wp\/v2\/product\/16115","targetHints":{"allow":["GET"]}}],"collection":[{"href":"https:\/\/excursionsworld.com\/pl\/wp-json\/wp\/v2\/product"}],"about":[{"href":"https:\/\/excursionsworld.com\/pl\/wp-json\/wp\/v2\/types\/product"}],"replies":[{"embeddable":true,"href":"https:\/\/excursionsworld.com\/pl\/wp-json\/wp\/v2\/comments?post=16115"}],"wp:featuredmedia":[{"embeddable":true,"href":"https:\/\/excursionsworld.com\/pl\/wp-json\/wp\/v2\/media\/16116"}],"wp:attachment":[{"href":"https:\/\/excursionsworld.com\/pl\/wp-json\/wp\/v2\/media?parent=16115"}],"wp:term":[{"taxonomy":"product_brand","embeddable":true,"href":"https:\/\/excursionsworld.com\/pl\/wp-json\/wp\/v2\/product_brand?post=16115"},{"taxonomy":"product_cat","embeddable":true,"href":"https:\/\/excursionsworld.com\/pl\/wp-json\/wp\/v2\/product_cat?post=16115"},{"taxonomy":"product_tag","embeddable":true,"href":"https:\/\/excursionsworld.com\/pl\/wp-json\/wp\/v2\/product_tag?post=16115"}],"curies":[{"name":"wp","href":"https:\/\/api.w.org\/{rel}","templated":true}]}}