{"id":16143,"date":"2026-02-07T18:28:41","date_gmt":"2026-02-07T15:28:41","guid":{"rendered":"https:\/\/excursionsworld.com\/?post_type=product&#038;p=16143\/"},"modified":"2026-04-24T01:27:21","modified_gmt":"2026-04-23T22:27:21","slug":"prywatny-czarter-jachtu-alanya-efsane-deluxe","status":"publish","type":"product","link":"https:\/\/excursionsworld.com\/tours\/alanya-private-yacht-rental-efsane-deluxe\/","title":{"rendered":"Prywatny Czarter Jachtu w Alanyi \u2013 Efsane Deluxe | Dzie\u0144 &amp; Sunset"},"content":{"rendered":"<h2>\ud83c\udfd9\ufe0f Przegl\u0105d<\/h2>\n<p>Do\u015bwiadcz prawdziwego luksusu na pok\u0142adzie <strong>Efsane Deluxe<\/strong>, 17,50-metrowy jacht motorowy zbudowany na zam\u00f3wienie, wyp\u0142ywaj\u0105cy z <strong>\u015ar\u00f3dmie\u015bcie <a href=\"https:\/\/en.wikipedia.org\/wiki\/Alanya\" target=\"_blank\" rel=\"noopener\">Alanya<\/a><\/strong>. Zaprojektowany dla prywatnych grup poszukuj\u0105cych komfortu i rozrywki, jacht ten wyr\u00f3\u017cnia si\u0119 funkcjami premium, takimi jak opcjonalne <strong>skuter podwodny (Seabob)<\/strong> i dedykowany <strong>3-osobowa profesjonalna za\u0142oga<\/strong>, oferuj\u0105c wysokiej klasy do\u015bwiadczenie VIP z us\u0142ug\u0105 \"od drzwi do drzwi\".<\/p>\n<h3>\u00a0W zestawie:<\/h3>\n<p><span style=\"color: #00ff00;\"><strong>\u2713<\/strong><\/span> Czarter prywatnego jachtu (standardowy <strong>4-godzinny program<\/strong>)<br \/>\n<span style=\"color: #00ff00;\"><strong>\u2713 <\/strong><\/span>Transfer do hotelu w obie strony (Alanya i okolice)<br \/>\n<span style=\"color: #00ff00;\"><strong>\u2713 <\/strong><\/span>Profesjonalny <strong>3-osobowa za\u0142oga i do\u015bwiadczony kapitan<\/strong><br \/>\n<span style=\"color: #00ff00;\"><strong>\u2713 <\/strong><\/span>BBQ Lunch \/ Kolacja: Grillowana ryba, kurczak lub klopsiki<br \/>\n<span style=\"color: #00ff00;\"><strong>\u2713 <\/strong><\/span>Sa\u0142atka \u015br\u00f3dziemnomorska, makaron i talerz owoc\u00f3w sezonowych<br \/>\n<span style=\"color: #00ff00;\"><strong>\u2713 <\/strong><\/span>Nielimitowane napoje bezalkoholowe (woda, cola, fanta, herbata, kawa)<br \/>\n<span style=\"color: #00ff00;\"><strong>\u2713 <\/strong><\/span>Wi-Fi, deska surfingowa, sprz\u0119t do nurkowania i materac morski<\/p>\n<h3>\u00a0Wy\u0142\u0105czone:<\/h3>\n<p><span style=\"color: #ff0000;\"><strong>\u2717<\/strong> <\/span>Napoje alkoholowe (dost\u0119pne lub w\u0142asne)<br \/>\n<span style=\"color: #ff0000;\"><strong>\u2717<\/strong> <\/span>Skuter podwodny <strong>(Seabob - opcja dodatkowa)<\/strong><br \/>\n<span style=\"color: #ff0000;\"><strong>\u2717<\/strong> <\/span>Niestandardowe dekoracje i tort urodzinowy<\/p>\n<h2>\ud83c\udf1f Atrakcje wycieczki podczas tej prywatnej wynajmu jachtu w Alanyi<\/h2>\n<p>Nowoczesne do\u015bwiadczenie luksusowego jachtu na <strong>Statek o d\u0142ugo\u015bci 17,50 m (2019)<\/strong><br \/>\nOpcjonalna podwodna przygoda z <strong>Seabob<\/strong><br \/>\nZamek, Czerwona Wie\u017ca i stocznia w Alanyi z widokiem na morze<br \/>\n\ud83d\udd39 Profesjonalna obs\u0142uga z dedykowanym <strong>3-osobowa za\u0142oga<\/strong><br \/>\nPrzystanki na p\u0142ywanie w kultowych jaskiniach i turkusowych zatokach<br \/>\n\ud83d\udd39 Przestronny pok\u0142ad &amp; <strong>4 prywatne kabiny<\/strong> dla maksymalnego komfortu<\/p>\n<h2>\ud83d\udcd6 Pe\u0142ny Opis: Twoje Prywatne Do\u015bwiadczenie Wynajmu Jachtu w Alanyi<\/h2>\n<p>Luksusowa podr\u00f3\u017c morska rozpoczyna si\u0119 od prywatnego odbioru z hotelu i transferu do <strong>Port Alanya<\/strong>. Krok na pok\u0142adzie <strong>Efsane Deluxe<\/strong> i rejs wzd\u0142u\u017c osza\u0142amiaj\u0105cego p\u00f3\u0142wyspu Alanya, mijaj\u0105c historyczne zabytki, takie jak <strong>Czerwona Wie\u017ca, Stara Stocznia i staro\u017cytne jaskinie morskie<\/strong>.<\/p>\n<p>Podczas 4-godzinnego programu mo\u017cna cieszy\u0107 si\u0119 przerwami na p\u0142ywanie w krystalicznie czystych zatokach, zrelaksowa\u0107 si\u0119 na przestronnym pok\u0142adzie s\u0142onecznym i delektowa\u0107 si\u0119 \u015bwie\u017co przygotowanym posi\u0142kiem z grilla serwowanym przez za\u0142og\u0119. Opcjonalne atrakcje, takie jak <strong>Sup Board<\/strong> oraz <strong>Seabob<\/strong> Dzi\u0119ki temu jacht ten jest idealny na urodziny, o\u015bwiadczyny, przyj\u0119cia lub ekskluzywny rodzinny dzie\u0144 na morzu.<\/p>\n<h3>\ud83d\uddfa\ufe0f Plan podr\u00f3\u017cy<\/h3>\n<p>Prywatny odbi\u00f3r z hotelu i transfer do portu w Alanyi<br \/>\nOdlot z centrum Alanyi<br \/>\nZamek w Alanyi, Czerwona Wie\u017ca i Stara Stocznia (widok na morze)<br \/>\nPiraci, kochankowie i fosforyzuj\u0105ce jaskinie<br \/>\nPrzerwy na p\u0142ywanie w \u015br\u00f3dziemnomorskich zatokach<br \/>\nPosi\u0142ek BBQ serwowany na pok\u0142adzie<br \/>\nMalowniczy rejs powrotny wzd\u0142u\u017c wybrze\u017ca<br \/>\nPowr\u00f3t do portu i transfer do hotelu<\/p>\n<h2>Co zabra\u0107 ze sob\u0105<\/h2>\n<p>Str\u00f3j k\u0105pielowy i r\u0119cznik<br \/>\nOchrona przeciws\u0142oneczna i okulary przeciws\u0142oneczne<br \/>\nKapelusz i zapasowe ubrania<br \/>\nKamera lub GoPro<\/p>\n<h3>Nieodpowiednie dla<\/h3>\n<p>Go\u015bcie z powa\u017cnymi ograniczeniami ruchowymi<\/p>\n<h2>Cena i rezerwacja<\/h2>\n<p>Zarezerwuj teraz, zap\u0142a\u0107 w dniu wydarzenia<br \/>\nDost\u0119pne niestandardowe dekoracje i organizacje niespodzianek<br \/>\nSkontaktuj si\u0119 z nami przez WhatsApp, Telegram, Viber lub wype\u0142nij poni\u017cszy formularz rezerwacji \ud83d\udc47\ud83c\udffc<\/p>\n<p>Szukasz alternatyw? Przegl\u0105daj <a href=\"https:\/\/excursionsworld.com\/pl\/prywatny-czarter-jachtu-antalya-kemer\/\">Wi\u0119cej rejs\u00f3w czarterowych jacht\u00f3w w Alanyi<\/a>.<\/p>","protected":false},"excerpt":{"rendered":"<p>Wynajem prywatnego jachtu w Alanyi na pok\u0142adzie Efsane Deluxe. Ciesz si\u0119 rejsami dziennymi lub o zachodzie s\u0142o\u0144ca, transferem do hotelu, postojami na p\u0142ywanie i najwy\u017cszej jako\u015bci us\u0142ugami na pok\u0142adzie.<\/p>","protected":false},"featured_media":16725,"comment_status":"open","ping_status":"closed","template":"","meta":[],"product_brand":[],"product_cat":[129],"product_tag":[111],"class_list":{"0":"post-16143","1":"product","2":"type-product","3":"status-publish","4":"has-post-thumbnail","6":"tour_phys-yacht-rental","7":"product_cat-yacht-rental","8":"product_tag-alanya","9":"pa_kategori-private-yacht-rental-kemer-antalya","11":"first","12":"instock","13":"sale","14":"shipping-taxable","15":"purchasable","16":"product-type-tour_phys"},"aioseo_notices":[],"_links":{"self":[{"href":"https:\/\/excursionsworld.com\/pl\/wp-json\/wp\/v2\/product\/16143","targetHints":{"allow":["GET"]}}],"collection":[{"href":"https:\/\/excursionsworld.com\/pl\/wp-json\/wp\/v2\/product"}],"about":[{"href":"https:\/\/excursionsworld.com\/pl\/wp-json\/wp\/v2\/types\/product"}],"replies":[{"embeddable":true,"href":"https:\/\/excursionsworld.com\/pl\/wp-json\/wp\/v2\/comments?post=16143"}],"wp:featuredmedia":[{"embeddable":true,"href":"https:\/\/excursionsworld.com\/pl\/wp-json\/wp\/v2\/media\/16725"}],"wp:attachment":[{"href":"https:\/\/excursionsworld.com\/pl\/wp-json\/wp\/v2\/media?parent=16143"}],"wp:term":[{"taxonomy":"product_brand","embeddable":true,"href":"https:\/\/excursionsworld.com\/pl\/wp-json\/wp\/v2\/product_brand?post=16143"},{"taxonomy":"product_cat","embeddable":true,"href":"https:\/\/excursionsworld.com\/pl\/wp-json\/wp\/v2\/product_cat?post=16143"},{"taxonomy":"product_tag","embeddable":true,"href":"https:\/\/excursionsworld.com\/pl\/wp-json\/wp\/v2\/product_tag?post=16143"}],"curies":[{"name":"wp","href":"https:\/\/api.w.org\/{rel}","templated":true}]}}