{"id":16166,"date":"2026-02-08T18:51:53","date_gmt":"2026-02-08T15:51:53","guid":{"rendered":"https:\/\/excursionsworld.com\/?post_type=product&#038;p=16166\/"},"modified":"2026-04-24T01:27:22","modified_gmt":"2026-04-23T22:27:22","slug":"prywatny-czarter-jachtu-alanya","status":"publish","type":"product","link":"https:\/\/excursionsworld.com\/tours\/alanya-yacht-charter-my-dreams\/","title":{"rendered":"Prywatny Czarter Jachtu w Alanyi \u2013 My Dreams | Rejs Dzienny &amp; Zach\u00f3d S\u0142o\u0144ca"},"content":{"rendered":"<h2><strong>\ud83c\udfd9\ufe0f Przegl\u0105d<\/strong><\/h2>\n<p>Ciesz si\u0119 przestronnym i nowoczesnym prywatnym jachtem na pok\u0142adzie <strong>My Dreams-A<\/strong>, motor\u00f3wka zbudowana w 2022 roku wyp\u0142ywaj\u0105ca z <a href=\"https:\/\/en.wikipedia.org\/wiki\/Alanya\" target=\"_blank\" rel=\"noopener\">Alanya<\/a> Nowa Marina. Dzi\u0119ki szerokiemu uk\u0142adowi pok\u0142adu i du\u017cej pojemno\u015bci pasa\u017cerskiej, jacht ten jest idealny dla du\u017cych rodzin, grup przyjaci\u00f3\u0142, na uroczysto\u015bci i prywatne imprezy.<\/p>\n<p>Komfort, prywatno\u015b\u0107 i profesjonalna obs\u0142uga \u0142\u0105cz\u0105 si\u0119 z us\u0142ug\u0105 \"od drzwi do drzwi\". <strong>transfer wliczony w cen\u0119<\/strong>, Dzi\u0119ki temu dzie\u0144 sp\u0119dzony na jachcie b\u0119dzie \u0142atwy od pocz\u0105tku do ko\u0144ca.<\/p>\n<h3><strong>W zestawie:<\/strong><\/h3>\n<p><span style=\"color: #00ff00;\"><strong>\u2713<\/strong> <\/span>Wynajem prywatnego jachtu na wy\u0142\u0105czno\u015b\u0107<br \/>\n<span style=\"color: #00ff00;\"><strong>\u2713<\/strong> <\/span>Profesjonalny kapitan i 3-osobowa za\u0142oga<br \/>\n<strong><span style=\"color: #00ff00;\">\u2713 <\/span>Transfer hotelowy w obie strony wliczony w cen\u0119\u00a0<\/strong><br \/>\n<span style=\"color: #00ff00;\"><strong>\u2713<\/strong> <\/span>\u015awie\u017cy posi\u0142ek na pok\u0142adzie (wliczony w cen\u0119):<br \/>\n\u2022 <strong>Danie g\u0142\u00f3wne (wybierz jedno):<\/strong> Grillowany kurczak, klopsiki lub ryba (dorada \/ labraks)<br \/>\n\u2022 <strong>Dodatki:<\/strong> Sa\u0142atka \u015br\u00f3dziemnomorska, makaron<br \/>\n\u2022 <strong>P\u00f3\u0142misek owoc\u00f3w<\/strong><br \/>\n<span style=\"color: #00ff00;\"><strong>\u2713<\/strong> <\/span>Nielimitowane napoje bezalkoholowe, herbata, kawa i herbaty zio\u0142owe<br \/>\n<span style=\"color: #00ff00;\"><strong>\u2713<\/strong> <\/span>Wi-Fi na pok\u0142adzie<br \/>\n<span style=\"color: #00ff00;\"><strong>\u2713<\/strong> <\/span>Deska sup i materac morski<br \/>\n<span style=\"color: #00ff00;\"><strong>\u2713<\/strong> <\/span>Sprz\u0119t do snorkelingu i drabinka do p\u0142ywania<br \/>\n<span style=\"color: #00ff00;\"><strong>\u2713<\/strong> <\/span>System muzyczny z po\u0142\u0105czeniem mobilnym<br \/>\n<span style=\"color: #00ff00;\"><strong>\u2713<\/strong> <\/span>Taras s\u0142oneczny i zacienione miejsca do siedzenia<br \/>\n<span style=\"color: #00ff00;\"><strong>\u2713<\/strong> <\/span>Grill i nowoczesna zastawa sto\u0142owa<\/p>\n<p>\ud83c\udf77 <strong>Alkohol:<\/strong> Go\u015bcie mog\u0105 przynie\u015b\u0107 w\u0142asne napoje.<\/p>\n<h3><strong>Wy\u0142\u0105czone:<\/strong><\/h3>\n<p><span style=\"color: #ff0000;\"><strong>\u2717<\/strong> <\/span>Napoje alkoholowe<br \/>\n<span style=\"color: #ff0000;\"><strong>\u2717<\/strong> <\/span>Niestandardowe dekoracje i specjalne konfiguracje wydarze\u0144<\/p>\n<h2><strong>Najwa\u017cniejsze atrakcje wycieczki<\/strong><\/h2>\n<p>Przestronny jacht dla maksymalnie 27 go\u015bci<br \/>\nNowoczesny jacht zbudowany na zam\u00f3wienie (2022)<br \/>\nIdealny na urodziny, imprezy grupowe i uroczysto\u015bci<br \/>\nSzeroki taras s\u0142oneczny, deska SUP i materac morski<br \/>\n\u015awie\u017co przygotowany posi\u0142ek na pok\u0142adzie<br \/>\nProfesjonalna za\u0142oga i komfortowy rejs<\/p>\n<h2><strong>Pe\u0142ny opis<\/strong><\/h2>\n<p>Zarz\u0105d <strong>My Dreams-A<\/strong> w Alanya New Marina i ciesz si\u0119 relaksuj\u0105cym prywatnym rejsem wzd\u0142u\u017c wybrze\u017ca Morza \u015ar\u00f3dziemnego. Dzi\u0119ki szerokiemu pok\u0142adowi i du\u017cej przestrzeni na pok\u0142adzie, jacht ten oferuje wyj\u0105tkowy komfort dla wi\u0119kszych grup.<\/p>\n<p>Podczas rejsu mo\u017cna korzysta\u0107 z przerw na p\u0142ywanie, opalanie, muzyki i \u015bwie\u017co przygotowanego posi\u0142ku na pok\u0142adzie. Opcjonalne dodatki, takie jak dostosowanie menu, przystanki na sporty wodne lub tort urodzinowy, mog\u0105 zosta\u0107 zorganizowane na \u017cyczenie.<\/p>\n<h3><strong>\ud83d\uddfa\ufe0f Przyk\u0142adowa trasa<\/strong><\/h3>\n<p>Odbi\u00f3r z hotelu i transfer do Alanya New Marina<br \/>\nWyp\u0142yni\u0119cie i rejs przybrze\u017cny<br \/>\n\ud83d\udd39 Przerwy na p\u0142ywanie i relaks<br \/>\nUs\u0142uga posi\u0142k\u00f3w na pok\u0142adzie<br \/>\nRejs rekreacyjny i powr\u00f3t do przystani<br \/>\nTransfer z powrotem do hotelu<\/p>\n<h2><strong>Co zabra\u0107 ze sob\u0105<\/strong><\/h2>\n<p>Str\u00f3j k\u0105pielowy i r\u0119cznik<br \/>\nOchrona przeciws\u0142oneczna i okulary przeciws\u0142oneczne<br \/>\n\ud83d\udd39 Kapelusz<br \/>\nAparat fotograficzny lub telefon<\/p>\n<h3><strong>Nieodpowiednie dla<\/strong><\/h3>\n<p>Go\u015bcie z powa\u017cnymi ograniczeniami ruchowymi<\/p>\n<h2><strong>Cena i rezerwacja<\/strong><\/h2>\n<p>Zarezerwuj teraz, zap\u0142a\u0107 w dniu wydarzenia<br \/>\nNiestandardowe menu, sporty wodne i tort urodzinowy dost\u0119pne na \u017cyczenie<br \/>\nKontakt przez WhatsApp, Telegram, Viber lub formularz rezerwacji poni\u017cej \ud83d\udc47\ud83c\udffc<\/p>\n<p>Szukasz alternatyw? Przegl\u0105daj <a href=\"https:\/\/excursionsworld.com\/pl\/prywatny-czarter-jachtu-antalya-kemer\/\">Wi\u0119cej rejs\u00f3w czarterowych jacht\u00f3w w Alanyi<\/a>.<\/p>","protected":false},"excerpt":{"rendered":"<p>Prze\u017cyj prywatny czarter jachtu w Alanyi na pok\u0142adzie My Dreams-A. Idealny na rejsy dzienne i o zachodzie s\u0142o\u0144ca z za\u0142og\u0105, posi\u0142kiem i transferem do hotelu w cenie.<\/p>","protected":false},"featured_media":16167,"comment_status":"open","ping_status":"closed","template":"","meta":[],"product_brand":[],"product_cat":[129],"product_tag":[111],"class_list":{"0":"post-16166","1":"product","2":"type-product","3":"status-publish","4":"has-post-thumbnail","6":"tour_phys-yacht-rental","7":"product_cat-yacht-rental","8":"product_tag-alanya","9":"pa_kategori-private-yacht-rental-kemer-antalya","11":"first","12":"instock","13":"sale","14":"shipping-taxable","15":"purchasable","16":"product-type-tour_phys"},"aioseo_notices":[],"_links":{"self":[{"href":"https:\/\/excursionsworld.com\/pl\/wp-json\/wp\/v2\/product\/16166","targetHints":{"allow":["GET"]}}],"collection":[{"href":"https:\/\/excursionsworld.com\/pl\/wp-json\/wp\/v2\/product"}],"about":[{"href":"https:\/\/excursionsworld.com\/pl\/wp-json\/wp\/v2\/types\/product"}],"replies":[{"embeddable":true,"href":"https:\/\/excursionsworld.com\/pl\/wp-json\/wp\/v2\/comments?post=16166"}],"wp:featuredmedia":[{"embeddable":true,"href":"https:\/\/excursionsworld.com\/pl\/wp-json\/wp\/v2\/media\/16167"}],"wp:attachment":[{"href":"https:\/\/excursionsworld.com\/pl\/wp-json\/wp\/v2\/media?parent=16166"}],"wp:term":[{"taxonomy":"product_brand","embeddable":true,"href":"https:\/\/excursionsworld.com\/pl\/wp-json\/wp\/v2\/product_brand?post=16166"},{"taxonomy":"product_cat","embeddable":true,"href":"https:\/\/excursionsworld.com\/pl\/wp-json\/wp\/v2\/product_cat?post=16166"},{"taxonomy":"product_tag","embeddable":true,"href":"https:\/\/excursionsworld.com\/pl\/wp-json\/wp\/v2\/product_tag?post=16166"}],"curies":[{"name":"wp","href":"https:\/\/api.w.org\/{rel}","templated":true}]}}