{"id":16173,"date":"2026-02-09T13:42:40","date_gmt":"2026-02-09T10:42:40","guid":{"rendered":"https:\/\/excursionsworld.com\/?post_type=product&#038;p=16173\/"},"modified":"2026-04-24T01:27:22","modified_gmt":"2026-04-23T22:27:22","slug":"alanya-syedra-jaskinia-dim-rzeka","status":"publish","type":"product","link":"https:\/\/excursionsworld.com\/tours\/alanya-syedra-dim-cave-river\/","title":{"rendered":"Alanya: Staro\u017cytne Miasto Syedra, Jaskinia Dim i Rzeka z Lunchem"},"content":{"rendered":"<h2>\ud83c\udfd9\ufe0f <strong>Przegl\u0105d<\/strong><\/h2>\n<p>Wejd\u017a na <a href=\"https:\/\/en.wikipedia.org\/wiki\/Alanya\" target=\"_blank\" rel=\"noopener\">Alanya<\/a>\u2019Odkryj jego bogat\u0105 przesz\u0142o\u015b\u0107 i naturalne pi\u0119kno podczas tej starannie zaprojektowanej wycieczki. Od panoramicznych ruin na wzg\u00f3rzu z widokiem na Morze \u015ar\u00f3dziemne, po imponuj\u0105ce podziemne formacje i spokojne otoczenie rzeki, ta wycieczka oferuje zr\u00f3wnowa\u017con\u0105 mieszank\u0119 kultury, odkry\u0107 i relaksu.<\/p>\n<h3><strong>W zestawie:<\/strong><\/h3>\n<p><span style=\"color: #00ff00;\"><strong>\u2713<\/strong> <\/span>Profesjonalny transfer do hotelu w obie strony<br \/>\n<span style=\"color: #00ff00;\"><strong>\u2713<\/strong> <\/span>Profesjonalny angloj\u0119zyczny przewodnik<br \/>\n<span style=\"color: #00ff00;\"><strong>\u2713<\/strong> <\/span>Wizyta z przewodnikiem w staro\u017cytnym mie\u015bcie Syedra<br \/>\n<span style=\"color: #00ff00;\"><strong>\u2713<\/strong> <\/span>Lunch nad rzek\u0105 Dim<br \/>\n<span style=\"color: #00ff00;\"><strong>\u2713<\/strong> <\/span>Wizyta w lokalnym domu owocowym<br \/>\n<span style=\"color: #00ff00;\"><strong>\u2713<\/strong> <\/span>Pe\u0142na ochrona ubezpieczeniowa<\/p>\n<h3><strong>Nie zawiera:<\/strong><\/h3>\n<p><span style=\"color: #ff0000;\"><strong>\u2717<\/strong> <\/span>Op\u0142ata za wst\u0119p do jaskini Dim (10 \u20ac w got\u00f3wce)<br \/>\n<span style=\"color: #ff0000;\"><strong>\u2717<\/strong> <\/span>Napoje podczas wycieczki<br \/>\n<span style=\"color: #ff0000;\"><strong>\u2717<\/strong> <\/span>Wydatki osobiste (zdj\u0119cia i pami\u0105tki)<\/p>\n<h2>\ud83c\udf1f <strong>Najwa\u017cniejsze informacje o wycieczce<\/strong><\/h2>\n<p>Staro\u017cytne miasto Syedra - rzymskie i bizantyjskie ruiny<br \/>\nPanoramiczne widoki na Morze \u015ar\u00f3dziemne ze wzg\u00f3rza<br \/>\nJaskinia Dim - stalaktyty, stalagmity i podziemne jezioro<br \/>\nRelaksuj\u0105cy lunch nad rzek\u0105 nad rzek\u0105 Dim<br \/>\nWizyta w lokalnym domu owocowym z regionalnymi produktami<br \/>\nWnikliwe komentarze profesjonalnych przewodnik\u00f3w<\/p>\n<h2>\ud83d\udcd6 <strong>Pe\u0142ny opis<\/strong><\/h2>\n<p>Dzie\u0144 rozpoczyna si\u0119 od wygodnego odbioru z hotelu i malowniczej przeja\u017cd\u017cki do <strong>Staro\u017cytne miasto Syedra<\/strong>, Syedra to jeden z ukrytych archeologicznych klejnot\u00f3w Alanyi. Po\u0142o\u017cona na wzg\u00f3rzu Syedra oferuje zapieraj\u0105ce dech w piersiach widoki na Morze \u015ar\u00f3dziemne. Spaceruj staro\u017cytnymi ulicami, \u0142a\u017aniami i cysternami, podczas gdy tw\u00f3j przewodnik o\u017cywi rzymsk\u0105 i bizantyjsk\u0105 histori\u0119 miasta.<\/p>\n<p>Nast\u0119pnie kontynuuj <strong>Dim Cave<\/strong>, Jest to jedna z najwi\u0119kszych i najbardziej imponuj\u0105cych jaski\u0144 w regionie. Uformowana przez miliony lat jaskinia zawiera dramatyczne stalaktyty, stalagmity i tajemnicze podziemne jezioro, tworz\u0105c naprawd\u0119 niezapomniane wra\u017cenia przyrodnicze.<\/p>\n<p>Po eksploracji jaskini udaj si\u0119 do spokojnego miejsca <strong>Dim River<\/strong>, gdzie zjesz pyszny lunch w otoczeniu bujnej zieleni i ch\u0142odnej, p\u0142yn\u0105cej wody. Przed powrotem do Alanyi zatrzymaj si\u0119 w <strong>lokalny dom owocowy<\/strong> odkrywa\u0107 i kupowa\u0107 \u015bwie\u017ce regionalne owoce i produkty.<\/p>\n<h3>\ud83d\uddfa\ufe0f <strong>Plan podr\u00f3\u017cy<\/strong><\/h3>\n<p>09:00 - Odbi\u00f3r z hoteli i wyjazd<br \/>\nWizyta w staro\u017cytnym mie\u015bcie Syedra (wycieczka z przewodnikiem i przystanek na zdj\u0119cia)<br \/>\nEksploruj jaskini\u0119 Dim Cave<br \/>\nLunch nad rzek\u0105 nad rzek\u0105 Dim<br \/>\nCzas wolny i relaks nad wod\u0105<br \/>\nWizyta w lokalnym domu owocowym<br \/>\n16:00 - Powr\u00f3t do Alanyi i odbi\u00f3r z hotelu<\/p>\n<h3>\u2139\ufe0f <strong>Przydatne informacje<\/strong><\/h3>\n<p>Do\u015bwiadczenie w ma\u0142ej grupie<br \/>\nUmiarkowane chodzenie po nier\u00f3wnym terenie<br \/>\nDim Cave jest ch\u0142odna w \u015brodku - zalecana lekka kurtka<br \/>\nWycieczka dzia\u0142a w ka\u017cdych warunkach pogodowych<br \/>\nWymagania dietetyczne nale\u017cy poda\u0107 podczas rezerwacji.<\/p>\n<h2>\ud83c\udf92 <strong>Co zabra\u0107 ze sob\u0105<\/strong><\/h2>\n<p>Wygodne buty do chodzenia<br \/>\nAparat fotograficzny lub smartfon<br \/>\nKapelusz i okulary przeciws\u0142oneczne<br \/>\nFiltr przeciws\u0142oneczny<br \/>\nButelka na wod\u0119 wielokrotnego u\u017cytku<br \/>\nGot\u00f3wka na wej\u015bcie do jaskini i napoje<\/p>\n<h3>\ud83d\udeab <strong>Nieodpowiednie dla<\/strong><\/h3>\n<p>Go\u015bcie z powa\u017cnymi niepe\u0142nosprawno\u015bciami ruchowymi<br \/>\nU\u017cytkownicy w\u00f3zk\u00f3w inwalidzkich<br \/>\nGo\u015bcie w ci\u0105\u017cy (nier\u00f3wny teren)<\/p>\n<h2 dir=\"ltr\">\ud83d\udcb8\u00a0<strong>Cena i rezerwacja<\/strong><\/h2>\n<p dir=\"ltr\"><strong>Zarezerwuj teraz, zap\u0142a\u0107 w dniu wycieczki<\/strong><br \/>\nSkontaktuj si\u0119 z nami przez WhatsApp, Telegram, Viber lub wype\u0142nij poni\u017cszy formularz rezerwacji. \ud83d\udc47\ud83c\udffc<\/p>\n<p>Szukasz alternatyw? Przegl\u0105daj <a href=\"https:\/\/excursionsworld.com\/pl\/alanya-wycieczki\/\">wi\u0119cej wycieczek po Alanii<\/a>.<\/p>","protected":false},"excerpt":{"rendered":"<p>Poznaj staro\u017cytne miasto Syedra, odwied\u017a jaskini\u0119 Dim i zjedz lunch nad rzek\u0105 Dim podczas ca\u0142odniowej wycieczki po Alanyi \u0142\u0105cz\u0105cej histori\u0119 i przyrod\u0119.<\/p>","protected":false},"featured_media":16181,"comment_status":"open","ping_status":"closed","template":"","meta":[],"product_brand":[],"product_cat":[128],"product_tag":[111],"class_list":{"0":"post-16173","1":"product","2":"type-product","3":"status-publish","4":"has-post-thumbnail","6":"tour_phys-alanya-tours","7":"product_cat-alanya-tours","8":"product_tag-alanya","9":"pa_destination-alanya-tours","11":"first","12":"instock","13":"sale","14":"shipping-taxable","15":"purchasable","16":"product-type-tour_phys"},"aioseo_notices":[],"_links":{"self":[{"href":"https:\/\/excursionsworld.com\/pl\/wp-json\/wp\/v2\/product\/16173","targetHints":{"allow":["GET"]}}],"collection":[{"href":"https:\/\/excursionsworld.com\/pl\/wp-json\/wp\/v2\/product"}],"about":[{"href":"https:\/\/excursionsworld.com\/pl\/wp-json\/wp\/v2\/types\/product"}],"replies":[{"embeddable":true,"href":"https:\/\/excursionsworld.com\/pl\/wp-json\/wp\/v2\/comments?post=16173"}],"wp:featuredmedia":[{"embeddable":true,"href":"https:\/\/excursionsworld.com\/pl\/wp-json\/wp\/v2\/media\/16181"}],"wp:attachment":[{"href":"https:\/\/excursionsworld.com\/pl\/wp-json\/wp\/v2\/media?parent=16173"}],"wp:term":[{"taxonomy":"product_brand","embeddable":true,"href":"https:\/\/excursionsworld.com\/pl\/wp-json\/wp\/v2\/product_brand?post=16173"},{"taxonomy":"product_cat","embeddable":true,"href":"https:\/\/excursionsworld.com\/pl\/wp-json\/wp\/v2\/product_cat?post=16173"},{"taxonomy":"product_tag","embeddable":true,"href":"https:\/\/excursionsworld.com\/pl\/wp-json\/wp\/v2\/product_tag?post=16173"}],"curies":[{"name":"wp","href":"https:\/\/api.w.org\/{rel}","templated":true}]}}