{"id":16182,"date":"2026-02-09T16:08:00","date_gmt":"2026-02-09T13:08:00","guid":{"rendered":"https:\/\/excursionsworld.com\/?post_type=product&#038;p=16182\/"},"modified":"2026-02-16T07:27:41","modified_gmt":"2026-02-16T04:27:41","slug":"gazipasa-rejs-alanya","status":"publish","type":"product","link":"https:\/\/excursionsworld.com\/tours\/gazipasa-boat-alanya\/","title":{"rendered":"Rejs statkiem do Gazipa\u015fy z Alanyi \u2013 Spokojna wycieczka &amp; Ukryte Zatoki"},"content":{"rendered":"<h3 data-start=\"269\" data-end=\"284\">\ud83c\udfd9\ufe0f Przegl\u0105d<\/h3>\n<p data-start=\"285\" data-end=\"634\">Ucieknij od zat\u0142oczonych tras \u0142odzi w Alanyi i ciesz si\u0119 spokojn\u0105 podr\u00f3\u017c\u0105 wzd\u0142u\u017c nietkni\u0119tego wybrze\u017ca Gazipa\u015fa. Ta relaksuj\u0105ca wycieczka \u0142odzi\u0105 jest przeznaczona dla podr\u00f3\u017cnik\u00f3w, kt\u00f3rzy ceni\u0105 sobie spokojne wody, ukryte zatoki i naturalne pi\u0119kno. P\u0142ywaj w krystalicznie czystym morzu, odkrywaj unikalne formacje skalne i zrelaksuj si\u0119 w spokojnym \u015br\u00f3dziemnomorskim otoczeniu z dala od masowej turystyki.<\/p>\n<h3 data-start=\"641\" data-end=\"653\">W zestawie:<\/h3>\n<p data-start=\"654\" data-end=\"820\"><span style=\"color: #00ff00;\"><strong>\u2713<\/strong><\/span> Transfer hotelowy w obie strony z Alanyi<br data-start=\"693\" data-end=\"696\" \/><span style=\"color: #00ff00;\"><strong>\u2713<\/strong><\/span> Wycieczka \u0142odzi\u0105 wzd\u0142u\u017c wybrze\u017ca Gazipa\u015fa<br data-start=\"736\" data-end=\"739\" \/><span style=\"color: #00ff00;\"><strong>\u2713<\/strong><\/span> Lunch serwowany na pok\u0142adzie<br data-start=\"762\" data-end=\"765\" \/><span style=\"color: #00ff00;\"><strong>\u2713<\/strong><\/span> Profesjonalny przewodnik<br data-start=\"790\" data-end=\"793\" \/><span style=\"color: #00ff00;\"><strong>\u2713<\/strong><\/span> Pe\u0142na ochrona ubezpieczeniowa<\/p>\n<h3 data-start=\"822\" data-end=\"834\">Wy\u0142\u0105czone:<\/h3>\n<p data-start=\"835\" data-end=\"936\"><span style=\"color: #ff0000;\"><strong>\u2717<\/strong> <\/span>Napoje (dost\u0119pne do zakupu na pok\u0142adzie)<br data-start=\"877\" data-end=\"880\" \/><span style=\"color: #ff0000;\"><strong>\u2717<\/strong> <\/span>Profesjonalne zdj\u0119cia i filmy<br data-start=\"912\" data-end=\"915\" \/><span style=\"color: #ff0000;\"><strong>\u2717<\/strong> <\/span>Wydatki osobiste<\/p>\n<h3 data-start=\"943\" data-end=\"964\">Najwa\u017cniejsze atrakcje wycieczki<\/h3>\n<p data-start=\"965\" data-end=\"1345\">Relaksuj\u0105ca wycieczka \u0142odzi\u0105 z dala od ha\u0142a\u015bliwych \u0142odzi imprezowych<br data-start=\"1017\" data-end=\"1020\" \/>\ud83d\udd39 Nietkni\u0119te zatoki otoczone klifami i plantacjami banan\u00f3w<br data-start=\"1081\" data-end=\"1084\" \/>Pla\u017ca Macar - ukryte miejsce do p\u0142ywania na \u0142onie natury<br data-start=\"1131\" data-end=\"1134\" \/>Jaskinia Pirat\u00f3w (Kochank\u00f3w) - malowniczy przystanek fotograficzny<br data-start=\"1177\" data-end=\"1180\" \/>Delik Deniz (Zatoka Kr\u00f3la) - s\u0142ynny naturalny \u0142uk skalny<br data-start=\"1234\" data-end=\"1237\" \/>D\u0142ugi lunch i przerwa na p\u0142ywanie w zatoce Mavi Cennet<br data-start=\"1286\" data-end=\"1289\" \/>B\u0142\u0119kitna Laguna - ostatni przystanek na k\u0105piel w turkusowych wodach<\/p>\n<h3 data-start=\"1352\" data-end=\"1374\">Pe\u0142ny opis<\/h3>\n<div data-start=\"1375\" data-end=\"1615\">Dzie\u0144 rozpocznie si\u0119 od wygodnego odbioru z hotelu w Alanyi, a nast\u0119pnie malowniczej przeja\u017cd\u017cki do Gazipa\u015fa Gold Marina. Po przybyciu na miejsce wejdziesz na pok\u0142ad \u0142odzi i pop\u0142yniesz na wsch\u00f3d wzd\u0142u\u017c jednego z najbardziej dziewiczych wybrze\u017cy Morza \u015ar\u00f3dziemnego.<\/div>\n<div data-start=\"1617\" data-end=\"1888\">Pierwszym przystankiem jest pla\u017ca Macar, cicha i ukryta zatoka po\u0142o\u017cona mi\u0119dzy ogrodami bananowymi i skalistymi klifami. Po rozkoszowaniu si\u0119 czystymi wodami, \u0142\u00f3d\u017a pop\u0142ynie dalej do Jaskini Pirat\u00f3w (Kochank\u00f3w), gdzie b\u0119dziesz mia\u0142 czas na podziwianie i fotografowanie jej imponuj\u0105cych naturalnych formacji.<\/div>\n<div data-start=\"1890\" data-end=\"2141\">Nast\u0119pnie odwied\u017a Delik Deniz i Zatok\u0119 Kr\u00f3la, wyj\u0105tkowy cud geologiczny znany z naturalnego kamiennego \u0142uku i turkusowego morza. Legenda g\u0142osi, \u017ce p\u0142ywa\u0142 tu kiedy\u015b kr\u00f3l Antiochos. Po kr\u00f3tkim przystanku na zdj\u0119cia, wycieczka jest kontynuowana do zatoki Mavi Cennet (Blue Paradise).<\/div>\n<div data-start=\"2143\" data-end=\"2501\">Tutaj b\u0119dziesz cieszy\u0107 si\u0119 d\u0142ug\u0105 i spokojn\u0105 przerw\u0105 w otoczeniu nietkni\u0119tej przyrody. \u015awie\u017co przygotowany lunch serwowany jest na pok\u0142adzie podczas p\u0142ywania, relaksu i zanurzania si\u0119 w spokojnej atmosferze. Przed powrotem wycieczka ko\u0144czy si\u0119 k\u0105piel\u0105 w B\u0142\u0119kitnej Lagunie, znanej z \u017cywych kolor\u00f3w i spokojnych w\u00f3d, przed powrotem do przystani i powrotem do Alanyi.<\/div>\n<h3 data-start=\"2508\" data-end=\"2529\">\ud83d\uddfa\ufe0f Plan podr\u00f3\u017cy<\/h3>\n<p data-start=\"2530\" data-end=\"2907\">08:30 - 09:30: Odbi\u00f3r z hoteli w Alanyi<br data-start=\"2576\" data-end=\"2579\" \/>Malowniczy transfer do Gazipa\u015fa Gold Marina<br data-start=\"2621\" data-end=\"2624\" \/>10:30: Wyp\u0142yni\u0119cie \u0142odzi<br data-start=\"2648\" data-end=\"2651\" \/>Pla\u017ca Macar - przerwa na p\u0142ywanie<br data-start=\"2682\" data-end=\"2685\" \/>Jaskinia Pirat\u00f3w (Kochank\u00f3w) - przystanek fotograficzny<br data-start=\"2721\" data-end=\"2724\" \/>Delik Deniz i zatoka King's Bay - malownicza wizyta<br data-start=\"2766\" data-end=\"2769\" \/>Zatoka Mavi Cennet - lunch i przerwa na p\u0142ywanie<br data-start=\"2812\" data-end=\"2815\" \/>B\u0142\u0119kitna Laguna - ko\u0144cowy przystanek p\u0142ywania<br data-start=\"2851\" data-end=\"2854\" \/>15:30 - 16:30: Powr\u00f3t do Alanyi i odbi\u00f3r z hotelu<\/p>\n<h3 data-start=\"2914\" data-end=\"2933\">Co zabra\u0107 ze sob\u0105<\/h3>\n<p data-start=\"2934\" data-end=\"3050\">Str\u00f3j k\u0105pielowy i r\u0119cznik<br data-start=\"2955\" data-end=\"2958\" \/>Ochrona przeciws\u0142oneczna, kapelusz i okulary przeciws\u0142oneczne<br data-start=\"2991\" data-end=\"2994\" \/>Aparat fotograficzny lub smartfon<br data-start=\"3017\" data-end=\"3020\" \/>Got\u00f3wka na napoje lub dodatki<\/p>\n<h3 data-start=\"3057\" data-end=\"3079\">Nieodpowiednie dla<\/h3>\n<p data-start=\"3080\" data-end=\"3177\">Go\u015bcie z <strong data-start=\"292\" data-end=\"323\">powa\u017cne upo\u015bledzenia ruchowe<\/strong><br data-start=\"323\" data-end=\"326\" \/>Podr\u00f3\u017cni poszukuj\u0105cy w szczeg\u00f3lno\u015bci <strong data-start=\"362\" data-end=\"387\">Wycieczka \u0142odzi\u0105 w stylu imprezy<\/strong><\/p>\n<h3 data-start=\"3184\" data-end=\"3207\">Cena i rezerwacja<\/h3>\n<p data-start=\"3208\" data-end=\"3370\">Zarezerwuj teraz, zap\u0142a\u0107 w dniu wycieczki<br data-start=\"3247\" data-end=\"3250\" \/>Akceptowane potwierdzenie przyjazne dla urz\u0105dze\u0144 mobilnych<br data-start=\"3290\" data-end=\"3293\" \/>Skontaktuj si\u0119 z nami przez WhatsApp, Telegram, Viber lub formularz rezerwacji poni\u017cej \ud83d\udc47\ud83c\udffc<\/p>","protected":false},"excerpt":{"rendered":"<p>Odkryj ukryte zatoki podczas relaksuj\u0105cej wycieczki \u0142odzi\u0105 Gazipasa z Alanyi. P\u0142ywaj w krystalicznych wodach, ciesz si\u0119 spokojnym rejsem i uciekaj od zat\u0142oczonych tras.<\/p>","protected":false},"featured_media":16183,"comment_status":"open","ping_status":"closed","template":"","meta":[],"product_brand":[],"product_cat":[128],"product_tag":[111],"class_list":{"0":"post-16182","1":"product","2":"type-product","3":"status-publish","4":"has-post-thumbnail","6":"tour_phys-alanya-tours","7":"tour_phys-boat-tours","8":"product_cat-alanya-tours","9":"product_tag-alanya","10":"pa_destination-alanya-tours","11":"pa_kategori-boat-tours","13":"first","14":"instock","15":"sale","16":"shipping-taxable","17":"purchasable","18":"product-type-tour_phys"},"aioseo_notices":[],"_links":{"self":[{"href":"https:\/\/excursionsworld.com\/pl\/wp-json\/wp\/v2\/product\/16182","targetHints":{"allow":["GET"]}}],"collection":[{"href":"https:\/\/excursionsworld.com\/pl\/wp-json\/wp\/v2\/product"}],"about":[{"href":"https:\/\/excursionsworld.com\/pl\/wp-json\/wp\/v2\/types\/product"}],"replies":[{"embeddable":true,"href":"https:\/\/excursionsworld.com\/pl\/wp-json\/wp\/v2\/comments?post=16182"}],"wp:featuredmedia":[{"embeddable":true,"href":"https:\/\/excursionsworld.com\/pl\/wp-json\/wp\/v2\/media\/16183"}],"wp:attachment":[{"href":"https:\/\/excursionsworld.com\/pl\/wp-json\/wp\/v2\/media?parent=16182"}],"wp:term":[{"taxonomy":"product_brand","embeddable":true,"href":"https:\/\/excursionsworld.com\/pl\/wp-json\/wp\/v2\/product_brand?post=16182"},{"taxonomy":"product_cat","embeddable":true,"href":"https:\/\/excursionsworld.com\/pl\/wp-json\/wp\/v2\/product_cat?post=16182"},{"taxonomy":"product_tag","embeddable":true,"href":"https:\/\/excursionsworld.com\/pl\/wp-json\/wp\/v2\/product_tag?post=16182"}],"curies":[{"name":"wp","href":"https:\/\/api.w.org\/{rel}","templated":true}]}}