{"id":16623,"date":"2026-03-07T17:07:14","date_gmt":"2026-03-07T14:07:14","guid":{"rendered":"https:\/\/excursionsworld.com\/?post_type=product&#038;p=16623\/"},"modified":"2026-04-24T01:27:23","modified_gmt":"2026-04-23T22:27:23","slug":"blekitna-grota-szybka-lodz-budva","status":"publish","type":"product","link":"https:\/\/excursionsworld.com\/tours\/blue-cave-speedboat-budva\/","title":{"rendered":"Blue Cave Budva: Rejs Szybk\u0105 \u0141odzi\u0105 | Czarnog\u00f3ra"},"content":{"rendered":"<h2 data-section-id=\"12p45uz\"><strong>\ud83c\udfdd\ufe0f Przegl\u0105d<\/strong><\/h2>\n<p>Odkryj pi\u0119kno wybrze\u017ca Adriatyku na naszych <strong>Luksusowa wycieczka \u0142odzi\u0105 motorow\u0105 do B\u0142\u0119kitnej Groty z <a href=\"https:\/\/en.wikipedia.org\/wiki\/Budva\" target=\"_blank\" rel=\"noopener\">Budva<\/a><\/strong>. Ta ekscytuj\u0105ca 3-godzinna morska przygoda zabierze Ci\u0119 do ukrytych nadmorskich klejnot\u00f3w, w tym s\u0142ynnej B\u0142\u0119kitnej Jaskini, malowniczych pla\u017c i spektakularnych punkt\u00f3w widokowych wzd\u0142u\u017c Riwiery Budva.<\/p>\n<p>P\u0142ywaj w krystalicznie czystych turkusowych wodach, odkrywaj dramatyczne klify i podziwiaj zapieraj\u0105ce dech w piersiach widoki na wybrze\u017ce podczas rejsu nowoczesn\u0105 \u0142odzi\u0105 motorow\u0105 z do\u015bwiadczon\u0105 lokaln\u0105 za\u0142og\u0105.<\/p>\n<h3 data-section-id=\"ydfjyc\"><strong>W zestawie:<\/strong><\/h3>\n<div><span style=\"color: #00ff00;\"><strong>\u2713<\/strong><\/span> Odbi\u00f3r z hotelu (je\u015bli dost\u0119pny)<\/div>\n<div><span style=\"color: #00ff00;\"><strong>\u2713 <\/strong><\/span>Profesjonalny przewodnik ze skipperem<br \/>\n<span style=\"color: #00ff00;\"><strong>\u2713 <\/strong><\/span>Nap\u00f3j powitalny<br \/>\n<span style=\"color: #00ff00;\"><strong>\u2713 <\/strong><\/span>Maski do nurkowania<br \/>\n<span style=\"color: #00ff00;\"><strong>\u2713 <\/strong><\/span>Rejs \u0142odzi\u0105 motorow\u0105<br \/>\n<span style=\"color: #00ff00;\"><strong>\u2713\u00a0<\/strong><\/span>Ubezpieczenie wycieczki<\/div>\n<h3 data-section-id=\"1f64jv5\"><strong>Nie zawiera:<\/strong><\/h3>\n<p><strong><span style=\"color: #ff0000;\">\u2717<\/span> <\/strong>Wydatki osobiste<br \/>\n<strong><span style=\"color: #ff0000;\">\u2717<\/span> <\/strong>Jedzenie i dodatkowe napoje<br \/>\n<strong><span style=\"color: #ff0000;\">\u2717<\/span> <\/strong>Wskaz\u00f3wki dla za\u0142ogi (opcjonalnie)<\/p>\n<h2 data-section-id=\"gnzuxm\"><strong>Najwa\u017cniejsze atrakcje wycieczki<\/strong><\/h2>\n<p>Rejs widokowy wzd\u0142u\u017c historycznego wybrze\u017ca Starego Miasta w Budvie<br \/>\nP\u0142ywanie w s\u0142ynnej B\u0142\u0119kitnej Jaskini (Plava \u0160pilja)<br \/>\nPrzystanek fotograficzny przy ko\u015bciele \u015bw. Miko\u0142aja na klifie.<br \/>\nPrzerwa na p\u0142ywanie na piaszczystej pla\u017cy Trsteno<br \/>\nPanoramiczny rejs wzd\u0142u\u017c Riwiery Budva<br \/>\n\ud83d\udd39 Widoki na pla\u017ce Plo\u010de i Jaz<br \/>\nKomfortowa \u0142\u00f3d\u017a motorowa klasy deluxe<\/p>\n<h2 data-section-id=\"1jizkbc\"><strong>Pe\u0142ny opis<\/strong><\/h2>\n<div>Twoja przygoda rozpocznie si\u0119 w Budvie, gdzie wejdziesz na pok\u0142ad nowoczesnej \u0142odzi motorowej, aby odby\u0107 niezapomnian\u0105 podr\u00f3\u017c wzd\u0142u\u017c wybrze\u017ca Adriatyku.<\/div>\n<div>Wycieczka rozpoczyna si\u0119 malowniczym rejsem obok historycznych mur\u00f3w Starego Miasta w Budvie. Po drodze zobaczysz s\u0142ynn\u0105 statu\u0119 baleriny i pi\u0119kne klify pla\u017cy Mogren.<\/div>\n<div>Najwa\u017cniejszym punktem wycieczki jest magiczna B\u0142\u0119kitna Jaskinia, w kt\u00f3rej \u015bwiat\u0142o s\u0142oneczne tworzy niesamowit\u0105 niebiesk\u0105 po\u015bwiat\u0119 wewn\u0105trz jaskini. Tutaj b\u0119dziesz mia\u0142 czas na p\u0142ywanie i nurkowanie z rurk\u0105 w krystalicznie czystych wodach.<\/div>\n<div>Nast\u0119pnie udajemy si\u0119 w kierunku wyj\u0105tkowego ko\u015bcio\u0142a \u015bw. Miko\u0142aja, po\u0142o\u017conego dramatycznie na klifie i dost\u0119pnego tylko drog\u0105 morsk\u0105. Ten ukryty punkt orientacyjny oferuje wspania\u0142e widoki i doskona\u0142e mo\u017cliwo\u015bci fotografowania.<\/div>\n<div>Wycieczka kontynuowana jest do pla\u017cy Trsteno, jednej z nielicznych piaszczystych pla\u017c w regionie Budva. Otoczona klifami i spokojn\u0105 turkusow\u0105 wod\u0105, jest idealnym miejscem do p\u0142ywania i relaksu.<\/div>\n<div>W drodze powrotnej mo\u017cesz cieszy\u0107 si\u0119 panoramicznym rejsem wzd\u0142u\u017c Riwiery Budva, mijaj\u0105c popularne pla\u017ce Plo\u010de i Jaz przed powrotem do Budvy.<\/div>\n<div><\/div>\n<h3 data-section-id=\"1e4kph\"><strong>\ud83d\uddfa\ufe0f Plan podr\u00f3\u017cy<\/strong><\/h3>\n<p>Wyp\u0142yni\u0119cie z przystani w Budvie<br \/>\nRejs widokowy wzd\u0142u\u017c Starego Miasta w Budvie<br \/>\nPrzystanek p\u0142ywacki w Blue Cave<br \/>\nPrzystanek fotograficzny w ko\u015bciele \u015bw. Miko\u0142aja<br \/>\nPrzerwa na p\u0142ywanie na pla\u017cy Trsteno<br \/>\nPanoramiczny rejs obok pla\u017c Plo\u010de i Jaz<br \/>\nPowr\u00f3t do Budvy<\/p>\n<h3 data-section-id=\"x7plk0\"><strong>\u2139\ufe0f Przydatne informacje<\/strong><\/h3>\n<p>Czas trwania: oko\u0142o 3 godzin<br \/>\nJ\u0119zyki: Angielski, Rosyjski, Serbski<br \/>\nDo\u015bwiadczenie p\u0142ywania \u0142odzi\u0105 motorow\u0105 w ma\u0142ej grupie<br \/>\nHarmonogram mo\u017ce ulec zmianie ze wzgl\u0119du na warunki pogodowe lub morskie.<br \/>\nKapitan mo\u017ce zmodyfikowa\u0107 tras\u0119 ze wzgl\u0119d\u00f3w bezpiecze\u0144stwa.<\/p>\n<h2 data-section-id=\"zapgrt\"><strong>Co zabra\u0107 ze sob\u0105<\/strong><\/h2>\n<p>Str\u00f3j k\u0105pielowy i r\u0119cznik<br \/>\nOkulary przeciws\u0142oneczne i filtr przeciws\u0142oneczny<br \/>\nWygodna lekka odzie\u017c<br \/>\nAparat fotograficzny lub telefon do zdj\u0119\u0107<\/p>\n<h3 data-section-id=\"1kfbjov\"><strong>Nieodpowiednie dla<\/strong><\/h3>\n<p>Dzieci poni\u017cej 5 roku \u017cycia<br \/>\nGo\u015bcie w wieku powy\u017cej 70 lat<br \/>\n\ud83d\udd39 Podr\u00f3\u017cni w ci\u0105\u017cy<br \/>\nU\u017cytkownicy w\u00f3zk\u00f3w inwalidzkich<br \/>\nGo\u015bcie z powa\u017cnymi problemami z kr\u0119gos\u0142upem<\/p>\n<h2 data-section-id=\"7egtho\"><strong>Cena i rezerwacja<\/strong><\/h2>\n<p>Zarezerwuj teraz, zap\u0142a\u0107 p\u00f3\u017aniej<br \/>\nBezp\u0142atne anulowanie rezerwacji do 24 godzin przed rozpocz\u0119ciem wycieczki<br \/>\n<img decoding=\"async\" class=\"emoji\" role=\"img\" draggable=\"false\" src=\"https:\/\/s.w.org\/images\/core\/emoji\/17.0.2\/svg\/1f539.svg\" alt=\"\ud83d\udd39\" \/>\u00a0Skontaktuj si\u0119 z nami przez WhatsApp, Telegram, Viber lub wype\u0142nij poni\u017cszy formularz rezerwacji.\u00a0<img decoding=\"async\" class=\"emoji\" role=\"img\" draggable=\"false\" src=\"https:\/\/s.w.org\/images\/core\/emoji\/17.0.2\/svg\/1f447-1f3fd.svg\" alt=\"\ud83d\udc47\ud83c\udffd\" \/><\/p>\n<p>Szukasz alternatyw? Przegl\u0105daj <a href=\"https:\/\/excursionsworld.com\/pl\/budva-wycieczki\/\">Wi\u0119cej wycieczek po Budvie<\/a>.<\/p>","protected":false},"excerpt":{"rendered":"<p>Odkryj B\u0142\u0119kitn\u0105 Jaskini\u0119 podczas wycieczki \u0142odzi\u0105 motorow\u0105 z Budvy. P\u0142ywaj w krystalicznie czystej wodzie, odwied\u017a ukryte pla\u017ce i podziwiaj wspania\u0142e widoki na Riwier\u0119 Budva.<\/p>","protected":false},"featured_media":16624,"comment_status":"open","ping_status":"closed","template":"","meta":[],"product_brand":[],"product_cat":[132],"product_tag":[123],"class_list":{"0":"post-16623","1":"product","2":"type-product","3":"status-publish","4":"has-post-thumbnail","6":"tour_phys-budva-tours","7":"product_cat-budva-tours","8":"product_tag-budva","9":"pa_montenegro-budva-tours","11":"first","12":"instock","13":"sale","14":"shipping-taxable","15":"purchasable","16":"product-type-tour_phys"},"aioseo_notices":[],"_links":{"self":[{"href":"https:\/\/excursionsworld.com\/pl\/wp-json\/wp\/v2\/product\/16623","targetHints":{"allow":["GET"]}}],"collection":[{"href":"https:\/\/excursionsworld.com\/pl\/wp-json\/wp\/v2\/product"}],"about":[{"href":"https:\/\/excursionsworld.com\/pl\/wp-json\/wp\/v2\/types\/product"}],"replies":[{"embeddable":true,"href":"https:\/\/excursionsworld.com\/pl\/wp-json\/wp\/v2\/comments?post=16623"}],"wp:featuredmedia":[{"embeddable":true,"href":"https:\/\/excursionsworld.com\/pl\/wp-json\/wp\/v2\/media\/16624"}],"wp:attachment":[{"href":"https:\/\/excursionsworld.com\/pl\/wp-json\/wp\/v2\/media?parent=16623"}],"wp:term":[{"taxonomy":"product_brand","embeddable":true,"href":"https:\/\/excursionsworld.com\/pl\/wp-json\/wp\/v2\/product_brand?post=16623"},{"taxonomy":"product_cat","embeddable":true,"href":"https:\/\/excursionsworld.com\/pl\/wp-json\/wp\/v2\/product_cat?post=16623"},{"taxonomy":"product_tag","embeddable":true,"href":"https:\/\/excursionsworld.com\/pl\/wp-json\/wp\/v2\/product_tag?post=16623"}],"curies":[{"name":"wp","href":"https:\/\/api.w.org\/{rel}","templated":true}]}}