{"id":16679,"date":"2026-03-20T22:11:47","date_gmt":"2026-03-20T19:11:47","guid":{"rendered":"https:\/\/excursionsworld.com\/?post_type=product&#038;p=16679\/"},"modified":"2026-03-21T20:01:24","modified_gmt":"2026-03-21T17:01:24","slug":"nurkowanie-budva-czarnogora","status":"publish","type":"product","link":"https:\/\/excursionsworld.com\/tours\/budva-scuba-diving-montenegro\/","title":{"rendered":"Nurkowanie Budva | Scuba Diving Czarnog\u00f3ra"},"content":{"rendered":"<h3 data-section-id=\"2p8n8v\" data-start=\"113\" data-end=\"133\"><span role=\"text\"><strong data-start=\"117\" data-end=\"133\">\ud83c\udfd9\ufe0f Przegl\u0105d<\/strong><\/span><\/h3>\n<p data-start=\"135\" data-end=\"521\">Odkryj podwodny \u015bwiat Adriatyku dzi\u0119ki temu niezapomnianemu do\u015bwiadczeniu nurkowania w okolicy <span class=\"hover:entity-accent entity-underline inline cursor-pointer align-baseline\"><span class=\"whitespace-normal\">Wyspa St. Nikola<\/span><\/span>. Niezale\u017cnie od tego, czy jeste\u015b pocz\u0105tkuj\u0105cym, czy certyfikowanym nurkiem, ta wycieczka oferuje idealne po\u0142\u0105czenie przygody, bezpiecze\u0144stwa i profesjonalnych wskaz\u00f3wek. Ciesz si\u0119 krystalicznie czystymi wodami, t\u0119tni\u0105cym \u017cyciem morskim i jednym z najlepszych miejsc do nurkowania w Czarnog\u00f3rze.<\/p>\n<h3 data-section-id=\"ydfjyc\" data-start=\"523\" data-end=\"540\"><span role=\"text\"><strong data-start=\"527\" data-end=\"540\">W zestawie:<\/strong><\/span><\/h3>\n<p data-start=\"542\" data-end=\"820\"><span style=\"color: #00ff00;\"><strong>\u2713<\/strong><\/span> Transfer \u0142odzi\u0105 w obie strony z Budvy<br data-start=\"579\" data-end=\"582\" \/><span style=\"color: #00ff00;\"><strong>\u2713 <\/strong><\/span>Profesjonalni instruktorzy z certyfikatem PADI<br data-start=\"623\" data-end=\"626\" \/><span style=\"color: #00ff00;\"><strong>\u2713 <\/strong><\/span>Pe\u0142ny sprz\u0119t do nurkowania (Cressi i Scubapro)<br data-start=\"675\" data-end=\"678\" \/><span style=\"color: #00ff00;\"><strong>\u2713 <\/strong><\/span>Nurkowanie z przewodnikiem (pocz\u0105tkuj\u0105cy i certyfikowani nurkowie)<br data-start=\"733\" data-end=\"736\" \/><span style=\"color: #00ff00;\"><strong>\u2713 <\/strong><\/span>Bezp\u0142atne napoje na pok\u0142adzie<br data-start=\"767\" data-end=\"770\" \/><span style=\"color: #00ff00;\"><strong>\u2713 <\/strong><\/span>Pe\u0142na ochrona ubezpieczeniowa<br data-start=\"795\" data-end=\"798\" \/><span style=\"color: #00ff00;\"><strong>\u2713 <\/strong><\/span>Wszystkie podatki i op\u0142aty<\/p>\n<h3 data-section-id=\"1f64jv5\" data-start=\"822\" data-end=\"843\"><span role=\"text\"><strong data-start=\"826\" data-end=\"843\">Nie zawiera:<\/strong><\/span><\/h3>\n<p data-start=\"845\" data-end=\"946\"><span style=\"color: #ff0000;\"><strong>\u2717<\/strong> <\/span>Wydatki osobiste<br data-start=\"864\" data-end=\"867\" \/><span style=\"color: #ff0000;\"><strong>\u2717<\/strong> \u00a0<\/span>Zdj\u0119cia i filmy (opcjonalnie)<br data-start=\"897\" data-end=\"900\" \/><span style=\"color: #ff0000;\"><strong>\u2717<\/strong> <\/span>Przek\u0105ski (opcjonalnie - mo\u017cna przynie\u015b\u0107 w\u0142asne)<\/p>\n<h3 data-section-id=\"gnzuxm\" data-start=\"948\" data-end=\"974\"><span role=\"text\"><strong data-start=\"952\" data-end=\"974\">Najwa\u017cniejsze atrakcje wycieczki<\/strong><\/span><\/h3>\n<p data-start=\"976\" data-end=\"1299\">\ud83d\udd39 Zanurz si\u0119 wok\u00f3\u0142 osza\u0142amiaj\u0105cego <span class=\"hover:entity-accent entity-underline inline cursor-pointer align-baseline\"><span class=\"whitespace-normal\">Wyspa St. Nikola<\/span><\/span><br data-start=\"1041\" data-end=\"1044\" \/>Idealny dla pocz\u0105tkuj\u0105cych i certyfikowanych nurk\u00f3w<br data-start=\"1089\" data-end=\"1092\" \/>\ud83d\udd39 Odkrywaj podwodne jaskinie, rafy i \u017cycie morskie<br data-start=\"1143\" data-end=\"1146\" \/>Krystalicznie czyste wody Adriatyku o wysokiej widoczno\u015bci<br data-start=\"1199\" data-end=\"1202\" \/>Do\u015bwiadczenie w ma\u0142ej grupie (maks. 10 uczestnik\u00f3w)<br data-start=\"1250\" data-end=\"1253\" \/>Relaks na w pe\u0142ni wyposa\u017conej 15-metrowej \u0142odzi nurkowej<\/p>\n<h3 data-section-id=\"1jizkbc\" data-start=\"1301\" data-end=\"1328\"><span role=\"text\"><strong data-start=\"1305\" data-end=\"1328\">Pe\u0142ny opis<\/strong><\/span><\/h3>\n<p data-start=\"1330\" data-end=\"1588\">Twoja przygoda zaczyna si\u0119 w <span class=\"hover:entity-accent entity-underline inline cursor-pointer align-baseline\"><span class=\"whitespace-normal\">Slovenska Pla\u017ca<\/span><\/span>, gdzie spotkasz sw\u00f3j profesjonalny zesp\u00f3\u0142 nurkowy. Po kr\u00f3tkim wprowadzeniu wejdziesz na pok\u0142ad wygodnej i w pe\u0142ni wyposa\u017conej \u0142odzi nurkowej i pop\u0142yniesz w kierunku zapieraj\u0105cej dech w piersiach wyspy St. Nikola.<\/p>\n<p data-start=\"1590\" data-end=\"1739\">Przed wej\u015bciem do wody otrzymasz szczeg\u00f3\u0142owy instrukta\u017c bezpiecze\u0144stwa obejmuj\u0105cy korzystanie ze sprz\u0119tu, komunikacj\u0119 podwodn\u0105 i kluczowe techniki nurkowania.<\/p>\n<p data-start=\"1741\" data-end=\"1979\">Dla pocz\u0105tkuj\u0105cych do\u015bwiadczeni instruktorzy zapewniaj\u0105 wskaz\u00f3wki krok po kroku i wsparcie jeden na jednego, zapewniaj\u0105c bezpieczne i przyjemne pierwsze nurkowanie. Certyfikowani nurkowie mog\u0105 odkrywa\u0107 g\u0142\u0119bsze obszary, podwodne jaskinie i t\u0119tni\u0105ce \u017cyciem rafy dostosowane do ich poziomu.<\/p>\n<p data-start=\"1981\" data-end=\"2221\">Podczas nurkowania odkryjesz bogaty ekosystem morski Adriatyku, w tym kolorowe ryby i fascynuj\u0105ce podwodne formacje. Po nurkowaniu zrelaksuj si\u0119 na \u0142odzi z bezp\u0142atnymi napojami, ciesz\u0105c si\u0119 malowniczym powrotem do Budvy.<\/p>\n<h3 data-section-id=\"1e4kph\" data-start=\"2223\" data-end=\"2249\"><span role=\"text\"><strong data-start=\"2227\" data-end=\"2249\">\ud83d\uddfa\ufe0f Plan podr\u00f3\u017cy<\/strong><\/span><\/h3>\n<p data-start=\"2251\" data-end=\"2490\">Spotkanie na pla\u017cy Slovenska, Budva<br data-start=\"2287\" data-end=\"2290\" \/>Wyp\u0142yni\u0119cie \u0142odzi\u0105 i rejs widokowy<br data-start=\"2325\" data-end=\"2328\" \/>Odprawa bezpiecze\u0144stwa i przygotowanie sprz\u0119tu<br data-start=\"2372\" data-end=\"2375\" \/>Sesja nurkowania (dla pocz\u0105tkuj\u0105cych lub certyfikowanych nurk\u00f3w)<br data-start=\"2424\" data-end=\"2427\" \/>Relaks i napoje na pok\u0142adzie<br data-start=\"2460\" data-end=\"2463\" \/>Powr\u00f3t do przystani w Budvie<\/p>\n<h3 data-section-id=\"1fgl4g2\" data-start=\"2492\" data-end=\"2534\"><span role=\"text\"><strong data-start=\"2496\" data-end=\"2534\">\u2139\ufe0f Wa\u017cne informacje przed wyjazdem<\/strong><\/span><\/h3>\n<p data-start=\"2536\" data-end=\"2811\">Czas trwania: Oko\u0142o 3,5 - 4 godz.<br data-start=\"2576\" data-end=\"2579\" \/>Ma\u0142e grupy (maksymalnie 10 uczestnik\u00f3w)<br data-start=\"2620\" data-end=\"2623\" \/>Odpowiedni dla pocz\u0105tkuj\u0105cych i do\u015bwiadczonych nurk\u00f3w<br data-start=\"2671\" data-end=\"2674\" \/>Minimalny wiek: 10 lat<br data-start=\"2698\" data-end=\"2701\" \/>Wycieczka mo\u017ce zosta\u0107 prze\u0142o\u017cona w zale\u017cno\u015bci od warunk\u00f3w na morzu.<br data-start=\"2755\" data-end=\"2758\" \/>Bezp\u0142atne anulowanie rezerwacji do 24 godzin przed rozpocz\u0119ciem wycieczki<\/p>\n<h3 data-section-id=\"zapgrt\" data-start=\"2813\" data-end=\"2837\"><span role=\"text\"><strong data-start=\"2817\" data-end=\"2837\">Co zabra\u0107 ze sob\u0105<\/strong><\/span><\/h3>\n<p data-start=\"2839\" data-end=\"2934\">Str\u00f3j k\u0105pielowy i r\u0119cznik<br data-start=\"2860\" data-end=\"2863\" \/>Zmiana odzie\u017cy<br data-start=\"2883\" data-end=\"2886\" \/>Aparat fotograficzny lub smartfon<br data-start=\"2909\" data-end=\"2912\" \/>Przek\u0105ski (opcjonalnie)<\/p>\n<h3 data-section-id=\"1kfbjov\" data-start=\"2936\" data-end=\"2963\"><span role=\"text\"><strong data-start=\"2940\" data-end=\"2963\">Nieodpowiednie dla<\/strong><\/span><\/h3>\n<p data-start=\"2965\" data-end=\"3088\">Kobiety w ci\u0105\u017cy<br data-start=\"2982\" data-end=\"2985\" \/>Go\u015bcie pod wp\u0142ywem alkoholu<br data-start=\"3025\" data-end=\"3028\" \/>Go\u015bcie z powa\u017cnymi schorzeniami wp\u0142ywaj\u0105cymi na nurkowanie<\/p>\n<h3 data-section-id=\"7egtho\" data-start=\"3260\" data-end=\"3288\"><strong data-start=\"3264\" data-end=\"3288\">Cena i rezerwacja<\/strong><\/h3>\n<p data-start=\"3289\" data-end=\"3426\">Zarezerwuj teraz, zap\u0142a\u0107 w dniu wycieczki<br data-start=\"3314\" data-end=\"3317\" \/>Bezp\u0142atne anulowanie rezerwacji do 24 godzin przed rozpocz\u0119ciem wycieczki<br data-start=\"3368\" data-end=\"3371\" \/><img decoding=\"async\" class=\"emoji\" role=\"img\" draggable=\"false\" src=\"https:\/\/s.w.org\/images\/core\/emoji\/17.0.2\/svg\/1f539.svg\" alt=\"\ud83d\udd39\" \/>\u00a0Skontaktuj si\u0119 z nami przez WhatsApp, Telegram, Viber lub wype\u0142nij poni\u017cszy formularz rezerwacji.\u00a0<img decoding=\"async\" class=\"emoji\" role=\"img\" draggable=\"false\" src=\"https:\/\/s.w.org\/images\/core\/emoji\/17.0.2\/svg\/1f447-1f3fd.svg\" alt=\"\ud83d\udc47\ud83c\udffd\" \/><\/p>","protected":false},"excerpt":{"rendered":"<div class=\"flex flex-col text-sm\">\n<section class=\"text-token-text-primary w-full focus:outline-none [--shadow-height:45px] has-data-writing-block:pointer-events-none has-data-writing-block:-mt-(--shadow-height) has-data-writing-block:pt-(--shadow-height) [&amp;:has([data-writing-block])&gt;*]:pointer-events-auto scroll-mt-[calc(var(--header-height)+min(200px,max(70px,20svh)))]\" dir=\"auto\" data-turn-id=\"request-69590739-b37c-832d-a564-b6a9176a13ab-8\" data-testid=\"conversation-turn-166\" data-scroll-anchor=\"true\" data-turn=\"assistant\">\n<div class=\"text-base my-auto mx-auto pb-10 [--thread-content-margin:var(--thread-content-margin-xs,calc(var(--spacing)*4))] @w-sm\/main:[--thread-content-margin:var(--thread-content-margin-sm,calc(var(--spacing)*6))] @w-lg\/main:[--thread-content-margin:var(--thread-content-margin-lg,calc(var(--spacing)*16))] px-(--thread-content-margin)\">\n<div class=\"[--thread-content-max-width:40rem] @w-lg\/main:[--thread-content-max-width:48rem] mx-auto max-w-(--thread-content-max-width) flex-1 group\/turn-messages focus-visible:outline-hidden relative flex w-full min-w-0 flex-col agent-turn\">\n<div class=\"flex max-w-full flex-col gap-4 grow\">\n<div class=\"min-h-8 text-message relative flex w-full flex-col items-end gap-2 text-start break-words whitespace-normal outline-none keyboard-focused:focus-ring [.text-message+&amp;]:mt-1\" dir=\"auto\" tabindex=\"0\" data-message-author-role=\"assistant\" data-message-id=\"55a843e8-7f2f-4623-ab1b-c46ea4766cc7\" data-message-model-slug=\"gpt-5-mini\" data-turn-start-message=\"true\">\n<div class=\"flex w-full flex-col gap-1 empty:hidden\">\n<div class=\"markdown prose dark:prose-invert w-full wrap-break-word light markdown-new-styling\">\n<p data-start=\"0\" data-end=\"164\" data-is-last-node=\"\" data-is-only-node=\"\">Budva scuba diving experience around St. Nikola Island. Join a safe, guided dive in crystal-clear Adriatic waters with expert PADI instructors, ideal for beginners.<\/p>\n<\/div>\n<\/div>\n<\/div>\n<\/div>\n<div class=\"z-0 flex min-h-[46px] justify-start\"><\/div>\n<div class=\"mt-3 w-full empty:hidden\">\n<div class=\"text-center\"><\/div>\n<\/div>\n<\/div>\n<\/div>\n<\/section>\n<\/div>\n<div class=\"pointer-events-none h-px w-px absolute bottom-0\" aria-hidden=\"true\" data-edge=\"true\"><\/div>\n","protected":false},"featured_media":16680,"comment_status":"open","ping_status":"closed","template":"","meta":[],"product_brand":[],"product_cat":[132],"product_tag":[123],"class_list":{"0":"post-16679","1":"product","2":"type-product","3":"status-publish","4":"has-post-thumbnail","6":"tour_phys-budva-tours","7":"product_cat-budva-tours","8":"product_tag-budva","9":"pa_montenegro-budva-tours","11":"first","12":"instock","13":"sale","14":"shipping-taxable","15":"purchasable","16":"product-type-tour_phys"},"aioseo_notices":[],"_links":{"self":[{"href":"https:\/\/excursionsworld.com\/pl\/wp-json\/wp\/v2\/product\/16679","targetHints":{"allow":["GET"]}}],"collection":[{"href":"https:\/\/excursionsworld.com\/pl\/wp-json\/wp\/v2\/product"}],"about":[{"href":"https:\/\/excursionsworld.com\/pl\/wp-json\/wp\/v2\/types\/product"}],"replies":[{"embeddable":true,"href":"https:\/\/excursionsworld.com\/pl\/wp-json\/wp\/v2\/comments?post=16679"}],"wp:featuredmedia":[{"embeddable":true,"href":"https:\/\/excursionsworld.com\/pl\/wp-json\/wp\/v2\/media\/16680"}],"wp:attachment":[{"href":"https:\/\/excursionsworld.com\/pl\/wp-json\/wp\/v2\/media?parent=16679"}],"wp:term":[{"taxonomy":"product_brand","embeddable":true,"href":"https:\/\/excursionsworld.com\/pl\/wp-json\/wp\/v2\/product_brand?post=16679"},{"taxonomy":"product_cat","embeddable":true,"href":"https:\/\/excursionsworld.com\/pl\/wp-json\/wp\/v2\/product_cat?post=16679"},{"taxonomy":"product_tag","embeddable":true,"href":"https:\/\/excursionsworld.com\/pl\/wp-json\/wp\/v2\/product_tag?post=16679"}],"curies":[{"name":"wp","href":"https:\/\/api.w.org\/{rel}","templated":true}]}}