{"id":16690,"date":"2026-03-22T18:07:29","date_gmt":"2026-03-22T15:07:29","guid":{"rendered":"https:\/\/excursionsworld.com\/?post_type=product&#038;p=16690\/"},"modified":"2026-04-24T01:27:24","modified_gmt":"2026-04-23T22:27:24","slug":"rafting-rzeka-tara-kotor","status":"publish","type":"product","link":"https:\/\/excursionsworld.com\/tours\/tara-river-rafting-kotor\/","title":{"rendered":"Rafting rzek\u0105 Tara z Kotoru \u2014 przygoda w Czarnog\u00f3rze"},"content":{"rendered":"<h2 data-section-id=\"2p8n8v\"><span role=\"text\"><strong>\ud83c\udfd9\ufe0f Przegl\u0105d<\/strong><\/span><\/h2>\n<p>Prze\u017cyj niezapomnian\u0105 przygod\u0119 z raftingiem na legendarnym <span class=\"hover:entity-accent entity-underline inline cursor-pointer align-baseline\"><span class=\"whitespace-normal\">Kanion rzeki Tara<\/span><\/span>, najg\u0142\u0119bszy kanion w Europie. Wyjazd z <span class=\"hover:entity-accent entity-underline inline cursor-pointer align-baseline\"><span class=\"whitespace-normal\"><a href=\"https:\/\/en.wikipedia.org\/wiki\/Kotor\" target=\"_blank\" rel=\"noopener\">Kotor<\/a><\/span><\/span>, Ta ca\u0142odniowa wycieczka \u0142\u0105czy w sobie adrenalin\u0119, osza\u0142amiaj\u0105ce krajobrazy i autentyczn\u0105 czarnog\u00f3rsk\u0105 go\u015bcinno\u015b\u0107 w jednym z najbardziej zapieraj\u0105cych dech w piersiach \u015brodowisk naturalnych na Ba\u0142kanach.<\/p>\n<h3 data-section-id=\"ydfjyc\"><span role=\"text\"><strong>W zestawie:<\/strong><\/span><\/h3>\n<p><span style=\"color: #00ff00;\"><strong>\u2713<\/strong><\/span> Transfer w obie strony z Kotoru<br \/>\n<span style=\"color: #00ff00;\"><strong>\u2713 <\/strong><\/span>Profesjonalni licencjonowani kapitanowie raftingowi<br \/>\n<span style=\"color: #00ff00;\"><strong>\u2713 <\/strong><\/span>Przewodnik m\u00f3wi\u0105cy po angielsku<br \/>\n<span style=\"color: #00ff00;\"><strong>\u2713 <\/strong><\/span>Pe\u0142ny sprz\u0119t raftingowy (kask, pianka, buty, kamizelka ratunkowa)<br \/>\n<span style=\"color: #00ff00;\"><strong>\u2713 <\/strong><\/span>\u015aniadanie i lunch nad rzek\u0105<br \/>\n<span style=\"color: #00ff00;\"><strong>\u2713 <\/strong><\/span>Op\u0142aty za wst\u0119p do park\u00f3w narodowych<br \/>\n<span style=\"color: #00ff00;\"><strong>\u2713 <\/strong><\/span>Pe\u0142na ochrona ubezpieczeniowa<\/p>\n<h3 data-section-id=\"1f64jv5\"><span role=\"text\"><strong>Nie zawiera:<\/strong><\/span><\/h3>\n<p><span style=\"color: #ff0000;\"><strong>\u2717<\/strong> <\/span>Wydatki osobiste<br \/>\n<span style=\"color: #ff0000;\"><strong>\u2717<\/strong> <\/span>Napoje podczas posi\u0142k\u00f3w<\/p>\n<h2 data-section-id=\"gnzuxm\"><span role=\"text\"><strong>Najwa\u017cniejsze atrakcje wycieczki<\/strong><\/span><\/h2>\n<p>Raft przez spektakularne miejsca <span class=\"hover:entity-accent entity-underline inline cursor-pointer align-baseline\"><span class=\"whitespace-normal\">Kanion rzeki Tara<\/span><\/span><br \/>\n\ud83d\udd39 Prze\u017cyj ekscytuj\u0105ce rw\u0105ce potoki<br \/>\nOdkryj przyrod\u0119 i dzik\u0105 przyrod\u0119 chronion\u0105 przez UNESCO<br \/>\nTradycyjne czarnog\u00f3rskie \u015bniadanie i lunch<br \/>\nPrzystanki na p\u0142ywanie i mo\u017cliwo\u015b\u0107 robienia zdj\u0119\u0107 wzd\u0142u\u017c rzeki<\/p>\n<h2 data-section-id=\"1jizkbc\"><span role=\"text\"><strong>Pe\u0142ny opis<\/strong><\/span><\/h2>\n<p>Dzie\u0144 rozpocznie si\u0119 wczesnym porannym wyjazdem z Kotoru, a nast\u0119pnie malownicz\u0105 przeja\u017cd\u017ck\u0105 przez g\u00f3rzyste krajobrazy Czarnog\u00f3ry. Po przybyciu do \u0160\u0107epan Polje zjesz tradycyjne \u015bniadanie nad rzek\u0105, a nast\u0119pnie przygotujesz si\u0119 do raftingu.<\/p>\n<p>Po przygotowaniu zostaniesz przetransportowany do Br\u0161tanovicy, punktu pocz\u0105tkowego trasy raftingowej. Do\u015bwiadczeni i licencjonowani kapitanowie poprowadz\u0105 Ci\u0119 przez ekscytuj\u0105ce bystrza, spokojne odcinki do p\u0142ywania i ukryte naturalne miejsca.<\/p>\n<p>Po oko\u0142o trzech godzinach sp\u0119dzonych na wodzie wr\u00f3cisz do bazy, gdzie czeka na Ciebie pyszny lunch nad rzek\u0105. Po posi\u0142ku zrelaksuj si\u0119 podczas malowniczej jazdy powrotnej do Kotoru.<\/p>\n<h3 data-section-id=\"1e4kph\"><span role=\"text\"><strong>\ud83d\uddfa\ufe0f Plan podr\u00f3\u017cy<\/strong><\/span><\/h3>\n<p>07:00 - Odbi\u00f3r z Kotoru i wyjazd<br \/>\nMalownicza przeja\u017cd\u017cka przez Czarnog\u00f3r\u0119<br \/>\nPrzyjazd do \u0160\u0107epan Polje i \u015bniadanie<br \/>\nTransfer do miejsca rozpocz\u0119cia raftingu<br \/>\n3-godzinny sp\u0142yw pontonowy<br \/>\nLunch nad rzek\u0105<br \/>\nPowr\u00f3t do Kotoru<\/p>\n<h3 data-section-id=\"1fgl4g2\"><span role=\"text\"><strong>\u2139\ufe0f Wa\u017cne informacje przed wyjazdem<\/strong><\/span><\/h3>\n<p>Czas trwania: Oko\u0142o 12 godzin<br \/>\nPaszport lub dow\u00f3d osobisty jest obowi\u0105zkowy<br \/>\nOdpowiedni dla mi\u0142o\u015bnik\u00f3w przyg\u00f3d<br \/>\nWycieczka dzia\u0142a w zale\u017cno\u015bci od warunk\u00f3w pogodowych<br \/>\nBezp\u0142atne anulowanie do 24 godzin<\/p>\n<h2 data-section-id=\"zapgrt\"><span role=\"text\"><strong>Co zabra\u0107 ze sob\u0105<\/strong><\/span><\/h2>\n<p>Str\u00f3j k\u0105pielowy i r\u0119cznik<br \/>\nZmiana odzie\u017cy<br \/>\nOchrona przeciws\u0142oneczna i okulary przeciws\u0142oneczne<br \/>\n\ud83d\udd39 Paszport lub dow\u00f3d osobisty<\/p>\n<h3 data-section-id=\"1kfbjov\"><span role=\"text\"><strong>Nieodpowiednie dla<\/strong><\/span><\/h3>\n<p>\ud83d\udd39 Go\u015bcie z powa\u017cnymi schorzeniami<br \/>\nGo\u015bcie z niepe\u0142nosprawno\u015bci\u0105 ruchow\u0105<\/p>\n<h2>\ud83d\udcb8 <strong>Cena i rezerwacja<\/strong><\/h2>\n<p>Zarezerwuj teraz, zap\u0142a\u0107 w dniu wydarzenia<br \/>\nBezp\u0142atne anulowanie rezerwacji do 24 godzin przed rozpocz\u0119ciem wycieczki<br \/>\n\u0141atwa rezerwacja przez WhatsApp lub formularz rezerwacji online \ud83d\udc47\ud83c\udffd<\/p>\n<p>Szukasz alternatyw? Przegl\u0105daj <a href=\"https:\/\/excursionsworld.com\/pl\/kotor-wycieczki\/\">wi\u0119cej wycieczek do Kotoru<\/a>.<\/p>","protected":false},"excerpt":{"rendered":"<p>Do\u0142\u0105cz do najlepszej przygody raftingowej na rzece Tara z Kotoru! Pokonaj najg\u0142\u0119bszy kanion w Europie, zjedz lunch nad rzek\u0105 i poznaj najlepsze atrakcje Czarnog\u00f3ry.<\/p>","protected":false},"featured_media":16691,"comment_status":"open","ping_status":"closed","template":"","meta":[],"product_brand":[],"product_cat":[133],"product_tag":[131],"class_list":{"0":"post-16690","1":"product","2":"type-product","3":"status-publish","4":"has-post-thumbnail","6":"tour_phys-kotor-tours","7":"product_cat-kotor-tours","8":"product_tag-kotor","9":"pa_montenegro-kotor-tours","11":"first","12":"instock","13":"sale","14":"shipping-taxable","15":"purchasable","16":"product-type-tour_phys"},"aioseo_notices":[],"_links":{"self":[{"href":"https:\/\/excursionsworld.com\/pl\/wp-json\/wp\/v2\/product\/16690","targetHints":{"allow":["GET"]}}],"collection":[{"href":"https:\/\/excursionsworld.com\/pl\/wp-json\/wp\/v2\/product"}],"about":[{"href":"https:\/\/excursionsworld.com\/pl\/wp-json\/wp\/v2\/types\/product"}],"replies":[{"embeddable":true,"href":"https:\/\/excursionsworld.com\/pl\/wp-json\/wp\/v2\/comments?post=16690"}],"wp:featuredmedia":[{"embeddable":true,"href":"https:\/\/excursionsworld.com\/pl\/wp-json\/wp\/v2\/media\/16691"}],"wp:attachment":[{"href":"https:\/\/excursionsworld.com\/pl\/wp-json\/wp\/v2\/media?parent=16690"}],"wp:term":[{"taxonomy":"product_brand","embeddable":true,"href":"https:\/\/excursionsworld.com\/pl\/wp-json\/wp\/v2\/product_brand?post=16690"},{"taxonomy":"product_cat","embeddable":true,"href":"https:\/\/excursionsworld.com\/pl\/wp-json\/wp\/v2\/product_cat?post=16690"},{"taxonomy":"product_tag","embeddable":true,"href":"https:\/\/excursionsworld.com\/pl\/wp-json\/wp\/v2\/product_tag?post=16690"}],"curies":[{"name":"wp","href":"https:\/\/api.w.org\/{rel}","templated":true}]}}