{"id":16700,"date":"2026-03-22T19:16:56","date_gmt":"2026-03-22T16:16:56","guid":{"rendered":"https:\/\/excursionsworld.com\/?post_type=product&#038;p=16700\/"},"modified":"2026-03-22T20:06:31","modified_gmt":"2026-03-22T17:06:31","slug":"rafting-rzeka-tara-budva","status":"publish","type":"product","link":"https:\/\/excursionsworld.com\/tours\/tara-river-rafting-budva\/","title":{"rendered":"Rafting rzek\u0105 Tara z Budvy \u2014 przygoda w Czarnog\u00f3rze"},"content":{"rendered":"<h3 data-section-id=\"2p8n8v\" data-start=\"4879\" data-end=\"4899\"><span role=\"text\"><strong data-start=\"4883\" data-end=\"4899\">\ud83c\udfd9\ufe0f Przegl\u0105d<\/strong><\/span><\/h3>\n<p data-start=\"4901\" data-end=\"5132\">Do\u0142\u0105cz do epickiej przygody raftingowej z <span class=\"hover:entity-accent entity-underline inline cursor-pointer align-baseline\"><span class=\"whitespace-normal\">Budva<\/span><\/span> lub <span class=\"hover:entity-accent entity-underline inline cursor-pointer align-baseline\"><span class=\"whitespace-normal\">Tivat<\/span><\/span> do zapieraj\u0105cego dech w piersiach <span class=\"hover:entity-accent entity-underline inline cursor-pointer align-baseline\"><span class=\"whitespace-normal\">Kanion rzeki Tara<\/span><\/span>. To ca\u0142odniowe do\u015bwiadczenie \u0142\u0105czy w sobie ekscytuj\u0105ce bystrza z osza\u0142amiaj\u0105cymi widokami kanionu i autentyczn\u0105 lokaln\u0105 kuchni\u0105.<\/p>\n<h3 data-section-id=\"ydfjyc\" data-start=\"577\" data-end=\"594\"><span role=\"text\"><strong data-start=\"581\" data-end=\"594\">W zestawie:<\/strong><\/span><\/h3>\n<p data-start=\"596\" data-end=\"864\"><span style=\"color: #00ff00;\"><strong>\u2713<\/strong><\/span> Transfer w obie strony z Budvy i Tivatu<br data-start=\"628\" data-end=\"631\" \/><span style=\"color: #00ff00;\"><strong>\u2713 <\/strong><\/span>Profesjonalni licencjonowani kapitanowie raftingowi<br data-start=\"671\" data-end=\"674\" \/><span style=\"color: #00ff00;\"><strong>\u2713 <\/strong><\/span>Przewodnik m\u00f3wi\u0105cy po angielsku<br data-start=\"703\" data-end=\"706\" \/><span style=\"color: #00ff00;\"><strong>\u2713 <\/strong><\/span>Pe\u0142ny sprz\u0119t raftingowy (kask, pianka, buty, kamizelka ratunkowa)<br data-start=\"768\" data-end=\"771\" \/><span style=\"color: #00ff00;\"><strong>\u2713 <\/strong><\/span>\u015aniadanie i lunch nad rzek\u0105<br data-start=\"802\" data-end=\"805\" \/><span style=\"color: #00ff00;\"><strong>\u2713 <\/strong><\/span>Op\u0142aty za wst\u0119p do park\u00f3w narodowych<br data-start=\"834\" data-end=\"837\" \/><span style=\"color: #00ff00;\"><strong>\u2713 <\/strong><\/span>Pe\u0142na ochrona ubezpieczeniowa<\/p>\n<h3 data-section-id=\"1f64jv5\" data-start=\"866\" data-end=\"887\"><span role=\"text\"><strong data-start=\"870\" data-end=\"887\">Nie zawiera:<\/strong><\/span><\/h3>\n<p data-start=\"889\" data-end=\"934\"><span style=\"color: #ff0000;\"><strong>\u2717<\/strong> <\/span>Wydatki osobiste<br data-start=\"908\" data-end=\"911\" \/><span style=\"color: #ff0000;\"><strong>\u2717<\/strong> <\/span>Napoje podczas posi\u0142k\u00f3w<\/p>\n<h3 data-section-id=\"gnzuxm\" data-start=\"3464\" data-end=\"3490\"><span role=\"text\"><strong data-start=\"3468\" data-end=\"3490\">Najwa\u017cniejsze atrakcje wycieczki<\/strong><\/span><\/h3>\n<p data-start=\"3492\" data-end=\"3660\">Rafting w najg\u0142\u0119bszym kanionie Europy<br data-start=\"3529\" data-end=\"3532\" \/>Ekscytuj\u0105ce bystrza i malownicze krajobrazy<br data-start=\"3571\" data-end=\"3574\" \/>Autentyczne czarnog\u00f3rskie posi\u0142ki<br data-start=\"3604\" data-end=\"3607\" \/>P\u0142ywanie i postoje na zdj\u0119cia<br data-start=\"3630\" data-end=\"3633\" \/>Do\u015bwiadczenie w ma\u0142ej grupie<\/p>\n<h3 data-section-id=\"1jizkbc\" data-start=\"3662\" data-end=\"3689\"><span role=\"text\"><strong data-start=\"3666\" data-end=\"3689\">Pe\u0142ny opis<\/strong><\/span><\/h3>\n<p data-start=\"3691\" data-end=\"3887\">Po odbiorze z Budvy lub Tivatu, ciesz si\u0119 malownicz\u0105 podr\u00f3\u017c\u0105 przez g\u00f3ry Czarnog\u00f3ry w kierunku regionu rzeki Tara. Po przyje\u017adzie tradycyjne \u015bniadanie przygotuje Ci\u0119 na nadchodz\u0105c\u0105 przygod\u0119.<\/p>\n<p data-start=\"3889\" data-end=\"4074\">Twoja podr\u00f3\u017c raftingowa rozpoczyna si\u0119 w Br\u0161tanovicy, gdzie do\u015bwiadczeni kapitanowie poprowadz\u0105 Ci\u0119 przez ekscytuj\u0105ce bystrza i spokojne odcinki rzeki. Po drodze mo\u017cna zatrzyma\u0107 si\u0119 na p\u0142ywanie i fotografowanie.<\/p>\n<p data-start=\"4076\" data-end=\"4181\">Po sesji raftingowej wr\u00f3\u0107 do bazy na relaksuj\u0105cy lunch przed powrotem do Budvy lub Tivatu.<\/p>\n<h3 data-section-id=\"1e4kph\" data-start=\"4183\" data-end=\"4209\"><span role=\"text\"><strong data-start=\"4187\" data-end=\"4209\">\ud83d\uddfa\ufe0f Plan podr\u00f3\u017cy<\/strong><\/span><\/h3>\n<p data-start=\"4211\" data-end=\"4384\">Odbi\u00f3r wcze\u015bnie rano (Budva \/ Tivat)<br data-start=\"4250\" data-end=\"4253\" \/>Malownicza przeja\u017cd\u017cka do \u0160\u0107epan Polje<br data-start=\"4284\" data-end=\"4287\" \/>\u015aniadanie<br data-start=\"4299\" data-end=\"4302\" \/>Transfer na miejsce rozpocz\u0119cia raftingu<br data-start=\"4330\" data-end=\"4333\" \/>3-godzinny rafting<br data-start=\"4350\" data-end=\"4353\" \/>Lunch<br data-start=\"4361\" data-end=\"4364\" \/>Przelew zwrotny<\/p>\n<h3 data-section-id=\"1fgl4g2\" data-start=\"4386\" data-end=\"4428\"><span role=\"text\"><strong data-start=\"4390\" data-end=\"4428\">\u2139\ufe0f Wa\u017cne informacje przed wyjazdem<\/strong><\/span><\/h3>\n<p data-start=\"4430\" data-end=\"4538\">Ca\u0142odniowa wycieczka (~12 godzin)<br data-start=\"4458\" data-end=\"4461\" \/>Wymagany paszport<br data-start=\"4481\" data-end=\"4484\" \/>Aktywno\u015b\u0107 zale\u017cna od pogody<br data-start=\"4513\" data-end=\"4516\" \/>Bezp\u0142atne anulowanie<\/p>\n<h3 data-section-id=\"zapgrt\" data-start=\"4540\" data-end=\"4564\"><span role=\"text\"><strong data-start=\"4544\" data-end=\"4564\">Co zabra\u0107 ze sob\u0105<\/strong><\/span><\/h3>\n<p data-start=\"4566\" data-end=\"4624\">Stroje k\u0105pielowe<br data-start=\"4577\" data-end=\"4580\" \/>R\u0119cznik<br data-start=\"4588\" data-end=\"4591\" \/>Zapasowe ubrania<br data-start=\"4607\" data-end=\"4610\" \/>Filtr przeciws\u0142oneczny<\/p>\n<h3 data-section-id=\"1kfbjov\" data-start=\"4626\" data-end=\"4653\"><span role=\"text\"><strong data-start=\"4630\" data-end=\"4653\">Nieodpowiednie dla<\/strong><\/span><\/h3>\n<p data-start=\"4655\" data-end=\"4723\">Go\u015bcie z dolegliwo\u015bciami medycznymi<br data-start=\"4688\" data-end=\"4691\" \/>Go\u015bcie maj\u0105cy problemy z poruszaniem si\u0119<\/p>\n<h3 data-start=\"3506\" data-end=\"3534\">\ud83d\udcb8 <strong data-start=\"3513\" data-end=\"3534\">Cena i rezerwacja<\/strong><\/h3>\n<p data-start=\"3535\" data-end=\"3674\">Zarezerwuj teraz, zap\u0142a\u0107 w dniu wydarzenia\u00a0<br data-start=\"3560\" data-end=\"3563\" \/>Bezp\u0142atne anulowanie rezerwacji do 24 godzin przed rozpocz\u0119ciem wycieczki<br data-start=\"3614\" data-end=\"3617\" \/>\u0141atwa rezerwacja przez WhatsApp lub formularz rezerwacji online \ud83d\udc47\ud83c\udffd<\/p>","protected":false},"excerpt":{"rendered":"<p>Do\u0142\u0105cz do raftingu na rzece Tara z Budvy i Tivatu! Pokonaj najg\u0142\u0119bszy kanion w Europie, delektuj si\u0119 lunchem nad rzek\u0105 i do\u015bwiadcz najwi\u0119kszych emocji w Czarnog\u00f3rze.<\/p>","protected":false},"featured_media":16691,"comment_status":"open","ping_status":"closed","template":"","meta":[],"product_brand":[],"product_cat":[132],"product_tag":[123],"class_list":{"0":"post-16700","1":"product","2":"type-product","3":"status-publish","4":"has-post-thumbnail","6":"tour_phys-budva-tours","7":"product_cat-budva-tours","8":"product_tag-budva","9":"pa_montenegro-budva-tours","11":"first","12":"instock","13":"sale","14":"shipping-taxable","15":"purchasable","16":"product-type-tour_phys"},"aioseo_notices":[],"_links":{"self":[{"href":"https:\/\/excursionsworld.com\/pl\/wp-json\/wp\/v2\/product\/16700","targetHints":{"allow":["GET"]}}],"collection":[{"href":"https:\/\/excursionsworld.com\/pl\/wp-json\/wp\/v2\/product"}],"about":[{"href":"https:\/\/excursionsworld.com\/pl\/wp-json\/wp\/v2\/types\/product"}],"replies":[{"embeddable":true,"href":"https:\/\/excursionsworld.com\/pl\/wp-json\/wp\/v2\/comments?post=16700"}],"wp:featuredmedia":[{"embeddable":true,"href":"https:\/\/excursionsworld.com\/pl\/wp-json\/wp\/v2\/media\/16691"}],"wp:attachment":[{"href":"https:\/\/excursionsworld.com\/pl\/wp-json\/wp\/v2\/media?parent=16700"}],"wp:term":[{"taxonomy":"product_brand","embeddable":true,"href":"https:\/\/excursionsworld.com\/pl\/wp-json\/wp\/v2\/product_brand?post=16700"},{"taxonomy":"product_cat","embeddable":true,"href":"https:\/\/excursionsworld.com\/pl\/wp-json\/wp\/v2\/product_cat?post=16700"},{"taxonomy":"product_tag","embeddable":true,"href":"https:\/\/excursionsworld.com\/pl\/wp-json\/wp\/v2\/product_tag?post=16700"}],"curies":[{"name":"wp","href":"https:\/\/api.w.org\/{rel}","templated":true}]}}