{"id":16701,"date":"2026-03-22T19:40:51","date_gmt":"2026-03-22T16:40:51","guid":{"rendered":"https:\/\/excursionsworld.com\/?post_type=product&#038;p=16701\/"},"modified":"2026-04-24T01:27:24","modified_gmt":"2026-04-23T22:27:24","slug":"rafting-rzeka-tara-herceg-novi","status":"publish","type":"product","link":"https:\/\/excursionsworld.com\/tours\/tara-river-rafting-herceg-novi\/","title":{"rendered":"Rafting rzek\u0105 Tara z Herceg Novi \u2014 Czarnog\u00f3ra"},"content":{"rendered":"<h2 data-section-id=\"2p8n8v\"><span role=\"text\"><strong>\ud83c\udfd9\ufe0f Przegl\u0105d<\/strong><\/span><\/h2>\n<p>Wylot z <span class=\"hover:entity-accent entity-underline inline cursor-pointer align-baseline\"><span class=\"whitespace-normal\"><a href=\"https:\/\/en.wikipedia.org\/wiki\/Herceg_Novi\" target=\"_blank\" rel=\"noopener\">Herceg Novi<\/a><\/span><\/span>, Ta ca\u0142odniowa wycieczka raftingowa zabierze Ci\u0119 do osza\u0142amiaj\u0105cego <span class=\"hover:entity-accent entity-underline inline cursor-pointer align-baseline\"><span class=\"whitespace-normal\">Kanion rzeki Tara<\/span><\/span>. Do\u015bwiadcz adrenaliny, natury i jednego z najbardziej spektakularnych krajobraz\u00f3w rzecznych w Europie.<\/p>\n<h3 data-section-id=\"ydfjyc\"><span role=\"text\"><strong>W zestawie:<\/strong><\/span><\/h3>\n<p><span style=\"color: #00ff00;\"><strong>\u2713<\/strong><\/span> Transfer w obie strony z Herceg Novi<br \/>\n<span style=\"color: #00ff00;\"><strong>\u2713 <\/strong><\/span>Profesjonalni licencjonowani kapitanowie raftingowi<br \/>\n<span style=\"color: #00ff00;\"><strong>\u2713 <\/strong><\/span>Przewodnik m\u00f3wi\u0105cy po angielsku<br \/>\n<span style=\"color: #00ff00;\"><strong>\u2713 <\/strong><\/span>Pe\u0142ny sprz\u0119t raftingowy (kask, pianka, buty, kamizelka ratunkowa)<br \/>\n<span style=\"color: #00ff00;\"><strong>\u2713 <\/strong><\/span>\u015aniadanie i lunch nad rzek\u0105<br \/>\n<span style=\"color: #00ff00;\"><strong>\u2713 <\/strong><\/span>Op\u0142aty za wst\u0119p do park\u00f3w narodowych<br \/>\n<span style=\"color: #00ff00;\"><strong>\u2713 <\/strong><\/span>Pe\u0142na ochrona ubezpieczeniowa<\/p>\n<h3 data-section-id=\"1f64jv5\"><span role=\"text\"><strong>Nie zawiera:<\/strong><\/span><\/h3>\n<p><span style=\"color: #ff0000;\"><strong>\u2717<\/strong> <\/span>Wydatki osobiste<br \/>\n<span style=\"color: #ff0000;\"><strong>\u2717<\/strong> <\/span>Napoje podczas posi\u0142k\u00f3w<\/p>\n<h2 data-section-id=\"gnzuxm\"><span role=\"text\"><strong>Najwa\u017cniejsze atrakcje wycieczki<\/strong><\/span><\/h2>\n<p>Eksploracja kanionu rzeki Tara<br \/>\nEkscytuj\u0105ce do\u015bwiadczenie raftingu bia\u0142\u0105 wod\u0105<br \/>\nTradycyjne lokalne posi\u0142ki<br \/>\nPrzerwy na p\u0142ywanie i robienie zdj\u0119\u0107<br \/>\nZapieraj\u0105ce dech w piersiach widoki na kanion<\/p>\n<h2 data-section-id=\"1jizkbc\"><span role=\"text\"><strong>Pe\u0142ny opis<\/strong><\/span><\/h2>\n<p>Twoja podr\u00f3\u017c rozpocznie si\u0119 od wczesnego odbioru z Herceg Novi i malowniczej jazdy w g\u0142\u0105b l\u0105du. Po dotarciu do bazy raftingowej, zjedz \u015bniadanie przed przygotowaniem si\u0119 do przygody.<\/p>\n<p>Dzi\u0119ki profesjonalnym wskaz\u00f3wkom przep\u0142yniesz jeden z najbardziej imponuj\u0105cych kanion\u00f3w w Europie, pokonuj\u0105c zar\u00f3wno ekscytuj\u0105ce bystrza, jak i spokojne odcinki.<\/p>\n<p>Po raftingu mo\u017cna zje\u015b\u0107 lunch nad rzek\u0105, a nast\u0119pnie wygodnie wr\u00f3ci\u0107 do Herceg Novi.<\/p>\n<h3 data-section-id=\"1e4kph\"><span role=\"text\"><strong>\ud83d\uddfa\ufe0f Plan podr\u00f3\u017cy<\/strong><\/span><\/h3>\n<p>Wczesny odbi\u00f3r z Herceg Novi<br \/>\nTransfer widokowy<br \/>\n\u015aniadanie<br \/>\nDo\u015bwiadczenie w raftingu<br \/>\nLunch<br \/>\nPodr\u00f3\u017c powrotna<\/p>\n<h3 data-section-id=\"1fgl4g2\"><span role=\"text\"><strong>\u2139\ufe0f Wa\u017cne informacje przed wyjazdem<\/strong><\/span><\/h3>\n<p>Czas trwania: 12 godz.<br \/>\nWymagany paszport<br \/>\n\ud83d\udd39 Zale\u017cne od pogody<br \/>\nBezp\u0142atne anulowanie rezerwacji<\/p>\n<h2 data-section-id=\"zapgrt\"><span role=\"text\"><strong>Co zabra\u0107 ze sob\u0105<\/strong><\/span><\/h2>\n<p>Stroje k\u0105pielowe<br \/>\nR\u0119cznik<br \/>\nZmiana odzie\u017cy<br \/>\nFiltr przeciws\u0142oneczny<\/p>\n<h3 data-section-id=\"1kfbjov\"><span role=\"text\"><strong>Nieodpowiednie dla<\/strong><\/span><\/h3>\n<p>\ud83d\udd39 Go\u015bcie z powa\u017cnymi schorzeniami<br \/>\nGo\u015bcie z ograniczeniami ruchowymi<\/p>\n<h2>\ud83d\udcb8 <strong>Cena i rezerwacja<\/strong><\/h2>\n<p>Zarezerwuj teraz, zap\u0142a\u0107 w dniu wydarzenia<br \/>\nBezp\u0142atne anulowanie rezerwacji do 24 godzin przed rozpocz\u0119ciem wycieczki<br \/>\n\u0141atwa rezerwacja przez WhatsApp lub formularz rezerwacji online \ud83d\udc47\ud83c\udffd<\/p>\n<p>Szukasz alternatyw? Przegl\u0105daj <a href=\"https:\/\/excursionsworld.com\/pl\/herceg-novi-wycieczki\/\">Wi\u0119cej wycieczek po Herceg Novi<\/a>.<\/p>","protected":false},"excerpt":{"rendered":"<p>Do\u0142\u0105cz do raftingu na rzece Tara z Herceg Novi! Pokonaj najg\u0142\u0119bszy kanion w Europie, delektuj si\u0119 lunchem nad rzek\u0105 i do\u015bwiadcz najwi\u0119kszych emocji w Czarnog\u00f3rze.<\/p>","protected":false},"featured_media":16691,"comment_status":"open","ping_status":"closed","template":"","meta":[],"product_brand":[],"product_cat":[134],"product_tag":[135],"class_list":{"0":"post-16701","1":"product","2":"type-product","3":"status-publish","4":"has-post-thumbnail","6":"tour_phys-herceg-novi-tours","7":"product_cat-herceg-novi-tours","8":"product_tag-herceg-novi","9":"pa_montenegro-kotor-tours","11":"first","12":"instock","13":"sale","14":"shipping-taxable","15":"purchasable","16":"product-type-tour_phys"},"aioseo_notices":[],"_links":{"self":[{"href":"https:\/\/excursionsworld.com\/pl\/wp-json\/wp\/v2\/product\/16701","targetHints":{"allow":["GET"]}}],"collection":[{"href":"https:\/\/excursionsworld.com\/pl\/wp-json\/wp\/v2\/product"}],"about":[{"href":"https:\/\/excursionsworld.com\/pl\/wp-json\/wp\/v2\/types\/product"}],"replies":[{"embeddable":true,"href":"https:\/\/excursionsworld.com\/pl\/wp-json\/wp\/v2\/comments?post=16701"}],"wp:featuredmedia":[{"embeddable":true,"href":"https:\/\/excursionsworld.com\/pl\/wp-json\/wp\/v2\/media\/16691"}],"wp:attachment":[{"href":"https:\/\/excursionsworld.com\/pl\/wp-json\/wp\/v2\/media?parent=16701"}],"wp:term":[{"taxonomy":"product_brand","embeddable":true,"href":"https:\/\/excursionsworld.com\/pl\/wp-json\/wp\/v2\/product_brand?post=16701"},{"taxonomy":"product_cat","embeddable":true,"href":"https:\/\/excursionsworld.com\/pl\/wp-json\/wp\/v2\/product_cat?post=16701"},{"taxonomy":"product_tag","embeddable":true,"href":"https:\/\/excursionsworld.com\/pl\/wp-json\/wp\/v2\/product_tag?post=16701"}],"curies":[{"name":"wp","href":"https:\/\/api.w.org\/{rel}","templated":true}]}}