{"id":16712,"date":"2026-04-04T15:31:23","date_gmt":"2026-04-04T12:31:23","guid":{"rendered":"https:\/\/excursionsworld.com\/?post_type=product&#038;p=16712\/"},"modified":"2026-04-24T01:27:25","modified_gmt":"2026-04-23T22:27:25","slug":"wynajem-prywatnego-jachtu-side","status":"publish","type":"product","link":"https:\/\/excursionsworld.com\/tours\/side-private-yacht-charter\/","title":{"rendered":"Wynajem Prywatnego Jachtu w Side: Luksusowy Motor\u00f3wka"},"content":{"rendered":"<h2 data-section-id=\"1elwh7z\">\ud83c\udfd9\ufe0f Przegl\u0105d<\/h2>\n<div>Wyrusz w rejs eleganckim <strong>\u015awiat\u0142o ksi\u0119\u017cyca \u2013 Fairline Squadron 55<\/strong>, luksusowy prywatny jacht motorowy oferuj\u0105cy wyrafinowane doznania \u017ceglarskie wzd\u0142u\u017c <a href=\"https:\/\/en.wikipedia.org\/wiki\/Side,_Turkey\" target=\"_blank\" rel=\"noopener\">Side<\/a> linia brzegowa i rzeka Manavgat.<\/div>\n<div>Idealny dla par, rodzin i ma\u0142ych prywatnych grup, ten luksusowy jacht \u0142\u0105czy przestronny design, komfort i wysokiej klasy obs\u0142ug\u0119. Ciesz si\u0119 krystalicznie czystymi wodami, malowniczymi widokami wybrze\u017ca i ca\u0142kowit\u0105 prywatno\u015bci\u0105 dzi\u0119ki wygodnym transferom od drzwi do drzwi.<\/div>\n<h3><strong>W zestawie:<\/strong><\/h3>\n<p><strong><span style=\"color: #00ff00;\">\u2713<\/span> <\/strong>Czarter prywatnego jachtu (do 12 go\u015bci)<br \/>\n<strong><span style=\"color: #00ff00;\">\u2713<\/span> <\/strong>Transfer hotelowy w obie strony<br \/>\n<strong><span style=\"color: #00ff00;\">\u2713<\/span> <\/strong>Profesjonalny kapitan i za\u0142oga<br \/>\n<strong><span style=\"color: #00ff00;\">\u2713<\/span> <\/strong>Lunch lub kolacja z grilla: Grillowana ryba \/ kurczak \/ klopsiki<br \/>\n<strong><span style=\"color: #00ff00;\">\u2713<\/span> <\/strong>Makaron, ry\u017c i owoce sezonowe<br \/>\n<strong><span style=\"color: #00ff00;\">\u2713<\/span> <\/strong>4 rodzaje przystawek i 2 rodzaje sa\u0142atek<br \/>\n<strong><span style=\"color: #00ff00;\">\u2713<\/span> <\/strong>Nielimitowane napoje bezalkoholowe<br \/>\n<strong><span style=\"color: #00ff00;\">\u2713<\/span> <\/strong>Bezp\u0142atne Wi-Fi na pok\u0142adzie<br \/>\n<strong><span style=\"color: #00ff00;\">\u2713<\/span> <\/strong>Deska SUP, sprz\u0119t do snorkelingu i w\u0119dkarstwa amatorskiego<\/p>\n<h3><strong>Wy\u0142\u0105czone:<\/strong><\/h3>\n<p><strong><span style=\"color: #ff0000;\">\u2717<\/span> <\/strong>Napoje alkoholowe<br \/>\n<strong><span style=\"color: #ff0000;\">\u2717<\/span> <\/strong>Lody<br \/>\n<strong><span style=\"color: #ff0000;\">\u2717<\/span> <\/strong>Niestandardowe dekoracje i tort urodzinowy<\/p>\n<h2 data-section-id=\"1ivzauh\">\u2b50 Najwa\u017cniejsze atrakcje wycieczki prywatnym jachtem: Luksus<\/h2>\n<p>\ud83d\udd39 Luksusowy jacht Fairline Squadron 55 (remont 2025)<br \/>\n\ud83d\udd39 Rejs wzd\u0142u\u017c wybrze\u017ca Side i rzeki Manavgat<br \/>\n\ud83d\udd39 Przestronny s\u0142oneczny taras i relaksuj\u0105ce strefy wypoczynkowe<br \/>\n\ud83d\udd39 3 \u0142azienki dla maksymalnego komfortu na pok\u0142adzie<br \/>\n\ud83d\udd39 Udogodnienia premium: Wi-Fi, system nag\u0142o\u015bnienia, grill<br \/>\n\ud83d\udd39 Idealne na ekskluzywne wydarzenia i prywatne imprezy<\/p>\n<h2>Opis Jachtu<\/h2>\n<p><strong>\u015awiat\u0142o ksi\u0119\u017cyca<\/strong> oferuje doskona\u0142e po\u0142\u0105czenie stylu i komfortu. Jacht posiada 2 kabiny master i 1 dodatkow\u0105 kabin\u0119, a tak\u017ce 3 \u0142azienki, zapewniaj\u0105c komfortowy pobyt wszystkim go\u015bciom.<\/p>\n<p>Ciesz si\u0119 przestronnym pok\u0142adem s\u0142onecznym, drabin\u0105 k\u0105pielow\u0105, materacem morskim i nowoczesnym systemem nag\u0142o\u015bnienia, kt\u00f3ry zapewni relaksuj\u0105c\u0105 atmosfer\u0119 na morzu. Go\u015bcie mog\u0105 opala\u0107 si\u0119, p\u0142ywa\u0107 w krystalicznie czystych wodach lub cieszy\u0107 si\u0119 atrakcjami na pok\u0142adzie, takimi jak snorkeling.<\/p>\n<h3 data-section-id=\"v1sx1x\">\ud83d\uddfa\ufe0f Plan podr\u00f3\u017cy<\/h3>\n<p>Prywatny odbi\u00f3r z hotelu<br \/>\n\ud83d\udd39 Wyp\u0142yni\u0119cie z portu Side \/ Rzeki Manavgat<br \/>\n\ud83d\udd39 Do\u015bwiadczenie rejsu przybrze\u017cnego<br \/>\n\ud83d\udd39 K\u0105piele w otwartym morzu i zatokach<br \/>\n\ud83d\udd39 Czas wolny na relaks na pok\u0142adzie<br \/>\n\ud83d\udd39 Powr\u00f3t do portu<br \/>\nTransfer z powrotem do hotelu<\/p>\n<h3 data-section-id=\"7guyre\">\u2139\ufe0f Wa\u017cne informacje<\/h3>\n<p>Pojemno\u015b\u0107: Do 12 go\u015bci<br \/>\n\ud83d\udd39 Jacht: Fairline Squadron 55 (d\u0142ugo\u015b\u0107 16,54 m)<br \/>\n\ud83d\udd39 Rok remontu: 2025<br \/>\n\ud83d\udd39 Trasa mo\u017ce si\u0119 r\u00f3\u017cni\u0107 w zale\u017cno\u015bci od warunk\u00f3w na morzu<br \/>\n\ud83d\udd39 Us\u0142ugi i posi\u0142ki na \u017cyczenie dost\u0119pne<\/p>\n<h2><strong>Co zabra\u0107 ze sob\u0105<\/strong><\/h2>\n<p>Str\u00f3j k\u0105pielowy i r\u0119cznik<br \/>\nOchrona przeciws\u0142oneczna i okulary przeciws\u0142oneczne<br \/>\n\ud83d\udd39 Kapelusz<br \/>\nOsobiste napoje alkoholowe (opcjonalnie)<\/p>\n<h3><strong>Nieodpowiednie dla<\/strong><\/h3>\n<p>Go\u015bcie z powa\u017cnymi ograniczeniami ruchowymi<\/p>\n<h2><strong>Cena i rezerwacja<\/strong><\/h2>\n<p>Zarezerwuj teraz, zap\u0142a\u0107 w dniu wydarzenia<br \/>\nNiestandardowe dekoracje dost\u0119pne na specjalne okazje<br \/>\nSkontaktuj si\u0119 z nami za po\u015brednictwem <strong>WhatsApp, Telegram, Viber<\/strong>, lub wype\u0142ni\u0107 poni\u017cszy formularz rezerwacji \ud83d\udc47\ud83c\udffc<\/p>\n<p>Szukasz alternatyw? Przegl\u0105daj <a href=\"https:\/\/excursionsworld.com\/pl\/prywatny-czarter-jachtu-antalya-kemer\/\">wi\u0119cej wycieczek czarterowych jachtem w Side<\/a>.<\/p>","protected":false},"excerpt":{"rendered":"<p>Luksusowy czarter prywatnego jachtu w Side na pok\u0142adzie Moonlight Fairline 55. Ciesz si\u0119 grillem, Wi-Fi, p\u0142ywaniem i pe\u0142n\u0105 prywatno\u015bci\u0105 z wliczonym transferem hotelowym.<\/p>","protected":false},"featured_media":16713,"comment_status":"open","ping_status":"closed","template":"","meta":[],"product_brand":[],"product_cat":[129],"product_tag":[122],"class_list":{"0":"post-16712","1":"product","2":"type-product","3":"status-publish","4":"has-post-thumbnail","6":"tour_phys-yacht-rental","7":"product_cat-yacht-rental","8":"product_tag-side","9":"pa_kategori-private-yacht-rental-kemer-antalya","11":"first","12":"instock","13":"sale","14":"shipping-taxable","15":"purchasable","16":"product-type-tour_phys"},"aioseo_notices":[],"_links":{"self":[{"href":"https:\/\/excursionsworld.com\/pl\/wp-json\/wp\/v2\/product\/16712","targetHints":{"allow":["GET"]}}],"collection":[{"href":"https:\/\/excursionsworld.com\/pl\/wp-json\/wp\/v2\/product"}],"about":[{"href":"https:\/\/excursionsworld.com\/pl\/wp-json\/wp\/v2\/types\/product"}],"replies":[{"embeddable":true,"href":"https:\/\/excursionsworld.com\/pl\/wp-json\/wp\/v2\/comments?post=16712"}],"wp:featuredmedia":[{"embeddable":true,"href":"https:\/\/excursionsworld.com\/pl\/wp-json\/wp\/v2\/media\/16713"}],"wp:attachment":[{"href":"https:\/\/excursionsworld.com\/pl\/wp-json\/wp\/v2\/media?parent=16712"}],"wp:term":[{"taxonomy":"product_brand","embeddable":true,"href":"https:\/\/excursionsworld.com\/pl\/wp-json\/wp\/v2\/product_brand?post=16712"},{"taxonomy":"product_cat","embeddable":true,"href":"https:\/\/excursionsworld.com\/pl\/wp-json\/wp\/v2\/product_cat?post=16712"},{"taxonomy":"product_tag","embeddable":true,"href":"https:\/\/excursionsworld.com\/pl\/wp-json\/wp\/v2\/product_tag?post=16712"}],"curies":[{"name":"wp","href":"https:\/\/api.w.org\/{rel}","templated":true}]}}