{"id":16791,"date":"2026-04-26T17:41:13","date_gmt":"2026-04-26T14:41:13","guid":{"rendered":"https:\/\/excursionsworld.com\/?post_type=product&#038;p=16791\/"},"modified":"2026-04-26T18:31:43","modified_gmt":"2026-04-26T15:31:43","slug":"alanya-statek-piracki","status":"publish","type":"product","link":"https:\/\/excursionsworld.com\/tours\/alanya-pirate-boat\/","title":{"rendered":"Rejs statkiem pirackim w Alanyi \u2013 Viking | All Inclusive"},"content":{"rendered":"<h2><span style=\"color: #000000;\"><strong>\ud83c\udff4\u200d\u2620\ufe0f Przegl\u0105d<\/strong><\/span><\/h2>\n<p>Do\u0142\u0105cz do rejsu statkiem pirackim w<\/h1> <strong><a href=\"https:\/\/en.wikipedia.org\/wiki\/Alanya\" target=\"_blank\" rel=\"noopener\">Alanya<\/a>\u2013 <\/strong>Wiking | All Inclusive i prze\u017cyj jeden z najprzyjemniejszych sposob\u00f3w na odkrycie wybrze\u017ca Alanyi. Pop\u0142y\u0144 na pok\u0142adzie du\u017cego statku w stylu pirackim, ciesz si\u0119 \u017cyw\u0105 rozrywk\u0105, orze\u017awiaj\u0105cymi przerwami na p\u0142ywanie i podziwiaj panoramiczne widoki na Morze \u015ar\u00f3dziemne. Ta przygoda morska all-inclusive jest idealna dla tych, kt\u00f3rzy szukaj\u0105 zabawy, komfortu i niezapomnianych chwil na wodzie.<\/p>\n<h3><span style=\"color: #000000;\"><strong>W zestawie:<\/strong><\/span><\/h3>\n<p><span style=\"color: #339966;\"><strong>\u2713<\/strong> <\/span>Odbi\u00f3r i dow\u00f3z do hotelu<br \/>\n<span style=\"color: #339966;\"><strong>\u2713<\/strong> <\/span>Profesjonalny przewodnik<br \/>\n<span style=\"color: #339966;\"><strong>\u2713<\/strong> <\/span>Lunch (grillowany kurczak, ry\u017c i sa\u0142atki)<br \/>\n<span style=\"color: #339966;\"><strong>\u2713<\/strong> <\/span>Napoje bezalkoholowe (woda, cola, fanta itp.)<br \/>\n<span style=\"color: #339966;\"><strong>\u2713<\/strong> <\/span>Zabawa w pianie i animacje<br \/>\n<span style=\"color: #339966;\"><strong>\u2713<\/strong> <\/span>Kamizelki ratunkowe<br \/>\n<span style=\"color: #339966;\"><strong>\u2713<\/strong> <\/span>Ubezpieczenie<\/p>\n<h3><span style=\"color: #000000;\"><strong>Nie zawiera:<\/strong><\/span><\/h3>\n<p><strong><span style=\"color: #ff0000;\">\u2717<\/span> <\/strong>Napoje alkoholowe<br \/>\n<strong><span style=\"color: #ff0000;\">\u2717<\/span> <\/strong>Zdj\u0119cia i filmy<br \/>\n<strong><span style=\"color: #ff0000;\">\u2717<\/span> <\/strong>Wydatki osobiste<\/p>\n<h2><span style=\"color: #000000;\"><strong>Najwa\u017cniejsze atrakcje wycieczki<\/strong><\/span><\/h2>\n<p>\ud83d\udd39 Rejs wzd\u0142u\u017c wybrze\u017ca <span class=\"hover:entity-accent entity-underline inline cursor-pointer align-baseline\"><span class=\"whitespace-normal\">Alanya<\/span><\/span> z widokiem na Czerwon\u0105 Wie\u017c\u0119 i mury zamku<br data-start=\"1059\" data-end=\"1062\" \/>\ud83d\udd39 Odkryj s\u0142ynne jaskinie morskie, w tym Jaskini\u0119 Pirat\u00f3w, Jaskini\u0119 Zakochanych, Jaskini\u0119 Fosforyzuj\u0105c\u0105 i Jaskini\u0119 Diab\u0142a<br data-start=\"1147\" data-end=\"1150\" \/>\ud83d\udd39 Ciesz si\u0119 kilkoma przystankami na p\u0142ywanie w przejrzystych wodach Morza \u015ar\u00f3dziemnego<br data-start=\"1211\" data-end=\"1214\" \/>\ud83d\udd39 Radosna impreza piankowa i rozrywka na pok\u0142adzie<br data-start=\"1264\" data-end=\"1267\" \/>\ud83d\udd39 Szansa na zobaczenie delfin\u00f3w lub \u017c\u00f3\u0142wi morskich<\/p>\n<h2><span style=\"color: #000000;\"><strong>Pe\u0142ny opis<\/strong><\/span><\/h2>\n<div data-start=\"1345\" data-end=\"1581\">Tw\u00f3j dzie\u0144 zaczyna si\u0119 od wygodnego odbioru z hotelu i transferu do portu w Alanyi. Po wej\u015bciu na pok\u0142ad statku pirackiego zwanego \"Viking\" znajdziesz przestronne pok\u0142ady, zacienione miejsca i udogodnienia pok\u0142adowe zaprojektowane z my\u015bl\u0105 o komforcie podczas ca\u0142ej podr\u00f3\u017cy.<\/div>\n<div data-start=\"1583\" data-end=\"1877\">Rejs rozpoczyna si\u0119 oko\u0142o godziny 10:00, mijaj\u0105c najbardziej charakterystyczne zabytki Alanyi, takie jak Czerwona Wie\u017ca, zabytkowa stocznia i imponuj\u0105ce mury zamkowe. Trasa prowadzi dalej wzd\u0142u\u017c malowniczego wybrze\u017ca, zatrzymuj\u0105c si\u0119 w pobli\u017cu znanych jaski\u0144 morskich, gdzie mo\u017cna podziwia\u0107 unikalne formacje skalne z morza.<\/div>\n<div data-start=\"1879\" data-end=\"2192\">Podczas ca\u0142ej wycieczki b\u0119dziesz cieszy\u0107 si\u0119 licznymi przerwami na p\u0142ywanie w r\u00f3\u017cnych miejscach, w tym na znanym Ula\u015f Beach, gdzie spokojne wody stanowi\u0105 idealne miejsce do relaksu i och\u0142ody. Na pok\u0142adzie serwowany jest \u015bwie\u017co przygotowany lunch i nielimitowane napoje bezalkoholowe, a muzyka i rozrywka tworz\u0105 \u017cyw\u0105 atmosfer\u0119.<\/div>\n<div data-start=\"2194\" data-end=\"2447\">Kulminacyjnym punktem wycieczki jest impreza piankowa, kt\u00f3ra wnosi energi\u0119 i zabaw\u0119 na pok\u0142ad, sprawiaj\u0105c, \u017ce to do\u015bwiadczenie jest szczeg\u00f3lnie przyjemne dla grup i rodzin. \u0141\u00f3d\u017a wraca do portu po po\u0142udniu, a nast\u0119pnie odbywa si\u0119 komfortowy transfer do hotelu.<\/div>\n<h3><span style=\"color: #000000;\"><strong>\ud83d\uddfa\ufe0f Plan podr\u00f3\u017cy<\/strong><\/span><\/h3>\n<p>Odbi\u00f3r z hoteli\/apartament\u00f3w w Alanyi<br data-start=\"2524\" data-end=\"2527\" \/>Transfer do portu w Alanyi<br data-start=\"2556\" data-end=\"2559\" \/>Wyjazd o 10:00 rano<br data-start=\"2583\" data-end=\"2586\" \/>\ud83d\udd39 Rejs przybrze\u017cny obok Czerwonej Wie\u017cy i Stoczni<br data-start=\"2635\" data-end=\"2638\" \/>\ud83d\udd39 Przerwa na p\u0142ywanie w okolicach stoczni<br data-start=\"2678\" data-end=\"2681\" \/>\ud83d\udd39 Trasa jaskini morskiej (Piraci, Kochankowie, Fosforyzuj\u0105ca, Diabelska)<br data-start=\"2737\" data-end=\"2740\" \/>Lunch serwowany na pok\u0142adzie<br data-start=\"2764\" data-end=\"2767\" \/>Przerwa na p\u0142ywanie na pla\u017cy Ula\u015f<br data-start=\"2798\" data-end=\"2801\" \/>Dodatkowe przystanki p\u0142ywackie<br data-start=\"2825\" data-end=\"2828\" \/>Powr\u00f3t do portu w Alanyi (~15:00)<br data-start=\"2864\" data-end=\"2867\" \/>Odbi\u00f3r w hotelach<\/p>\n<h3><span style=\"color: #000000;\"><strong>\u2139\ufe0f Przydatne informacje<\/strong><\/span><\/h3>\n<p>Czas trwania: oko\u0142o 5-6 godzin<br \/>\nAngloj\u0119zyczna za\u0142oga i przewodnicy<br \/>\nOdpowiedni dla rodzin, par i grup<br \/>\nDzieci poni\u017cej 5. roku \u017cycia podr\u00f3\u017cuj\u0105 bezp\u0142atnie (dziel\u0105 miejsce z rodzicami).<br \/>\nWygodne 3-pok\u0142adowe drewniane \u0142odzie pirackie<\/p>\n<h2><span style=\"color: #000000;\"><strong>Co zabra\u0107 ze sob\u0105<\/strong><\/span><\/h2>\n<p>Str\u00f3j k\u0105pielowy i r\u0119cznik<br \/>\nOchrona przeciws\u0142oneczna, okulary przeciws\u0142oneczne i kapelusz<br \/>\nAparat fotograficzny lub telefon<br \/>\nNiewielka got\u00f3wka na dodatki<\/p>\n<h3><span style=\"color: #000000;\"><strong>Nieodpowiednie dla<\/strong><\/span><\/h3>\n<p>Go\u015bcie z powa\u017cn\u0105 chorob\u0105 lokomocyjn\u0105<br \/>\nKobiety w ci\u0105\u017cy<\/p>\n<h2 dir=\"ltr\">\ud83d\udcb8\u00a0<strong>Cena i rezerwacja<\/strong><\/h2>\n<p dir=\"ltr\"><strong>Zarezerwuj teraz, zap\u0142a\u0107 w dniu wycieczki<\/strong><br \/>\nSkontaktuj si\u0119 z nami przez WhatsApp, Telegram, Viber lub wype\u0142nij poni\u017cszy formularz rezerwacji. \ud83d\udc47\ud83c\udffc<\/p>\n<p>Szukasz alternatyw? Przegl\u0105daj <a href=\"https:\/\/excursionsworld.com\/pl\/alanya-wycieczki\/\">wi\u0119cej wycieczek po Alanii<\/a>.<\/p>","protected":false},"excerpt":{"rendered":"<p>Alanya Rejs Statkiem Pirackim Wiking all inclusive: przystanki na k\u0105piel, jaskinie morskie, impreza piankowa, lunch i napoje bezalkoholowe w cenie. Transfer z hotelu. Zarezerwuj teraz, zap\u0142a\u0107 w dniu wycieczki.<\/p>","protected":false},"featured_media":16792,"comment_status":"open","ping_status":"closed","template":"","meta":[],"product_brand":[],"product_cat":[128],"product_tag":[111],"class_list":{"0":"post-16791","1":"product","2":"type-product","3":"status-publish","4":"has-post-thumbnail","6":"tour_phys-alanya-tours","7":"tour_phys-pirate-boat-tours","8":"product_cat-alanya-tours","9":"product_tag-alanya","10":"pa_destination-alanya-tours","11":"pa_kategori-pirate-boat-tours","13":"first","14":"instock","15":"sale","16":"shipping-taxable","17":"purchasable","18":"product-type-tour_phys"},"aioseo_notices":[],"_links":{"self":[{"href":"https:\/\/excursionsworld.com\/pl\/wp-json\/wp\/v2\/product\/16791","targetHints":{"allow":["GET"]}}],"collection":[{"href":"https:\/\/excursionsworld.com\/pl\/wp-json\/wp\/v2\/product"}],"about":[{"href":"https:\/\/excursionsworld.com\/pl\/wp-json\/wp\/v2\/types\/product"}],"replies":[{"embeddable":true,"href":"https:\/\/excursionsworld.com\/pl\/wp-json\/wp\/v2\/comments?post=16791"}],"wp:featuredmedia":[{"embeddable":true,"href":"https:\/\/excursionsworld.com\/pl\/wp-json\/wp\/v2\/media\/16792"}],"wp:attachment":[{"href":"https:\/\/excursionsworld.com\/pl\/wp-json\/wp\/v2\/media?parent=16791"}],"wp:term":[{"taxonomy":"product_brand","embeddable":true,"href":"https:\/\/excursionsworld.com\/pl\/wp-json\/wp\/v2\/product_brand?post=16791"},{"taxonomy":"product_cat","embeddable":true,"href":"https:\/\/excursionsworld.com\/pl\/wp-json\/wp\/v2\/product_cat?post=16791"},{"taxonomy":"product_tag","embeddable":true,"href":"https:\/\/excursionsworld.com\/pl\/wp-json\/wp\/v2\/product_tag?post=16791"}],"curies":[{"name":"wp","href":"https:\/\/api.w.org\/{rel}","templated":true}]}}