{"id":16801,"date":"2026-04-27T13:36:54","date_gmt":"2026-04-27T10:36:54","guid":{"rendered":"https:\/\/excursionsworld.com\/?post_type=product&#038;p=16801\/"},"modified":"2026-04-27T16:07:14","modified_gmt":"2026-04-27T13:07:14","slug":"olympos-porto-genoese-rejs-kemer","status":"publish","type":"product","link":"https:\/\/excursionsworld.com\/tours\/olympos-porto-genoese-boat-kemer\/","title":{"rendered":"Olympos &amp; Porto Genoese rejs z Kemer z zatok\u0105 Phaselis"},"content":{"rendered":"<h2 dir=\"ltr\" data-pm-slice=\"1 1 []\"><span style=\"color: #000000;\"><strong>\ud83c\udff4\u200d\u2620\ufe0f Przegl\u0105d<\/strong><\/span><\/h2>\n<p dir=\"ltr\">Odkryj dziewicze pi\u0119kno wybrze\u017ca Kemer na <strong data-start=\"299\" data-end=\"379\">Rejs \u0142odzi\u0105 na Olympos i do Porto Genoese z<\/strong>\u00a0<a href=\"https:\/\/en.wikipedia.org\/wiki\/Kemer,_Antalya\" target=\"_blank\" rel=\"noopener\">Kemer. <\/a>\u2014 Ta ca\u0142odniowa wycieczka zabierze Ci\u0119 do jednych z najbardziej malowniczych i dziewiczych zatoczek Morza \u015ar\u00f3dziemnego, \u0142\u0105cz\u0105c p\u0142ywanie, relaks i zapieraj\u0105ce dech w piersiach widoki naturalne. Idealna dla podr\u00f3\u017cnik\u00f3w szukaj\u0105cych spokojnego i autentycznego rejsu \u0142odzi\u0105 z dala od zat\u0142oczonych tras.<\/p>\n<h3><strong>W zestawie:<\/strong><\/h3>\n<div dir=\"ltr\"><strong><span style=\"color: #00ff00;\">\u2713<\/span><\/strong> Odbi\u00f3r i dow\u00f3z do hotelu<\/div>\n<div dir=\"ltr\"><strong><span style=\"color: #00ff00;\">\u2713 <\/span><\/strong>Wycieczka \u0142odzi\u0105 wzd\u0142u\u017c wybrze\u017ca Kemer<br \/>\n<strong><span style=\"color: #00ff00;\">\u2713 <\/span><\/strong>Ubezpieczenie<br \/>\n<strong><span style=\"color: #00ff00;\">\u2713 <\/span><\/strong>Przewodnik<br \/>\n<strong><span style=\"color: #00ff00;\">\u2713 <\/span><\/strong>Lunch<\/div>\n<h3 dir=\"ltr\">Nie zawiera:<\/h3>\n<p dir=\"ltr\"><span style=\"color: #ff0000;\"><strong>\u2717 <\/strong><\/span>Zdj\u0119cia i filmy<br \/>\n<span style=\"color: #ff0000;\"><strong>\u2717 <\/strong><\/span>Napoje<\/p>\n<h3 data-section-id=\"gnzuxm\" data-start=\"738\" data-end=\"764\"><span role=\"text\"><strong data-start=\"742\" data-end=\"764\">Najwa\u017cniejsze atrakcje wycieczki<\/strong><\/span><\/h3>\n<p>\ud83d\udd39 Odp\u0142yni\u0119cie z Mariny Kemer na malowniczy rejs wzd\u0142u\u017c wybrze\u017ca<br data-start=\"806\" data-end=\"809\" \/>\ud83d\udd39 Przystanek na zdj\u0119cia przy Jaskini Pirat\u00f3w<br data-start=\"837\" data-end=\"840\" \/>\ud83d\udd39 P\u0142ywanie w Zatoce Phaselis (staro\u017cytne otoczenie)<br data-start=\"890\" data-end=\"893\" \/>\ud83d\udd39 Przystanek na k\u0105piel w zatoce Tekirova Teketa\u015f<br data-start=\"933\" data-end=\"936\" \/>\ud83d\udd39 Czas wolny i p\u0142ywanie w zatoce Olympos<br data-start=\"976\" data-end=\"979\" \/>\ud83d\udd39 Przerwa na p\u0142ywanie w Zatoce Porto Genoese<br data-start=\"1017\" data-end=\"1020\" \/>\ud83d\udd39 Widoki panoramiczne na Trzech Wyspach (przystanek na zdj\u0119cie)<br data-start=\"1068\" data-end=\"1071\" \/><strong>\ud83d\udd39<\/strong>Ostatni post\u00f3j na p\u0142ywanie w zatoce Alacasu z dost\u0119pem do skalistego brzegu z \u0142odzi<br data-start=\"1116\" data-end=\"1119\" \/>\ud83d\udd39 Relaksuj\u0105ca atmosfera z dala od imprezowych \u0142odzi<\/p>\n<h2 data-section-id=\"1jizkbc\" data-start=\"1172\" data-end=\"1199\"><span role=\"text\"><strong data-start=\"1176\" data-end=\"1199\">Rejs statkiem na trasie Olympos, Phaselis i Porto Genoese z Kemer<\/strong><\/span><\/h2>\n<div data-start=\"1201\" data-end=\"1421\">Tw\u00f3j dzie\u0144 rozpoczyna si\u0119 wygodnym odbiorem z hotelu w Kemer i okolicach, a nast\u0119pnie kr\u00f3tkim transferem do mariny w Kemer. O godzinie 10:00 wejdziesz na pok\u0142ad \u0142odzi i rozpoczniesz podr\u00f3\u017c wzd\u0142u\u017c osza\u0142amiaj\u0105cego wybrze\u017ca.<\/div>\n<div data-start=\"1423\" data-end=\"1530\">Nied\u0142ugo po wyp\u0142yni\u0119ciu miniesz s\u0142ynn\u0105 Jaskini\u0119 Pirat\u00f3w, gdzie \u0142\u00f3d\u017a zwolni, aby zrobi\u0107 post\u00f3j na zdj\u0119cia.<\/div>\n<div data-start=\"1532\" data-end=\"1731\">Pierwsza przerwa na p\u0142ywanie odb\u0119dzie si\u0119 w Zatoce Phaselis, otoczonej przyrod\u0105 i historycznymi krajobrazami. Nast\u0119pnie wycieczka pop\u0142ynie do Zatoki Tekirova Teketa\u015f, spokojniejszego i mniej zat\u0142oczonego miejsca, idealnego do p\u0142ywania.<\/div>\n<div data-start=\"1733\" data-end=\"1948\">Nast\u0119pnie dotrzecie do Zatoki Olympos, gdzie b\u0119dziecie mogli pop\u0142ywa\u0107 i zrelaksowa\u0107 si\u0119 w wyj\u0105tkowym, naturalnym otoczeniu. Po tym \u0142\u00f3d\u017a pop\u0142ynie do Zatoki Porto Genoese, jednej z najbardziej dziewiczych i spokojnych zatok w regionie.<\/div>\n<div data-start=\"1950\" data-end=\"2180\">W drodze powrotnej miniesz Trzy Wyspy, gdzie zatrzymamy si\u0119 na chwil\u0119, aby zrobi\u0107 zdj\u0119cie panoramiczne (p\u0142ywanie jest zabronione ze wzgl\u0119du na pr\u0105dy). Ostatnim postojem jest Zatoka Alacasu, gdzie \u0142\u00f3d\u017a cumuje blisko brzegu, umo\u017cliwiaj\u0105c go\u015bciom p\u0142ywanie i dost\u0119p do pla\u017cy.<\/div>\n<div data-start=\"2182\" data-end=\"2280\">Wycieczka ko\u0144czy si\u0119 powrotem do przystani Kemer Marina oko\u0142o godziny 17:00, a nast\u0119pnie transferem z powrotem do Twojego hotelu.<\/div>\n<h3 data-section-id=\"1e4kph\" data-start=\"2506\" data-end=\"2532\"><span role=\"text\"><strong data-start=\"2510\" data-end=\"2532\">\ud83d\uddfa\ufe0f Plan podr\u00f3\u017cy<\/strong><\/span><\/h3>\n<div data-start=\"2534\" data-end=\"3008\">\ud83d\udd39 Odbi\u00f3r z hoteli w Kemer<br data-start=\"2564\" data-end=\"2567\" \/>Transfer do przystani w Kemer<br data-start=\"2594\" data-end=\"2597\" \/>\ud83d\udd39 10:00 \u2013 Wyjazd<br data-start=\"2617\" data-end=\"2620\" \/>\ud83d\udd39 Jaskinia Pirat\u00f3w \u2013 post\u00f3j na zdj\u0119cia<br data-start=\"2647\" data-end=\"2650\" \/>\ud83d\udd39 Zatoka Phaselis \u2013 przerwa na p\u0142ywanie (30 min)<br data-start=\"2694\" data-end=\"2697\" \/>\ud83d\udd39 Zatoka Tekirova Teketa\u015f \u2013 przerwa na k\u0105piel (30 min)<br data-start=\"2749\" data-end=\"2752\" \/>\ud83d\udd39 Zatoka Olympos \u2013 p\u0142ywanie i czas wolny (45 min)<br data-start=\"2798\" data-end=\"2801\" \/>\ud83d\udd39 Zatoka Genue\u0144ska w Porto \u2013 przerwa na k\u0105piel (45 min)<br data-start=\"2847\" data-end=\"2850\" \/>\ud83d\udd39 Trzy Wyspy \u2013 panoramiczny post\u00f3j<br data-start=\"2889\" data-end=\"2892\" \/>\ud83d\udd39 Zatoka Alacasu \u2013 post\u00f3j na k\u0105piel z dost\u0119pem do kamienistego brzegu (30 min)<\/div>\n<div data-start=\"2534\" data-end=\"3008\">\ud83d\udd39 17:00 \u2013 Powr\u00f3t do Mariny Kemer<br data-start=\"2977\" data-end=\"2980\" \/>Transfer z powrotem do hoteli<\/div>\n<h3 data-section-id=\"x7plk0\" data-start=\"201\" data-end=\"230\"><span role=\"text\"><strong data-start=\"205\" data-end=\"230\">\u2139\ufe0f Przydatne informacje<\/strong><\/span><\/h3>\n<p data-start=\"232\" data-end=\"517\">\ud83d\udd39 Tour duration: approximately 7-8 hours<br data-start=\"271\" data-end=\"274\" \/>\ud83d\udd39 Godzina wyjazdu: 10:00<br data-start=\"301\" data-end=\"304\" \/>Odpowiedni dla wszystkich grup wiekowych<br data-start=\"334\" data-end=\"337\" \/>\ud83d\udd39 Zrelaksowana atmosfera z lekk\u0105 rozrywk\u0105 pok\u0142adow\u0105 i muzyk\u0105<br data-start=\"392\" data-end=\"395\" \/>\ud83d\udd39 Program wycieczki mo\u017ce ulec zmianie w zale\u017cno\u015bci od warunk\u00f3w pogodowych i morskich<br data-start=\"461\" data-end=\"464\" \/>\ud83d\udd39 \u0141\u00f3d\u017a ma zacienione miejsca i miejsca do opalania<\/p>\n<h2 dir=\"ltr\"><span style=\"color: #000000;\"><strong>Co zabra\u0107 ze sob\u0105<\/strong><\/span><\/h2>\n<p dir=\"ltr\">Str\u00f3j k\u0105pielowy i r\u0119cznik<br \/>\nOchrona przeciws\u0142oneczna i okulary przeciws\u0142oneczne<br \/>\nKapelusz lub czapka<br \/>\nWodoodporne etui na telefon lub aparat fotograficzny<br \/>\nTroch\u0119 got\u00f3wki na wydatki osobiste<\/p>\n<h3 dir=\"ltr\"><strong>Nieodpowiednie dla<\/strong><\/h3>\n<p dir=\"ltr\">Osoby podatne na ci\u0119\u017ck\u0105 chorob\u0119 morsk\u0105<br \/>\nPodr\u00f3\u017cni o ograniczonej sprawno\u015bci ruchowej<\/p>\n<h2 dir=\"ltr\"><span style=\"color: #000000;\"><strong>Cena i rezerwacja<\/strong><\/span><\/h2>\n<p dir=\"ltr\"><strong>Zarezerwuj teraz, zap\u0142a\u0107 w dniu wycieczki<\/strong><br \/>\nSkontaktuj si\u0119 z nami przez WhatsApp, Telegram, Viber lub wype\u0142nij poni\u017cszy formularz rezerwacji. \ud83d\udc47\ud83c\udffd<\/p>\n<p>Szukasz alternatyw? Przegl\u0105daj <a href=\"https:\/\/excursionsworld.com\/pl\/kemer-wycieczki\/\">wi\u0119cej wycieczek po Kemer<\/a>.<\/p>","protected":false},"excerpt":{"rendered":"<p>Wycieczka \u0142odzi\u0105 z Kemer do zatok Olympos i Porto Genoese z postojem w Faselis. Przerwy na p\u0142ywanie, lunch, transfer z hotelu w cenie. Zarezerwuj teraz, zap\u0142a\u0107 p\u00f3\u017aniej.<\/p>","protected":false},"featured_media":16802,"comment_status":"open","ping_status":"closed","template":"","meta":[],"product_brand":[],"product_cat":[124,130],"product_tag":[105],"class_list":{"0":"post-16801","1":"product","2":"type-product","3":"status-publish","4":"has-post-thumbnail","6":"tour_phys-kemer-tours","7":"tour_phys-pirate-boat-tours","8":"product_cat-kemer-tours","9":"product_cat-pirate-boat-tours","10":"product_tag-kemer","11":"pa_destination-kemer-tours","12":"pa_kategori-pirate-boat-tours","14":"first","15":"instock","16":"sale","17":"featured","18":"shipping-taxable","19":"purchasable","20":"product-type-tour_phys"},"aioseo_notices":[],"_links":{"self":[{"href":"https:\/\/excursionsworld.com\/pl\/wp-json\/wp\/v2\/product\/16801","targetHints":{"allow":["GET"]}}],"collection":[{"href":"https:\/\/excursionsworld.com\/pl\/wp-json\/wp\/v2\/product"}],"about":[{"href":"https:\/\/excursionsworld.com\/pl\/wp-json\/wp\/v2\/types\/product"}],"replies":[{"embeddable":true,"href":"https:\/\/excursionsworld.com\/pl\/wp-json\/wp\/v2\/comments?post=16801"}],"wp:featuredmedia":[{"embeddable":true,"href":"https:\/\/excursionsworld.com\/pl\/wp-json\/wp\/v2\/media\/16802"}],"wp:attachment":[{"href":"https:\/\/excursionsworld.com\/pl\/wp-json\/wp\/v2\/media?parent=16801"}],"wp:term":[{"taxonomy":"product_brand","embeddable":true,"href":"https:\/\/excursionsworld.com\/pl\/wp-json\/wp\/v2\/product_brand?post=16801"},{"taxonomy":"product_cat","embeddable":true,"href":"https:\/\/excursionsworld.com\/pl\/wp-json\/wp\/v2\/product_cat?post=16801"},{"taxonomy":"product_tag","embeddable":true,"href":"https:\/\/excursionsworld.com\/pl\/wp-json\/wp\/v2\/product_tag?post=16801"}],"curies":[{"name":"wp","href":"https:\/\/api.w.org\/{rel}","templated":true}]}}