{"id":16808,"date":"2026-04-29T20:14:38","date_gmt":"2026-04-29T17:14:38","guid":{"rendered":"https:\/\/excursionsworld.com\/?post_type=product&#038;p=16808\/"},"modified":"2026-04-29T20:30:37","modified_gmt":"2026-04-29T17:30:37","slug":"rejs-z-antalyi-olympos-phaselis-porto-genoese","status":"publish","type":"product","link":"https:\/\/excursionsworld.com\/tours\/antalya-boat-trip-olympos-porto-genoese-phaselis\/","title":{"rendered":"Rejs z Antalyi do Olympos, Phaselis i Porto Genoese"},"content":{"rendered":"<h2 dir=\"ltr\" data-pm-slice=\"1 1 []\"><span style=\"color: #000000;\"><strong>\ud83c\udff4\u200d\u2620\ufe0f Przegl\u0105d<\/strong><\/span><\/h2>\n<p dir=\"ltr\">Odkryj dziewicze wybrze\u017ce Kemer na <strong data-start=\"67\" data-end=\"132\">Rejs z Olympos &amp; Porto Genoese <a href=\"https:\/\/en.wikipedia.org\/wiki\/Antalya\">Antalya<\/a> nad Zatok\u0105 Phaselis<\/strong>. Ta ca\u0142odniowa wyprawa \u0142odzi\u0105 \u0142\u0105czy krystalicznie czyste miejsca do p\u0142ywania, dziewicz\u0105 przyrod\u0119 i malownicze \u015br\u00f3dziemnomorskie widoki. Zaczynaj\u0105c od komfortowego transferu z Antalyi, jest to idealna ucieczka dla podr\u00f3\u017cnych, kt\u00f3rzy chc\u0105 sp\u0119dzi\u0107 relaksuj\u0105cy, a zarazem niezapomniany dzie\u0144 na morzu.<\/p>\n<h3><strong>W zestawie:<\/strong><\/h3>\n<div dir=\"ltr\"><strong><span style=\"color: #00ff00;\">\u2713<\/span><\/strong> Odbi\u00f3r i dow\u00f3z do hotelu<\/div>\n<div dir=\"ltr\"><strong><span style=\"color: #00ff00;\">\u2713 <\/span><\/strong>Wycieczka \u0142odzi\u0105 wzd\u0142u\u017c wybrze\u017ca Kemer<br \/>\n<strong><span style=\"color: #00ff00;\">\u2713 <\/span><\/strong>Ubezpieczenie<br \/>\n<strong><span style=\"color: #00ff00;\">\u2713 <\/span><\/strong>Przewodnik<br \/>\n<strong><span style=\"color: #00ff00;\">\u2713 <\/span><\/strong>Lunch<\/div>\n<h3 dir=\"ltr\">Nie zawiera:<\/h3>\n<p dir=\"ltr\"><span style=\"color: #ff0000;\"><strong>\u2717 <\/strong><\/span>Zdj\u0119cia i filmy<br \/>\n<span style=\"color: #ff0000;\"><strong>\u2717 <\/strong><\/span>Napoje<\/p>\n<h3 data-section-id=\"gnzuxm\" data-start=\"738\" data-end=\"764\"><span role=\"text\"><strong data-start=\"742\" data-end=\"764\">Najwa\u017cniejsze atrakcje wycieczki<\/strong><\/span><\/h3>\n<p>\ud83d\udd39 Wygodny transfer z Antalyi do Kemer Marina<br data-start=\"661\" data-end=\"664\" \/>\ud83d\udd39 Malownicza rejs wzd\u0142u\u017c wybrze\u017ca Morza \u015ar\u00f3dziemnego<br data-start=\"714\" data-end=\"717\" \/>\ud83d\udd39 Post\u00f3j na zdj\u0119cia przy s\u0142ynnej Jaskini Pirat\u00f3w<br data-start=\"756\" data-end=\"759\" \/>\ud83d\udd39 Przerwa na p\u0142ywanie w Zatoce Phaselis otoczonej staro\u017cytnymi ruinami<br data-start=\"820\" data-end=\"823\" \/>\ud83d\udd39 Post\u00f3j na p\u0142ywanie w zatoce Tekirova Teketa\u015f<br data-start=\"859\" data-end=\"862\" \/>\ud83d\udd39 Czas wolny i p\u0142ywanie w zatoce Olympos<br data-start=\"902\" data-end=\"905\" \/>\ud83d\udd39 Relaksuj\u0105ca k\u0105piel w Zatoce Porto Genoese<br data-start=\"942\" data-end=\"945\" \/>\ud83d\udd39 Panoramiczne zdj\u0119cie z postoju przy Trzech Wyspach<br data-start=\"989\" data-end=\"992\" \/>\ud83d\udd39 Ostatni przystanek na p\u0142ywanie w zatoce Alacasu z dost\u0119pem do skalistego wybrze\u017ca<\/p>\n<h2 data-section-id=\"1jizkbc\" data-start=\"1172\" data-end=\"1199\"><span role=\"text\"><strong data-start=\"1176\" data-end=\"1199\">Rejs statkiem na trasie Olympos, Phaselis i Porto Genoese z Kemer<\/strong><\/span><\/h2>\n<div data-start=\"1127\" data-end=\"1372\">Tw\u00f3j dzie\u0144 rozpoczyna si\u0119 wczesnym odbiorem z hotelu w Antalyi i komfortowym transferem do przystani Kemer. Po przybyciu wejdziesz na pok\u0142ad \u0142odzi i wyruszysz o 10:00 rano w malownicz\u0105 podr\u00f3\u017c wzd\u0142u\u017c wybrze\u017ca.<\/div>\n<div data-start=\"1374\" data-end=\"1598\">Nied\u0142ugo po wyp\u0142yni\u0119ciu miniesz charakterystyczn\u0105 Jaskini\u0119 Pirat\u00f3w, gdzie \u0142\u00f3d\u017a zwolni, daj\u0105c Ci kr\u00f3tk\u0105 mo\u017cliwo\u015b\u0107 zrobienia zdj\u0119\u0107. Pierwszy post\u00f3j na k\u0105piel odb\u0119dzie si\u0119 w Zatoce Phaselis, unikalnym miejscu, gdzie turkusowe wody spotykaj\u0105 si\u0119 z antyczn\u0105 histori\u0105.<\/div>\n<div data-start=\"1600\" data-end=\"1789\">Rejs trwa dalej do Zatoki Tekirova Teketa\u015f, znanej z spokojnej atmosfery i czystych w\u00f3d. Nast\u0119pnie udasz si\u0119 do Zatoki Olympos, kt\u00f3ra oferuje czas wolny na p\u0142ywanie i relaks w otoczeniu natury.<\/div>\n<div data-start=\"1791\" data-end=\"2035\">Nast\u0119pnie zapraszamy na orze\u017awiaj\u0105c\u0105 k\u0105piel w Zatoce Porto Genoese, jednym z najbardziej dziewiczych i spokojnych miejsc na wybrze\u017cu. Na trasie powrotnej \u0142\u00f3d\u017a przep\u0142ywa obok Trzech Wysp, gdzie b\u0119dzie okazja do zrobienia panoramicznego zdj\u0119cia (k\u0105piel jest niedozwolona ze wzgl\u0119du na pr\u0105dy morskie).<\/div>\n<div data-start=\"2037\" data-end=\"2183\">Ostatni przystanek to zatoka Alacasu, gdzie \u0142\u00f3d\u017a kotwiczy blisko skalistego brzegu, daj\u0105c go\u015bciom mo\u017cliwo\u015b\u0107 p\u0142ywania i zej\u015bcia na l\u0105d.<\/div>\n<div data-start=\"2185\" data-end=\"2283\">\u0141\u00f3d\u017a wraca do Mariny Kemer oko\u0142o godziny 17:00, po czym nast\u0119puje transfer z powrotem do hotelu w Antalyi.<\/div>\n<h3 data-section-id=\"1e4kph\" data-start=\"2506\" data-end=\"2532\"><span role=\"text\"><strong data-start=\"2510\" data-end=\"2532\">\ud83d\uddfa\ufe0f Plan podr\u00f3\u017cy<\/strong><\/span><\/h3>\n<div data-start=\"2534\" data-end=\"3008\">Odbi\u00f3r z hoteli w Antalyi<br data-start=\"2346\" data-end=\"2349\" \/>Transfer do przystani w Kemer<br data-start=\"2376\" data-end=\"2379\" \/>\ud83d\udd39 10:00 \u2013 Wyjazd<br data-start=\"2399\" data-end=\"2402\" \/>\ud83d\udd39 Jaskinia Pirat\u00f3w \u2013 post\u00f3j na zdj\u0119cia<br data-start=\"2429\" data-end=\"2432\" \/>\ud83d\udd39 Zatoka Phaselis \u2013 przerwa na p\u0142ywanie (30 min)<br data-start=\"2473\" data-end=\"2476\" \/>\ud83d\udd39 Zatoka Tekirova Teketa\u015f \u2013 przerwa na k\u0105piel (30 min)<br data-start=\"2525\" data-end=\"2528\" \/>\ud83d\udd39 Zatoka Olympos \u2013 p\u0142ywanie i czas wolny (45 min)<br data-start=\"2574\" data-end=\"2577\" \/>\ud83d\udd39 Zatoka Genue\u0144ska w Porto \u2013 przerwa na k\u0105piel (45 min)<br data-start=\"2623\" data-end=\"2626\" \/>\ud83d\udd39 Trzy Wyspy \u2013 panoramiczny post\u00f3j<br data-start=\"2665\" data-end=\"2668\" \/>\ud83d\udd39 Zatoka Alacasu \u2013 post\u00f3j na k\u0105piel z dost\u0119pem do kamienistego brzegu (30 min)<br data-start=\"2731\" data-end=\"2734\" \/>\ud83d\udd39 17:00 \u2013 Powr\u00f3t do Mariny Kemer<br data-start=\"2767\" data-end=\"2770\" \/>\ud83d\udd39 Transfer powrotny do hoteli w Antalyi<\/div>\n<h3 data-section-id=\"x7plk0\" data-start=\"201\" data-end=\"230\"><span role=\"text\"><strong data-start=\"205\" data-end=\"230\">\u2139\ufe0f Przydatne informacje<\/strong><\/span><\/h3>\n<p data-start=\"232\" data-end=\"517\">\ud83d\udd39 Czas trwania wycieczki: oko\u0142o 7-8 godzin (wraz z transferami)<br data-start=\"2904\" data-end=\"2907\" \/>\ud83d\udd39 Godzina wyp\u0142yni\u0119cia \u0142odzi: 10:00<br data-start=\"2939\" data-end=\"2942\" \/>Odpowiedni dla wszystkich grup wiekowych<br data-start=\"2972\" data-end=\"2975\" \/>\ud83d\udd39 Relaksuj\u0105ca atmosfera z lekk\u0105 muzyk\u0105 i \u0142agodn\u0105 rozrywk\u0105<br data-start=\"3036\" data-end=\"3039\" \/>\ud83d\udd39 Plan wycieczki mo\u017ce ulec zmianie w zale\u017cno\u015bci od warunk\u00f3w pogodowych i morskich<br data-start=\"3102\" data-end=\"3105\" \/>\ud83d\udd39 \u0141\u00f3d\u017a posiada zacienione miejsca i pok\u0142ady do opalania<\/p>\n<h2 dir=\"ltr\"><span style=\"color: #000000;\"><strong>Co zabra\u0107 ze sob\u0105<\/strong><\/span><\/h2>\n<p dir=\"ltr\">Str\u00f3j k\u0105pielowy i r\u0119cznik<br \/>\nOchrona przeciws\u0142oneczna i okulary przeciws\u0142oneczne<br \/>\nKapelusz lub czapka<br \/>\nWodoodporne etui na telefon lub aparat fotograficzny<br \/>\nTroch\u0119 got\u00f3wki na wydatki osobiste<\/p>\n<h3 dir=\"ltr\"><strong>Nieodpowiednie dla<\/strong><\/h3>\n<p dir=\"ltr\">Osoby podatne na ci\u0119\u017ck\u0105 chorob\u0119 morsk\u0105<br \/>\nPodr\u00f3\u017cni o ograniczonej sprawno\u015bci ruchowej<\/p>\n<h2 dir=\"ltr\"><span style=\"color: #000000;\"><strong>Cena i rezerwacja<\/strong><\/span><\/h2>\n<p dir=\"ltr\"><strong>Zarezerwuj teraz, zap\u0142a\u0107 w dniu wycieczki<\/strong><br \/>\nSkontaktuj si\u0119 z nami przez WhatsApp, Telegram, Viber lub wype\u0142nij poni\u017cszy formularz rezerwacji. \ud83d\udc47\ud83c\udffd<\/p>\n<p>Szukasz alternatyw? <a href=\"https:\/\/excursionsworld.com\/pl\/antalya-wycieczki\/\">Przegl\u0105daj wi\u0119cej wycieczek po Antalyi.<\/a><\/p>","protected":false},"excerpt":{"rendered":"<p>Rejs statkiem z Antalyi do Olympos, Phaselis i Porto Genoese. P\u0142ywaj w krystalicznych zatokach, zjedz lunch na pok\u0142adzie, transfer do hotelu w cenie. Zarezerwuj teraz.<\/p>","protected":false},"featured_media":16802,"comment_status":"open","ping_status":"closed","template":"","meta":[],"product_brand":[],"product_cat":[125],"product_tag":[107],"class_list":{"0":"post-16808","1":"product","2":"type-product","3":"status-publish","4":"has-post-thumbnail","6":"tour_phys-antalya-tours","7":"tour_phys-pirate-boat-tours","8":"product_cat-antalya-tours","9":"product_tag-antalya","10":"pa_destination-antalya-tours","11":"pa_kategori-pirate-boat-tours","13":"first","14":"instock","15":"sale","16":"featured","17":"shipping-taxable","18":"purchasable","19":"product-type-tour_phys"},"aioseo_notices":[],"_links":{"self":[{"href":"https:\/\/excursionsworld.com\/pl\/wp-json\/wp\/v2\/product\/16808","targetHints":{"allow":["GET"]}}],"collection":[{"href":"https:\/\/excursionsworld.com\/pl\/wp-json\/wp\/v2\/product"}],"about":[{"href":"https:\/\/excursionsworld.com\/pl\/wp-json\/wp\/v2\/types\/product"}],"replies":[{"embeddable":true,"href":"https:\/\/excursionsworld.com\/pl\/wp-json\/wp\/v2\/comments?post=16808"}],"wp:featuredmedia":[{"embeddable":true,"href":"https:\/\/excursionsworld.com\/pl\/wp-json\/wp\/v2\/media\/16802"}],"wp:attachment":[{"href":"https:\/\/excursionsworld.com\/pl\/wp-json\/wp\/v2\/media?parent=16808"}],"wp:term":[{"taxonomy":"product_brand","embeddable":true,"href":"https:\/\/excursionsworld.com\/pl\/wp-json\/wp\/v2\/product_brand?post=16808"},{"taxonomy":"product_cat","embeddable":true,"href":"https:\/\/excursionsworld.com\/pl\/wp-json\/wp\/v2\/product_cat?post=16808"},{"taxonomy":"product_tag","embeddable":true,"href":"https:\/\/excursionsworld.com\/pl\/wp-json\/wp\/v2\/product_tag?post=16808"}],"curies":[{"name":"wp","href":"https:\/\/api.w.org\/{rel}","templated":true}]}}