{"id":11127,"date":"2024-09-19T06:08:56","date_gmt":"2024-09-19T02:08:56","guid":{"rendered":"https:\/\/travelwp.physcode.com\/main-demo\/?page_id=11127"},"modified":"2026-02-27T19:55:16","modified_gmt":"2026-02-27T16:55:16","slug":"kontakty","status":"publish","type":"page","link":"https:\/\/excursionsworld.com\/ru\/contact-us\/","title":{"rendered":"\u0421\u0432\u044f\u0437\u0430\u0442\u044c\u0441\u044f \u0441"},"content":{"rendered":"<div data-elementor-type=\"wp-page\" data-elementor-id=\"11127\" class=\"elementor elementor-11127\">\n\t\t\t\t<div class=\"elementor-element elementor-element-697229d e-flex e-con-boxed e-con e-parent\" data-id=\"697229d\" data-element_type=\"container\" data-e-type=\"container\">\n\t\t\t\t\t<div class=\"e-con-inner\">\n\t\t\t\t<div class=\"elementor-element elementor-element-b9d17b9 elementor-widget elementor-widget-thim-ekits-breadcrumb\" data-id=\"b9d17b9\" data-element_type=\"widget\" data-e-type=\"widget\" data-widget_type=\"thim-ekits-breadcrumb.default\">\n\t\t\t\t<div class=\"elementor-widget-container\">\n\t\t\t\t\t\n\t\t\t<div class=\"thim-ekit-breadcrumb\">\n\n\t\t\t\t\u0413\u043b\u0430\u0432\u043d\u0430\u044f\n\t\t\t<\/div>\n\n\t\t\t\t\t\t\t<\/div>\n\t\t\t\t<\/div>\n\t\t\t\t<div class=\"elementor-element elementor-element-6df3877 elementor-widget__width-initial elementor-widget elementor-widget-thim-ekits-heading\" data-id=\"6df3877\" data-element_type=\"widget\" data-e-type=\"widget\" data-widget_type=\"thim-ekits-heading.default\">\n\t\t\t\t<div class=\"elementor-widget-container\">\n\t\t\t\t\t<div class=\"thim-ekits-heading thim-ekit__heading\"><h3 class=\"title\">\u041a\u043e\u043d\u0442\u0430\u043a\u0442\u044b<\/h3><h5 class=\"sub-heading\">\u0421\u0432\u044f\u0437\u0430\u0442\u044c\u0441\u044f \u0441 \u043d\u0430\u043c\u0438 \u043e\u0447\u0435\u043d\u044c \u043f\u0440\u043e\u0441\u0442\u043e!<\/h5><\/div>\t\t\t\t<\/div>\n\t\t\t\t<\/div>\n\t\t\t\t\t<\/div>\n\t\t\t\t<\/div>\n\t\t<div class=\"elementor-element elementor-element-596726c e-flex e-con-boxed e-con e-parent\" data-id=\"596726c\" data-element_type=\"container\" data-e-type=\"container\">\n\t\t\t\t\t<div class=\"e-con-inner\">\n\t\t<div class=\"elementor-element elementor-element-d4fdcab e-con-full e-flex e-con e-child\" data-id=\"d4fdcab\" data-element_type=\"container\" data-e-type=\"container\" data-settings=\"{&quot;background_background&quot;:&quot;classic&quot;}\">\n\t\t<div class=\"elementor-element elementor-element-1bd8d61 e-con-full e-flex e-con e-child\" data-id=\"1bd8d61\" data-element_type=\"container\" data-e-type=\"container\">\n\t\t\t\t<div class=\"elementor-element elementor-element-a08143a elementor-widget__width-initial elementor-widget elementor-widget-thim-ekits-heading\" data-id=\"a08143a\" data-element_type=\"widget\" data-e-type=\"widget\" data-widget_type=\"thim-ekits-heading.default\">\n\t\t\t\t<div class=\"elementor-widget-container\">\n\t\t\t\t\t<div class=\"thim-ekits-heading thim-ekit__heading\"><h3 class=\"title\">\u0421\u0432\u044f\u0437\u0430\u0442\u044c\u0441\u044f \u0441 \u043d\u0430\u043c\u0438 \u043e\u0447\u0435\u043d\u044c \u043f\u0440\u043e\u0441\u0442\u043e!<\/h3>\t\t\t<div class='desc'>\n\t\t\t\t<p>\u0417\u0430\u043f\u043e\u043b\u043d\u0438\u0442\u0435 \u0444\u043e\u0440\u043c\u0443 \u043d\u0438\u0436\u0435 \u0438\u043b\u0438 \u043d\u0430\u043f\u0438\u0448\u0438\u0442\u0435 \u043d\u0430\u043c \u043f\u0440\u044f\u043c\u043e \u0432 WhatsApp. \u041c\u044b \u0441\u0432\u044f\u0436\u0435\u043c\u0441\u044f \u0441 \u0432\u0430\u043c\u0438 \u0432 \u0431\u043b\u0438\u0436\u0430\u0439\u0448\u0435\u0435 \u0432\u0440\u0435\u043c\u044f.<\/p>\t\t\t<\/div>\n\t\t<\/div>\t\t\t\t<\/div>\n\t\t\t\t<\/div>\n\t\t\t\t<\/div>\n\t\t<div class=\"elementor-element elementor-element-62de8ba e-con-full e-flex e-con e-child\" data-id=\"62de8ba\" data-element_type=\"container\" data-e-type=\"container\">\n\t\t\t\t<div class=\"elementor-element elementor-element-48abbf2 elementor-widget elementor-widget-thim-ekits-contact-form-7\" data-id=\"48abbf2\" data-element_type=\"widget\" data-e-type=\"widget\" data-widget_type=\"thim-ekits-contact-form-7.default\">\n\t\t\t\t<div class=\"elementor-widget-container\">\n\t\t\t\t\t\t\t\t<div class=\"thim-ekit-wpcf7\">\n\t\t\t\t\n<div class=\"wpcf7 no-js\" id=\"wpcf7-f2988-o1\" lang=\"en-US\" dir=\"ltr\" data-wpcf7-id=\"2988\">\n<div class=\"screen-reader-response\"><p role=\"status\" aria-live=\"polite\" aria-atomic=\"true\"><\/p> <ul><\/ul><\/div>\n<form action=\"\/ru\/wp-json\/wp\/v2\/pages\/11127#wpcf7-f2988-o1\" method=\"post\" class=\"wpcf7-form init\" aria-label=\"Contact form\" novalidate=\"novalidate\" data-status=\"init\" data-trp-original-action=\"\/ru\/wp-json\/wp\/v2\/pages\/11127#wpcf7-f2988-o1\">\n<fieldset class=\"hidden-fields-container\"><input type=\"hidden\" name=\"_wpcf7\" value=\"2988\" \/><input type=\"hidden\" name=\"_wpcf7_version\" value=\"6.1.5\" \/><input type=\"hidden\" name=\"_wpcf7_locale\" value=\"en_US\" \/><input type=\"hidden\" name=\"_wpcf7_unit_tag\" value=\"wpcf7-f2988-o1\" \/><input type=\"hidden\" name=\"_wpcf7_container_post\" value=\"0\" \/><input type=\"hidden\" name=\"_wpcf7_posted_data_hash\" value=\"\" \/><input type=\"hidden\" name=\"_wpcf7_recaptcha_response\" value=\"\" \/>\n<\/fieldset>\n<div class=\"form-contact-wp\">\n  <div class=\"field-form\">\n    <label for=\"name-cr\">\u0418\u043c\u044f<\/label>\n    <span class=\"wpcf7-form-control-wrap\" data-name=\"name-345\"><input size=\"40\" maxlength=\"400\" class=\"wpcf7-form-control wpcf7-text wpcf7-validates-as-required\" id=\"name-cr\" aria-required=\"true\" aria-invalid=\"false\" placeholder=\"\u0412\u0430\u0448\u0435 \u0438\u043c\u044f\" value=\"\" type=\"text\" name=\"name-345\" \/><\/span>\n  <\/div>\n  <div class=\"field-form\">\n    <label for=\"phone-cr\">\u0422\u0435\u043b\u0435\u0444\u043e\u043d<\/label>\n    <span class=\"wpcf7-form-control-wrap\" data-name=\"phone-345\"><input size=\"40\" maxlength=\"400\" class=\"wpcf7-form-control wpcf7-tel wpcf7-validates-as-required wpcf7-text wpcf7-validates-as-tel\" id=\"phone-cr\" aria-required=\"true\" aria-invalid=\"false\" placeholder=\"\u0412\u0430\u0448 \u043d\u043e\u043c\u0435\u0440 \u0442\u0435\u043b\u0435\u0444\u043e\u043d\u0430\" value=\"\" type=\"tel\" name=\"phone-345\" \/><\/span>\n  <\/div>\n  <div class=\"field-form\">\n    <label for=\"email-cr\">\u042d\u043b\u0435\u043a\u0442\u0440\u043e\u043d\u043d\u0430\u044f \u043f\u043e\u0447\u0442\u0430<\/label>\n    <span class=\"wpcf7-form-control-wrap\" data-name=\"email-567\"><input size=\"40\" maxlength=\"400\" class=\"wpcf7-form-control wpcf7-email wpcf7-validates-as-required wpcf7-text wpcf7-validates-as-email\" id=\"email-cr\" aria-required=\"true\" aria-invalid=\"false\" placeholder=\"hello@example.com\" value=\"\" type=\"email\" name=\"email-567\" \/><\/span>\n  <\/div>\n  <div class=\"field-form\">\n    <label for=\"textarea-cr\">\u0427\u0435\u043c \u043c\u044b \u043c\u043e\u0436\u0435\u043c \u043f\u043e\u043c\u043e\u0447\u044c?<\/label>\n    <span class=\"wpcf7-form-control-wrap\" data-name=\"textarea-886\"><textarea cols=\"40\" rows=\"10\" maxlength=\"2000\" class=\"wpcf7-form-control wpcf7-textarea wpcf7-validates-as-required\" id=\"textarea-cr\" aria-required=\"true\" aria-invalid=\"false\" placeholder=\"\u0420\u0430\u0441\u0441\u043a\u0430\u0436\u0438\u0442\u0435 \u043d\u0430\u043c \u043d\u0435\u043c\u043d\u043e\u0433\u043e \u043e \u0441\u0432\u043e\u0435\u0439 \u043c\u0435\u0447\u0442\u0435 \u043e \u043f\u0443\u0442\u0435\u0448\u0435\u0441\u0442\u0432\u0438\u0438\" name=\"textarea-886\"><\/textarea><\/span>\n  <\/div>\n  <input class=\"wpcf7-form-control wpcf7-submit has-spinner bt-send-contact\" type=\"submit\" value=\"\u041e\u0442\u043f\u0440\u0430\u0432\u0438\u0442\u044c\" \/>\n<\/div><div class=\"wpcf7-response-output\" aria-hidden=\"true\"><\/div>\n<input type=\"hidden\" name=\"trp-form-language\" value=\"ru\"\/><\/form>\n<\/div>\n\t\t\t<\/div>\n\t\t\t\t\t\t<\/div>\n\t\t\t\t<\/div>\n\t\t\t\t<\/div>\n\t\t\t\t<\/div>\n\t\t\t\t\t<\/div>\n\t\t\t\t<\/div>\n\t\t<div class=\"elementor-element elementor-element-2a841a2 e-flex e-con-boxed e-con e-parent\" data-id=\"2a841a2\" data-element_type=\"container\" data-e-type=\"container\">\n\t\t\t\t\t<div class=\"e-con-inner\">\n\t\t<div class=\"elementor-element elementor-element-fdbb200 e-con-full e-flex e-con e-child\" data-id=\"fdbb200\" data-element_type=\"container\" data-e-type=\"container\">\n\t\t\t\t<div class=\"elementor-element elementor-element-a9f33cf elementor-widget elementor-widget-google_maps\" data-id=\"a9f33cf\" data-element_type=\"widget\" data-e-type=\"widget\" data-widget_type=\"google_maps.default\">\n\t\t\t\t<div class=\"elementor-widget-container\">\n\t\t\t\t\t\t\t<div class=\"elementor-custom-embed\">\n\t\t\t<iframe loading=\"lazy\"\n\t\t\t\t\tsrc=\"https:\/\/maps.google.com\/maps?q=Kemer&#038;t=m&#038;z=11&#038;output=embed&#038;iwloc=near\"\n\t\t\t\t\ttitle=\"\u041a\u0435\u043c\u0435\u0440\"\n\t\t\t\t\taria-label=\"\u041a\u0435\u043c\u0435\u0440\"\n\t\t\t><\/iframe>\n\t\t<\/div>\n\t\t\t\t\t\t<\/div>\n\t\t\t\t<\/div>\n\t\t\t\t<\/div>\n\t\t<div class=\"elementor-element elementor-element-db788a1 e-con-full e-flex e-con e-child\" data-id=\"db788a1\" data-element_type=\"container\" data-e-type=\"container\">\n\t\t\t\t<div class=\"elementor-element elementor-element-645329d elementor-widget elementor-widget-thim-ekits-heading\" data-id=\"645329d\" data-element_type=\"widget\" data-e-type=\"widget\" data-widget_type=\"thim-ekits-heading.default\">\n\t\t\t\t<div class=\"elementor-widget-container\">\n\t\t\t\t\t<div class=\"thim-ekits-heading thim-ekit__heading\"><h4 class=\"title\">\u042d\u043a\u0441\u043a\u0443\u0440\u0441\u0438\u043e\u043d\u043d\u044b\u0439 \u043c\u0438\u0440<\/h4>\t\t\t<div class='desc'>\n\t\t\t\t<ul><li><strong>\u0410\u0434\u0440\u0435\u0441\u0430: <\/strong>\u041c\u0435\u0440\u043a\u0435\u0437 \u041c\u0430\u0445. Atat\u00fcrk Cad. No:3 Ginza Travel \u0130\u015f Han\u0131, \u041a\u0435\u043c\u0435\u0440\/\u0410\u043d\u0442\u0430\u043b\u0438\u044f<\/li><li><strong>\u0422\u0435\u043b\u0435\u0444\u043e\u043d:\u00a0 <\/strong>+90 535 768 09 78<\/li><li><strong>E-mail:<\/strong>\u00a0 info@excursionsworld.com<\/li><\/ul>\t\t\t<\/div>\n\t\t<\/div>\t\t\t\t<\/div>\n\t\t\t\t<\/div>\n\t\t\t\t<div class=\"elementor-element elementor-element-8925888 e-grid-align-left elementor-shape-rounded elementor-grid-0 elementor-widget elementor-widget-social-icons\" data-id=\"8925888\" data-element_type=\"widget\" data-e-type=\"widget\" data-widget_type=\"social-icons.default\">\n\t\t\t\t<div class=\"elementor-widget-container\">\n\t\t\t\t\t\t\t<div class=\"elementor-social-icons-wrapper elementor-grid\" role=\"list\">\n\t\t\t\t\t\t\t<span class=\"elementor-grid-item\" role=\"listitem\">\n\t\t\t\t\t<a class=\"elementor-icon elementor-social-icon elementor-social-icon-facebook elementor-repeater-item-08cf00c\" href=\"#\" target=\"_blank\">\n\t\t\t\t\t\t<span class=\"elementor-screen-only\">Facebook<\/span>\n\t\t\t\t\t\t<i aria-hidden=\"true\" class=\"fab fa-facebook\"><\/i>\t\t\t\t\t<\/a>\n\t\t\t\t<\/span>\n\t\t\t\t\t\t\t<span class=\"elementor-grid-item\" role=\"listitem\">\n\t\t\t\t\t<a class=\"elementor-icon elementor-social-icon elementor-social-icon-instagram elementor-repeater-item-a390102\" href=\"#\" target=\"_blank\">\n\t\t\t\t\t\t<span class=\"elementor-screen-only\">Instagram<\/span>\n\t\t\t\t\t\t<i aria-hidden=\"true\" class=\"fab fa-instagram\"><\/i>\t\t\t\t\t<\/a>\n\t\t\t\t<\/span>\n\t\t\t\t\t\t\t<span class=\"elementor-grid-item\" role=\"listitem\">\n\t\t\t\t\t<a class=\"elementor-icon elementor-social-icon elementor-social-icon-x-twitter elementor-repeater-item-4169bb8\" href=\"#\" target=\"_blank\">\n\t\t\t\t\t\t<span class=\"elementor-screen-only\">X-twitter<\/span>\n\t\t\t\t\t\t<i aria-hidden=\"true\" class=\"fab fa-x-twitter\"><\/i>\t\t\t\t\t<\/a>\n\t\t\t\t<\/span>\n\t\t\t\t\t<\/div>\n\t\t\t\t\t\t<\/div>\n\t\t\t\t<\/div>\n\t\t\t\t<div class=\"elementor-element elementor-element-b62ee76 elementor-widget elementor-widget-text-editor\" data-id=\"b62ee76\" data-element_type=\"widget\" data-e-type=\"widget\" data-widget_type=\"text-editor.default\">\n\t\t\t\t<div class=\"elementor-widget-container\">\n\t\t\t\t\t\t\t\t\t<p>\u041d\u0435\u0437\u0430\u0431\u044b\u0432\u0430\u0435\u043c\u044b\u0439 \u043e\u0442\u0434\u044b\u0445 \u0436\u0434\u0435\u0442 \u0432\u0430\u0441 \u0432 \u0436\u0435\u043c\u0447\u0443\u0436\u0438\u043d\u0435 \u0410\u043d\u0442\u0430\u043b\u0438\u0438 - \u041a\u0435\u043c\u0435\u0440\u0435!<br \/>\u041f\u043e\u0433\u0440\u0443\u0437\u0438\u0442\u0435\u0441\u044c \u0432 \u0443\u043d\u0438\u043a\u0430\u043b\u044c\u043d\u043e\u0435 \u043f\u0443\u0442\u0435\u0448\u0435\u0441\u0442\u0432\u0438\u0435, \u043d\u0430\u043f\u043e\u043b\u043d\u0435\u043d\u043d\u043e\u0435 \u043c\u043e\u0440\u0435\u043c, \u0441\u043e\u043b\u043d\u0446\u0435\u043c \u0438 \u043f\u0440\u0438\u0440\u043e\u0434\u043e\u0439.<br \/>\u0421\u0432\u044f\u0436\u0438\u0442\u0435\u0441\u044c \u0441 \u043d\u0430\u043c\u0438, \u0447\u0442\u043e\u0431\u044b \u043f\u043e\u043b\u0443\u0447\u0438\u0442\u044c \u0438\u043d\u0444\u043e\u0440\u043c\u0430\u0446\u0438\u044e \u043e \u043d\u0430\u0448\u0438\u0445 \u0442\u0443\u0440\u0430\u0445 \u0438 \u0443\u0441\u043b\u0443\u0433\u0430\u0445 - \u043c\u044b \u0432\u0441\u0435\u0433\u0434\u0430 \u0433\u043e\u0442\u043e\u0432\u044b \u043f\u043e\u043c\u043e\u0447\u044c \u0432\u0430\u043c!<\/p>\t\t\t\t\t\t\t\t<\/div>\n\t\t\t\t<\/div>\n\t\t\t\t<\/div>\n\t\t\t\t\t<\/div>\n\t\t\t\t<\/div>\n\t\t\t\t<\/div>","protected":false},"excerpt":{"rendered":"<p>\u0413\u043b\u0430\u0432\u043d\u0430\u044f<br \/>\n\u041a\u043e\u043d\u0442\u0430\u043a\u0442\u044b<br \/>\n\u0421\u0432\u044f\u0437\u0430\u0442\u044c\u0441\u044f \u0441 \u043d\u0430\u043c\u0438 \u043e\u0447\u0435\u043d\u044c \u043f\u0440\u043e\u0441\u0442\u043e!<br \/>\n\u0421\u0432\u044f\u0437\u0430\u0442\u044c\u0441\u044f \u0441 \u043d\u0430\u043c\u0438 \u043e\u0447\u0435\u043d\u044c \u043f\u0440\u043e\u0441\u0442\u043e!<br \/>\n\u0417\u0430\u043f\u043e\u043b\u043d\u0438\u0442\u0435 \u0444\u043e\u0440\u043c\u0443 \u043d\u0438\u0436\u0435 \u0438\u043b\u0438 \u043d\u0430\u043f\u0438\u0448\u0438\u0442\u0435 \u043d\u0430\u043c \u043f\u0440\u044f\u043c\u043e \u0432 WhatsApp. \u041c\u044b \u0441\u0432\u044f\u0436\u0435\u043c\u0441\u044f \u0441 \u0432\u0430\u043c\u0438 \u0432 \u0431\u043b\u0438\u0436\u0430\u0439\u0448\u0435\u0435 \u0432\u0440\u0435\u043c\u044f.<br \n<\/p>","protected":false},"author":1,"featured_media":0,"parent":0,"menu_order":0,"comment_status":"closed","ping_status":"closed","template":"elementor_header_footer","meta":{"footnotes":""},"class_list":["post-11127","page","type-page","status-publish","hentry"],"aioseo_notices":[],"_links":{"self":[{"href":"https:\/\/excursionsworld.com\/ru\/wp-json\/wp\/v2\/pages\/11127","targetHints":{"allow":["GET"]}}],"collection":[{"href":"https:\/\/excursionsworld.com\/ru\/wp-json\/wp\/v2\/pages"}],"about":[{"href":"https:\/\/excursionsworld.com\/ru\/wp-json\/wp\/v2\/types\/page"}],"author":[{"embeddable":true,"href":"https:\/\/excursionsworld.com\/ru\/wp-json\/wp\/v2\/users\/1"}],"replies":[{"embeddable":true,"href":"https:\/\/excursionsworld.com\/ru\/wp-json\/wp\/v2\/comments?post=11127"}],"version-history":[{"count":0,"href":"https:\/\/excursionsworld.com\/ru\/wp-json\/wp\/v2\/pages\/11127\/revisions"}],"wp:attachment":[{"href":"https:\/\/excursionsworld.com\/ru\/wp-json\/wp\/v2\/media?parent=11127"}],"curies":[{"name":"wp","href":"https:\/\/api.w.org\/{rel}","templated":true}]}}