{"id":16522,"date":"2026-02-27T19:24:17","date_gmt":"2026-02-27T16:24:17","guid":{"rendered":"https:\/\/excursionsworld.com\/?page_id=16522"},"modified":"2026-02-27T22:39:08","modified_gmt":"2026-02-27T19:39:08","slug":"o-nas","status":"publish","type":"page","link":"https:\/\/excursionsworld.com\/ru\/about-us\/","title":{"rendered":"\u041e \u043d\u0430\u0441"},"content":{"rendered":"<div data-elementor-type=\"wp-page\" data-elementor-id=\"16522\" class=\"elementor elementor-16522\">\n\t\t\t\t<div class=\"elementor-element elementor-element-cce95a4 e-flex e-con-boxed e-con e-parent\" data-id=\"cce95a4\" data-element_type=\"container\" data-e-type=\"container\">\n\t\t\t\t\t<div class=\"e-con-inner\">\n\t\t\t\t<div class=\"elementor-element elementor-element-f8692a1 elementor-widget elementor-widget-text-editor\" data-id=\"f8692a1\" data-element_type=\"widget\" data-e-type=\"widget\" data-widget_type=\"text-editor.default\">\n\t\t\t\t<div class=\"elementor-widget-container\">\n\t\t\t\t\t\t\t\t\t<style>\n    \/* Ana kapsay\u0131c\u0131 ve d\u0131\u015f bo\u015fluk s\u0131f\u0131rlama *\/\n    .about-main-wrapper {\n        font-family: 'Segoe UI', Roboto, sans-serif;\n        color: #333;\n        line-height: 1.6;\n        width: 100%;\n        margin-top: -45px !important; \/* Ba\u015fl\u0131\u011fa tam yana\u015fmas\u0131 i\u00e7in *\/\n        padding: 0;\n    }\n\n    .container-inner {\n        width: 100%;\n        max-width: 1200px;\n        margin: 0 auto;\n        padding: 0;\n    }\n\n    \/* Our Story Metni - Tam Geni\u015flik *\/\n    .intro-block {\n        padding: 0 10px;\n        text-align: center;\n        margin-bottom: 25px;\n    }\n\n    .intro-block h2 {\n        color: #1f3c88;\n        font-size: 26px;\n        font-weight: 700;\n        margin-bottom: 10px;\n    }\n\n    \/* Mavi Kutular *\/\n    .info-card {\n        background: #eef4f8; \n        padding: 25px 15px;\n        border-radius: 10px;\n        margin-bottom: 15px;\n        width: 100%;\n        box-sizing: border-box;\n        border: 1px solid #dce6ed;\n    }\n\n    \/* Ba\u015fl\u0131k i\u00e7i ikon stili *\/\n    .card-title {\n        color: #1f3c88;\n        font-size: 22px;\n        font-weight: 700;\n        margin-bottom: 12px;\n        display: flex;\n        align-items: center;\n        justify-content: center;\n        gap: 10px; \/* \u0130kon ve metin aras\u0131 bo\u015fluk *\/\n    }\n\n    .title-icon {\n        font-size: 24px; \/* Ba\u015fl\u0131k b\u00fcy\u00fckl\u00fc\u011f\u00fcnde *\/\n        font-style: normal;\n    }\n\n    \/* Why Us B\u00f6l\u00fcm\u00fc \u0130konlar\u0131 (\u00dcstte duran b\u00fcy\u00fck ikonlar) *\/\n    .card-icon-large {\n        font-size: 55px;\n        margin-bottom: 15px;\n        display: block;\n        text-align: center;\n    }\n\n    .card-text {\n        text-align: center;\n        font-size: 15px;\n        margin: 0;\n    }\n\n    \/* MOB\u0130L AYARLAR *\/\n    @media (max-width: 768px) {\n        .about-main-wrapper {\n            margin-top: -55px !important;\n        }\n        .intro-block {\n            padding: 0 5px;\n        }\n        .info-card {\n            padding: 20px 10px;\n        }\n        .card-title {\n            font-size: 20px;\n        }\n    }\n\n    .legal-footer-box {\n        text-align: center;\n        padding: 30px 10px;\n        margin-top: 20px;\n    }\n<\/style>\n\n<div class=\"about-main-wrapper\">\n    <div class=\"container-inner\">\n        \n        <div class=\"intro-block\">\n            <h2>\u041d\u0430\u0448\u0430 \u0438\u0441\u0442\u043e\u0440\u0438\u044f \u0438 \u043e\u043f\u044b\u0442<\/h2>\n            <p><strong>Excursions World<\/strong> \u044d\u0442\u043e \u0433\u043b\u0430\u0432\u043d\u044b\u0435 \u0446\u0438\u0444\u0440\u043e\u0432\u044b\u0435 \u0432\u043e\u0440\u043e\u0442\u0430 \u0432 \u0421\u0440\u0435\u0434\u0438\u0437\u0435\u043c\u043d\u043e\u043c\u043e\u0440\u044c\u0435, \u0433\u0434\u0435 \u0434\u0435\u0441\u044f\u0442\u0438\u043b\u0435\u0442\u0438\u044f \u0433\u043b\u0443\u0431\u043e\u043a\u043e\u0433\u043e \u0442\u0443\u0440\u0438\u0441\u0442\u0438\u0447\u0435\u0441\u043a\u043e\u0433\u043e \u043e\u043f\u044b\u0442\u0430 \u0441\u043e\u0447\u0435\u0442\u0430\u044e\u0442\u0441\u044f \u0441 \u0441\u043e\u0432\u0440\u0435\u043c\u0435\u043d\u043d\u044b\u043c \u0432\u0438\u0434\u0435\u043d\u0438\u0435\u043c, \u043e\u0440\u0438\u0435\u043d\u0442\u0438\u0440\u043e\u0432\u0430\u043d\u043d\u044b\u043c \u043d\u0430 \u0433\u043e\u0441\u0442\u0435\u0439. \u0420\u0430\u0441\u043f\u043e\u043b\u043e\u0436\u0435\u043d\u043d\u0430\u044f \u0432 \u0441\u0430\u043c\u043e\u043c \u0441\u0435\u0440\u0434\u0446\u0435 \u0410\u043d\u0442\u0430\u043b\u0438\u0438, \u043d\u0430\u0448\u0430 \u043f\u043b\u0430\u0442\u0444\u043e\u0440\u043c\u0430 \u044f\u0432\u043b\u044f\u0435\u0442\u0441\u044f \u043e\u0444\u0438\u0446\u0438\u0430\u043b\u044c\u043d\u044b\u043c \u043a\u0430\u043d\u0430\u043b\u043e\u043c \u043e\u043d\u043b\u0430\u0439\u043d-\u0431\u0440\u043e\u043d\u0438\u0440\u043e\u0432\u0430\u043d\u0438\u044f \u0438 \u043c\u0430\u0440\u043a\u0435\u0442\u0438\u043d\u0433\u0430 \u0434\u043b\u044f <strong>GINZA TRAVEL (\u043b\u0438\u0446\u0435\u043d\u0437\u0438\u044f T\u00dcRSAB \u2116 4179)<\/strong>, \u043e\u0434\u043d\u043e \u0438\u0437 \u0441\u0430\u043c\u044b\u0445 \u0443\u0432\u0430\u0436\u0430\u0435\u043c\u044b\u0445 \u0438 \u0430\u0432\u0442\u043e\u0440\u0438\u0442\u0435\u0442\u043d\u044b\u0445 \u0442\u0443\u0440\u0438\u0441\u0442\u0438\u0447\u0435\u0441\u043a\u0438\u0445 \u0430\u0433\u0435\u043d\u0442\u0441\u0442\u0432 \u0440\u0435\u0433\u0438\u043e\u043d\u0430.<\/p>\n            <p>\u041d\u0430\u0448\u0438\u043c\u0438 \u0446\u0438\u0444\u0440\u043e\u0432\u044b\u043c\u0438 \u043e\u043f\u0435\u0440\u0430\u0446\u0438\u044f\u043c\u0438 \u0443\u043f\u0440\u0430\u0432\u043b\u044f\u0435\u0442 \u043a\u043e\u043c\u0430\u043d\u0434\u0430 \u043f\u0440\u043e\u0444\u0435\u0441\u0441\u0438\u043e\u043d\u0430\u043b\u043e\u0432, \u0441\u0442\u0440\u0435\u043c\u044f\u0449\u0430\u044f\u0441\u044f \u043e\u0431\u0435\u0441\u043f\u0435\u0447\u0438\u0442\u044c \u043c\u0430\u043a\u0441\u0438\u043c\u0430\u043b\u044c\u043d\u043e \u043f\u0440\u043e\u0437\u0440\u0430\u0447\u043d\u043e\u0435, \u043d\u0430\u0434\u0435\u0436\u043d\u043e\u0435 \u0438 \u0431\u044b\u0441\u0442\u0440\u043e\u0435 \u0431\u0440\u043e\u043d\u0438\u0440\u043e\u0432\u0430\u043d\u0438\u0435 \u0434\u043b\u044f \u043f\u0443\u0442\u0435\u0448\u0435\u0441\u0442\u0432\u0435\u043d\u043d\u0438\u043a\u043e\u0432 \u0441\u043e \u0432\u0441\u0435\u0433\u043e \u043c\u0438\u0440\u0430.<\/p>\n        <\/div>\n\n        <div class=\"info-card\">\n            <h3 class=\"card-title\"><i class=\"title-icon\">\ud83c\udfaf<\/i>\u041d\u0430\u0448\u0430 \u043c\u0438\u0441\u0441\u0438\u044f<\/h3>\n            <p class=\"card-text\">\u041f\u043e\u043a\u0430\u0437\u0430\u0442\u044c \u043d\u0435\u043f\u0440\u0435\u0432\u0437\u043e\u0439\u0434\u0435\u043d\u043d\u0443\u044e \u043a\u0440\u0430\u0441\u043e\u0442\u0443, \u0438\u0441\u0442\u043e\u0440\u0438\u044e \u0438 \u043a\u0443\u043b\u044c\u0442\u0443\u0440\u0443 \u0421\u0440\u0435\u0434\u0438\u0437\u0435\u043c\u043d\u043e\u043c\u043e\u0440\u044c\u044f \u0438 \u042d\u0433\u0435\u0439\u0441\u043a\u043e\u0433\u043e \u043c\u043e\u0440\u044f, \u043e\u0431\u0435\u0441\u043f\u0435\u0447\u0438\u0432 \u043d\u0430\u0448\u0438\u043c \u0433\u043e\u0441\u0442\u044f\u043c \u043a\u043e\u043c\u0444\u043e\u0440\u0442, \u0431\u0435\u0437\u043e\u043f\u0430\u0441\u043d\u043e\u0441\u0442\u044c \u0438 \u043d\u0435\u0437\u0430\u0431\u044b\u0432\u0430\u0435\u043c\u044b\u0435 \u0432\u043e\u0441\u043f\u043e\u043c\u0438\u043d\u0430\u043d\u0438\u044f \u043e \u043f\u0443\u0442\u0435\u0448\u0435\u0441\u0442\u0432\u0438\u044f\u0445.<\/p>\n        <\/div>\n\n        <div class=\"info-card\">\n            <h3 class=\"card-title\"><i class=\"title-icon\">\ud83d\udc41\ufe0f<\/i>\u041d\u0430\u0448\u0435 \u0432\u0438\u0434\u0435\u043d\u0438\u0435<\/h3>\n            <p class=\"card-text\">\u0421\u0442\u0430\u0442\u044c \u0441\u0430\u043c\u044b\u043c \u043d\u0430\u0434\u0435\u0436\u043d\u044b\u043c \u043f\u0430\u0440\u0442\u043d\u0435\u0440\u043e\u043c \u043f\u043e \u0446\u0438\u0444\u0440\u043e\u0432\u044b\u043c \u043f\u0443\u0442\u0435\u0448\u0435\u0441\u0442\u0432\u0438\u044f\u043c \u0432 \u0440\u0435\u0433\u0438\u043e\u043d\u0435, \u043e\u0440\u0433\u0430\u043d\u0438\u0447\u043d\u043e \u0441\u043e\u0447\u0435\u0442\u0430\u044f \u0441\u043e\u0432\u0440\u0435\u043c\u0435\u043d\u043d\u044b\u0435 \u0442\u0435\u0445\u043d\u043e\u043b\u043e\u0433\u0438\u0438 \u0441 \u0442\u0440\u0430\u0434\u0438\u0446\u0438\u043e\u043d\u043d\u044b\u043c \u0442\u0443\u0440\u0435\u0446\u043a\u0438\u043c \u0433\u043e\u0441\u0442\u0435\u043f\u0440\u0438\u0438\u043c\u0441\u0442\u0432\u043e\u043c \u0438 \u043e\u043f\u0435\u0440\u0430\u0446\u0438\u043e\u043d\u043d\u044b\u043c \u0441\u043e\u0432\u0435\u0440\u0448\u0435\u043d\u0441\u0442\u0432\u043e\u043c Ginza Travel.<\/p>\n        <\/div>\n\n        <h2 style=\"color: #1f3c88; font-size: 26px; font-weight: 700; text-align: center; margin: 35px 0 20px 0;\">\u041f\u043e\u0447\u0435\u043c\u0443 \u0438\u043c\u0435\u043d\u043d\u043e \"Excursions World\"?<\/h2>\n\n        <div class=\"info-card\">\n            <span class=\"card-icon-large\">\ud83d\udee1\ufe0f<\/span>\n            <h3 class=\"card-title\">\u041e\u0444\u0438\u0446\u0438\u0430\u043b\u044c\u043d\u0430\u044f \u044e\u0440\u0438\u0434\u0438\u0447\u0435\u0441\u043a\u0430\u044f \u0433\u0430\u0440\u0430\u043d\u0442\u0438\u044f<\/h3>\n            <p class=\"card-text\">\u041a\u0430\u0436\u0434\u0430\u044f \u044d\u043a\u0441\u043a\u0443\u0440\u0441\u0438\u044f \u0438 \u0443\u0441\u043b\u0443\u0433\u0430, \u0437\u0430\u0431\u0440\u043e\u043d\u0438\u0440\u043e\u0432\u0430\u043d\u043d\u0430\u044f \u0447\u0435\u0440\u0435\u0437 \u043d\u0430\u0448\u0443 \u043f\u043b\u0430\u0442\u0444\u043e\u0440\u043c\u0443, \u043d\u0430\u0445\u043e\u0434\u0438\u0442\u0441\u044f \u043f\u043e\u0434 \u043f\u043e\u043b\u043d\u043e\u0439 \u044e\u0440\u0438\u0434\u0438\u0447\u0435\u0441\u043a\u043e\u0439 \u0438 \u044d\u043a\u0441\u043f\u043b\u0443\u0430\u0442\u0430\u0446\u0438\u043e\u043d\u043d\u043e\u0439 \u0433\u0430\u0440\u0430\u043d\u0442\u0438\u0435\u0439 Ginza Travel, \u0441\u0435\u0440\u0442\u0438\u0444\u0438\u0446\u0438\u0440\u043e\u0432\u0430\u043d\u043d\u043e\u0433\u043e \u0447\u043b\u0435\u043d\u0430 T\u00dcRSAB.<\/p>\n        <\/div>\n\n        <div class=\"info-card\">\n            <span class=\"card-icon-large\">\ud83d\udcb3<\/span>\n            <h3 class=\"card-title\">\u0411\u0435\u0437\u043e\u043f\u0430\u0441\u043d\u0430\u044f \u0441\u0438\u0441\u0442\u0435\u043c\u0430 \u201c\u041e\u043f\u043b\u0430\u0442\u0430 \u0432\u043e \u0432\u0440\u0435\u043c\u044f \u0442\u0443\u0440\u0430\u201d<\/h3>\n            <p class=\"card-text\">\u041c\u044b \u0443\u0434\u0435\u043b\u044f\u0435\u043c \u043f\u0435\u0440\u0432\u043e\u0441\u0442\u0435\u043f\u0435\u043d\u043d\u043e\u0435 \u0432\u043d\u0438\u043c\u0430\u043d\u0438\u0435 \u0432\u0430\u0448\u0435\u043c\u0443 \u0441\u043f\u043e\u043a\u043e\u0439\u0441\u0442\u0432\u0438\u044e. \u041c\u044b \u043f\u0440\u0435\u0434\u043b\u0430\u0433\u0430\u0435\u043c \u0431\u0435\u0437\u0440\u0438\u0441\u043a\u043e\u0432\u043e\u0435 \u0431\u0440\u043e\u043d\u0438\u0440\u043e\u0432\u0430\u043d\u0438\u0435 \u0431\u0435\u0437 \u043f\u0440\u0435\u0434\u043e\u043f\u043b\u0430\u0442\u044b - \u043f\u0440\u043e\u0441\u0442\u043e \u0437\u0430\u0431\u0440\u043e\u043d\u0438\u0440\u0443\u0439\u0442\u0435 \u043c\u0435\u0441\u0442\u043e \u0438 \u043e\u043f\u043b\u0430\u0442\u0438\u0442\u0435 \u0435\u0433\u043e \u0432 \u0434\u0435\u043d\u044c \u043f\u043e\u0435\u0437\u0434\u043a\u0438.<\/p>\n        <\/div>\n\n        <div class=\"info-card\">\n            <span class=\"card-icon-large\">\ud83d\udccd<\/span>\n            <h3 class=\"card-title\">\u041d\u0435\u043f\u0440\u0435\u0432\u0437\u043e\u0439\u0434\u0435\u043d\u043d\u043e\u0435 \u0437\u043d\u0430\u043d\u0438\u0435 \u043c\u0435\u0441\u0442\u043d\u044b\u0445 \u043e\u0441\u043e\u0431\u0435\u043d\u043d\u043e\u0441\u0442\u0435\u0439<\/h3>\n            <p class=\"card-text\">\u041c\u044b \u0440\u0430\u0431\u043e\u0442\u0430\u0435\u043c \u0438\u0441\u043a\u043b\u044e\u0447\u0438\u0442\u0435\u043b\u044c\u043d\u043e \u0441 \u043f\u0440\u043e\u0444\u0435\u0441\u0441\u0438\u043e\u043d\u0430\u043b\u044c\u043d\u044b\u043c\u0438 \u043c\u0435\u0441\u0442\u043d\u044b\u043c\u0438 \u0433\u0438\u0434\u0430\u043c\u0438 \u0438 \u043a\u043e\u043c\u0430\u043d\u0434\u0430\u043c\u0438 \u044d\u043a\u0441\u043f\u0435\u0440\u0442\u043e\u0432, \u043a\u043e\u0442\u043e\u0440\u044b\u0435 \u0437\u043d\u0430\u044e\u0442 \u043a\u0430\u0436\u0434\u044b\u0439 \u0443\u0433\u043e\u043b\u043e\u043a \u041a\u0435\u043c\u0435\u0440\u0430 \u0438 \u0410\u043d\u0442\u0430\u043b\u0438\u0438.<\/p>\n        <\/div>\n\n        <div class=\"info-card\">\n            <span class=\"card-icon-large\">\ud83c\udfa7<\/span>\n            <h3 class=\"card-title\">\u041a\u0440\u0443\u0433\u043b\u043e\u0441\u0443\u0442\u043e\u0447\u043d\u0430\u044f \u043f\u0440\u0435\u043c\u0438\u0443\u043c-\u043f\u043e\u0434\u0434\u0435\u0440\u0436\u043a\u0430<\/h3>\n            <p class=\"card-text\">\u041d\u0430\u0448\u0430 \u043f\u0440\u043e\u0444\u0435\u0441\u0441\u0438\u043e\u043d\u0430\u043b\u044c\u043d\u0430\u044f \u043a\u043e\u043c\u0430\u043d\u0434\u0430 \u043f\u043e\u0434\u0434\u0435\u0440\u0436\u043a\u0438 \u0432\u0441\u0435\u0433\u0434\u0430 \u0433\u043e\u0442\u043e\u0432\u0430 \u043f\u043e\u043c\u043e\u0447\u044c \u0432\u0430\u043c \u0434\u043e, \u0432\u043e \u0432\u0440\u0435\u043c\u044f \u0438 \u043f\u043e\u0441\u043b\u0435 \u0432\u0430\u0448\u0435\u0433\u043e \u043f\u0443\u0442\u0435\u0448\u0435\u0441\u0442\u0432\u0438\u044f.<\/p>\n        <\/div>\n\n        <div class=\"legal-footer-box\">\n            <h3 style=\"color:#1f3c88; font-weight:700;\">\u041e\u043f\u0435\u0440\u0430\u0442\u0438\u0432\u043d\u043e\u0435 \u043f\u0430\u0440\u0442\u043d\u0435\u0440\u0441\u0442\u0432\u043e \u0438 \u0434\u043e\u0432\u0435\u0440\u0438\u0435<\/h3>\n            <p>\u0412\u0441\u0435 \u043c\u0435\u0440\u043e\u043f\u0440\u0438\u044f\u0442\u0438\u044f \u043e\u0440\u0433\u0430\u043d\u0438\u0437\u0443\u044e\u0442\u0441\u044f, \u0443\u043f\u0440\u0430\u0432\u043b\u044f\u044e\u0442\u0441\u044f \u0438 \u043f\u043e\u043b\u043d\u043e\u0441\u0442\u044c\u044e \u0437\u0430\u0441\u0442\u0440\u0430\u0445\u043e\u0432\u0430\u043d\u044b:<\/p>\n            <p><strong>GINZA TRAVEL (\u041b\u0438\u0446\u0435\u043d\u0437\u0438\u044f \u2116 4179)<\/strong><br>\n            \u0410\u0434\u0440\u0435\u0441: \u041c\u0435\u0440\u043a\u0435\u0437 \u041c\u0430\u0445. Atat\u00fcrk Cad. No:3 \u041a\u0435\u043c\u0435\u0440 \/ \u0410\u043d\u0442\u0430\u043b\u0438\u044f, \u0422\u0443\u0440\u0446\u0438\u044f<\/p>\n        <\/div>\n\n    <\/div>\n<\/div>\t\t\t\t\t\t\t\t<\/div>\n\t\t\t\t<\/div>\n\t\t\t\t\t<\/div>\n\t\t\t\t<\/div>\n\t\t\t\t<\/div>","protected":false},"excerpt":{"rendered":"<p>\n    \/* Ana kapsay\u0131c\u0131 ve d\u0131\u015f bo\u015fluk s\u0131f\u0131rlama *\/<br \/>\n    .about-main-wrapper {<br \/>\n        font-family: &#8216;Segoe UI&#8217;, <\/p>","protected":false},"author":2,"featured_media":0,"parent":0,"menu_order":0,"comment_status":"closed","ping_status":"closed","template":"","meta":{"footnotes":""},"class_list":["post-16522","page","type-page","status-publish","hentry"],"aioseo_notices":[],"_links":{"self":[{"href":"https:\/\/excursionsworld.com\/ru\/wp-json\/wp\/v2\/pages\/16522","targetHints":{"allow":["GET"]}}],"collection":[{"href":"https:\/\/excursionsworld.com\/ru\/wp-json\/wp\/v2\/pages"}],"about":[{"href":"https:\/\/excursionsworld.com\/ru\/wp-json\/wp\/v2\/types\/page"}],"author":[{"embeddable":true,"href":"https:\/\/excursionsworld.com\/ru\/wp-json\/wp\/v2\/users\/2"}],"replies":[{"embeddable":true,"href":"https:\/\/excursionsworld.com\/ru\/wp-json\/wp\/v2\/comments?post=16522"}],"version-history":[{"count":0,"href":"https:\/\/excursionsworld.com\/ru\/wp-json\/wp\/v2\/pages\/16522\/revisions"}],"wp:attachment":[{"href":"https:\/\/excursionsworld.com\/ru\/wp-json\/wp\/v2\/media?parent=16522"}],"curies":[{"name":"wp","href":"https:\/\/api.w.org\/{rel}","templated":true}]}}