{"id":16774,"date":"2026-04-24T16:38:21","date_gmt":"2026-04-24T13:38:21","guid":{"rendered":"https:\/\/excursionsworld.com\/?post_type=product&#038;p=16774\/"},"modified":"2026-04-24T18:09:18","modified_gmt":"2026-04-24T15:09:18","slug":"kash-kaputash-plyazh-antalya","status":"publish","type":"product","link":"https:\/\/excursionsworld.com\/tours\/kas-kaputas-beach-antalya\/","title":{"rendered":"\u041a\u0430\u0448 \u2013 \u041a\u0430\u043f\u0443\u0442\u0430\u0448 \u042d\u043a\u0441\u043a\u0443\u0440\u0441\u0438\u044f \u0438\u0437 \u0410\u043d\u0442\u0430\u043b\u0438\u0438"},"content":{"rendered":"<h2><span style=\"color: #000000;\"><strong>\ud83c\udfd9\ufe0f \u041e\u0431\u0437\u043e\u0440<\/strong><\/span><\/h2>\n<p dir=\"ltr\">\u041f\u0440\u043e\u0432\u0435\u0434\u0438 \u0446\u0435\u043b\u044b\u0439 \u0434\u0435\u043d\u044c, \u0438\u0441\u0441\u043b\u0435\u0434\u0443\u044f \u0441\u0430\u043c\u044b\u0435 \u043a\u0440\u0430\u0441\u0438\u0432\u044b\u0435 \u043c\u0435\u0441\u0442\u0430 \u043d\u0430 \u044e\u0436\u043d\u043e\u043c \u043f\u043e\u0431\u0435\u0440\u0435\u0436\u044c\u0435 \u0422\u0443\u0440\u0446\u0438\u0438! \u041e\u0442\u043f\u0440\u0430\u0432\u043b\u044f\u044f\u0441\u044c \u0438\u0437 <span class=\"hover:entity-accent entity-underline inline cursor-pointer align-baseline\"><span class=\"whitespace-normal\">\u0410\u043d\u0442\u0430\u043b\u0438\u0438<\/span><\/span>, \u043f\u0440\u043e\u0433\u0443\u043b\u044f\u0439\u0442\u0435\u0441\u044c \u043f\u043e \u043e\u0447\u0430\u0440\u043e\u0432\u0430\u0442\u0435\u043b\u044c\u043d\u044b\u043c \u0443\u043b\u043e\u0447\u043a\u0430\u043c \u041a\u0430\u043b\u043a\u0430\u043d\u0430, \u0438\u0441\u043a\u0443\u043f\u0430\u0439\u0442\u0435\u0441\u044c \u0432 \u043a\u0440\u0438\u0441\u0442\u0430\u043b\u044c\u043d\u043e \u0447\u0438\u0441\u0442\u044b\u0445 \u0431\u0438\u0440\u044e\u0437\u043e\u0432\u044b\u0445 \u0432\u043e\u0434\u0430\u0445 \u043f\u043b\u044f\u0436\u0430 \u041a\u0430\u043f\u0443\u0442\u0430\u0448 \u0438 \u043f\u0440\u043e\u0432\u0435\u0434\u0438\u0442\u0435 \u0440\u0430\u0441\u0441\u043b\u0430\u0431\u043b\u044f\u044e\u0449\u0438\u0439 \u0434\u0435\u043d\u044c \u0432 \u0436\u0438\u0432\u043e\u043f\u0438\u0441\u043d\u043e\u043c \u0433\u043e\u0440\u043e\u0434\u0435 \u041a\u0430\u0448. \u042d\u0442\u043e\u0442 \u0442\u0443\u0440 \u043f\u0440\u0435\u043a\u0440\u0430\u0441\u043d\u043e \u0441\u043e\u0447\u0435\u0442\u0430\u0435\u0442 \u0432 \u0441\u0435\u0431\u0435 \u043f\u0440\u0438\u0440\u043e\u0434\u0443, \u0438\u0441\u0442\u043e\u0440\u0438\u044e \u0438 \u043f\u0440\u0438\u0431\u0440\u0435\u0436\u043d\u043e\u0435 \u043e\u0447\u0430\u0440\u043e\u0432\u0430\u043d\u0438\u0435.<\/p>\n<h3 dir=\"ltr\"><span style=\"color: #000000;\"><strong>\u0412\u043a\u043b\u044e\u0447\u0435\u043d\u043e:<\/strong><\/span><\/h3>\n<div dir=\"ltr\"><strong><span style=\"color: #00ff00;\">\u2713<\/span><\/strong> \u0412\u0441\u0442\u0440\u0435\u0447\u0430 \u0438 \u043f\u0440\u043e\u0432\u043e\u0434\u044b \u0432 \u043e\u0442\u0435\u043b\u0435<br \/>\n<strong><span style=\"color: #00ff00;\">\u2713 <\/span><\/strong>\u041f\u0443\u0442\u0435\u0432\u043e\u0434\u0438\u0442\u0435\u043b\u044c<br \/>\n<strong><span style=\"color: #00ff00;\">\u2713 <\/span><\/strong>\u0412\u0445\u043e\u0434\u043d\u043e\u0439 \u0431\u0438\u043b\u0435\u0442 \u043d\u0430 \u043f\u043b\u044f\u0436 \u041a\u0430\u043f\u0443\u0442\u0430\u0448<br \/>\n<strong><span style=\"color: #00ff00;\">\u2713 <\/span><\/strong>\u041f\u043e\u0441\u0435\u0449\u0435\u043d\u0438\u0435 \u043a\u043e\u0440\u043e\u043b\u0435\u0432\u0441\u043a\u043e\u0439 \u0433\u0440\u043e\u0431\u043d\u0438\u0446\u044b<br \/>\n<strong><span style=\"color: #00ff00;\">\u2713 <\/span><\/strong>\u041f\u043e\u0441\u0435\u0449\u0435\u043d\u0438\u0435 \u0414\u0440\u0435\u0432\u043d\u0435\u0433\u043e \u0442\u0435\u0430\u0442\u0440\u0430<br \/>\n<strong><span style=\"color: #00ff00;\">\u2713 <\/span><\/strong>\u0421\u0442\u0440\u0430\u0445\u043e\u0432\u0430\u043d\u0438\u0435<\/div>\n<div dir=\"ltr\"><strong><span style=\"color: #00ff00;\">\u2713 <\/span><\/strong>\u041e\u0431\u0435\u0434<\/div>\n<h3 dir=\"ltr\"><span style=\"color: #000000;\">\u041d\u0435 \u0412\u043a\u043b\u044e\u0447\u0435\u043d\u043e:<\/span><\/h3>\n<div dir=\"ltr\"><span style=\"color: #ff0000;\"><strong>\u2717\u00a0<\/strong><\/span> \u041d\u0430\u043f\u0438\u0442\u043a\u0438<br \/>\n<span style=\"color: #ff0000;\"><strong>\u2717 <\/strong><\/span>\u041b\u0438\u0447\u043d\u044b\u0435 \u0440\u0430\u0441\u0445\u043e\u0434\u044b<\/div>\n<h2 dir=\"ltr\"><span style=\"color: #000000;\"><strong>\ud83c\udf1f \u041e\u0441\u043d\u043e\u0432\u043d\u044b\u0435 \u043c\u043e\u043c\u0435\u043d\u0442\u044b \u0442\u0443\u0440\u0430<\/strong><\/span><\/h2>\n<p dir=\"ltr\">\ud83d\udd39 \u0416\u0438\u0432\u043e\u043f\u0438\u0441\u043d\u0430\u044f \u043f\u043e\u0435\u0437\u0434\u043a\u0430 \u0432\u0434\u043e\u043b\u044c \u043f\u043e\u0431\u0435\u0440\u0435\u0436\u044c\u044f \u0421\u0440\u0435\u0434\u0438\u0437\u0435\u043c\u043d\u043e\u0433\u043e \u043c\u043e\u0440\u044f<br data-start=\"895\" data-end=\"898\" \/>\ud83d\udd39 \u041f\u0430\u043d\u043e\u0440\u0430\u043c\u043d\u0430\u044f \u043e\u0441\u0442\u0430\u043d\u043e\u0432\u043a\u0430 \u0441 \u0432\u0438\u0434\u043e\u043c \u043d\u0430 <span class=\"hover:entity-accent entity-underline inline cursor-pointer align-baseline\"><span class=\"whitespace-normal\">\u041e\u0441\u0442\u0440\u043e\u0432 \u041c\u0435\u0439\u0441<\/span><\/span><br data-start=\"965\" data-end=\"968\" \/>\ud83d\udd39 2\u20133 \u0447\u0430\u0441\u0430 \u0441\u0432\u043e\u0431\u043e\u0434\u043d\u043e\u0433\u043e \u0432\u0440\u0435\u043c\u0435\u043d\u0438 \u0432 \u041a\u0430\u0448\u0435<br data-start=\"1000\" data-end=\"1003\" \/>\ud83d\udd39 \u041a\u0443\u043f\u0430\u043d\u0438\u0435 \u043d\u0430 \u043f\u043b\u044f\u0436\u0435 \u041a\u0430\u043f\u0443\u0442\u0430\u0448 (2\u20132.5 \u0447\u0430\u0441\u0430)<br data-start=\"1045\" data-end=\"1048\" \/>\ud83d\udd39 \u041f\u043e\u0441\u0435\u0442\u0438\u0442\u0435 \u043e\u0447\u0430\u0440\u043e\u0432\u0430\u0442\u0435\u043b\u044c\u043d\u044b\u0435 \u0443\u043b\u043e\u0447\u043a\u0438 \u041a\u0430\u043b\u043a\u0430\u043d\u0430<br data-start=\"1085\" data-end=\"1088\" \/>\ud83d\udd39 \u0410\u0443\u0442\u0435\u043d\u0442\u0438\u0447\u043d\u044b\u0439 \u043e\u0431\u0435\u0434<\/p>\n<h2 dir=\"ltr\">\ud83d\udcd6 <strong>\u041f\u043e\u043b\u043d\u043e\u0435 \u043e\u043f\u0438\u0441\u0430\u043d\u0438\u0435<\/strong><\/h2>\n<div data-start=\"1155\" data-end=\"1349\">\u0412\u0430\u0448 \u0434\u0435\u043d\u044c \u043d\u0430\u0447\u043d\u0435\u0442\u0441\u044f \u0441 \u0443\u0434\u043e\u0431\u043d\u043e\u0433\u043e \u0437\u0430\u0431\u043e\u0440\u0430 \u0438\u0437 \u0432\u0430\u0448\u0435\u0433\u043e \u043e\u0442\u0435\u043b\u044f \u0432 <span style=\"color: #0000ff;\"><a style=\"color: #0000ff;\" href=\"https:\/\/tr.wikipedia.org\/wiki\/Antalya\">\u0410\u043d\u0442\u0430\u043b\u0438\u0438<\/a>,<\/span> \u0437\u0430\u0442\u0435\u043c \u0436\u0438\u0432\u043e\u043f\u0438\u0441\u043d\u0430\u044f \u043f\u043e\u0435\u0437\u0434\u043a\u0430 \u0432\u0434\u043e\u043b\u044c \u0441\u0440\u0435\u0434\u0438\u0437\u0435\u043c\u043d\u043e\u043c\u043e\u0440\u0441\u043a\u043e\u0433\u043e \u043f\u043e\u0431\u0435\u0440\u0435\u0436\u044c\u044f. \u041f\u043e \u043f\u0443\u0442\u0438 \u0431\u0443\u0434\u0435\u0442 \u043a\u043e\u0440\u043e\u0442\u043a\u0430\u044f \u043e\u0441\u0442\u0430\u043d\u043e\u0432\u043a\u0430 \u0434\u043b\u044f \u043e\u0442\u0434\u044b\u0445\u0430 \u0438 \u0444\u043e\u0442\u043e\u0433\u0440\u0430\u0444\u0438\u0439.<\/div>\n<div data-start=\"1351\" data-end=\"1599\">\u041f\u0435\u0440\u0432\u0430\u044f \u043e\u0441\u0442\u0430\u043d\u043e\u0432\u043a\u0430 \u2014 \u043f\u0430\u043d\u043e\u0440\u0430\u043c\u043d\u0430\u044f \u0441\u043c\u043e\u0442\u0440\u043e\u0432\u0430\u044f \u043f\u043b\u043e\u0449\u0430\u0434\u043a\u0430 \u0441 \u0432\u0438\u0434\u043e\u043c \u043d\u0430 \u043e\u0441\u0442\u0440\u043e\u0432 \u041c\u0435\u0439\u0441, \u043e\u0442\u043a\u0443\u0434\u0430 \u043e\u0442\u043a\u0440\u044b\u0432\u0430\u044e\u0442\u0441\u044f \u043f\u043e\u0442\u0440\u044f\u0441\u0430\u044e\u0449\u0438\u0435 \u0432\u043e\u0437\u043c\u043e\u0436\u043d\u043e\u0441\u0442\u0438 \u0434\u043b\u044f \u0444\u043e\u0442\u043e\u0441\u044a\u0435\u043c\u043a\u0438. \u0417\u0430\u0442\u0435\u043c \u0432\u044b \u043f\u0440\u043e\u0434\u043e\u043b\u0436\u0438\u0442\u0435 \u043f\u0443\u0442\u044c \u0432 \u041a\u0430\u0448 \u2014 \u043e\u0447\u0430\u0440\u043e\u0432\u0430\u0442\u0435\u043b\u044c\u043d\u044b\u0439 \u043f\u0440\u0438\u0431\u0440\u0435\u0436\u043d\u044b\u0439 \u0433\u043e\u0440\u043e\u0434\u043e\u043a, \u0438\u0437\u0432\u0435\u0441\u0442\u043d\u044b\u0439 \u0441\u0432\u043e\u0438\u043c\u0438 \u0443\u0437\u043a\u0438\u043c\u0438 \u0443\u043b\u043e\u0447\u043a\u0430\u043c\u0438, \u0434\u0438\u0437\u0430\u0439\u043d\u0435\u0440\u0441\u043a\u0438\u043c\u0438 \u043c\u0430\u0433\u0430\u0437\u0438\u043d\u0430\u043c\u0438, \u0434\u0440\u0435\u0432\u043d\u0438\u043c\u0438 \u0440\u0443\u0438\u043d\u0430\u043c\u0438 \u0438 \u0440\u0430\u0441\u0441\u043b\u0430\u0431\u043b\u0435\u043d\u043d\u043e\u0439 \u0430\u0442\u043c\u043e\u0441\u0444\u0435\u0440\u043e\u0439.<\/div>\n<div data-start=\"1601\" data-end=\"1747\">\u041f\u043e\u0441\u043b\u0435 \u043a\u0440\u0430\u0442\u043a\u043e\u0433\u043e \u0432\u0432\u0435\u0434\u0435\u043d\u0438\u044f \u0443 \u0432\u0430\u0441 \u0431\u0443\u0434\u0435\u0442 2\u20133 \u0447\u0430\u0441\u0430 \u0441\u0432\u043e\u0431\u043e\u0434\u043d\u043e\u0433\u043e \u0432\u0440\u0435\u043c\u0435\u043d\u0438, \u0447\u0442\u043e\u0431\u044b \u0441\u0430\u043c\u043e\u0441\u0442\u043e\u044f\u0442\u0435\u043b\u044c\u043d\u043e \u0438\u0441\u0441\u043b\u0435\u0434\u043e\u0432\u0430\u0442\u044c \u041a\u0430\u0448, \u043f\u043e\u043e\u0431\u0435\u0434\u0430\u0442\u044c, \u0441\u0434\u0435\u043b\u0430\u0442\u044c \u0444\u043e\u0442\u043e\u0433\u0440\u0430\u0444\u0438\u0438 \u0438\u043b\u0438 \u043a\u0443\u043f\u0438\u0442\u044c \u0441\u0443\u0432\u0435\u043d\u0438\u0440\u044b.<\/div>\n<div data-start=\"1749\" data-end=\"2050\">\u0414\u0430\u043b\u0435\u0435 \u0432\u044b \u043f\u043e\u0441\u0435\u0442\u0438\u0442\u0435 \u0437\u043d\u0430\u043c\u0435\u043d\u0438\u0442\u044b\u0439 \u043f\u043b\u044f\u0436 \u041a\u0430\u043f\u0443\u0442\u0430\u0448 \u2014 \u043e\u0434\u0438\u043d \u0438\u0437 \u0441\u0430\u043c\u044b\u0445 \u0437\u043d\u0430\u043a\u043e\u0432\u044b\u0445 \u043f\u043b\u044f\u0436\u0435\u0439 \u0422\u0443\u0440\u0446\u0438\u0438. \u041e\u043a\u0440\u0443\u0436\u0435\u043d\u043d\u044b\u0439 \u0441\u043a\u0430\u043b\u0430\u043c\u0438 \u0438 \u0438\u0437\u0432\u0435\u0441\u0442\u043d\u044b\u0439 \u0441\u0432\u043e\u0438\u043c\u0438 \u044f\u0440\u043a\u043e-\u0431\u0438\u0440\u044e\u0437\u043e\u0432\u044b\u043c\u0438 \u0432\u043e\u0434\u0430\u043c\u0438, \u043e\u043d \u044f\u0432\u043b\u044f\u0435\u0442\u0441\u044f \u0438\u0434\u0435\u0430\u043b\u044c\u043d\u044b\u043c \u043c\u0435\u0441\u0442\u043e\u043c \u0434\u043b\u044f \u043a\u0443\u043f\u0430\u043d\u0438\u044f, \u043e\u0442\u0434\u044b\u0445\u0430 \u0438 \u043d\u0430\u0441\u043b\u0430\u0436\u0434\u0435\u043d\u0438\u044f \u043f\u0440\u0438\u0440\u043e\u0434\u043d\u043e\u0439 \u043a\u0440\u0430\u0441\u043e\u0442\u043e\u0439. \u0412\u044b \u043f\u0440\u043e\u0432\u0435\u0434\u0435\u0442\u0435 \u0437\u0434\u0435\u0441\u044c \u043f\u0440\u0438\u043c\u0435\u0440\u043d\u043e 2\u20132,5 \u0447\u0430\u0441\u0430, \u043f\u043e\u0441\u043b\u0435 \u0447\u0435\u0433\u043e \u043e\u0442\u043f\u0440\u0430\u0432\u0438\u0442\u0435\u0441\u044c \u043e\u0431\u0440\u0430\u0442\u043d\u043e \u0432 \u0410\u043d\u0442\u0430\u043b\u044c\u044e.<\/div>\n<h3 dir=\"ltr\"><span style=\"color: #000000;\"><strong>\ud83d\uddfa\ufe0f \u041c\u0430\u0440\u0448\u0440\u0443\u0442 \u0442\u0443\u0440\u0430<\/strong><\/span><\/h3>\n<p dir=\"ltr\">07:00 \u2013 \u0422\u0440\u0430\u043d\u0441\u0444\u0435\u0440 \u0438\u0437 \u043e\u0442\u0435\u043b\u0435\u0439 \u0432 \u0410\u043d\u0442\u0430\u043b\u0438\u0438<br data-start=\"2125\" data-end=\"2128\" \/>\ud83d\udd39 \u0416\u0438\u0432\u043e\u043f\u0438\u0441\u043d\u0430\u044f \u043f\u0440\u0438\u0431\u0440\u0435\u0436\u043d\u0430\u044f \u043f\u043e\u0435\u0437\u0434\u043a\u0430 \u0441 \u043a\u043e\u0440\u043e\u0442\u043a\u0438\u043c \u043f\u0435\u0440\u0435\u0440\u044b\u0432\u043e\u043c<br data-start=\"2170\" data-end=\"2173\" \/>\ud83d\udd39 \u041f\u0430\u043d\u043e\u0440\u0430\u043c\u043d\u0430\u044f \u043e\u0441\u0442\u0430\u043d\u043e\u0432\u043a\u0430 \u0443 \u043e\u0441\u0442\u0440\u043e\u0432\u0430 \u041c\u0435\u0439\u0441<br data-start=\"2207\" data-end=\"2210\" \/>\ud83d\udd39 \u041f\u0440\u0438\u0431\u044b\u0442\u0438\u0435 \u0432 \u041a\u0430\u0448 \u0438 \u043a\u0440\u0430\u0442\u043a\u0430\u044f \u043e\u0440\u0438\u0435\u043d\u0442\u0430\u0446\u0438\u044f<br data-start=\"2247\" data-end=\"2250\" \/>\ud83d\udd39 2\u20133 \u0447\u0430\u0441\u0430 \u0441\u0432\u043e\u0431\u043e\u0434\u043d\u043e\u0433\u043e \u0432\u0440\u0435\u043c\u0435\u043d\u0438 \u0432 \u041a\u0430\u0448\u0435<br data-start=\"2279\" data-end=\"2282\" \/>\ud83d\udd39 \u041f\u0435\u0440\u0435\u0435\u0437\u0434 \u043d\u0430 \u043f\u043b\u044f\u0436 \u041a\u0430\u043f\u0443\u0442\u0430\u0448<br data-start=\"2310\" data-end=\"2313\" \/>\ud83d\udd39 \u041f\u043b\u0430\u0432\u0430\u043d\u0438\u0435 \u0438 \u043e\u0442\u0434\u044b\u0445 (2\u20132,5 \u0447\u0430\u0441\u0430)<br data-start=\"2351\" data-end=\"2354\" \/>\ud83d\udd39 16:00 \u2013 \u041e\u0442\u043f\u0440\u0430\u0432\u043b\u0435\u043d\u0438\u0435 \u0438\u0437 \u041a\u0430\u043f\u0443\u0442\u0430\u0448\u0430<br data-start=\"2387\" data-end=\"2390\" \/>\ud83d\udd39 19:00 \u2013 20:00 \u0412\u043e\u0437\u0432\u0440\u0430\u0449\u0435\u043d\u0438\u0435 \u0432 \u043e\u0442\u0435\u043b\u0438 \u0410\u043d\u0442\u0430\u043b\u0438\u0438<\/p>\n<h3 dir=\"ltr\"><span style=\"color: #000000;\"><strong>\u2139\ufe0f \u041f\u043e\u043b\u0435\u0437\u043d\u0430\u044f \u0438\u043d\u0444\u043e\u0440\u043c\u0430\u0446\u0438\u044f<\/strong><\/span><\/h3>\n<p dir=\"ltr\">\ud83d\udd39 \u041f\u0440\u043e\u0434\u043e\u043b\u0436\u0438\u0442\u0435\u043b\u044c\u043d\u043e\u0441\u0442\u044c \u0442\u0443\u0440\u0430: \u043e\u043a\u043e\u043b\u043e 10-11 \u0447\u0430\u0441\u043e\u0432<br \/>\n\ud83d\udd39 \u041e\u0431\u0435\u0434 \u0432\u043a\u043b\u044e\u0447\u0435\u043d (\u0440\u044b\u0431\u0430, \u043a\u0443\u0440\u0438\u0446\u0430 \u0438\u043b\u0438 \u0444\u0440\u0438\u043a\u0430\u0434\u0435\u043b\u044c\u043a\u0438), \u043d\u0430\u043f\u0438\u0442\u043a\u0438 \u0437\u0430 \u0434\u043e\u043f\u043e\u043b\u043d\u0438\u0442\u0435\u043b\u044c\u043d\u0443\u044e \u043f\u043b\u0430\u0442\u0443<br \/>\n\ud83d\udd39 \u041c\u043d\u043e\u0433\u043e\u0447\u0438\u0441\u043b\u0435\u043d\u043d\u044b\u0435 \u043c\u0435\u0441\u0442\u043d\u044b\u0435 \u0440\u0435\u0441\u0442\u043e\u0440\u0430\u043d\u044b \u0438 \u043a\u0430\u0444\u0435, \u0434\u043e\u0441\u0442\u0443\u043f\u043d\u044b\u0435 \u0432 \u041a\u0430\u0448\u0435 \u0432 \u0441\u0432\u043e\u0431\u043e\u0434\u043d\u043e\u0435 \u0432\u0440\u0435\u043c\u044f<br \/>\n\ud83d\udd39 \u0414\u0435\u0442\u0438 \u0434\u043e 5 \u043b\u0435\u0442, \u043f\u0443\u0442\u0435\u0448\u0435\u0441\u0442\u0432\u0443\u044e\u0449\u0438\u0435 \u0431\u0435\u0441\u043f\u043b\u0430\u0442\u043d\u043e, \u043d\u0435 \u0438\u043c\u0435\u044e\u0442 \u043e\u0442\u0434\u0435\u043b\u044c\u043d\u043e\u0433\u043e \u043c\u0435\u0441\u0442\u0430 \u0432 \u0430\u0432\u0442\u043e\u0431\u0443\u0441\u0435. \u0415\u0441\u043b\u0438 \u0430\u0432\u0442\u043e\u0431\u0443\u0441 \u043f\u0435\u0440\u0435\u043f\u043e\u043b\u043d\u0435\u043d, \u043e\u043d\u0438 \u0441\u0438\u0434\u044f\u0442 \u043d\u0430 \u043a\u043e\u043b\u0435\u043d\u044f\u0445 \u0443 \u0432\u0437\u0440\u043e\u0441\u043b\u043e\u0433\u043e, \u043b\u0438\u0431\u043e \u043c\u043e\u0436\u043d\u043e \u0437\u0430\u0431\u0440\u043e\u043d\u0438\u0440\u043e\u0432\u0430\u0442\u044c \u043e\u0442\u0434\u0435\u043b\u044c\u043d\u043e\u0435 \u043c\u0435\u0441\u0442\u043e<\/p>\n<h3 dir=\"ltr\"><span style=\"color: #000000;\"><strong>\ud83c\udf92 \u0427\u0442\u043e \u0432\u0437\u044f\u0442\u044c \u0441 \u0441\u043e\u0431\u043e\u0439<\/strong><\/span><\/h3>\n<p dir=\"ltr\">\ud83d\udd39 \u041a\u0443\u043f\u0430\u043b\u044c\u043d\u0438\u043a \u0438 \u043f\u043e\u043b\u043e\u0442\u0435\u043d\u0446\u0435<br \/>\n\ud83d\udd39 \u0423\u0434\u043e\u0431\u043d\u0430\u044f \u043e\u0431\u0443\u0432\u044c \u0438 \u043e\u0434\u0435\u0436\u0434\u0430<br \/>\n\ud83d\udd39 \u0417\u0430\u0449\u0438\u0442\u0430 \u043e\u0442 \u0441\u043e\u043b\u043d\u0446\u0430 (\u0448\u043b\u044f\u043f\u0430, \u0441\u043e\u043b\u043d\u0446\u0435\u0437\u0430\u0449\u0438\u0442\u043d\u044b\u0439 \u043a\u0440\u0435\u043c, \u0441\u043e\u043b\u043d\u0446\u0435\u0437\u0430\u0449\u0438\u0442\u043d\u044b\u0435 \u043e\u0447\u043a\u0438)<br \/>\n\ud83d\udd39 \u041d\u0430\u043b\u0438\u0447\u043d\u044b\u0435 \u043d\u0430 \u043d\u0430\u043f\u0438\u0442\u043a\u0438 \u0438 \u043b\u0438\u0447\u043d\u044b\u0435 \u0440\u0430\u0441\u0445\u043e\u0434\u044b<\/p>\n<h3 dir=\"ltr\"><span style=\"color: #000000;\"><strong>\ud83d\udeab \u041d\u0435 \u043f\u043e\u0434\u0445\u043e\u0434\u0438\u0442 \u0434\u043b\u044f<\/strong><\/span><\/h3>\n<p dir=\"ltr\">\ud83d\udd39 \u041b\u044e\u0434\u0438 \u0441 \u043e\u0433\u0440\u0430\u043d\u0438\u0447\u0435\u043d\u043d\u043e\u0439 \u043f\u043e\u0434\u0432\u0438\u0436\u043d\u043e\u0441\u0442\u044c\u044e<br \/>\n\ud83d\udd39 \u041c\u0430\u043b\u0435\u043d\u044c\u043a\u0438\u0435 \u0434\u0435\u0442\u0438 \u0438 \u043c\u043b\u0430\u0434\u0435\u043d\u0446\u044b \u0438\u0437-\u0437\u0430 \u0434\u043e\u043b\u0433\u043e\u0433\u043e \u043f\u0443\u0442\u0435\u0448\u0435\u0441\u0442\u0432\u0438\u044f<\/p>\n<h2 dir=\"ltr\"><span style=\"color: #000000;\"><strong>\ud83d\udcb8 \u0426\u0435\u043d\u0430 \u0438 \u0431\u0440\u043e\u043d\u0438\u0440\u043e\u0432\u0430\u043d\u0438\u0435<\/strong><\/span><\/h2>\n<p dir=\"ltr\"><strong>\ud83d\udd39 \u0417\u0430\u0431\u0440\u043e\u043d\u0438\u0440\u0443\u0439\u0442\u0435 \u0441\u0435\u0439\u0447\u0430\u0441, \u043e\u043f\u043b\u0430\u0442\u0438\u0442\u0435 \u0432 \u0434\u0435\u043d\u044c \u044d\u043a\u0441\u043a\u0443\u0440\u0441\u0438\u0438<\/strong><br \/>\n\ud83d\udd39 \u0421\u0432\u044f\u0436\u0438\u0442\u0435\u0441\u044c \u0441 \u043d\u0430\u043c\u0438 \u0447\u0435\u0440\u0435\u0437 WhatsApp, Telegram, Viber \u0438\u043b\u0438 \u0437\u0430\u043f\u043e\u043b\u043d\u0438\u0442\u0435 \u0444\u043e\u0440\u043c\u0443 \u0431\u0440\u043e\u043d\u0438\u0440\u043e\u0432\u0430\u043d\u0438\u044f \u043d\u0438\u0436\u0435. \ud83d\udc47\ud83c\udffc<\/p>\n<p>\u0418\u0449\u0435\u0442\u0435 \u0430\u043b\u044c\u0442\u0435\u0440\u043d\u0430\u0442\u0438\u0432\u044b? \u041f\u0440\u043e\u0441\u043c\u043e\u0442\u0440\u0435\u0442\u044c <a href=\"https:\/\/excursionsworld.com\/ru\/ekskursii-v-antalya\/\">\u0431\u043e\u043b\u044c\u0448\u0435 \u0442\u0443\u0440\u043e\u0432 \u0432 \u0410\u043d\u0442\u0430\u043b\u0438\u044e<\/a>.<\/p>","protected":false},"excerpt":{"rendered":"<section class=\"text-token-text-primary w-full focus:outline-none [--shadow-height:45px] has-data-writing-block:pointer-events-none has-data-writing-block:-mt-(--shadow-height) has-data-writing-block:pt-(--shadow-height) [&amp;:has([data-writing-block])&gt;*]:pointer-events-auto [content-visibility:auto] supports-[content-visibility:auto]:[contain-intrinsic-size:auto_100lvh] R6Vx5W_threadScrollVars scroll-mb-[calc(var(--scroll-root-safe-area-inset-bottom,0px)+var(--thread-response-height))] scroll-mt-[calc(var(--header-height)+min(200px,max(70px,20svh)))]\" dir=\"auto\" data-turn-id=\"request-6967a54b-d690-8327-ae0f-541feafe2984-2\" data-testid=\"conversation-turn-100\" data-scroll-anchor=\"false\" data-turn=\"assistant\">\n<div class=\"text-base my-auto mx-auto pb-10 [--thread-content-margin:var(--thread-content-margin-xs,calc(var(--spacing)*4))] @w-sm\/main:[--thread-content-margin:var(--thread-content-margin-sm,calc(var(--spacing)*6))] @w-lg\/main:[--thread-content-margin:var(--thread-content-margin-lg,calc(var(--spacing)*16))] px-(--thread-content-margin)\">\n<div class=\"[--thread-content-max-width:40rem] @w-lg\/main:[--thread-content-max-width:48rem] mx-auto max-w-(--thread-content-max-width) flex-1 group\/turn-messages focus-visible:outline-hidden relative flex w-full min-w-0 flex-col agent-turn\">\n<div class=\"flex max-w-full flex-col gap-4 grow\">\n<div class=\"min-h-8 text-message relative flex w-full flex-col items-end gap-2 text-start break-words whitespace-normal outline-none keyboard-focused:focus-ring [.text-message+&amp;]:mt-1\" dir=\"auto\" tabindex=\"0\" data-message-author-role=\"assistant\" data-message-id=\"999871b4-0439-4617-8c5a-3a6f30bbf967\" data-message-model-slug=\"gpt-5-3\" data-turn-start-message=\"true\">\n<div class=\"flex w-full flex-col gap-1 empty:hidden\">\n<div class=\"markdown prose dark:prose-invert w-full wrap-break-word light markdown-new-styling\">\n<p data-start=\"0\" data-end=\"177\" data-is-last-node=\"\" data-is-only-node=\"\">Ka\u015f &amp; Kaputa\u015f Beach tour from Antalya with hotel pickup, free time in Ka\u015f, swimming at Kaputa\u015f Beach, and scenic Mediterranean coastal views.<\/p>\n<\/div>\n<\/div>\n<\/div>\n<\/div>\n<div class=\"z-0 flex min-h-[46px] justify-start\"><\/div>\n<div class=\"mt-3 w-full empty:hidden\">\n<div class=\"text-center\"><\/div>\n<\/div>\n<\/div>\n<\/div>\n<\/section>\n<div class=\"pointer-events-none -mt-px h-px translate-y-[calc(var(--scroll-root-safe-area-inset-bottom)-14*var(--spacing))]\" aria-hidden=\"true\"><\/div>\n","protected":false},"featured_media":14102,"comment_status":"open","ping_status":"closed","template":"","meta":[],"product_brand":[],"product_cat":[125],"product_tag":[107],"class_list":{"0":"post-16774","1":"product","2":"type-product","3":"status-publish","4":"has-post-thumbnail","6":"tour_phys-antalya-tours","7":"product_cat-antalya-tours","8":"product_tag-antalya","9":"pa_destination-antalya-tours","11":"first","12":"instock","13":"sale","14":"shipping-taxable","15":"purchasable","16":"product-type-tour_phys"},"aioseo_notices":[],"_links":{"self":[{"href":"https:\/\/excursionsworld.com\/ru\/wp-json\/wp\/v2\/product\/16774","targetHints":{"allow":["GET"]}}],"collection":[{"href":"https:\/\/excursionsworld.com\/ru\/wp-json\/wp\/v2\/product"}],"about":[{"href":"https:\/\/excursionsworld.com\/ru\/wp-json\/wp\/v2\/types\/product"}],"replies":[{"embeddable":true,"href":"https:\/\/excursionsworld.com\/ru\/wp-json\/wp\/v2\/comments?post=16774"}],"wp:featuredmedia":[{"embeddable":true,"href":"https:\/\/excursionsworld.com\/ru\/wp-json\/wp\/v2\/media\/14102"}],"wp:attachment":[{"href":"https:\/\/excursionsworld.com\/ru\/wp-json\/wp\/v2\/media?parent=16774"}],"wp:term":[{"taxonomy":"product_brand","embeddable":true,"href":"https:\/\/excursionsworld.com\/ru\/wp-json\/wp\/v2\/product_brand?post=16774"},{"taxonomy":"product_cat","embeddable":true,"href":"https:\/\/excursionsworld.com\/ru\/wp-json\/wp\/v2\/product_cat?post=16774"},{"taxonomy":"product_tag","embeddable":true,"href":"https:\/\/excursionsworld.com\/ru\/wp-json\/wp\/v2\/product_tag?post=16774"}],"curies":[{"name":"wp","href":"https:\/\/api.w.org\/{rel}","templated":true}]}}